{"id":15772,"date":"2019-09-25T13:47:26","date_gmt":"2019-09-25T11:47:26","guid":{"rendered":"https:\/\/montipower.com\/mercados\/automotive-solutions\/"},"modified":"2021-04-08T15:40:37","modified_gmt":"2021-04-08T13:40:37","slug":"mobilidade","status":"publish","type":"page","link":"https:\/\/montipower-ontwikkel.com\/pt-pt\/mercados\/mobilidade\/","title":{"rendered":"Mobilidade"},"content":{"rendered":"<div class=\"wpb-content-wrapper\"><p>[vc_section full_width=&#8221;stretch_row&#8221; content_placement=&#8221;bottom&#8221; css=&#8221;.vc_custom_1574970616145{padding-top: 30px !important;padding-bottom: 0px !important;background-image: url(https:\/\/montipower.com\/wp-content\/uploads\/2019\/11\/MontiPower_Audi_RGB_WIDE_72dpi_1923x610px-1.jpg?id=3911) !important;background-position: center !important;background-repeat: no-repeat !important;background-size: cover !important;}&#8221; el_class=&#8221;topbig&#8221;][vc_row css=&#8221;.vc_custom_1569318223776{padding-right: 100px !important;padding-left: 100px !important;}&#8221;][vc_column width=&#8221;1\/2&#8243;][vc_column_text]<\/p>\n<h1>Mobilidade<\/h1>\n<p>[\/vc_column_text][\/vc_column][vc_column width=&#8221;1\/2&#8243;][\/vc_column][\/vc_row][vc_row full_width=&#8221;stretch_row_content_no_spaces&#8221; content_placement=&#8221;bottom&#8221; css=&#8221;.vc_custom_1572537417433{padding-top: 0px !important;padding-bottom: 100px !important;background-position: 0 0 !important;background-repeat: no-repeat !important;}&#8221; el_class=&#8221;hometopfotorij&#8221;][vc_column][\/vc_column][\/vc_row][vc_row full_width=&#8221;stretch_row&#8221; css=&#8221;.vc_custom_1572537426158{background-color: #f1f1f1 !important;}&#8221;][vc_column][vc_column_text el_class=&#8221;montbreadcrumbs&#8221; css=&#8221;.vc_custom_1569318576735{padding-right: 100px !important;padding-left: 100px !important;}&#8221;]<nav aria-label=\"breadcrumbs\" class=\"rank-math-breadcrumb\"><p><span class=\"last\">Home<\/span><\/p><\/nav>[\/vc_column_text][\/vc_column][\/vc_row][\/vc_section][vc_section full_width=&#8221;stretch_row&#8221; el_class=&#8221;textcomp&#8221;][vc_row][vc_column][vc_column_text el_class=&#8221;intro&#8221;]<\/p>\n<h2>REMO\u00c7\u00c3O, LIMPEZA, RECOBERTURA<\/h2>\n<p>[\/vc_column_text][vc_column_text]Carros, trens, avi\u00f5es, bondes, tratores ou reboques. MontiPower<sup>\u00ae<\/sup> possui uma extensa linha de m\u00e1quinas pneum\u00e1ticas, el\u00e9tricas e sem fio que oferecem alternativas econ\u00f4micas para preparar superf\u00edcies de ader\u00eancia, prote\u00e7\u00e3o e acabamento na oficina, planta ou ao ar livre. As nossas solu\u00e7\u00f5es diretas-ao-metal reduzem os custos de m\u00e3o-de-obra, melhoram a seguran\u00e7a, aumentam a produ\u00e7\u00e3o e t\u00eam um impacto positivo nos seus resultados. Prestamos servi\u00e7o \u00e0 ind\u00fastria automotiva desde 1987 e sabemos a import\u00e2ncia da velocidade e do desempenho. Nossas solu\u00e7\u00f5es de prepara\u00e7\u00e3o de superf\u00edcies s\u00e3o muito adapt\u00e1veis a qualquer formato e oferecem benef\u00edcios que resultam da economia em log\u00edstica, melhor desempenho adesivo e menos reparos, repinturas ou retornos.[\/vc_column_text][vc_column_text]<\/p>\n<h3>Downloads<\/h3>\n<p><a href=\"https:\/\/montipower.com\/wp-content\/uploads\/2019\/11\/MON191006-Brochure_mobility_210x297mm_GERMANY_Mail.pdf\" target=\"_blank\" rel=\"noopener\">Panfleto Solu\u00e7\u00f5es de Mobilidade<\/a><\/p>\n<p><a href=\"https:\/\/montipower.com\/wp-content\/uploads\/2019\/11\/MON191006-Brochure_mobility_210x297mm_GERMANY_Mail.pdf\" target=\"_blank\" rel=\"noopener\">Mobilidade Cintas<\/a><\/p>\n<p><a href=\"https:\/\/montipower.com\/wp-content\/uploads\/2019\/11\/MON191106-MBX_Mobility_Leaflet_210x297mm_DEF.pdf\" target=\"_blank\" rel=\"noopener\">Folheto Cintas<\/a>[\/vc_column_text][\/vc_column][\/vc_row][\/vc_section][vc_row][vc_column][vc_single_image image=&#8221;4391&#8243; img_size=&#8221;1024&#215;800&#8243; alignment=&#8221;center&#8221;][\/vc_column][\/vc_row][vc_row css=&#8221;.vc_custom_1572537522230{padding-right: 50px !important;padding-left: 50px !important;}&#8221; el_class=&#8221;solutionscomp&#8221;][vc_column][vc_column_text]<\/p>\n<h2 style=\"text-align: center;\">DESCUBRA NOSSOS PRODUTOS<\/h2>\n<p>[\/vc_column_text][vc_row_inner][vc_column_inner width=&#8221;1\/2&#8243;][vc_btn title=&#8221;Vinyl Zapper<sup>\u00ae<\/sup>&#8221; style=&#8221;classic&#8221; shape=&#8221;square&#8221; size=&#8221;lg&#8221; align=&#8221;center&#8221; button_block=&#8221;true&#8221; link=&#8221;url:https%3A%2F%2Fmontipower.com%2Fpt-pt%2Fprodutos%2Fmaquinas-motorizadas%2Fvinyl-zapper-eletrico%2F|title:Vinyl%20Zapper%3Csup%3E%C2%AE%3C%2Fsup%3E&#8221; el_class=&#8221;solutions-button&#8221;][\/vc_column_inner][\/vc_row_inner][vc_row_inner][vc_column_inner width=&#8221;1\/2&#8243;][vc_btn title=&#8221;MBX<sup>\u00ae<\/sup>&#8221; style=&#8221;classic&#8221; shape=&#8221;square&#8221; size=&#8221;lg&#8221; align=&#8221;center&#8221; button_block=&#8221;true&#8221; link=&#8221;url:https%3A%2F%2Fmontipower.com%2Fpt-pt%2Fprodutos%2Fferramentas-motorizadas%2Fmbx-eletrico%2F|title:MBX%3Csup%3E%C2%AE%3C%2Fsup%3E&#8221; el_class=&#8221;solutions-button&#8221;][\/vc_column_inner][vc_column_inner width=&#8221;1\/2&#8243;][vc_btn title=&#8221;Bristle Blaster<sup>\u00ae<\/sup>&#8221; style=&#8221;classic&#8221; shape=&#8221;square&#8221; size=&#8221;lg&#8221; align=&#8221;center&#8221; button_block=&#8221;true&#8221; link=&#8221;url:https%3A%2F%2Fmontipower.com%2Fpt-pt%2Fprodutos%2Fferramentas-motorizadas%2Fbristle-blaster-eletrico%2F|title:Bristle%20Blaster%3Csup%3E%C2%AE%3C%2Fsup%3E&#8221; el_class=&#8221;solutions-button&#8221;][\/vc_column_inner][\/vc_row_inner][\/vc_column][\/vc_row][vc_row][vc_column][vc_single_image image=&#8221;4389&#8243; img_size=&#8221;1024&#215;800&#8243; alignment=&#8221;center&#8221;][\/vc_column][\/vc_row]<\/p>\n<\/div>","protected":false},"excerpt":{"rendered":"<p>[vc_section full_width=&#8221;stretch_row&#8221; content_placement=&#8221;bottom&#8221; css=&#8221;.vc_custom_1574970616145{padding-top: 30px !important;padding-bottom: 0px !important;background-image: url(https:\/\/montipower.com\/wp-content\/uploads\/2019\/11\/MontiPower_Audi_RGB_WIDE_72dpi_1923x610px-1.jpg?id=3911) !important;background-position: center &#8230; <\/p>\n","protected":false},"author":3,"featured_media":14849,"parent":14924,"menu_order":0,"comment_status":"closed","ping_status":"closed","template":"","meta":{"_acf_changed":false,"footnotes":""},"acf":[],"_links":{"self":[{"href":"https:\/\/montipower-ontwikkel.com\/pt-pt\/wp-json\/wp\/v2\/pages\/15772"}],"collection":[{"href":"https:\/\/montipower-ontwikkel.com\/pt-pt\/wp-json\/wp\/v2\/pages"}],"about":[{"href":"https:\/\/montipower-ontwikkel.com\/pt-pt\/wp-json\/wp\/v2\/types\/page"}],"author":[{"embeddable":true,"href":"https:\/\/montipower-ontwikkel.com\/pt-pt\/wp-json\/wp\/v2\/users\/3"}],"replies":[{"embeddable":true,"href":"https:\/\/montipower-ontwikkel.com\/pt-pt\/wp-json\/wp\/v2\/comments?post=15772"}],"version-history":[{"count":3,"href":"https:\/\/montipower-ontwikkel.com\/pt-pt\/wp-json\/wp\/v2\/pages\/15772\/revisions"}],"predecessor-version":[{"id":15980,"href":"https:\/\/montipower-ontwikkel.com\/pt-pt\/wp-json\/wp\/v2\/pages\/15772\/revisions\/15980"}],"up":[{"embeddable":true,"href":"https:\/\/montipower-ontwikkel.com\/pt-pt\/wp-json\/wp\/v2\/pages\/14924"}],"wp:featuredmedia":[{"embeddable":true,"href":"https:\/\/montipower-ontwikkel.com\/pt-pt\/wp-json\/wp\/v2\/media\/14849"}],"wp:attachment":[{"href":"https:\/\/montipower-ontwikkel.com\/pt-pt\/wp-json\/wp\/v2\/media?parent=15772"}],"curies":[{"name":"wp","href":"https:\/\/api.w.org\/{rel}","templated":true}]}}