{"id":15545,"date":"2020-06-04T10:27:47","date_gmt":"2020-06-04T08:27:47","guid":{"rendered":"https:\/\/montipower.com\/service-support\/training-request\/"},"modified":"2021-06-11T13:13:58","modified_gmt":"2021-06-11T11:13:58","slug":"solicitacao-de-treinamento","status":"publish","type":"page","link":"https:\/\/montipower-ontwikkel.com\/pt-pt\/servico-suporte\/solicitacao-de-treinamento\/","title":{"rendered":"Solicita\u00e7\u00e3o De Treinamento"},"content":{"rendered":"<div class=\"wpb-content-wrapper\"><p>[vc_section full_width=&#8221;stretch_row&#8221; content_placement=&#8221;bottom&#8221; css=&#8221;.vc_custom_1569320141112{padding-top: 30px !important;padding-bottom: 0px !important;background-color: #ff1212 !important;background-position: center !important;background-repeat: no-repeat !important;background-size: cover !important;}&#8221; el_class=&#8221;topbig&#8221;][vc_row css=&#8221;.vc_custom_1569318223776{padding-right: 100px !important;padding-left: 100px !important;}&#8221;][vc_column width=&#8221;1\/2&#8243;][vc_column_text]<\/p>\n<h1>SOLICITA\u00c7\u00c3O DE TREINAMENTO<\/h1>\n<p>[\/vc_column_text][\/vc_column][vc_column width=&#8221;1\/2&#8243;][\/vc_column][\/vc_row][vc_row full_width=&#8221;stretch_row_content_no_spaces&#8221; content_placement=&#8221;bottom&#8221; css=&#8221;.vc_custom_1572526136907{padding-top: 0px !important;padding-bottom: 100px !important;background-position: 0 0 !important;background-repeat: no-repeat !important;}&#8221; el_class=&#8221;hometopfotorij&#8221;][vc_column][\/vc_column][\/vc_row][vc_row full_width=&#8221;stretch_row&#8221; css=&#8221;.vc_custom_1572525974229{background-color: #f1f1f1 !important;}&#8221;][vc_column][vc_column_text el_class=&#8221;montbreadcrumbs&#8221; css=&#8221;.vc_custom_1569318576735{padding-right: 100px !important;padding-left: 100px !important;}&#8221;]<nav aria-label=\"breadcrumbs\" class=\"rank-math-breadcrumb\"><p><span class=\"last\">Home<\/span><\/p><\/nav>[\/vc_column_text][\/vc_column][\/vc_row][\/vc_section][vc_section full_width=&#8221;stretch_row&#8221; el_class=&#8221;textcomp&#8221;][vc_row][vc_column][vc_column_text]<\/p>\n<h2>CURSOS DE PREPARA\u00c7\u00c3O DE SUPERF\u00cdCIES<\/h2>\n<p>A tecnologia por tr\u00e1s das ferramentas e m\u00e1quinas MontiPower<sup>\u00a9<\/sup> inclui muito mais do que a simples limpeza e decapagem &#8220;<a href=\"https:\/\/montipower.com\/pt-pt\/sobre\/cuidados-com-a-saude-e-seguranca\/\" target=\"_blank\" rel=\"noopener\">segura e ecol\u00f3gica<\/a>&#8221; de superf\u00edcies que devem ser tratadas e preservadas de forma sustent\u00e1vel.<\/p>\n<p>Os Cursos de Prepara\u00e7\u00e3o de Superf\u00edcie do MontiPower incluem:<\/p>\n<ul>\n<li>Conhecimento do material de superf\u00edcie<\/li>\n<li>Graus de limpeza<\/li>\n<li>M\u00e9todos de teste<\/li>\n<li>Graus de aspereza<\/li>\n<li>M\u00e9todos<\/li>\n<li>M\u00e9todo MontiPower<sup>\u00a9<\/sup><\/li>\n<li>Inova\u00e7\u00f5es<\/li>\n<li>Sa\u00fade, Seguran\u00e7a<\/li>\n<li>Reciclagem<\/li>\n<li>Custo<\/li>\n<\/ul>\n<p>Em colabora\u00e7\u00e3o com nossas organiza\u00e7\u00f5es nacionais e distribuidores \/ revendedores, programas de treinamento curtos ou mais amplos (inclusive para a prepara\u00e7\u00e3o submarina) pode ser oferecido em v\u00e1rios locais.<\/p>\n<p>Para mais informa\u00e7\u00f5es, envie um e-mail para <a href=\"mailto:training@montipower.com\">training@montipower.com<\/a>[\/vc_column_text][\/vc_column][\/vc_row][\/vc_section]<\/p>\n<\/div>","protected":false},"excerpt":{"rendered":"<p>[vc_section full_width=&#8221;stretch_row&#8221; content_placement=&#8221;bottom&#8221; css=&#8221;.vc_custom_1569320141112{padding-top: 30px !important;padding-bottom: 0px !important;background-color: #ff1212 !important;background-position: center &#8230; <\/p>\n","protected":false},"author":3,"featured_media":0,"parent":15539,"menu_order":0,"comment_status":"closed","ping_status":"closed","template":"","meta":{"_acf_changed":false,"footnotes":""},"acf":[],"_links":{"self":[{"href":"https:\/\/montipower-ontwikkel.com\/pt-pt\/wp-json\/wp\/v2\/pages\/15545"}],"collection":[{"href":"https:\/\/montipower-ontwikkel.com\/pt-pt\/wp-json\/wp\/v2\/pages"}],"about":[{"href":"https:\/\/montipower-ontwikkel.com\/pt-pt\/wp-json\/wp\/v2\/types\/page"}],"author":[{"embeddable":true,"href":"https:\/\/montipower-ontwikkel.com\/pt-pt\/wp-json\/wp\/v2\/users\/3"}],"replies":[{"embeddable":true,"href":"https:\/\/montipower-ontwikkel.com\/pt-pt\/wp-json\/wp\/v2\/comments?post=15545"}],"version-history":[{"count":5,"href":"https:\/\/montipower-ontwikkel.com\/pt-pt\/wp-json\/wp\/v2\/pages\/15545\/revisions"}],"predecessor-version":[{"id":17769,"href":"https:\/\/montipower-ontwikkel.com\/pt-pt\/wp-json\/wp\/v2\/pages\/15545\/revisions\/17769"}],"up":[{"embeddable":true,"href":"https:\/\/montipower-ontwikkel.com\/pt-pt\/wp-json\/wp\/v2\/pages\/15539"}],"wp:attachment":[{"href":"https:\/\/montipower-ontwikkel.com\/pt-pt\/wp-json\/wp\/v2\/media?parent=15545"}],"curies":[{"name":"wp","href":"https:\/\/api.w.org\/{rel}","templated":true}]}}