{"id":15527,"date":"2019-10-01T10:15:25","date_gmt":"2019-10-01T08:15:25","guid":{"rendered":"https:\/\/montipower.com\/about\/care-for-steel-protection\/"},"modified":"2021-04-07T15:16:25","modified_gmt":"2021-04-07T13:16:25","slug":"cuidado-com-a-protecao-de-aco","status":"publish","type":"page","link":"https:\/\/montipower-ontwikkel.com\/pt-pt\/sobre\/cuidado-com-a-protecao-de-aco\/","title":{"rendered":"Cuidado Com A Prote\u00e7\u00e3o De A\u00e7o"},"content":{"rendered":"<div class=\"wpb-content-wrapper\"><p>[vc_section full_width=&#8221;stretch_row&#8221; content_placement=&#8221;bottom&#8221; css=&#8221;.vc_custom_1592819935490{padding-top: 30px !important;padding-bottom: 0px !important;background: #ff1212 url(https:\/\/montipower.com\/wp-content\/uploads\/2019\/10\/Pipeline_Rust_72dpi-1.jpg?id=3462) !important;background-position: center !important;background-repeat: no-repeat !important;background-size: cover !important;}&#8221; el_class=&#8221;topbig&#8221;][vc_row css=&#8221;.vc_custom_1569318223776{padding-right: 100px !important;padding-left: 100px !important;}&#8221;][vc_column width=&#8221;1\/2&#8243;][vc_column_text]<\/p>\n<h1>CUIDADO COM A PROTE\u00c7\u00c3O DE A\u00c7O<\/h1>\n<p>[\/vc_column_text][\/vc_column][vc_column width=&#8221;1\/2&#8243;][\/vc_column][\/vc_row][vc_row full_width=&#8221;stretch_row_content_no_spaces&#8221; content_placement=&#8221;bottom&#8221; css=&#8221;.vc_custom_1572531334156{padding-top: 0px !important;padding-bottom: 100px !important;background-position: 0 0 !important;background-repeat: no-repeat !important;}&#8221; el_class=&#8221;hometopfotorij&#8221;][vc_column][\/vc_column][\/vc_row][vc_row full_width=&#8221;stretch_row&#8221; css=&#8221;.vc_custom_1572531343978{background-color: #f1f1f1 !important;}&#8221;][vc_column][vc_column_text el_class=&#8221;montbreadcrumbs&#8221; css=&#8221;.vc_custom_1569318576735{padding-right: 100px !important;padding-left: 100px !important;}&#8221;]<nav aria-label=\"breadcrumbs\" class=\"rank-math-breadcrumb\"><p><span class=\"last\">Home<\/span><\/p><\/nav>[\/vc_column_text][\/vc_column][\/vc_row][\/vc_section][vc_section full_width=&#8221;stretch_row&#8221; el_class=&#8221;textcomp&#8221;][vc_row][vc_column][vc_column_text el_class=&#8221;intro&#8221;]<\/p>\n<h2>O MUNDO DO A\u00c7O<\/h2>\n<p>[\/vc_column_text][vc_column_text]A ferrugem \u00e9 o maior inimigo dos metais. Forma-se onde o metal reage com oxig\u00e9nio e humidade. Um ambiente salgado, altas temperaturas ou a presen\u00e7a de produtos qu\u00edmicos, aceleram e intensificam o processo de enferrujamento.<br \/>\nA ferrugem \u00e9 uma forma de corros\u00e3o. A corros\u00e3o inclui a perda de metais, mas tamb\u00e9m qualquer efeito adverso sobre os materiais como resultado de condi\u00e7\u00f5es ambientais.[\/vc_column_text][\/vc_column][\/vc_row][\/vc_section][vc_row][vc_column][vc_single_image image=&#8221;4361&#8243; img_size=&#8221;800&#215;600&#8243; alignment=&#8221;center&#8221;][\/vc_column][\/vc_row][vc_section full_width=&#8221;stretch_row&#8221; el_class=&#8221;textcomp&#8221;][vc_row][vc_column][vc_column_text el_class=&#8221;intro&#8221;]<\/p>\n<h4>A FERRUGEM \u00c9 UM REVESTIMENTO CASTANHO-AVERMELHADO, ESCAMOSO, QUE APARECE NO METAL. NADA MAIS E NADA MENOS.<\/h4>\n<p>[\/vc_column_text][vc_column_text]Ferrugem \u00e9 o nome comum de um composto muito pernicioso tecnicamente chamado \u00f3xido de ferro. O enferrujamento \u00e9 um tipo espec\u00edfico de corros\u00e3o, que se aplica aos metais que cont\u00eam ferro. A ferrugem come\u00e7a a formar-se quando uma gota de \u00e1gua entra em contato com um objeto em ferro ou a\u00e7o. Em combina\u00e7\u00e3o com o oxig\u00e9nio, o metal come\u00e7a a corroer.<\/p>\n<p>O termo t\u00e9cnico para este processo \u00e9 chamado de oxida\u00e7\u00e3o. O ferro ou a\u00e7o enferrujar\u00e1 inevitavelmente em um processo que depende do tempo e da quantidade de exposi\u00e7\u00e3o ao oxig\u00e9nio e \u00e0 \u00e1gua. \u00c0s vezes pode levar dias, meses ou mesmo anos, dependendo da intensidade da exposi\u00e7\u00e3o.<\/p>\n<p>A ferrugem \u00e9 um p\u00f3 escamoso que substitui o ferro forte, por exemplo, nos oleodutos. O ferro n\u00e3o s\u00f3 perde a sua for\u00e7a, mas tamb\u00e9m a sua superf\u00edcie lisa e condutividade el\u00e9ctrica, podendo desenvolver furos.<\/p>\n<p>&nbsp;<\/p>\n<h5>PREPARO DA SUPERF\u00cdCIE<\/h5>\n<p>&nbsp;<\/p>\n<p>A remo\u00e7\u00e3o de contamina\u00e7\u00f5es, imperfei\u00e7\u00f5es, ferrugem e descama\u00e7\u00f5es, al\u00e9m de criar um perfil de rugosidade, \u00e9 chamada de prepara\u00e7\u00e3o de superf\u00edcie. A prepara\u00e7\u00e3o da superf\u00edcie \u00e9 definida como &#8220;a limpeza ou tratamento da superf\u00edcie met\u00e1lica antes da aplica\u00e7\u00e3o de um revestimento superficial&#8221;. Uma boa prepara\u00e7\u00e3o da superf\u00edcie garante a melhor conex\u00e3o poss\u00edvel entre a superf\u00edcie a ser revestida e o revestimento a ser aplicado.<\/p>\n<p>Como se consegue limpar uma superf\u00edcie completamente enferrujada novamente? \u00c9 a\u00ed que entra o MontiPower<sup>\u00ae<\/sup>. A nossa tecnologia avan\u00e7ada com m\u00e1quinas manuais, semiautom\u00e1ticas ou autom\u00e1ticas \u00e9 desenvolvida para limpar e criar aspereza. O m\u00e9todo \u00fanico do Bristle Blaster<sup>\u00ae<\/sup> \u00e9 uma inova\u00e7\u00e3o incr\u00edvel na prepara\u00e7\u00e3o de superf\u00edcies.[\/vc_column_text][\/vc_column][\/vc_row][\/vc_section][vc_row][vc_column][vc_single_image image=&#8221;4363&#8243; img_size=&#8221;800&#215;600&#8243; alignment=&#8221;center&#8221;][\/vc_column][\/vc_row][vc_section full_width=&#8221;stretch_row&#8221; el_class=&#8221;textcomp&#8221;][vc_row][vc_column][vc_column_text el_class=&#8221;intro&#8221;]<\/p>\n<h4>PREPARA\u00c7\u00c3O DE SUPERF\u00cdCIE 83% INADEQUADA<\/h4>\n<p>[\/vc_column_text][vc_column_text]A corros\u00e3o \u00e9 uma rea\u00e7\u00e3o eletroqu\u00edmica, pela qual o oxig\u00eanio e a \u00e1gua causam ferrugem no ferro ou enverdece o cobre. A corros\u00e3o causa enormes preju\u00edzos econ\u00f4micos &#8211; n\u00e3o menos do que aproximadamente 4% do Produto Nacional Bruto. As pe\u00e7as que s\u00e3o afetadas pela corros\u00e3o devem ser tratadas ou substitu\u00eddas. Para os tubos de transporte isto pode alcan\u00e7ar rapidamente a algumas centenas de milhares de euros. A corros\u00e3o tamb\u00e9m comporta enormes riscos. Um tubo sob press\u00e3o pode ceder em um lugar fraco e erodido ou uma estaca-prancha pode se romper.[\/vc_column_text][\/vc_column][\/vc_row][\/vc_section][vc_section el_class=&#8221;featurleft&#8221;][vc_row gap=&#8221;35&#8243; content_placement=&#8221;middle&#8221; css=&#8221;.vc_custom_1572531423298{background-color: #ffffff !important;}&#8221;][vc_column width=&#8221;1\/2&#8243; css=&#8221;.vc_custom_1569498569540{padding-top: 0px !important;}&#8221;][vc_single_image image=&#8221;3583&#8243; img_size=&#8221;730&#215;596&#8243; el_class=&#8221;uitgelichtfoto&#8221;][\/vc_column][vc_column width=&#8221;1\/2&#8243;][vc_column_text]<\/p>\n<h4>A ADES\u00c3O \u00c9 UMA FUN\u00c7\u00c3O DA<br \/>\nALTURA E DENSIDADE DOS PICOS<\/h4>\n<p>[\/vc_column_text][\/vc_column][\/vc_row][\/vc_section][vc_section full_width=&#8221;stretch_row&#8221; el_class=&#8221;textcomp&#8221;][vc_row][vc_column][vc_column_text el_class=&#8221;intro&#8221;]<\/p>\n<h4>A SOLU\u00c7\u00c3O<\/h4>\n<p>[\/vc_column_text][vc_column_text]A solu\u00e7\u00e3o para a corros\u00e3o consiste em remover um ou mais dos 3 componentes necess\u00e1rios &#8211; \u00e1gua, oxig\u00e9nio ou a rea\u00e7\u00e3o eletroqu\u00edmica. Revestimentos tradicionais para metais, tais como betume, sistemas de polietileno (PE) , sistemas de polipropileno (PP) , e revestimento epox\u00eddico em p\u00f3 (FBE) ou ep\u00f3xis, n\u00e3o podem impedir que a \u00e1gua e\/ou o oxig\u00eanio cheguem ao metal. Portanto, por exemplo, os tubos de transporte utilizam prote\u00e7\u00e3o cat\u00f3dica para parar a rea\u00e7\u00e3o eletroqu\u00edmica, pela qual uma corrente el\u00e9trica para a ioniza\u00e7\u00e3o do ferro. Isto requer energia e monitoramento constante da prote\u00e7\u00e3o. \u00c9 por isso que a ferrugem e a preven\u00e7\u00e3o da corros\u00e3o requerem um m\u00e9todo eficaz de prepara\u00e7\u00e3o da superf\u00edcie.[\/vc_column_text][\/vc_column][\/vc_row][\/vc_section]<\/p>\n<\/div>","protected":false},"excerpt":{"rendered":"<p>[vc_section full_width=&#8221;stretch_row&#8221; content_placement=&#8221;bottom&#8221; css=&#8221;.vc_custom_1592819935490{padding-top: 30px !important;padding-bottom: 0px !important;background: #ff1212 url(https:\/\/montipower.com\/wp-content\/uploads\/2019\/10\/Pipeline_Rust_72dpi-1.jpg?id=3462) !important;background-position: &#8230; <\/p>\n","protected":false},"author":3,"featured_media":15529,"parent":15471,"menu_order":0,"comment_status":"closed","ping_status":"closed","template":"","meta":{"_acf_changed":false,"footnotes":""},"acf":[],"_links":{"self":[{"href":"https:\/\/montipower-ontwikkel.com\/pt-pt\/wp-json\/wp\/v2\/pages\/15527"}],"collection":[{"href":"https:\/\/montipower-ontwikkel.com\/pt-pt\/wp-json\/wp\/v2\/pages"}],"about":[{"href":"https:\/\/montipower-ontwikkel.com\/pt-pt\/wp-json\/wp\/v2\/types\/page"}],"author":[{"embeddable":true,"href":"https:\/\/montipower-ontwikkel.com\/pt-pt\/wp-json\/wp\/v2\/users\/3"}],"replies":[{"embeddable":true,"href":"https:\/\/montipower-ontwikkel.com\/pt-pt\/wp-json\/wp\/v2\/comments?post=15527"}],"version-history":[{"count":3,"href":"https:\/\/montipower-ontwikkel.com\/pt-pt\/wp-json\/wp\/v2\/pages\/15527\/revisions"}],"predecessor-version":[{"id":15713,"href":"https:\/\/montipower-ontwikkel.com\/pt-pt\/wp-json\/wp\/v2\/pages\/15527\/revisions\/15713"}],"up":[{"embeddable":true,"href":"https:\/\/montipower-ontwikkel.com\/pt-pt\/wp-json\/wp\/v2\/pages\/15471"}],"wp:featuredmedia":[{"embeddable":true,"href":"https:\/\/montipower-ontwikkel.com\/pt-pt\/wp-json\/wp\/v2\/media\/15529"}],"wp:attachment":[{"href":"https:\/\/montipower-ontwikkel.com\/pt-pt\/wp-json\/wp\/v2\/media?parent=15527"}],"curies":[{"name":"wp","href":"https:\/\/api.w.org\/{rel}","templated":true}]}}