{"id":15457,"date":"2019-10-25T14:20:12","date_gmt":"2019-10-25T12:20:12","guid":{"rendered":"https:\/\/montipower.com\/mtest\/"},"modified":"2021-10-27T14:14:22","modified_gmt":"2021-10-27T12:14:22","slug":"mtest","status":"publish","type":"page","link":"https:\/\/montipower-ontwikkel.com\/pt-pt\/servico-suporte\/mtest\/","title":{"rendered":"MTEST"},"content":{"rendered":"<div class=\"wpb-content-wrapper\"><p>[vc_section full_width=&#8221;stretch_row&#8221; content_placement=&#8221;bottom&#8221; css=&#8221;.vc_custom_1569320141112{padding-top: 30px !important;padding-bottom: 0px !important;background-color: #ff1212 !important;background-position: center !important;background-repeat: no-repeat !important;background-size: cover !important;}&#8221; el_class=&#8221;topbig&#8221;][vc_row css=&#8221;.vc_custom_1569318223776{padding-right: 100px !important;padding-left: 100px !important;}&#8221;][vc_column width=&#8221;1\/2&#8243;][vc_column_text]<\/p>\n<h1>MTEST<\/h1>\n<p>[\/vc_column_text][\/vc_column][vc_column width=&#8221;1\/2&#8243;][\/vc_column][\/vc_row][vc_row full_width=&#8221;stretch_row_content_no_spaces&#8221; content_placement=&#8221;bottom&#8221; css=&#8221;.vc_custom_1572534865193{padding-top: 0px !important;padding-bottom: 100px !important;background-position: 0 0 !important;background-repeat: no-repeat !important;}&#8221; el_class=&#8221;hometopfotorij&#8221;][vc_column][\/vc_column][\/vc_row][vc_row full_width=&#8221;stretch_row&#8221; css=&#8221;.vc_custom_1572534861126{background-color: #f1f1f1 !important;}&#8221;][vc_column][vc_column_text el_class=&#8221;montbreadcrumbs&#8221; css=&#8221;.vc_custom_1569318576735{padding-right: 100px !important;padding-left: 100px !important;}&#8221;]<nav aria-label=\"breadcrumbs\" class=\"rank-math-breadcrumb\"><p><span class=\"last\">Home<\/span><\/p><\/nav>[\/vc_column_text][\/vc_column][\/vc_row][\/vc_section][vc_section full_width=&#8221;stretch_row&#8221; el_class=&#8221;textcomp&#8221;][vc_row][vc_column][vc_single_image image=&#8221;4985&#8243; img_size=&#8221;full&#8221;][vc_column_text el_class=&#8221;intro&#8221;]<\/p>\n<h3>MTEST<\/h3>\n<p>[\/vc_column_text][vc_column_text]MontiPower<sup>\u00ae<\/sup> Equipamentos de Teste e Ferramentas Especiais (MTEST) \u00e9 uma parte importante da vis\u00e3o corporativa da MontiPower<sup>\u00ae<\/sup> com o objetivo de melhorar o revestimento.[\/vc_column_text][vc_single_image image=&#8221;4986&#8243; img_size=&#8221;75&#215;75&#8243; alignment=&#8221;center&#8221;][vc_single_image image=&#8221;4991&#8243; img_size=&#8221;full&#8221; alignment=&#8221;center&#8221;][\/vc_column][\/vc_row][vc_row][vc_column][vc_column_text]<\/p>\n<h5>OS TESTES FORNECEM DADOS<\/h5>\n<p>Dado \u00e9 conhecimento. Conhecimento \u00e9 vital. A MTEST fornece instrumentos de controle de qualidade para inspe\u00e7\u00e3o de revestimentos, testes n\u00e3o destrutivos e equipamentos de inspe\u00e7\u00e3o de soldagem. Atendemos as ind\u00fastrias petroqu\u00edmicas, mar\u00edtimas, offshore e outras onde o controle de qualidade \u00e9 obrigat\u00f3rio. A nossa vasta experi\u00eancia na utiliza\u00e7\u00e3o de equipamento de inspe\u00e7\u00e3o de revestimentos assegura que iremos fornecer apoio t\u00e9cnico especializado e recomenda\u00e7\u00f5es de produtos.<\/p>\n<p>Acredite nos dados. Confie em nossas ferramentas. Est\u00e1 na hora do pico.[\/vc_column_text][vc_single_image image=&#8221;4992&#8243; img_size=&#8221;full&#8221; alignment=&#8221;center&#8221; onclick=&#8221;custom_link&#8221; img_link_target=&#8221;_blank&#8221; link=&#8221;http:\/\/www.m-testco.com\/positector-6000-system\/posisoft-soluble-salt-test-p-2369.html&#8221;][\/vc_column][\/vc_row][vc_row][vc_column][vc_single_image image=&#8221;4986&#8243; img_size=&#8221;75&#215;75&#8243; alignment=&#8221;center&#8221;][vc_column_text]A MTEST apoia os engenheiros de revestimento e subcontratados nas suas necessidades di\u00e1rias de trabalho de prepara\u00e7\u00e3o e equipamento de teste de revestimento. A MTEST atua para ampliar a experi\u00eancia em revestimentos e controle de qualidade da MontiPower<sup>\u00ae<\/sup> em todo o mundo, assim como sua oferta de produtos e servi\u00e7os.<\/p>\n<p>O escrit\u00f3rio da MTEST est\u00e1 localizado em Houston, com uma ampla presen\u00e7a geogr\u00e1fica. A MTEST \u00e9 um membro ativo da Houston Coating Society.<\/p>\n<p>Mais informa\u00e7\u00f5es:[\/vc_column_text][\/vc_column][\/vc_row][vc_row][vc_column width=&#8221;1\/3&#8243;][vc_btn title=&#8221;MTEST&#8221; style=&#8221;classic&#8221; shape=&#8221;square&#8221; align=&#8221;left&#8221; link=&#8221;url:https%3A%2F%2Fm-testco.com|title:MTEST|target:%20_blank|&#8221; el_class=&#8221;hometopfotobutton&#8221;][\/vc_column][vc_column width=&#8221;1\/3&#8243;][vc_btn title=&#8221;Catalogue&#8221; style=&#8221;classic&#8221; shape=&#8221;square&#8221; align=&#8221;left&#8221; link=&#8221;url:https%3A%2F%2Fheyzine.com%2Fflip-book%2F45daae8c02.html|title:MTEST|target:_blank&#8221; el_class=&#8221;hometopfotobutton&#8221;][\/vc_column][vc_column width=&#8221;1\/3&#8243;][\/vc_column][\/vc_row][\/vc_section][vc_section full_width=&#8221;stretch_row&#8221; content_placement=&#8221;top&#8221; el_class=&#8221;hometekstvlak&#8221; css=&#8221;.vc_custom_1569246298651{padding-bottom: 50px !important;background-color: #f4f4f4 !important;}&#8221;][vc_row][vc_column][vc_single_image image=&#8221;3044&#8243; img_size=&#8221;500&#215;500&#8243; alignment=&#8221;center&#8221;][\/vc_column][\/vc_row][\/vc_section]<\/p>\n<\/div>","protected":false},"excerpt":{"rendered":"<p>[vc_section full_width=&#8221;stretch_row&#8221; content_placement=&#8221;bottom&#8221; css=&#8221;.vc_custom_1569320141112{padding-top: 30px !important;padding-bottom: 0px !important;background-color: #ff1212 !important;background-position: center &#8230; <\/p>\n","protected":false},"author":3,"featured_media":0,"parent":15539,"menu_order":0,"comment_status":"closed","ping_status":"closed","template":"","meta":{"_acf_changed":false,"footnotes":""},"acf":[],"_links":{"self":[{"href":"https:\/\/montipower-ontwikkel.com\/pt-pt\/wp-json\/wp\/v2\/pages\/15457"}],"collection":[{"href":"https:\/\/montipower-ontwikkel.com\/pt-pt\/wp-json\/wp\/v2\/pages"}],"about":[{"href":"https:\/\/montipower-ontwikkel.com\/pt-pt\/wp-json\/wp\/v2\/types\/page"}],"author":[{"embeddable":true,"href":"https:\/\/montipower-ontwikkel.com\/pt-pt\/wp-json\/wp\/v2\/users\/3"}],"replies":[{"embeddable":true,"href":"https:\/\/montipower-ontwikkel.com\/pt-pt\/wp-json\/wp\/v2\/comments?post=15457"}],"version-history":[{"count":3,"href":"https:\/\/montipower-ontwikkel.com\/pt-pt\/wp-json\/wp\/v2\/pages\/15457\/revisions"}],"predecessor-version":[{"id":18603,"href":"https:\/\/montipower-ontwikkel.com\/pt-pt\/wp-json\/wp\/v2\/pages\/15457\/revisions\/18603"}],"up":[{"embeddable":true,"href":"https:\/\/montipower-ontwikkel.com\/pt-pt\/wp-json\/wp\/v2\/pages\/15539"}],"wp:attachment":[{"href":"https:\/\/montipower-ontwikkel.com\/pt-pt\/wp-json\/wp\/v2\/media?parent=15457"}],"curies":[{"name":"wp","href":"https:\/\/api.w.org\/{rel}","templated":true}]}}