{"id":15412,"date":"2020-06-04T10:13:44","date_gmt":"2020-06-04T08:13:44","guid":{"rendered":"https:\/\/montipower.com\/mercados\/weld-cleaning\/"},"modified":"2021-04-08T15:14:30","modified_gmt":"2021-04-08T13:14:30","slug":"soldagem","status":"publish","type":"page","link":"https:\/\/montipower-ontwikkel.com\/pt-pt\/mercados\/soldagem\/","title":{"rendered":"Soldagem"},"content":{"rendered":"<div class=\"wpb-content-wrapper\"><p>[vc_section full_width=&#8221;stretch_row&#8221; content_placement=&#8221;bottom&#8221; css=&#8221;.vc_custom_1592821416854{padding-top: 30px !important;padding-bottom: 0px !important;background: #ff1212 url(https:\/\/montipower.com\/wp-content\/uploads\/2020\/06\/FieldJoint_higres-scaled.jpg?id=5479) !important;background-position: center !important;background-repeat: no-repeat !important;background-size: cover !important;}&#8221; el_class=&#8221;topbig&#8221;][vc_row css=&#8221;.vc_custom_1569318223776{padding-right: 100px !important;padding-left: 100px !important;}&#8221;][vc_column width=&#8221;1\/2&#8243;][vc_column_text]<\/p>\n<h1>SOLDAGEM<\/h1>\n<p>[\/vc_column_text][\/vc_column][vc_column width=&#8221;1\/2&#8243;][\/vc_column][\/vc_row][vc_row full_width=&#8221;stretch_row_content_no_spaces&#8221; content_placement=&#8221;bottom&#8221; css=&#8221;.vc_custom_1572526136907{padding-top: 0px !important;padding-bottom: 100px !important;background-position: 0 0 !important;background-repeat: no-repeat !important;}&#8221; el_class=&#8221;hometopfotorij&#8221;][vc_column][\/vc_column][\/vc_row][vc_row full_width=&#8221;stretch_row&#8221; css=&#8221;.vc_custom_1572525974229{background-color: #f1f1f1 !important;}&#8221;][vc_column][vc_column_text el_class=&#8221;montbreadcrumbs&#8221; css=&#8221;.vc_custom_1569318576735{padding-right: 100px !important;padding-left: 100px !important;}&#8221;]<nav aria-label=\"breadcrumbs\" class=\"rank-math-breadcrumb\"><p><span class=\"last\">Home<\/span><\/p><\/nav>[\/vc_column_text][\/vc_column][\/vc_row][\/vc_section][vc_section full_width=&#8221;stretch_row&#8221; el_class=&#8221;textcomp&#8221;][vc_row][vc_column][vc_column_text]Os processos MIG, MAG, TIG e solda manual criam tipos muito diferentes de detritos e os usu\u00e1rios t\u00eam de confiar na efic\u00e1cia da ferramenta de limpeza. Silicatos e detritos de cor azul n\u00e3o s\u00e3o f\u00e1ceis de descobrir na camada raiz e de preenchimento. Os engenheiros de soldagem devem ser capazes de confiar na efic\u00e1cia da ferramenta de limpeza escolhida. As ferramentas MontiPower<sup>\u00ae<\/sup> e as cintas de a\u00e7o ou inox deixam o material de base soldado intocado. No entanto, os res\u00edduos de soldadura ser\u00e3o completamente removidos em cada camada. Escolha o m\u00e9todo do MontiPower<sup>\u00ae<\/sup> para preparar a solda para o revestimento. A facilidade, seguran\u00e7a e rapidez da limpeza da solda MontiPower<sup>\u00ae<\/sup> garante um excelente perfil de superf\u00edcie para uma liga\u00e7\u00e3o \u00f3tima do revestimento, garantindo uma prote\u00e7\u00e3o da solda a longo prazo.[\/vc_column_text][\/vc_column][\/vc_row][\/vc_section]<\/p>\n<\/div>","protected":false},"excerpt":{"rendered":"<p>[vc_section full_width=&#8221;stretch_row&#8221; content_placement=&#8221;bottom&#8221; css=&#8221;.vc_custom_1592821416854{padding-top: 30px !important;padding-bottom: 0px !important;background: #ff1212 url(https:\/\/montipower.com\/wp-content\/uploads\/2020\/06\/FieldJoint_higres-scaled.jpg?id=5479) !important;background-position: &#8230; <\/p>\n","protected":false},"author":3,"featured_media":14932,"parent":14924,"menu_order":0,"comment_status":"closed","ping_status":"closed","template":"","meta":{"_acf_changed":false,"footnotes":""},"acf":[],"_links":{"self":[{"href":"https:\/\/montipower-ontwikkel.com\/pt-pt\/wp-json\/wp\/v2\/pages\/15412"}],"collection":[{"href":"https:\/\/montipower-ontwikkel.com\/pt-pt\/wp-json\/wp\/v2\/pages"}],"about":[{"href":"https:\/\/montipower-ontwikkel.com\/pt-pt\/wp-json\/wp\/v2\/types\/page"}],"author":[{"embeddable":true,"href":"https:\/\/montipower-ontwikkel.com\/pt-pt\/wp-json\/wp\/v2\/users\/3"}],"replies":[{"embeddable":true,"href":"https:\/\/montipower-ontwikkel.com\/pt-pt\/wp-json\/wp\/v2\/comments?post=15412"}],"version-history":[{"count":2,"href":"https:\/\/montipower-ontwikkel.com\/pt-pt\/wp-json\/wp\/v2\/pages\/15412\/revisions"}],"predecessor-version":[{"id":15706,"href":"https:\/\/montipower-ontwikkel.com\/pt-pt\/wp-json\/wp\/v2\/pages\/15412\/revisions\/15706"}],"up":[{"embeddable":true,"href":"https:\/\/montipower-ontwikkel.com\/pt-pt\/wp-json\/wp\/v2\/pages\/14924"}],"wp:featuredmedia":[{"embeddable":true,"href":"https:\/\/montipower-ontwikkel.com\/pt-pt\/wp-json\/wp\/v2\/media\/14932"}],"wp:attachment":[{"href":"https:\/\/montipower-ontwikkel.com\/pt-pt\/wp-json\/wp\/v2\/media?parent=15412"}],"curies":[{"name":"wp","href":"https:\/\/api.w.org\/{rel}","templated":true}]}}