{"id":15405,"date":"2020-06-08T16:38:21","date_gmt":"2020-06-08T14:38:21","guid":{"rendered":"https:\/\/montipower.com\/mercados\/signage\/"},"modified":"2021-04-08T15:44:42","modified_gmt":"2021-04-08T13:44:42","slug":"sinalizacao","status":"publish","type":"page","link":"https:\/\/montipower-ontwikkel.com\/pt-pt\/mercados\/sinalizacao\/","title":{"rendered":"Sinaliza\u00e7\u00e3o"},"content":{"rendered":"<div class=\"wpb-content-wrapper\"><p>[vc_section full_width=&#8221;stretch_row&#8221; content_placement=&#8221;bottom&#8221; css=&#8221;.vc_custom_1592558508100{padding-top: 30px !important;padding-bottom: 0px !important;background: #ff1212 url(https:\/\/montipower.com\/wp-content\/uploads\/2020\/06\/Signage-scaled.jpg?id=5469) !important;background-position: center !important;background-repeat: no-repeat !important;background-size: cover !important;}&#8221; el_class=&#8221;topbig&#8221;][vc_row css=&#8221;.vc_custom_1569318223776{padding-right: 100px !important;padding-left: 100px !important;}&#8221;][vc_column width=&#8221;1\/2&#8243;][vc_column_text]<\/p>\n<h1>SINALIZA\u00c7\u00c3O<\/h1>\n<p>[\/vc_column_text][\/vc_column][vc_column width=&#8221;1\/2&#8243;][\/vc_column][\/vc_row][vc_row full_width=&#8221;stretch_row_content_no_spaces&#8221; content_placement=&#8221;bottom&#8221; css=&#8221;.vc_custom_1572526136907{padding-top: 0px !important;padding-bottom: 100px !important;background-position: 0 0 !important;background-repeat: no-repeat !important;}&#8221; el_class=&#8221;hometopfotorij&#8221;][vc_column][\/vc_column][\/vc_row][vc_row full_width=&#8221;stretch_row&#8221; css=&#8221;.vc_custom_1572525974229{background-color: #f1f1f1 !important;}&#8221;][vc_column][vc_column_text el_class=&#8221;montbreadcrumbs&#8221; css=&#8221;.vc_custom_1569318576735{padding-right: 100px !important;padding-left: 100px !important;}&#8221;]<nav aria-label=\"breadcrumbs\" class=\"rank-math-breadcrumb\"><p><span class=\"last\">Home<\/span><\/p><\/nav>[\/vc_column_text][\/vc_column][\/vc_row][\/vc_section][vc_section full_width=&#8221;stretch_row&#8221; el_class=&#8221;textcomp&#8221;][vc_row][vc_column][vc_column_text]<\/p>\n<h2>F\u00c1CIL REMO\u00c7\u00c3O DE SINALIZA\u00c7\u00c3O;<br \/>\nMontiPower Vinyl Zapper<sup>\u00ae<\/sup><\/h2>\n<p>J\u00e1 no s\u00e9culo XVIII, comerciantes, lojistas e pedestres come\u00e7aram a promover seus produtos com placas pintadas \u00e0 m\u00e3o. Algumas eram verdadeiras obras de arte. Hoje em dia, enormes m\u00e1quinas de impress\u00e3o podem aplicar transfer\u00eancias de sinaliza\u00e7\u00f5es contempor\u00e2neas a qualquer coisa imagin\u00e1vel; de mega-sinaliza\u00e7\u00f5es em navios de cruzeiro, aos meios de transporte, trens, ve\u00edculos, avi\u00f5es e edif\u00edcios, etc.<\/p>\n<h4>SUBSTITUI\u00c7\u00c3O DE SINALIZA\u00c7\u00d5ES<\/h4>\n<p>A sinaliza\u00e7\u00e3o deve ser ajustada regularmente. Novas marcas, novos estilos, novos slogans ou equipes de a\u00e7\u00e3o devem substituir as transfer\u00eancias antigas.<br \/>\nAt\u00e9 a chegada do Vinyl Zapper\u00ae, esta era uma tarefa demorada com ou sem secador de cabelo ou outras ferramentas inc\u00f4modas.<\/p>\n<h4>MONTIPOWER VINYL ZAPPER\u00ae: F\u00c1CIL, R\u00c1PIDO E CUIDADOSO.<\/h4>\n<p>A cinta patenteada Vinyl Zapper\u00ae remove o vinil, res\u00edduos adesivos, folhas refletoras, autocolantes, decalques e fita adesiva de dupla face da forma mais f\u00e1cil e segura. O Vinyl Zapper\u00ae trata com cuidado a pintura ou material subjacente e \u00e9, portanto, a ferramenta ideal para a remo\u00e7\u00e3o simples e cuidadosa de todos os res\u00edduos de vinil.<\/p>\n<h5>REMO\u00c7\u00d5ES F\u00c1CEIS E R\u00c1PIDAS:<\/h5>\n<ul>\n<li>Remo\u00e7\u00e3o de Vinil<\/li>\n<li>Remo\u00e7\u00e3o de adesivos<\/li>\n<li>Remo\u00e7\u00e3o de decalques<\/li>\n<\/ul>\n<p>Remove tamb\u00e9m o revestimento pl\u00e1stico de uma parede interior de uma aeronave.<br \/>\nRemove as pel\u00edculas adesivas e a sinaliza\u00e7\u00e3o escrita da pintura do carro.[\/vc_column_text][\/vc_column][\/vc_row][\/vc_section][vc_row css=&#8221;.vc_custom_1572353854868{padding-right: 50px !important;padding-left: 50px !important;}&#8221;][vc_column][vc_column_text]<\/p>\n<h2 style=\"text-align: center;\">DESCUBRA NOSSOS PRODUTOS<\/h2>\n<p>[\/vc_column_text][vc_row_inner][vc_column_inner width=&#8221;1\/3&#8243;][vc_btn title=&#8221;Vinyl Zapper<sup>\u00ae<\/sup> pneum\u00e1tico&#8221; style=&#8221;classic&#8221; shape=&#8221;square&#8221; size=&#8221;lg&#8221; align=&#8221;center&#8221; button_block=&#8221;true&#8221; link=&#8221;url:https%3A%2F%2Fmontipower.com%2Fpt-pt%2Fprodutos%2Fmaquinas-motorizadas%2Fvinyl-zapper-pneumatico%2F|title:vinyl%20zapper&#8221; el_class=&#8221;solutions-button&#8221;][\/vc_column_inner][vc_column_inner width=&#8221;1\/3&#8243;][vc_btn title=&#8221;Vinyl Zapper<sup>\u00ae<\/sup> el\u00e9trico&#8221; style=&#8221;classic&#8221; shape=&#8221;square&#8221; size=&#8221;lg&#8221; align=&#8221;center&#8221; button_block=&#8221;true&#8221; link=&#8221;url:https%3A%2F%2Fmontipower.com%2Fpt-pt%2Fprodutos%2Fmaquinas-motorizadas%2Fvinyl-zapper-eletrico%2F|title:electric&#8221; el_class=&#8221;solutions-button&#8221;][\/vc_column_inner][vc_column_inner width=&#8221;1\/3&#8243;][vc_btn title=&#8221;Vinyl Zapper\u00ae Ultimate&#8221; style=&#8221;classic&#8221; shape=&#8221;square&#8221; size=&#8221;lg&#8221; align=&#8221;center&#8221; button_block=&#8221;true&#8221; link=&#8221;url:https%3A%2F%2Fmontipower.com%2Fpt-pt%2Fprodutos%2Fmaquinas-motorizadas%2Fvinyl-zapper-ultimate%2F|title:ultimate&#8221; el_class=&#8221;solutions-button&#8221;][\/vc_column_inner][\/vc_row_inner][\/vc_column][\/vc_row]<\/p>\n<\/div>","protected":false},"excerpt":{"rendered":"<p>[vc_section full_width=&#8221;stretch_row&#8221; content_placement=&#8221;bottom&#8221; css=&#8221;.vc_custom_1592558508100{padding-top: 30px !important;padding-bottom: 0px !important;background: #ff1212 url(https:\/\/montipower.com\/wp-content\/uploads\/2020\/06\/Signage-scaled.jpg?id=5469) !important;background-position: &#8230; <\/p>\n","protected":false},"author":3,"featured_media":15406,"parent":14924,"menu_order":0,"comment_status":"closed","ping_status":"closed","template":"","meta":{"_acf_changed":false,"footnotes":""},"acf":[],"_links":{"self":[{"href":"https:\/\/montipower-ontwikkel.com\/pt-pt\/wp-json\/wp\/v2\/pages\/15405"}],"collection":[{"href":"https:\/\/montipower-ontwikkel.com\/pt-pt\/wp-json\/wp\/v2\/pages"}],"about":[{"href":"https:\/\/montipower-ontwikkel.com\/pt-pt\/wp-json\/wp\/v2\/types\/page"}],"author":[{"embeddable":true,"href":"https:\/\/montipower-ontwikkel.com\/pt-pt\/wp-json\/wp\/v2\/users\/3"}],"replies":[{"embeddable":true,"href":"https:\/\/montipower-ontwikkel.com\/pt-pt\/wp-json\/wp\/v2\/comments?post=15405"}],"version-history":[{"count":5,"href":"https:\/\/montipower-ontwikkel.com\/pt-pt\/wp-json\/wp\/v2\/pages\/15405\/revisions"}],"predecessor-version":[{"id":15982,"href":"https:\/\/montipower-ontwikkel.com\/pt-pt\/wp-json\/wp\/v2\/pages\/15405\/revisions\/15982"}],"up":[{"embeddable":true,"href":"https:\/\/montipower-ontwikkel.com\/pt-pt\/wp-json\/wp\/v2\/pages\/14924"}],"wp:featuredmedia":[{"embeddable":true,"href":"https:\/\/montipower-ontwikkel.com\/pt-pt\/wp-json\/wp\/v2\/media\/15406"}],"wp:attachment":[{"href":"https:\/\/montipower-ontwikkel.com\/pt-pt\/wp-json\/wp\/v2\/media?parent=15405"}],"curies":[{"name":"wp","href":"https:\/\/api.w.org\/{rel}","templated":true}]}}