{"id":15402,"date":"2020-06-04T10:12:13","date_gmt":"2020-06-04T08:12:13","guid":{"rendered":"https:\/\/montipower.com\/mercados\/oem\/"},"modified":"2021-11-16T16:52:23","modified_gmt":"2021-11-16T15:52:23","slug":"oem","status":"publish","type":"page","link":"https:\/\/montipower-ontwikkel.com\/pt-pt\/mercados\/oem\/","title":{"rendered":"OEM"},"content":{"rendered":"<div class=\"wpb-content-wrapper\"><p>[vc_section full_width=&#8221;stretch_row&#8221; content_placement=&#8221;bottom&#8221; css=&#8221;.vc_custom_1591361314235{padding-top: 30px !important;padding-bottom: 0px !important;background: #ff1212 url(https:\/\/montipower.com\/wp-content\/uploads\/2019\/12\/Airplane_1024x768.jpg?id=4389) !important;background-position: center !important;background-repeat: no-repeat !important;background-size: cover !important;}&#8221; el_class=&#8221;topbig&#8221;][vc_row css=&#8221;.vc_custom_1569318223776{padding-right: 100px !important;padding-left: 100px !important;}&#8221;][vc_column width=&#8221;1\/2&#8243;][vc_column_text]<\/p>\n<h1>OEM<\/h1>\n<p>[\/vc_column_text][\/vc_column][vc_column width=&#8221;1\/2&#8243;][\/vc_column][\/vc_row][vc_row full_width=&#8221;stretch_row_content_no_spaces&#8221; content_placement=&#8221;bottom&#8221; css=&#8221;.vc_custom_1572526136907{padding-top: 0px !important;padding-bottom: 100px !important;background-position: 0 0 !important;background-repeat: no-repeat !important;}&#8221; el_class=&#8221;hometopfotorij&#8221;][vc_column][\/vc_column][\/vc_row][vc_row full_width=&#8221;stretch_row&#8221; css=&#8221;.vc_custom_1572525974229{background-color: #f1f1f1 !important;}&#8221;][vc_column][vc_column_text el_class=&#8221;montbreadcrumbs&#8221; css=&#8221;.vc_custom_1569318576735{padding-right: 100px !important;padding-left: 100px !important;}&#8221;]<nav aria-label=\"breadcrumbs\" class=\"rank-math-breadcrumb\"><p><span class=\"last\">Home<\/span><\/p><\/nav>[\/vc_column_text][\/vc_column][\/vc_row][\/vc_section][vc_section full_width=&#8221;stretch_row&#8221; el_class=&#8221;textcomp&#8221;][vc_row][vc_column][vc_column_text]Produzimos sistemas de prepara\u00e7\u00e3o de superf\u00edcies de alta qualidade concebidos para aumentar a produ\u00e7\u00e3o em oficinas OEM.<br \/>\nMontiPower\u00ae possui uma extensa linha de ferramentas de prepara\u00e7\u00e3o de superf\u00edcies, cintas e acess\u00f3rios que oferecem alternativas econ\u00f4micas para a prepara\u00e7\u00e3o sem abrasivos soltos do revestimento de produtos OEM, tanques e equipamentos. A nossa vasta sele\u00e7\u00e3o de ferramentas e cintas el\u00e9tricas, sem fio e pneum\u00e1ticos foi desenhada para ajudar a minimizar o custo da m\u00e3o-de-obra, a dura\u00e7\u00e3o, bem como a elimina\u00e7\u00e3o de res\u00edduos. Nossas solu\u00e7\u00f5es de ferramentas e cintas reduzem os custos de m\u00e3o-de-obra, melhoram a seguran\u00e7a, aumentam a produ\u00e7\u00e3o e impactam positivamente no seu resultado final. A nossa capacidade de oferecer uma limpeza e perfil constante, uniforme e regular contribui para a resist\u00eancia \u00e0 corros\u00e3o, e o valor est\u00e9tico nos diferencia da concorr\u00eancia.<\/p>\n<p>H\u00e1 muitos anos que fornecemos sistemas de prepara\u00e7\u00e3o de superf\u00edcies com custo eficiente a f\u00e1bricas da ind\u00fastria pesada e sabemos a import\u00e2ncia da velocidade e do desempenho.<\/p>\n<p>As ferramentas de prepara\u00e7\u00e3o de superf\u00edcie MontiPower\u00ae s\u00e3o f\u00e1ceis de trabalhar e oferecem benef\u00edcios que resultam de um rendimento mais r\u00e1pido, menos reparos, repintura ou chamadas de retorno.<\/p>\n<p>Nossa mais recente tecnologia de decalque sem abras\u00e3o permite a remo\u00e7\u00e3o extremamente r\u00e1pida do vinil de caminh\u00f5es, avi\u00f5es, \u00f4nibus, tratores e outros objetos.[\/vc_column_text][\/vc_column][\/vc_row][\/vc_section]<\/p>\n<\/div>","protected":false},"excerpt":{"rendered":"<p>[vc_section full_width=&#8221;stretch_row&#8221; content_placement=&#8221;bottom&#8221; css=&#8221;.vc_custom_1591361314235{padding-top: 30px !important;padding-bottom: 0px !important;background: #ff1212 url(https:\/\/montipower.com\/wp-content\/uploads\/2019\/12\/Airplane_1024x768.jpg?id=4389) !important;background-position: &#8230; <\/p>\n","protected":false},"author":3,"featured_media":0,"parent":14924,"menu_order":0,"comment_status":"closed","ping_status":"closed","template":"","meta":{"_acf_changed":false,"footnotes":""},"acf":[],"_links":{"self":[{"href":"https:\/\/montipower-ontwikkel.com\/pt-pt\/wp-json\/wp\/v2\/pages\/15402"}],"collection":[{"href":"https:\/\/montipower-ontwikkel.com\/pt-pt\/wp-json\/wp\/v2\/pages"}],"about":[{"href":"https:\/\/montipower-ontwikkel.com\/pt-pt\/wp-json\/wp\/v2\/types\/page"}],"author":[{"embeddable":true,"href":"https:\/\/montipower-ontwikkel.com\/pt-pt\/wp-json\/wp\/v2\/users\/3"}],"replies":[{"embeddable":true,"href":"https:\/\/montipower-ontwikkel.com\/pt-pt\/wp-json\/wp\/v2\/comments?post=15402"}],"version-history":[{"count":2,"href":"https:\/\/montipower-ontwikkel.com\/pt-pt\/wp-json\/wp\/v2\/pages\/15402\/revisions"}],"predecessor-version":[{"id":15404,"href":"https:\/\/montipower-ontwikkel.com\/pt-pt\/wp-json\/wp\/v2\/pages\/15402\/revisions\/15404"}],"up":[{"embeddable":true,"href":"https:\/\/montipower-ontwikkel.com\/pt-pt\/wp-json\/wp\/v2\/pages\/14924"}],"wp:attachment":[{"href":"https:\/\/montipower-ontwikkel.com\/pt-pt\/wp-json\/wp\/v2\/media?parent=15402"}],"curies":[{"name":"wp","href":"https:\/\/api.w.org\/{rel}","templated":true}]}}