{"id":15391,"date":"2019-09-25T13:45:02","date_gmt":"2019-09-25T11:45:02","guid":{"rendered":"https:\/\/montipower.com\/mercados\/marine-solutions\/"},"modified":"2021-10-27T15:10:22","modified_gmt":"2021-10-27T13:10:22","slug":"maritimo","status":"publish","type":"page","link":"https:\/\/montipower-ontwikkel.com\/pt-pt\/mercados\/maritimo\/","title":{"rendered":"Mar\u00edtimo"},"content":{"rendered":"<div class=\"wpb-content-wrapper\"><p>[vc_section full_width=&#8221;stretch_row&#8221; content_placement=&#8221;bottom&#8221; css=&#8221;.vc_custom_1574970584855{padding-top: 30px !important;padding-bottom: 0px !important;background-image: url(https:\/\/montipower.com\/wp-content\/uploads\/2019\/10\/Marine_Submarine_RGB_72dpi-1.jpg?id=3476) !important;background-position: center !important;background-repeat: no-repeat !important;background-size: cover !important;}&#8221; el_class=&#8221;topbig&#8221;][vc_row css=&#8221;.vc_custom_1569318223776{padding-right: 100px !important;padding-left: 100px !important;}&#8221;][vc_column width=&#8221;1\/2&#8243;][vc_column_text]<\/p>\n<h1>MAR\u00cdTIMO<\/h1>\n<p>[\/vc_column_text][\/vc_column][vc_column width=&#8221;1\/2&#8243;][\/vc_column][\/vc_row][vc_row full_width=&#8221;stretch_row_content_no_spaces&#8221; content_placement=&#8221;bottom&#8221; css=&#8221;.vc_custom_1572537177712{padding-top: 0px !important;padding-bottom: 100px !important;background-position: 0 0 !important;background-repeat: no-repeat !important;}&#8221; el_class=&#8221;hometopfotorij&#8221;][vc_column][\/vc_column][\/vc_row][vc_row full_width=&#8221;stretch_row&#8221; css=&#8221;.vc_custom_1572537189812{background-color: #f1f1f1 !important;}&#8221;][vc_column][vc_column_text el_class=&#8221;montbreadcrumbs&#8221; css=&#8221;.vc_custom_1569318576735{padding-right: 100px !important;padding-left: 100px !important;}&#8221;]<nav aria-label=\"breadcrumbs\" class=\"rank-math-breadcrumb\"><p><span class=\"last\">Home<\/span><\/p><\/nav>[\/vc_column_text][\/vc_column][\/vc_row][\/vc_section][vc_section full_width=&#8221;stretch_row&#8221; el_class=&#8221;textcomp&#8221;][vc_row css=&#8221;.vc_custom_1569324067303{padding-right: 200px !important;padding-left: 200px !important;}&#8221;][vc_column][vc_column_text]<\/p>\n<h2><span style=\"font-weight: 400;\">BENEF\u00cdCIOS DO MontiPower<sup>\u00ae<\/sup> Marine<\/span><\/h2>\n<p>[\/vc_column_text][vc_column_text]A corros\u00e3o \u00e9 um problema de v\u00e1rios bilh\u00f5es de d\u00f3lares em embarca\u00e7\u00f5es mar\u00edtimas. Uma superf\u00edcie bem preparada \u00e9 livre de materiais sol\u00faveis que poderiam causar falhas prematuras nos revestimentos de superf\u00edcie e reduzir a vida \u00fatil de uma embarca\u00e7\u00e3o. Os revestimentos protetores de uma embarca\u00e7\u00e3o mar\u00edtima protegem o seu substrato da \u00e1gua, ferrugem, \u00e1cidos, extremos de temperatura e outros elementos que possam causar corros\u00e3o e degrada\u00e7\u00e3o.[\/vc_column_text][vc_column_text]Quando voc\u00ea protege a superf\u00edcie de uma embarca\u00e7\u00e3o durante as fases de limpeza e prepara\u00e7\u00e3o usando as solu\u00e7\u00f5es MontiPower<sup>\u00ae<\/sup>, voc\u00ea est\u00e1 mais apto a garantir o sucesso do processo de liga\u00e7\u00e3o do revestimento de prote\u00e7\u00e3o. O revestimento durar\u00e1 mais tempo e reduzir\u00e1 os custos de manuten\u00e7\u00e3o da embarca\u00e7\u00e3o. Quando as condi\u00e7\u00f5es s\u00e3o excessivamente h\u00famidas, secas, frias ou quentes, a superf\u00edcie de uma embarca\u00e7\u00e3o \u00e9 vulner\u00e1vel \u00e0 ferrugem e \u00e0 recontamina\u00e7\u00e3o.<\/p>\n<h5>JATEAMENTO COM CERDAS EM COMPARA\u00c7\u00c3O COM JATEAMENTO ABRASIVO (abrasivo solto)<\/h5>\n<p>Em compara\u00e7\u00e3o com o jateamento abrasivo, o Jateamento com Cerdas (Bristle Blasting) n\u00e3o \u00e9 extremamente trabalhoso e perigoso. Durante o processo normal de jateamento abrasivo os trabalhadores n\u00e3o s\u00f3 passam longos per\u00edodos de tempo manipulando for\u00e7as de 100 N e acima, mas tamb\u00e9m precisam tomar precau\u00e7\u00f5es para evitar a exposi\u00e7\u00e3o ao p\u00f3 que cont\u00e9m produtos qu\u00edmicos perigosos. Al\u00e9m disso, os m\u00e9todos de jateamento abrasivo tamb\u00e9m criam problemas ambientais. Por exemplo, o jateamento transforma o revestimento t\u00f3xico em um p\u00f3 fino, transportado pelo ar, que os trabalhadores podem inalar e que poluir\u00e1 o ambiente ao redor.<\/p>\n<h5>SOLU\u00c7\u00c3O DE CONTROLE DE POEIRA ACIONADA POR BATERIA<\/h5>\n<p>Com a extens\u00e3o total da toxicidade e dos danos \u00e0 sa\u00fade em longo prazo causados pelo chumbo\/amianto, ou revestimento contendo cromato 6, as opera\u00e7\u00f5es p\u00fablicas de manuten\u00e7\u00e3o devem ser completamente fechadas, a fim de evitar a contamina\u00e7\u00e3o do ambiente e evitar riscos potenciais \u00e0 sa\u00fade do p\u00fablico em geral. Assim, a escolha das solu\u00e7\u00f5es MontiPower<sup>\u00ae<\/sup>, incluindo o controle de poeira acionado por bateria, ajudar\u00e1 com um impacto significativo na sa\u00fade, seguran\u00e7a e economia. Mesmo quando se est\u00e1 construindo uma nova embarca\u00e7\u00e3o, a prepara\u00e7\u00e3o da superf\u00edcie \u00e9 essencial para o desempenho da embarca\u00e7\u00e3o e para o bem-estar da tripula\u00e7\u00e3o em rela\u00e7\u00e3o ao revestimento.[\/vc_column_text][\/vc_column][\/vc_row][\/vc_section][vc_section full_width=&#8221;stretch_row&#8221; css=&#8221;.vc_custom_1572537294237{margin-top: 0px !important;margin-bottom: 0px !important;padding-top: 0px !important;padding-bottom: 0px !important;}&#8221;][vc_row css=&#8221;.vc_custom_1572537300156{margin-top: 0px !important;margin-bottom: 0px !important;padding-top: 0px !important;padding-bottom: 0px !important;}&#8221;][vc_column][vc_single_image image=&#8221;3353&#8243; img_size=&#8221;full&#8221; alignment=&#8221;center&#8221; css=&#8221;.vc_custom_1575302409450{margin-bottom: 0px !important;padding-bottom: 0px !important;}&#8221;][\/vc_column][\/vc_row][\/vc_section][vc_section el_class=&#8221;textcomp&#8221;][vc_row][vc_column width=&#8221;1\/2&#8243;][vc_column_text]<img decoding=\"async\" class=\"alignleft size-full wp-image-1940\" src=\"https:\/\/montipower.com\/wp-content\/uploads\/2019\/10\/plusje.png\" alt=\"\" width=\"50\" height=\"50\" \/><\/p>\n<p>Escova de arame rotativo: As escovas de arame removem a ferrugem em p\u00f3, mas n\u00e3o a ferrugem de descama\u00e7\u00e3o, de uma superf\u00edcie[\/vc_column_text][vc_column_text]<img decoding=\"async\" class=\"alignleft size-full wp-image-1940\" src=\"https:\/\/montipower.com\/wp-content\/uploads\/2019\/10\/plusje.png\" alt=\"\" width=\"50\" height=\"50\" \/><\/p>\n<p>Disco el\u00e9trico rotativo: Os discos de carboneto de sil\u00edcio limpam superf\u00edcies irregulares e esburacadas[\/vc_column_text][vc_column_text]<img decoding=\"async\" class=\"alignleft size-full wp-image-1940\" src=\"https:\/\/montipower.com\/wp-content\/uploads\/2019\/10\/plusje.png\" alt=\"\" width=\"50\" height=\"50\" \/><\/p>\n<p>Limpeza com jateamento abrasivo: O ar comprimido remove a ferrugem e outros contaminantes para criar uma superf\u00edcie rugosa[\/vc_column_text][\/vc_column][vc_column width=&#8221;1\/2&#8243;][vc_column_text]<img decoding=\"async\" class=\"alignleft size-full wp-image-1940\" src=\"https:\/\/montipower.com\/wp-content\/uploads\/2019\/10\/plusje.png\" alt=\"\" width=\"50\" height=\"50\" \/><\/p>\n<p>Mechanical de-scaling: Blades or pounding-type tools remove thick scale and rust build-ups[\/vc_column_text][vc_column_text]<img decoding=\"async\" class=\"alignleft size-full wp-image-1940\" src=\"https:\/\/montipower.com\/wp-content\/uploads\/2019\/10\/plusje.png\" alt=\"\" width=\"50\" height=\"50\" \/><\/p>\n<p>Limpeza com solventes: Detergentes e produtos qu\u00edmicos removem \u00f3leo, graxa e sujeira antes de se usar t\u00e9cnicas de limpeza com jateamento[\/vc_column_text][vc_column_text]<img decoding=\"async\" class=\"alignleft size-full wp-image-1940\" src=\"https:\/\/montipower.com\/wp-content\/uploads\/2019\/10\/plusje.png\" alt=\"\" width=\"50\" height=\"50\" \/><\/p>\n<p>Hidro-jateamento: \u00c1gua de alta press\u00e3o \u00e0 jato remove \u00f3leo, tinta e ferrugem sem problemas com abrasivos e p\u00f3[\/vc_column_text][\/vc_column][\/vc_row][vc_row][vc_column][vc_column_text]Bons momentos para preparar e revestir as superf\u00edcies de um navio s\u00e3o durante:<\/p>\n<ul>\n<li>O processo de constru\u00e7\u00e3o naval<\/li>\n<li>Reparos<\/li>\n<li>Manuten\u00e7\u00e3o programada<\/li>\n<li>Restaura\u00e7\u00f5es<\/li>\n<li>Per\u00edodos de doca seca<\/li>\n<\/ul>\n<p>[\/vc_column_text][\/vc_column][\/vc_row][vc_row css=&#8221;.vc_custom_1569314205235{padding-right: 50px !important;padding-left: 50px !important;}&#8221;][vc_column][vc_column_text]<\/p>\n<h2 style=\"text-align: center;\">DESCUBRA NOSSOS PRODUTOS<\/h2>\n<p>[\/vc_column_text][vc_row_inner][vc_column_inner width=&#8221;1\/3&#8243;][vc_btn title=&#8221;Bristle Blaster<sup>\u00ae<\/sup>&#8221; style=&#8221;classic&#8221; shape=&#8221;square&#8221; size=&#8221;lg&#8221; align=&#8221;center&#8221; button_block=&#8221;true&#8221; link=&#8221;url:https%3A%2F%2Fmontipower.com%2Fpt-pt%2Fprodutos%2Fferramentas-motorizadas%2Fbristle-blaster-eletrico%2F|title:Bristle%20Blaster%3Csup%3E%C2%AE%3C%2Fsup%3E&#8221; el_class=&#8221;solutions-button&#8221;][\/vc_column_inner][vc_column_inner width=&#8221;1\/3&#8243;][vc_btn title=&#8221;Q4 prepper<sup>\u00ae<\/sup>&#8221; style=&#8221;classic&#8221; shape=&#8221;square&#8221; size=&#8221;lg&#8221; align=&#8221;center&#8221; button_block=&#8221;true&#8221; link=&#8221;url:https%3A%2F%2Fmontipower.com%2Fpt-pt%2Fprodutos%2Fmaquinas-motorizadas%2Fquattro-4%2F|title:prepper&#8221; el_class=&#8221;solutions-button&#8221;][\/vc_column_inner][vc_column_inner width=&#8221;1\/3&#8243;][vc_btn title=&#8221;Subsea&#8221; style=&#8221;classic&#8221; shape=&#8221;square&#8221; size=&#8221;lg&#8221; align=&#8221;center&#8221; button_block=&#8221;true&#8221; link=&#8221;url:https%3A%2F%2Fmontipower.com%2Fpt-pt%2Fprodutos%2Fmaquinas-motorizadas%2Fbristle-blaster-subsea%2F|title:Subsea&#8221; el_class=&#8221;solutions-button&#8221;][\/vc_column_inner][\/vc_row_inner][\/vc_column][\/vc_row][\/vc_section][vc_section el_class=&#8221;clientslide&#8221;][vc_row][vc_column][vc_column_text css=&#8221;.vc_custom_1570726086126{margin-bottom: 10px !important;margin-left: 30px !important;}&#8221;][\/vc_column_text][vc_carousel_father theme=&#8221;content-over-slider&#8221; dot=&#8221;false&#8221; slide_visible=&#8221;4&#8243; tabs=&#8221;3&#8243; mbl_height=&#8221;200px&#8221;][vc_carousel_son image_id=&#8221;2574&#8243; img_width=&#8221;85%&#8221; img_height=&#8221;auto&#8221;][\/vc_carousel_son][vc_carousel_son image_id=&#8221;2575&#8243; img_width=&#8221;85%&#8221; img_height=&#8221;auto&#8221;][\/vc_carousel_son][vc_carousel_son image_id=&#8221;2576&#8243; contain_url=&#8221;https:\/\/bp.com&#8221; img_width=&#8221;85%&#8221; img_height=&#8221;auto&#8221;][\/vc_carousel_son][vc_carousel_son image_id=&#8221;2577&#8243; contain_url=&#8221;https:\/\/bp.com&#8221; img_width=&#8221;85%&#8221; img_height=&#8221;auto&#8221;][\/vc_carousel_son][vc_carousel_son image_id=&#8221;2579&#8243; contain_url=&#8221;https:\/\/bp.com&#8221; img_width=&#8221;85%&#8221; img_height=&#8221;auto&#8221;][\/vc_carousel_son][vc_carousel_son image_id=&#8221;2447&#8243; contain_url=&#8221;https:\/\/bp.com&#8221; img_width=&#8221;85%&#8221; img_height=&#8221;auto&#8221;][\/vc_carousel_son][vc_carousel_son image_id=&#8221;2583&#8243; contain_url=&#8221;https:\/\/bp.com&#8221; img_width=&#8221;85%&#8221; img_height=&#8221;auto&#8221;][\/vc_carousel_son][vc_carousel_son image_id=&#8221;2584&#8243; contain_url=&#8221;https:\/\/bp.com&#8221; img_width=&#8221;85%&#8221; img_height=&#8221;auto&#8221;][\/vc_carousel_son][vc_carousel_son image_id=&#8221;2585&#8243; contain_url=&#8221;https:\/\/bp.com&#8221; img_width=&#8221;85%&#8221; img_height=&#8221;auto&#8221;][\/vc_carousel_son][vc_carousel_son image_id=&#8221;2587&#8243; contain_url=&#8221;https:\/\/bp.com&#8221; img_width=&#8221;85%&#8221; img_height=&#8221;auto&#8221;][\/vc_carousel_son][vc_carousel_son image_id=&#8221;2589&#8243; contain_url=&#8221;https:\/\/bp.com&#8221; img_width=&#8221;85%&#8221; img_height=&#8221;auto&#8221;][\/vc_carousel_son][vc_carousel_son image_id=&#8221;2591&#8243; contain_url=&#8221;https:\/\/bp.com&#8221; img_width=&#8221;85%&#8221; img_height=&#8221;auto&#8221;][\/vc_carousel_son][vc_carousel_son image_id=&#8221;2592&#8243; contain_url=&#8221;https:\/\/bp.com&#8221; img_width=&#8221;85%&#8221; img_height=&#8221;auto&#8221;][\/vc_carousel_son][vc_carousel_son image_id=&#8221;2593&#8243; contain_url=&#8221;https:\/\/bp.com&#8221; img_width=&#8221;85%&#8221; img_height=&#8221;auto&#8221;][\/vc_carousel_son][vc_carousel_son image_id=&#8221;2595&#8243; contain_url=&#8221;https:\/\/bp.com&#8221; img_width=&#8221;85%&#8221; img_height=&#8221;auto&#8221;][\/vc_carousel_son][vc_carousel_son image_id=&#8221;2596&#8243; contain_url=&#8221;https:\/\/bp.com&#8221; img_width=&#8221;85%&#8221; img_height=&#8221;auto&#8221;][\/vc_carousel_son][vc_carousel_son image_id=&#8221;2598&#8243; contain_url=&#8221;https:\/\/bp.com&#8221; img_width=&#8221;85%&#8221; img_height=&#8221;auto&#8221;][\/vc_carousel_son][vc_carousel_son image_id=&#8221;2599&#8243; contain_url=&#8221;https:\/\/bp.com&#8221; img_width=&#8221;85%&#8221; img_height=&#8221;auto&#8221;][\/vc_carousel_son][\/vc_carousel_father][\/vc_column][\/vc_row][\/vc_section]<\/p>\n<\/div>","protected":false},"excerpt":{"rendered":"<p>[vc_section full_width=&#8221;stretch_row&#8221; content_placement=&#8221;bottom&#8221; css=&#8221;.vc_custom_1574970584855{padding-top: 30px !important;padding-bottom: 0px !important;background-image: url(https:\/\/montipower.com\/wp-content\/uploads\/2019\/10\/Marine_Submarine_RGB_72dpi-1.jpg?id=3476) !important;background-position: center &#8230; <\/p>\n","protected":false},"author":3,"featured_media":15393,"parent":14924,"menu_order":0,"comment_status":"closed","ping_status":"closed","template":"","meta":{"_acf_changed":false,"footnotes":""},"acf":[],"_links":{"self":[{"href":"https:\/\/montipower-ontwikkel.com\/pt-pt\/wp-json\/wp\/v2\/pages\/15391"}],"collection":[{"href":"https:\/\/montipower-ontwikkel.com\/pt-pt\/wp-json\/wp\/v2\/pages"}],"about":[{"href":"https:\/\/montipower-ontwikkel.com\/pt-pt\/wp-json\/wp\/v2\/types\/page"}],"author":[{"embeddable":true,"href":"https:\/\/montipower-ontwikkel.com\/pt-pt\/wp-json\/wp\/v2\/users\/3"}],"replies":[{"embeddable":true,"href":"https:\/\/montipower-ontwikkel.com\/pt-pt\/wp-json\/wp\/v2\/comments?post=15391"}],"version-history":[{"count":3,"href":"https:\/\/montipower-ontwikkel.com\/pt-pt\/wp-json\/wp\/v2\/pages\/15391\/revisions"}],"predecessor-version":[{"id":15979,"href":"https:\/\/montipower-ontwikkel.com\/pt-pt\/wp-json\/wp\/v2\/pages\/15391\/revisions\/15979"}],"up":[{"embeddable":true,"href":"https:\/\/montipower-ontwikkel.com\/pt-pt\/wp-json\/wp\/v2\/pages\/14924"}],"wp:featuredmedia":[{"embeddable":true,"href":"https:\/\/montipower-ontwikkel.com\/pt-pt\/wp-json\/wp\/v2\/media\/15393"}],"wp:attachment":[{"href":"https:\/\/montipower-ontwikkel.com\/pt-pt\/wp-json\/wp\/v2\/media?parent=15391"}],"curies":[{"name":"wp","href":"https:\/\/api.w.org\/{rel}","templated":true}]}}