{"id":9960,"date":"2020-06-04T10:14:32","date_gmt":"2020-06-04T08:14:32","guid":{"rendered":"https:\/\/monti.la-compagnie.digital\/clientele\/stainless\/"},"modified":"2021-04-24T20:21:13","modified_gmt":"2021-04-24T18:21:13","slug":"inoxydable","status":"publish","type":"page","link":"https:\/\/montipower-ontwikkel.com\/fr\/clientele\/inoxydable\/","title":{"rendered":"Acier inoxydable"},"content":{"rendered":"<div class=\"wpb-content-wrapper\"><p>[vc_section full_width=&#8221;stretch_row&#8221; content_placement=&#8221;bottom&#8221; css=&#8221;.vc_custom_1592558560445{padding-top: 30px !important;padding-bottom: 0px !important;background: #ff1212 url(https:\/\/montipower.com\/wp-content\/uploads\/2020\/06\/Stainless-Steel.jpg?id=5472) !important;background-position: center !important;background-repeat: no-repeat !important;background-size: cover !important;}&#8221; el_class=&#8221;topbig&#8221;][vc_row css=&#8221;.vc_custom_1569318223776{padding-right: 100px !important;padding-left: 100px !important;}&#8221;][vc_column width=&#8221;1\/2&#8243;][vc_column_text]<\/p>\n<h1>Acier inoxydable<\/h1>\n<p>[\/vc_column_text][\/vc_column][vc_column width=&#8221;1\/2&#8243;][\/vc_column][\/vc_row][vc_row full_width=&#8221;stretch_row_content_no_spaces&#8221; content_placement=&#8221;bottom&#8221; css=&#8221;.vc_custom_1572526136907{padding-top: 0px !important;padding-bottom: 100px !important;background-position: 0 0 !important;background-repeat: no-repeat !important;}&#8221; el_class=&#8221;hometopfotorij&#8221;][vc_column][\/vc_column][\/vc_row][vc_row full_width=&#8221;stretch_row&#8221; css=&#8221;.vc_custom_1572525974229{background-color: #f1f1f1 !important;}&#8221;][vc_column][vc_column_text el_class=&#8221;montbreadcrumbs&#8221; css=&#8221;.vc_custom_1569318576735{padding-right: 100px !important;padding-left: 100px !important;}&#8221;]<nav aria-label=\"breadcrumbs\" class=\"rank-math-breadcrumb\"><p><span class=\"last\">Home<\/span><\/p><\/nav>[\/vc_column_text][\/vc_column][\/vc_row][\/vc_section][vc_section full_width=&#8221;stretch_row&#8221; el_class=&#8221;textcomp&#8221;][vc_row][vc_column][vc_column_text]<\/p>\n<h2 class=\"p1\">RESISTANCE CONTRE LA CORROSION<\/h2>\n<p class=\"p1\">Les aciers inoxydables sont utilis\u00e9s du fait de leur r\u00e9sistance contre la corrosion dans une grande vari\u00e9t\u00e9 d\u2019environnements de service et g\u00e9n\u00e9ralement sans rev\u00eatement suppl\u00e9mentaire. Cependant, dans certaines circonstances, les composants ou structures en acier inoxydable peuvent n\u00e9cessiter un rev\u00eatement de finition (peinture).<\/p>\n<p class=\"p1\">Les syst\u00e8mes de rev\u00eatement pour les aciers inoxydables doivent \u00eatre minutieusement s\u00e9lectionn\u00e9s pour fournir une durabilit\u00e9 suffisante qui r\u00e9ponde aux exigences des environnements de service et aux conditions d\u2019op\u00e9ration qui leur sont associ\u00e9es. La combinaison de la pr\u00e9paration des surfaces et la formulation du syst\u00e8me de peinture sont des facteurs clefs pour r\u00e9pondre \u00e0 ces objectifs. Dans certains environnements, des ruptures localis\u00e9es du rev\u00eatement peuvent mener \u00e0 de la corrosion. Celle-ci peut \u00eatre plus grave que celle observ\u00e9e sur les surfaces sans rev\u00eatement et peut donner lieu \u00e0 des taux accrus d\u2019attaques localis\u00e9es.<\/p>\n<p>[\/vc_column_text][vc_column_text]<\/p>\n<h3 class=\"p1\">SURFACE PLUS LISSE ET PLUS PLATE<\/h3>\n<p class=\"p1\">En g\u00e9n\u00e9ral, les aciers inoxydables ont des surfaces plus lisses et plus plates que les aciers au carbone. Ceci s\u2019applique en particulier aux produits fins lamin\u00e9s \u00e0 froid (feuille et bobine) et peut affecter n\u00e9gativement l\u2019adh\u00e9rence entre la surface m\u00e9tallique et le syst\u00e8me de rev\u00eatement. Le grainage des surfaces en acier inoxydable avant le rev\u00eatement est essentiel. Ceci peut g\u00e9n\u00e9ralement \u00eatre atteint par MontiPower<sup>\u00ae<\/sup> au lieu d\u2019un grenaillage abrasif libre, d\u2019une abrasion manuelle l\u00e9g\u00e8re ou d\u2019un d\u00e9capage chimique. Compar\u00e9 au grenaillage abrasif libre, vous pouvez \u00eatre s\u00fbrs qu\u2019aucun mat\u00e9riel ferrique libre tel que l\u2019alumine ou le carbure de silicium ne sera n\u00e9cessaire pour \u00e9viter la contamination, ce qui peut entra\u00eener des taches de rouille sur la surface avant le rev\u00eatement. Avec une solution \u00e0 courroie en acier Bristle Blaster<sup>\u00ae<\/sup> pneumatique, sans fil ou \u00e9lectrique, les surfaces peuvent \u00eatre facilement pr\u00e9par\u00e9es pour avoir une rugosit\u00e9 Ra d\u2019au moins 50 microns et une propret\u00e9 au minimum de grade 2 conform\u00e9ment \u00e0 BS 7079: Partie 1A. MBX<sup>\u00ae<\/sup> offre une rugosit\u00e9 Ra plus fine d\u2019environ 10 \u00e0 30 microns.<\/p>\n<p>[\/vc_column_text][\/vc_column][\/vc_row][\/vc_section]<\/p>\n<\/div>","protected":false},"excerpt":{"rendered":"<p>[vc_section full_width=&#8221;stretch_row&#8221; content_placement=&#8221;bottom&#8221; css=&#8221;.vc_custom_1592558560445{padding-top: 30px !important;padding-bottom: 0px !important;background: #ff1212 url(https:\/\/montipower.com\/wp-content\/uploads\/2020\/06\/Stainless-Steel.jpg?id=5472) !important;background-position: &#8230; <\/p>\n","protected":false},"author":3,"featured_media":0,"parent":9916,"menu_order":0,"comment_status":"closed","ping_status":"closed","template":"","meta":{"_acf_changed":false,"footnotes":""},"acf":[],"_links":{"self":[{"href":"https:\/\/montipower-ontwikkel.com\/fr\/wp-json\/wp\/v2\/pages\/9960"}],"collection":[{"href":"https:\/\/montipower-ontwikkel.com\/fr\/wp-json\/wp\/v2\/pages"}],"about":[{"href":"https:\/\/montipower-ontwikkel.com\/fr\/wp-json\/wp\/v2\/types\/page"}],"author":[{"embeddable":true,"href":"https:\/\/montipower-ontwikkel.com\/fr\/wp-json\/wp\/v2\/users\/3"}],"replies":[{"embeddable":true,"href":"https:\/\/montipower-ontwikkel.com\/fr\/wp-json\/wp\/v2\/comments?post=9960"}],"version-history":[{"count":2,"href":"https:\/\/montipower-ontwikkel.com\/fr\/wp-json\/wp\/v2\/pages\/9960\/revisions"}],"predecessor-version":[{"id":9962,"href":"https:\/\/montipower-ontwikkel.com\/fr\/wp-json\/wp\/v2\/pages\/9960\/revisions\/9962"}],"up":[{"embeddable":true,"href":"https:\/\/montipower-ontwikkel.com\/fr\/wp-json\/wp\/v2\/pages\/9916"}],"wp:attachment":[{"href":"https:\/\/montipower-ontwikkel.com\/fr\/wp-json\/wp\/v2\/media?parent=9960"}],"curies":[{"name":"wp","href":"https:\/\/api.w.org\/{rel}","templated":true}]}}