{"id":9957,"date":"2020-06-08T16:38:21","date_gmt":"2020-06-08T14:38:21","guid":{"rendered":"https:\/\/monti.la-compagnie.digital\/clientele\/signage\/"},"modified":"2021-06-10T17:45:31","modified_gmt":"2021-06-10T15:45:31","slug":"signaletique","status":"publish","type":"page","link":"https:\/\/montipower-ontwikkel.com\/fr\/clientele\/signaletique\/","title":{"rendered":"Signaletique"},"content":{"rendered":"<div class=\"wpb-content-wrapper\"><p>[vc_section full_width=&#8221;stretch_row&#8221; content_placement=&#8221;bottom&#8221; css=&#8221;.vc_custom_1592558508100{padding-top: 30px !important;padding-bottom: 0px !important;background: #ff1212 url(https:\/\/montipower.com\/wp-content\/uploads\/2020\/06\/Signage-scaled.jpg?id=5469) !important;background-position: center !important;background-repeat: no-repeat !important;background-size: cover !important;}&#8221; el_class=&#8221;topbig&#8221;][vc_row css=&#8221;.vc_custom_1569318223776{padding-right: 100px !important;padding-left: 100px !important;}&#8221;][vc_column width=&#8221;1\/2&#8243;][vc_column_text]<\/p>\n<h1 class=\"p1\">SIGNALETIQUE<\/h1>\n<p>[\/vc_column_text][\/vc_column][vc_column width=&#8221;1\/2&#8243;][\/vc_column][\/vc_row][vc_row full_width=&#8221;stretch_row_content_no_spaces&#8221; content_placement=&#8221;bottom&#8221; css=&#8221;.vc_custom_1572526136907{padding-top: 0px !important;padding-bottom: 100px !important;background-position: 0 0 !important;background-repeat: no-repeat !important;}&#8221; el_class=&#8221;hometopfotorij&#8221;][vc_column][\/vc_column][\/vc_row][vc_row full_width=&#8221;stretch_row&#8221; css=&#8221;.vc_custom_1572525974229{background-color: #f1f1f1 !important;}&#8221;][vc_column][vc_column_text el_class=&#8221;montbreadcrumbs&#8221; css=&#8221;.vc_custom_1569318576735{padding-right: 100px !important;padding-left: 100px !important;}&#8221;]<nav aria-label=\"breadcrumbs\" class=\"rank-math-breadcrumb\"><p><span class=\"last\">Home<\/span><\/p><\/nav>[\/vc_column_text][\/vc_column][\/vc_row][\/vc_section][vc_section full_width=&#8221;stretch_row&#8221; el_class=&#8221;textcomp&#8221;][vc_row][vc_column][vc_column_text]<\/p>\n<h2 class=\"p1\">ELIMINATION SIMPLE DE LA SIGNALETIQUE;<br \/>\nMONTIPOWER VINYL ZAPPER<sup>\u00ae<\/sup><\/h2>\n<p class=\"p1\">D\u00e8s le 18\u00e8me si\u00e8cle, les marchands, commer\u00e7ants et pi\u00e9tons ont commenc\u00e9 \u00e0 promouvoir leurs produits avec des plaques peintes \u00e0 la main. Certaines \u00e9taient de v\u00e9ritables \u0153uvres d\u2019art. Aujourd\u2019hui, d\u2019immenses imprimantes peuvent accomplir des transferts de signal\u00e9tique \u00e0 tout ce qui est imaginable ; des signal\u00e9tiques g\u00e9antes sur les bateaux de croisi\u00e8res, jusqu\u2019au transport, trains, v\u00e9hicules, avions et b\u00e2timents et bien plus.<\/p>\n<h4 class=\"p1\">REMPLACEMENT DE LA SIGNALETIQUE<\/h4>\n<p class=\"p1\">La signal\u00e9tique doit \u00eatre ajust\u00e9e r\u00e9guli\u00e8rement. De nouvelles marques, de nouveaux styles, de nouveaux slogans ou des \u00e9quipes d\u2019actions doivent remplacer les anciens transferts.<br \/>\nJusqu\u2019\u00e0 l\u2019arriv\u00e9e du Vinyl Zapper<sup>\u00ae<\/sup>, c\u2019\u00e9tait une t\u00e2che prenant beaucoup de temps avec ou sans s\u00e9choir ou autres outils encombrants.<\/p>\n<h4 class=\"p1\">VINYL ZAPPER<sup>\u00ae<\/sup> MONTIPOWER : SIMPLE, RAPIDE ET MINUTIEUX<\/h4>\n<p class=\"p1\">La courroie brevet\u00e9e Vinyl Zapper<sup>\u00ae<\/sup> \u00e9liminer le vinyle, les r\u00e9sidus collants, les feuilles r\u00e9fl\u00e9chissantes, les autocollants, les \u00e9tiquettes, les bandes adh\u00e9sives double-face de la mani\u00e8re la plus simple et la plus s\u00fbre. Le Vinyl Zapper<sup>\u00ae<\/sup> g\u00e8re minutieusement les travaux de peinture sous-jacents ou les mat\u00e9riaux et est ainsi l\u2019outil id\u00e9al pour une \u00e9limination simple et minutieuse des r\u00e9sidus de vinyle.<\/p>\n<h5 class=\"p1\">ELIMINATIONS SIMPLES &amp; RAPIDES<\/h5>\n<p class=\"p1\">Elimination du vinyle.<br \/>\nElimination des adh\u00e9sifs.<br \/>\nElimination des \u00e9tiquettes.<br \/>\nElimine \u00e9galement les rev\u00eatements en plastique des murs int\u00e9rieurs d\u2019un avion.<br \/>\nElimine les films adh\u00e9sifs et les signes \u00e9crits sur la peinture des voitures.<\/p>\n<p>[\/vc_column_text][\/vc_column][\/vc_row][\/vc_section][vc_row css=&#8221;.vc_custom_1572353854868{padding-right: 50px !important;padding-left: 50px !important;}&#8221;][vc_column][vc_column_text]<\/p>\n<h2 class=\"p1\" style=\"text-align: center;\">DECOUVREZ NOS PRODUITS<\/h2>\n<p>[\/vc_column_text][vc_row_inner][vc_column_inner width=&#8221;1\/3&#8243;][vc_btn title=&#8221;MBX<sup>\u00ae<\/sup> Vinyl Zapper<sup>\u00ae<\/sup> Pneumatic&#8221; style=&#8221;classic&#8221; shape=&#8221;square&#8221; size=&#8221;lg&#8221; align=&#8221;center&#8221; button_block=&#8221;true&#8221; link=&#8221;url:https%3A%2F%2Fmontipower.com%2Ffr%2Fproduits%2Fmachines-motorisees%2Fvinyl-zapper-pneumatique%2F|title:vinyl%20zapper&#8221; el_class=&#8221;solutions-button&#8221;][\/vc_column_inner][vc_column_inner width=&#8221;1\/3&#8243;][vc_btn title=&#8221;MBX<sup>\u00ae<\/sup> Vinyl Zapper<sup>\u00ae<\/sup> Electric&#8221; style=&#8221;classic&#8221; shape=&#8221;square&#8221; size=&#8221;lg&#8221; align=&#8221;center&#8221; button_block=&#8221;true&#8221; link=&#8221;url:https%3A%2F%2Fmontipower.com%2Ffr%2Fproduits%2Fmachines-motorisees%2Fvinyl-zapper-electrique%2F|title:electric&#8221; el_class=&#8221;solutions-button&#8221;][\/vc_column_inner][vc_column_inner width=&#8221;1\/3&#8243;][vc_btn title=&#8221;MBX<sup>\u00ae<\/sup> Vinyl Zapper<sup>\u00ae<\/sup> Ultimate&#8221; style=&#8221;classic&#8221; shape=&#8221;square&#8221; size=&#8221;lg&#8221; align=&#8221;center&#8221; button_block=&#8221;true&#8221; link=&#8221;url:https%3A%2F%2Fmontipower.com%2Ffr%2Fproduits%2Fmachines-motorisees%2Fvinyl-zapper-ultimate%2F|title:ultimate&#8221; el_class=&#8221;solutions-button&#8221;][\/vc_column_inner][\/vc_row_inner][\/vc_column][\/vc_row]<\/p>\n<\/div>","protected":false},"excerpt":{"rendered":"<p>[vc_section full_width=&#8221;stretch_row&#8221; content_placement=&#8221;bottom&#8221; css=&#8221;.vc_custom_1592558508100{padding-top: 30px !important;padding-bottom: 0px !important;background: #ff1212 url(https:\/\/montipower.com\/wp-content\/uploads\/2020\/06\/Signage-scaled.jpg?id=5469) !important;background-position: &#8230; <\/p>\n","protected":false},"author":3,"featured_media":9396,"parent":9916,"menu_order":0,"comment_status":"closed","ping_status":"closed","template":"","meta":{"_acf_changed":false,"footnotes":""},"acf":[],"_links":{"self":[{"href":"https:\/\/montipower-ontwikkel.com\/fr\/wp-json\/wp\/v2\/pages\/9957"}],"collection":[{"href":"https:\/\/montipower-ontwikkel.com\/fr\/wp-json\/wp\/v2\/pages"}],"about":[{"href":"https:\/\/montipower-ontwikkel.com\/fr\/wp-json\/wp\/v2\/types\/page"}],"author":[{"embeddable":true,"href":"https:\/\/montipower-ontwikkel.com\/fr\/wp-json\/wp\/v2\/users\/3"}],"replies":[{"embeddable":true,"href":"https:\/\/montipower-ontwikkel.com\/fr\/wp-json\/wp\/v2\/comments?post=9957"}],"version-history":[{"count":4,"href":"https:\/\/montipower-ontwikkel.com\/fr\/wp-json\/wp\/v2\/pages\/9957\/revisions"}],"predecessor-version":[{"id":17707,"href":"https:\/\/montipower-ontwikkel.com\/fr\/wp-json\/wp\/v2\/pages\/9957\/revisions\/17707"}],"up":[{"embeddable":true,"href":"https:\/\/montipower-ontwikkel.com\/fr\/wp-json\/wp\/v2\/pages\/9916"}],"wp:featuredmedia":[{"embeddable":true,"href":"https:\/\/montipower-ontwikkel.com\/fr\/wp-json\/wp\/v2\/media\/9396"}],"wp:attachment":[{"href":"https:\/\/montipower-ontwikkel.com\/fr\/wp-json\/wp\/v2\/media?parent=9957"}],"curies":[{"name":"wp","href":"https:\/\/api.w.org\/{rel}","templated":true}]}}