{"id":9954,"date":"2020-06-04T10:12:13","date_gmt":"2020-06-04T08:12:13","guid":{"rendered":"https:\/\/monti.la-compagnie.digital\/clientele\/oem\/"},"modified":"2021-04-24T20:21:13","modified_gmt":"2021-04-24T18:21:13","slug":"oem","status":"publish","type":"page","link":"https:\/\/montipower-ontwikkel.com\/fr\/clientele\/oem\/","title":{"rendered":"Feo"},"content":{"rendered":"<div class=\"wpb-content-wrapper\"><p>[vc_section full_width=&#8221;stretch_row&#8221; content_placement=&#8221;bottom&#8221; css=&#8221;.vc_custom_1591361314235{padding-top: 30px !important;padding-bottom: 0px !important;background: #ff1212 url(https:\/\/montipower.com\/wp-content\/uploads\/2019\/12\/Airplane_1024x768.jpg?id=4389) !important;background-position: center !important;background-repeat: no-repeat !important;background-size: cover !important;}&#8221; el_class=&#8221;topbig&#8221;][vc_row css=&#8221;.vc_custom_1569318223776{padding-right: 100px !important;padding-left: 100px !important;}&#8221;][vc_column width=&#8221;1\/2&#8243;][vc_column_text]<\/p>\n<h1>FEO<\/h1>\n<p>[\/vc_column_text][\/vc_column][vc_column width=&#8221;1\/2&#8243;][\/vc_column][\/vc_row][vc_row full_width=&#8221;stretch_row_content_no_spaces&#8221; content_placement=&#8221;bottom&#8221; css=&#8221;.vc_custom_1572526136907{padding-top: 0px !important;padding-bottom: 100px !important;background-position: 0 0 !important;background-repeat: no-repeat !important;}&#8221; el_class=&#8221;hometopfotorij&#8221;][vc_column][\/vc_column][\/vc_row][vc_row full_width=&#8221;stretch_row&#8221; css=&#8221;.vc_custom_1572525974229{background-color: #f1f1f1 !important;}&#8221;][vc_column][vc_column_text el_class=&#8221;montbreadcrumbs&#8221; css=&#8221;.vc_custom_1569318576735{padding-right: 100px !important;padding-left: 100px !important;}&#8221;]<nav aria-label=\"breadcrumbs\" class=\"rank-math-breadcrumb\"><p><span class=\"last\">Home<\/span><\/p><\/nav>[\/vc_column_text][\/vc_column][\/vc_row][\/vc_section][vc_section full_width=&#8221;stretch_row&#8221; el_class=&#8221;textcomp&#8221;][vc_row][vc_column][vc_column_text]<\/p>\n<p class=\"p1\">Nous produisons des syst\u00e8mes haute qualit\u00e9 de pr\u00e9paration des surfaces con\u00e7us pour accroitre le rendement dans les boutiques FEO.<\/p>\n<p class=\"p1\">MontiPower<sup>\u00ae<\/sup> a une gamme compl\u00e8te d\u2019outils, de courroies et d\u2019accessoires pour la pr\u00e9paration des surfaces qui fournissent des alternatives \u00e9conomiques pour la pr\u00e9paration du rev\u00eatement des produits, r\u00e9servoirs et \u00e9quipements FEO sans abrasif libre. Notre large s\u00e9lection d\u2019outils pneumatiques, \u00e9lectriques, sans fil et de courroies est con\u00e7ue pour aider \u00e0 minimiser les co\u00fbts de main-d&#8217;\u0153uvre, le temps ainsi que l\u2019\u00e9limination des d\u00e9chets. Nos outils et nos courroies r\u00e9duisent les co\u00fbts de main-d&#8217;\u0153uvre, am\u00e9liorent la s\u00e9curit\u00e9, accroissent la production et ont un impact positif sur votre r\u00e9sultat financier. Notre capacit\u00e9 \u00e0 proposer une propret\u00e9 et un profil d\u2019ancrage r\u00e9guliers et uniformes contribue \u00e0 la r\u00e9sistance contre la corrosion et \u00e0 la valeur esth\u00e9tique qui nous d\u00e9marquent de nos concurrents.<\/p>\n<p class=\"p1\">Nous avons fourni des syst\u00e8mes de pr\u00e9paration des surfaces rentables aux fabricants de l\u2019industrie lourde depuis de nombreuses ann\u00e9es et nous connaissons l\u2019importance de la vitesse et des performances.<\/p>\n<p class=\"p1\">Les outils de pr\u00e9paration des surfaces MontiPower<sup>\u00ae<\/sup> sont faciles \u00e0 utiliser et offrent des avantages r\u00e9sultant d\u2019une meilleure rapidit\u00e9 et de r\u00e9parations, nouvelles peintures ou rappels r\u00e9duits.<\/p>\n<p class=\"p1\">Notre technologie de d\u00e9calque sans abrasion la plus r\u00e9cente permet une \u00e9limination extr\u00eamement rapide du vinyle des camions, des avions, des bus, des tracteurs et autres objets.<\/p>\n<p>[\/vc_column_text][\/vc_column][\/vc_row][\/vc_section]<\/p>\n<\/div>","protected":false},"excerpt":{"rendered":"<p>[vc_section full_width=&#8221;stretch_row&#8221; content_placement=&#8221;bottom&#8221; css=&#8221;.vc_custom_1591361314235{padding-top: 30px !important;padding-bottom: 0px !important;background: #ff1212 url(https:\/\/montipower.com\/wp-content\/uploads\/2019\/12\/Airplane_1024x768.jpg?id=4389) !important;background-position: &#8230; <\/p>\n","protected":false},"author":3,"featured_media":0,"parent":9916,"menu_order":0,"comment_status":"closed","ping_status":"closed","template":"","meta":{"_acf_changed":false,"footnotes":""},"acf":[],"_links":{"self":[{"href":"https:\/\/montipower-ontwikkel.com\/fr\/wp-json\/wp\/v2\/pages\/9954"}],"collection":[{"href":"https:\/\/montipower-ontwikkel.com\/fr\/wp-json\/wp\/v2\/pages"}],"about":[{"href":"https:\/\/montipower-ontwikkel.com\/fr\/wp-json\/wp\/v2\/types\/page"}],"author":[{"embeddable":true,"href":"https:\/\/montipower-ontwikkel.com\/fr\/wp-json\/wp\/v2\/users\/3"}],"replies":[{"embeddable":true,"href":"https:\/\/montipower-ontwikkel.com\/fr\/wp-json\/wp\/v2\/comments?post=9954"}],"version-history":[{"count":2,"href":"https:\/\/montipower-ontwikkel.com\/fr\/wp-json\/wp\/v2\/pages\/9954\/revisions"}],"predecessor-version":[{"id":9955,"href":"https:\/\/montipower-ontwikkel.com\/fr\/wp-json\/wp\/v2\/pages\/9954\/revisions\/9955"}],"up":[{"embeddable":true,"href":"https:\/\/montipower-ontwikkel.com\/fr\/wp-json\/wp\/v2\/pages\/9916"}],"wp:attachment":[{"href":"https:\/\/montipower-ontwikkel.com\/fr\/wp-json\/wp\/v2\/media?parent=9954"}],"curies":[{"name":"wp","href":"https:\/\/api.w.org\/{rel}","templated":true}]}}