{"id":9950,"date":"2019-09-25T13:56:36","date_gmt":"2019-09-25T11:56:36","guid":{"rendered":"https:\/\/monti.la-compagnie.digital\/clientele\/infra-solutions\/"},"modified":"2021-04-24T20:20:23","modified_gmt":"2021-04-24T18:20:23","slug":"infra-solutions","status":"publish","type":"page","link":"https:\/\/montipower-ontwikkel.com\/fr\/clientele\/infra-solutions\/","title":{"rendered":"Ponts, Rails, Port &#038; Autoroutes"},"content":{"rendered":"<div class=\"wpb-content-wrapper\"><p>[vc_section full_width=&#8221;stretch_row&#8221; content_placement=&#8221;bottom&#8221; css=&#8221;.vc_custom_1574970437896{padding-top: 30px !important;padding-bottom: 0px !important;background-image: url(https:\/\/montipower.com\/wp-content\/uploads\/2019\/10\/Our-Story3-1.jpg?id=3365) !important;background-position: center !important;background-repeat: no-repeat !important;background-size: cover !important;}&#8221; el_class=&#8221;topbig&#8221;][vc_row css=&#8221;.vc_custom_1569318223776{padding-right: 100px !important;padding-left: 100px !important;}&#8221;][vc_column width=&#8221;1\/2&#8243;][vc_column_text]<\/p>\n<h1 class=\"p1\">PONTS, RAILS, PORT &amp; AUTOROUTES<\/h1>\n<p>[\/vc_column_text][\/vc_column][vc_column width=&#8221;1\/2&#8243;][\/vc_column][\/vc_row][vc_row full_width=&#8221;stretch_row_content_no_spaces&#8221; content_placement=&#8221;bottom&#8221; css=&#8221;.vc_custom_1572537047859{padding-top: 0px !important;padding-bottom: 100px !important;background-position: 0 0 !important;background-repeat: no-repeat !important;}&#8221; el_class=&#8221;hometopfotorij&#8221;][vc_column][\/vc_column][\/vc_row][vc_row full_width=&#8221;stretch_row&#8221; css=&#8221;.vc_custom_1572537058095{background-color: #f1f1f1 !important;}&#8221;][vc_column][vc_column_text el_class=&#8221;montbreadcrumbs&#8221; css=&#8221;.vc_custom_1569318576735{padding-right: 100px !important;padding-left: 100px !important;}&#8221;]<nav aria-label=\"breadcrumbs\" class=\"rank-math-breadcrumb\"><p><span class=\"last\">Home<\/span><\/p><\/nav>[\/vc_column_text][\/vc_column][\/vc_row][\/vc_section][vc_section full_width=&#8221;stretch_row&#8221; el_class=&#8221;textcomp&#8221;][vc_row][vc_column][vc_column_text]<\/p>\n<h3 class=\"p1\">LA CAUSE PRINCIPALE DE DEFAILLANCE DANS L\u2019INFRASTRUCTURE EN ACIER<\/h3>\n<p>[\/vc_column_text][vc_column_text]<\/p>\n<p class=\"p1\">Jusqu\u2019en 1980, les peintures utilis\u00e9es dans la plupart des infrastructures en acier contenaient du plomb rouge et parfois de l\u2019amiante. Des inspections et des maintenances p\u00e9riodiques de ces infrastructures publiques sont des entreprises co\u00fbteuses du fait des probl\u00e8mes environnementaux, de s\u00e9curit\u00e9 et sur la sant\u00e9 des employ\u00e9s.<\/p>\n<p>[\/vc_column_text][vc_column_text]<\/p>\n<h5 class=\"p1\">TRAVAIL INTENSE ET DANGEREUX<\/h5>\n<p class=\"p1\">La maintenance des infrastructures publiques se compose du d\u00e9capage de la rouille\/peinture et \u00e0 la mise en place d\u2019un nouveau rev\u00eatement. Une m\u00e9thode \u00e9conomique et efficace pour le d\u00e9capage de la peinture \u00e0 grande \u00e9chelle est le grenaillage ce qui pr\u00e9sente un probl\u00e8me critique. Le grenaillage est un travail extr\u00eamement intense et dangereux et c\u2019est l\u2019op\u00e9ration n\u00e9cessaire la plus co\u00fbteuse lors de la maintenance d\u2019un pont en acier. Les travailleurs passent de longues p\u00e9riodes \u00e0 g\u00e9rer des forces de 100 N et plus, mais ils doivent prendre des pr\u00e9cautions pour \u00e9viter l\u2019exposition \u00e0 la poussi\u00e8re contenant des produits chimiques dangereux.<\/p>\n<h5 class=\"p1\">CONTROLE DE LA POUSSIERE SUR BATTERIE<\/h5>\n<p class=\"p1\">De plus, les m\u00e9thodes de grenaillage cr\u00e9ent \u00e9galement des probl\u00e8mes environnementaux. Par exemple, le grenaillage transforme le rev\u00eatement en poussi\u00e8re fine en suspension dans l\u2019air que les travailleurs peuvent inhaler et qui pollue l\u2019environnement imm\u00e9diat. Avec la v\u00e9ritable ampleur de la toxicit\u00e9 et des dommages sur la sant\u00e9 sur le long terme caus\u00e9s par le plomb, l\u2019amiante ou le chromate 6 contenu dans les rev\u00eatements, les op\u00e9rations de maintenance publique doivent \u00eatre compl\u00e8tement cloisonn\u00e9es afin d\u2019\u00e9viter la contamination de l\u2019environnement et d\u2019\u00e9viter tous risques potentiels sur la sant\u00e9 du grand public. Ainsi, le choix des solutions de MontiPower<sup>\u00ae<\/sup> qui incluent un contr\u00f4le de la poussi\u00e8re sur batterie aidera \u00e0 avoir un impact significatif sur la sant\u00e9, la s\u00e9curit\u00e9 et l\u2019\u00e9conomie.<\/p>\n<p>[\/vc_column_text][\/vc_column][\/vc_row][vc_row][vc_column][vc_single_image image=&#8221;5446&#8243; img_size=&#8221;1024&#215;800&#8243; alignment=&#8221;center&#8221;][\/vc_column][\/vc_row][\/vc_section][vc_section full_width=&#8221;stretch_row&#8221; el_class=&#8221;solutionscomp&#8221; css=&#8221;.vc_custom_1572537115228{padding-bottom: 100px !important;}&#8221;][vc_row css=&#8221;.vc_custom_1569314205235{padding-right: 50px !important;padding-left: 50px !important;}&#8221;][vc_column][vc_column_text]<\/p>\n<h2 class=\"p1\" style=\"text-align: center;\">D\u00c9COUVREZ NOS PRODUITS<\/h2>\n<p>[\/vc_column_text][vc_row_inner][vc_column_inner width=&#8221;1\/3&#8243;][vc_btn title=&#8221;Bristle Blaster<sup>\u00ae<\/sup>&#8221; style=&#8221;classic&#8221; shape=&#8221;square&#8221; size=&#8221;lg&#8221; align=&#8221;center&#8221; button_block=&#8221;true&#8221; link=&#8221;url:https%3A%2F%2Fmontipower.com%2Ffr%2Fproduits%2Foutils-motorises%2Fbristle-blaster-double%2F|title:Bristle%20Blaster&#8221; el_class=&#8221;solutions-button&#8221;][\/vc_column_inner][vc_column_inner width=&#8221;1\/3&#8243;][vc_btn title=&#8221;Bristle Blaster<sup>\u00ae<\/sup> Cordless&#8221; style=&#8221;classic&#8221; shape=&#8221;square&#8221; size=&#8221;lg&#8221; align=&#8221;center&#8221; button_block=&#8221;true&#8221; link=&#8221;url:https%3A%2F%2Fmontipower.com%2Ffr%2Fproduits%2Foutils-motorises%2Fbristle-blaster-cordless%2F|title:Cordless&#8221; el_class=&#8221;solutions-button&#8221;][\/vc_column_inner][vc_column_inner width=&#8221;1\/3&#8243;][vc_btn title=&#8221;Quattro (Q4)&#8221; style=&#8221;classic&#8221; shape=&#8221;square&#8221; size=&#8221;lg&#8221; align=&#8221;center&#8221; button_block=&#8221;true&#8221; link=&#8221;url:https%3A%2F%2Fmontipower.com%2Ffr%2Fproduits%2Fmachines-motorisees%2Fquattro-4%2F|title:Quattro&#8221; el_class=&#8221;solutions-button&#8221;][\/vc_column_inner][\/vc_row_inner][\/vc_column][\/vc_row][\/vc_section]<\/p>\n<\/div>","protected":false},"excerpt":{"rendered":"<p>[vc_section full_width=&#8221;stretch_row&#8221; content_placement=&#8221;bottom&#8221; css=&#8221;.vc_custom_1574970437896{padding-top: 30px !important;padding-bottom: 0px !important;background-image: url(https:\/\/montipower.com\/wp-content\/uploads\/2019\/10\/Our-Story3-1.jpg?id=3365) !important;background-position: center &#8230; <\/p>\n","protected":false},"author":3,"featured_media":8337,"parent":9916,"menu_order":0,"comment_status":"closed","ping_status":"closed","template":"","meta":{"_acf_changed":false,"footnotes":""},"acf":[],"_links":{"self":[{"href":"https:\/\/montipower-ontwikkel.com\/fr\/wp-json\/wp\/v2\/pages\/9950"}],"collection":[{"href":"https:\/\/montipower-ontwikkel.com\/fr\/wp-json\/wp\/v2\/pages"}],"about":[{"href":"https:\/\/montipower-ontwikkel.com\/fr\/wp-json\/wp\/v2\/types\/page"}],"author":[{"embeddable":true,"href":"https:\/\/montipower-ontwikkel.com\/fr\/wp-json\/wp\/v2\/users\/3"}],"replies":[{"embeddable":true,"href":"https:\/\/montipower-ontwikkel.com\/fr\/wp-json\/wp\/v2\/comments?post=9950"}],"version-history":[{"count":3,"href":"https:\/\/montipower-ontwikkel.com\/fr\/wp-json\/wp\/v2\/pages\/9950\/revisions"}],"predecessor-version":[{"id":9952,"href":"https:\/\/montipower-ontwikkel.com\/fr\/wp-json\/wp\/v2\/pages\/9950\/revisions\/9952"}],"up":[{"embeddable":true,"href":"https:\/\/montipower-ontwikkel.com\/fr\/wp-json\/wp\/v2\/pages\/9916"}],"wp:featuredmedia":[{"embeddable":true,"href":"https:\/\/montipower-ontwikkel.com\/fr\/wp-json\/wp\/v2\/media\/8337"}],"wp:attachment":[{"href":"https:\/\/montipower-ontwikkel.com\/fr\/wp-json\/wp\/v2\/media?parent=9950"}],"curies":[{"name":"wp","href":"https:\/\/api.w.org\/{rel}","templated":true}]}}