{"id":9923,"date":"2020-06-04T10:18:04","date_gmt":"2020-06-04T08:18:04","guid":{"rendered":"https:\/\/monti.la-compagnie.digital\/marches\/wind-renewable-energy\/"},"modified":"2021-04-24T20:21:12","modified_gmt":"2021-04-24T18:21:12","slug":"energie-eolienne-renouvelable","status":"publish","type":"page","link":"https:\/\/montipower-ontwikkel.com\/fr\/clientele\/energie-eolienne-renouvelable\/","title":{"rendered":"Energie eolienne \/ renouvelable"},"content":{"rendered":"<div class=\"wpb-content-wrapper\"><p>[vc_section full_width=&#8221;stretch_row&#8221; content_placement=&#8221;bottom&#8221; css=&#8221;.vc_custom_1591258678479{padding-top: 30px !important;padding-bottom: 0px !important;background: #ff1212 url(https:\/\/montipower.com\/wp-content\/uploads\/2019\/10\/Windmill_RGB_72dpi-1.jpg?id=3478) !important;background-position: center !important;background-repeat: no-repeat !important;background-size: cover !important;}&#8221; el_class=&#8221;topbig&#8221;][vc_row css=&#8221;.vc_custom_1569318223776{padding-right: 100px !important;padding-left: 100px !important;}&#8221;][vc_column width=&#8221;1\/2&#8243;][vc_column_text]<\/p>\n<h1 class=\"p2\">ENERGIE EOLIENNE \/<br \/>\nRENOUVELABLE<\/h1>\n<p>[\/vc_column_text][\/vc_column][vc_column width=&#8221;1\/2&#8243;][\/vc_column][\/vc_row][vc_row full_width=&#8221;stretch_row_content_no_spaces&#8221; content_placement=&#8221;bottom&#8221; css=&#8221;.vc_custom_1572526136907{padding-top: 0px !important;padding-bottom: 100px !important;background-position: 0 0 !important;background-repeat: no-repeat !important;}&#8221; el_class=&#8221;hometopfotorij&#8221;][vc_column][\/vc_column][\/vc_row][vc_row full_width=&#8221;stretch_row&#8221; css=&#8221;.vc_custom_1572525974229{background-color: #f1f1f1 !important;}&#8221;][vc_column][vc_column_text el_class=&#8221;montbreadcrumbs&#8221; css=&#8221;.vc_custom_1569318576735{padding-right: 100px !important;padding-left: 100px !important;}&#8221;]<nav aria-label=\"breadcrumbs\" class=\"rank-math-breadcrumb\"><p><span class=\"last\">Home<\/span><\/p><\/nav>[\/vc_column_text][\/vc_column][\/vc_row][\/vc_section][vc_section full_width=&#8221;stretch_row&#8221; el_class=&#8221;textcomp&#8221;][vc_row][vc_column][vc_column_text]<\/p>\n<p class=\"p1\">Avec notre pr\u00e9sence mondiale dans les localisations clefs pour l\u2019\u00e9nergie \u00e9olienne, nous proposons des solutions sur mesure avec acc\u00e8s encord\u00e9 sans fil pour r\u00e9pondre \u00e0 vos besoins. Nous assurons votre fiabilit\u00e9 sur le long terme et un d\u00e9bit de production important. Beaucoup de nos solutions les plus vendues sont d\u00e9velopp\u00e9es en collaboration \u00e9troite avec des entrepreneurs avec des acc\u00e8s encord\u00e9s aux rev\u00eatements. Ceci assure que nos solutions puissent repousser les limites des performances. De plus, nous pouvons utiliser notre exp\u00e9rience en application robotique Prepper<sup>\u00ae<\/sup> pour vous aider \u00e0 accro\u00eetre votre d\u00e9bit de production.<\/p>\n<p class=\"p1\">Travailler avec MontiPower<sup>\u00ae<\/sup> signifie que vous avez un point de contact assurant la simplicit\u00e9 et la r\u00e9activit\u00e9.<\/p>\n<p>[\/vc_column_text][\/vc_column][\/vc_row][vc_row][vc_column][vc_single_image image=&#8221;739&#8243;][\/vc_column][\/vc_row][\/vc_section]<\/p>\n<\/div>","protected":false},"excerpt":{"rendered":"<p>[vc_section full_width=&#8221;stretch_row&#8221; content_placement=&#8221;bottom&#8221; css=&#8221;.vc_custom_1591258678479{padding-top: 30px !important;padding-bottom: 0px !important;background: #ff1212 url(https:\/\/montipower.com\/wp-content\/uploads\/2019\/10\/Windmill_RGB_72dpi-1.jpg?id=3478) !important;background-position: &#8230; <\/p>\n","protected":false},"author":3,"featured_media":8886,"parent":9916,"menu_order":0,"comment_status":"closed","ping_status":"closed","template":"","meta":{"_acf_changed":false,"footnotes":""},"acf":[],"_links":{"self":[{"href":"https:\/\/montipower-ontwikkel.com\/fr\/wp-json\/wp\/v2\/pages\/9923"}],"collection":[{"href":"https:\/\/montipower-ontwikkel.com\/fr\/wp-json\/wp\/v2\/pages"}],"about":[{"href":"https:\/\/montipower-ontwikkel.com\/fr\/wp-json\/wp\/v2\/types\/page"}],"author":[{"embeddable":true,"href":"https:\/\/montipower-ontwikkel.com\/fr\/wp-json\/wp\/v2\/users\/3"}],"replies":[{"embeddable":true,"href":"https:\/\/montipower-ontwikkel.com\/fr\/wp-json\/wp\/v2\/comments?post=9923"}],"version-history":[{"count":2,"href":"https:\/\/montipower-ontwikkel.com\/fr\/wp-json\/wp\/v2\/pages\/9923\/revisions"}],"predecessor-version":[{"id":9938,"href":"https:\/\/montipower-ontwikkel.com\/fr\/wp-json\/wp\/v2\/pages\/9923\/revisions\/9938"}],"up":[{"embeddable":true,"href":"https:\/\/montipower-ontwikkel.com\/fr\/wp-json\/wp\/v2\/pages\/9916"}],"wp:featuredmedia":[{"embeddable":true,"href":"https:\/\/montipower-ontwikkel.com\/fr\/wp-json\/wp\/v2\/media\/8886"}],"wp:attachment":[{"href":"https:\/\/montipower-ontwikkel.com\/fr\/wp-json\/wp\/v2\/media?parent=9923"}],"curies":[{"name":"wp","href":"https:\/\/api.w.org\/{rel}","templated":true}]}}