{"id":9916,"date":"2019-08-02T16:16:00","date_gmt":"2019-08-02T14:16:00","guid":{"rendered":"https:\/\/monti.la-compagnie.digital\/markets\/"},"modified":"2021-11-16T16:51:26","modified_gmt":"2021-11-16T15:51:26","slug":"clientele","status":"publish","type":"page","link":"https:\/\/montipower-ontwikkel.com\/fr\/clientele\/","title":{"rendered":"March\u00e9s"},"content":{"rendered":"<div class=\"wpb-content-wrapper\"><p>[vc_section full_width=&#8221;stretch_row&#8221; content_placement=&#8221;bottom&#8221; css=&#8221;.vc_custom_1569320141112{padding-top: 30px !important;padding-bottom: 0px !important;background-color: #ff1212 !important;background-position: center !important;background-repeat: no-repeat !important;background-size: cover !important;}&#8221; el_class=&#8221;topbig&#8221;][vc_row css=&#8221;.vc_custom_1569318223776{padding-right: 100px !important;padding-left: 100px !important;}&#8221;][vc_column width=&#8221;1\/2&#8243;][vc_column_text]<\/p>\n<h1>March\u00e9s<\/h1>\n<p>[\/vc_column_text][\/vc_column][vc_column width=&#8221;1\/2&#8243;][\/vc_column][\/vc_row][vc_row full_width=&#8221;stretch_row_content_no_spaces&#8221; content_placement=&#8221;bottom&#8221; css=&#8221;.vc_custom_1572526136907{padding-top: 0px !important;padding-bottom: 100px !important;background-position: 0 0 !important;background-repeat: no-repeat !important;}&#8221; el_class=&#8221;hometopfotorij&#8221;][vc_column][\/vc_column][\/vc_row][vc_row full_width=&#8221;stretch_row&#8221; css=&#8221;.vc_custom_1572525974229{background-color: #f1f1f1 !important;}&#8221;][vc_column][vc_column_text el_class=&#8221;montbreadcrumbs&#8221; css=&#8221;.vc_custom_1569318576735{padding-right: 100px !important;padding-left: 100px !important;}&#8221;]<nav aria-label=\"breadcrumbs\" class=\"rank-math-breadcrumb\"><p><span class=\"last\">Home<\/span><\/p><\/nav>[\/vc_column_text][\/vc_column][\/vc_row][\/vc_section][vc_section full_width=&#8221;stretch_row&#8221; el_class=&#8221;textcomp&#8221;][vc_row][vc_column][vc_column_text]<\/p>\n<div class=\"wpb_text_column wpb_content_element vc_custom_1575285945758\">\n<div class=\"wpb_wrapper\">\n<h2 class=\"p1\">MARCH\u00c9S, INDUSTRIES ET SECTEURS<\/h2>\n<\/div>\n<\/div>\n<div class=\"wpb_text_column wpb_content_element vc_custom_1589296556042\">\n<div class=\"wpb_wrapper\">\n<p class=\"p1\">Nous avons prouv\u00e9 notre grande valeur dans de nombreux secteurs depuis 1987, depuis l\u2019automobile jusqu\u2019au secteur maritime. Le pr\u00e9traitement de surface brevet\u00e9 a prouv\u00e9 un effet de protection durable \u00e0 long terme. En lire plus concernant nos march\u00e9s.<\/p>\n<p class=\"p1\">Depuis le secteur industriel jusqu\u2019au secteur maritime, depuis la mobilit\u00e9 jusqu\u2019aux infrastructures, nous avons les solutions pour tous les types de secteurs. Faire partie de MontiPower<sup>\u00ae<\/sup> vous permet de r\u00e9soudre des d\u00e9fis complexes chaque jour. Explorez notre monde pour en savoir plus.<\/p>\n<\/div>\n<\/div>\n<p>[\/vc_column_text][\/vc_column][\/vc_row][vc_row css=&#8221;.vc_custom_1572353854868{padding-right: 50px !important;padding-left: 50px !important;}&#8221;][vc_column][vc_row_inner][vc_column_inner width=&#8221;1\/3&#8243;][vc_btn title=&#8221;ENERGIE RENOUVELABLE&#8221; style=&#8221;classic&#8221; shape=&#8221;square&#8221; size=&#8221;lg&#8221; align=&#8221;center&#8221; button_block=&#8221;true&#8221; link=&#8221;url:https%3A%2F%2Fmontipower.com%2Ffr%2Fclientele%2Fenergie-eolienne-renouvelable%2F|title:Wind&#8221; el_class=&#8221;solutions-button&#8221;][\/vc_column_inner][vc_column_inner width=&#8221;1\/3&#8243;][vc_btn title=&#8221;Offshore &amp; onshore&#8221; style=&#8221;classic&#8221; shape=&#8221;square&#8221; size=&#8221;lg&#8221; align=&#8221;center&#8221; button_block=&#8221;true&#8221; link=&#8221;url:https%3A%2F%2Fmontipower.com%2Ffr%2Fclientele%2Foffshore-onshore-petrole-gaz%2F|title:offshore%20%26%20onshore&#8221; el_class=&#8221;solutions-button&#8221;][\/vc_column_inner][vc_column_inner width=&#8221;1\/3&#8243;][vc_btn title=&#8221;Automobiles&#8221; style=&#8221;classic&#8221; shape=&#8221;square&#8221; size=&#8221;lg&#8221; align=&#8221;center&#8221; button_block=&#8221;true&#8221; link=&#8221;url:https%3A%2F%2Fmontipower.com%2Ffr%2Fclientele%2Fsolutions-automobiles%2F|title:Automobiles&#8221; el_class=&#8221;solutions-button&#8221;][\/vc_column_inner][\/vc_row_inner][vc_row_inner][vc_column_inner width=&#8221;1\/3&#8243;][vc_btn title=&#8221;MARITIME&#8221; style=&#8221;classic&#8221; shape=&#8221;square&#8221; size=&#8221;lg&#8221; align=&#8221;center&#8221; button_block=&#8221;true&#8221; link=&#8221;url:https%3A%2F%2Fmontipower.com%2Ffr%2Fclientele%2Fsolutions-marines%2F|title:Marine&#8221; el_class=&#8221;solutions-button&#8221;][\/vc_column_inner][vc_column_inner width=&#8221;1\/3&#8243;][vc_btn title=&#8221;PONTS, RAILS, PORT&#8221; style=&#8221;classic&#8221; shape=&#8221;square&#8221; size=&#8221;lg&#8221; align=&#8221;center&#8221; button_block=&#8221;true&#8221; link=&#8221;url:https%3A%2F%2Fmontipower.com%2Ffr%2Fclientele%2Finfra-solutions%2F|title:Infra&#8221; el_class=&#8221;solutions-button&#8221;][\/vc_column_inner][vc_column_inner width=&#8221;1\/3&#8243;][vc_btn title=&#8221;FEO&#8221; style=&#8221;classic&#8221; shape=&#8221;square&#8221; size=&#8221;lg&#8221; align=&#8221;center&#8221; button_block=&#8221;true&#8221; link=&#8221;url:https%3A%2F%2Fmontipower.com%2Ffr%2Fclientele%2Foem%2F|title:OEM&#8221; el_class=&#8221;solutions-button&#8221;][\/vc_column_inner][\/vc_row_inner][vc_row_inner][vc_column_inner width=&#8221;1\/3&#8243;][vc_btn title=&#8221;SIGNALETIQUE&#8221; style=&#8221;classic&#8221; shape=&#8221;square&#8221; size=&#8221;lg&#8221; align=&#8221;center&#8221; button_block=&#8221;true&#8221; link=&#8221;url:https%3A%2F%2Fmontipower.com%2Ffr%2Fclientele%2Fsignaletique%2F|title:Signage&#8221; el_class=&#8221;solutions-button&#8221;][\/vc_column_inner][vc_column_inner width=&#8221;1\/3&#8243;][vc_btn title=&#8221;ACIER INOXYDABLE&#8221; style=&#8221;classic&#8221; shape=&#8221;square&#8221; size=&#8221;lg&#8221; align=&#8221;center&#8221; button_block=&#8221;true&#8221; link=&#8221;url:https%3A%2F%2Fmontipower.com%2Ffr%2Fclientele%2Finoxydable%2F|title:Stainless&#8221; el_class=&#8221;solutions-button&#8221;][\/vc_column_inner][vc_column_inner width=&#8221;1\/3&#8243;][vc_btn title=&#8221;SOUDAGE&#8221; style=&#8221;classic&#8221; shape=&#8221;square&#8221; size=&#8221;lg&#8221; align=&#8221;center&#8221; button_block=&#8221;true&#8221; link=&#8221;url:https%3A%2F%2Fmontipower.com%2Ffr%2Fclientele%2Fnettoyage-des-soudures%2F|title:Welding&#8221; el_class=&#8221;solutions-button&#8221;][\/vc_column_inner][\/vc_row_inner][vc_row_inner][vc_column_inner width=&#8221;1\/3&#8243;][\/vc_column_inner][vc_column_inner width=&#8221;1\/3&#8243;][\/vc_column_inner][vc_column_inner width=&#8221;1\/3&#8243;][\/vc_column_inner][\/vc_row_inner][\/vc_column][\/vc_row][\/vc_section][vc_section css=&#8221;.vc_custom_1569500364650{padding-top: 40px !important;}&#8221;][vc_row gap=&#8221;35&#8243; content_placement=&#8221;middle&#8221; css=&#8221;.vc_custom_1569500430462{margin-right: 100px !important;margin-left: 100px !important;padding-bottom: 80px !important;background-color: #ffffff !important;}&#8221;][vc_column width=&#8221;1\/2&#8243; css=&#8221;.vc_custom_1569498569540{padding-top: 0px !important;}&#8221;][vc_single_image image=&#8221;3478&#8243; img_size=&#8221;730&#215;596&#8243; el_class=&#8221;uitgelichtfoto&#8221;][\/vc_column][vc_column width=&#8221;1\/2&#8243;][vc_column_text]<\/p>\n<h3 class=\"p1\">ENERGIE EOLIENNE \/<br \/>\nRENOUVELABLE<\/h3>\n<p class=\"p1\">Nous fournissons des solutions sur mesure avec acc\u00e8s encord\u00e9 sans fil pour r\u00e9pondre \u00e0 vos besoins.<\/p>\n<p>[\/vc_column_text][vc_btn title=&#8221;en savoir plus&#8221; style=&#8221;classic&#8221; shape=&#8221;square&#8221; align=&#8221;left&#8221; link=&#8221;url:https%3A%2F%2Fmontipower.com%2Ffr%2Fclientele%2Fenergie-eolienne-renouvelable%2F|title:renewable&#8221; el_class=&#8221;uitgelichtebutton&#8221;][\/vc_column][\/vc_row][\/vc_section][vc_section el_class=&#8221;featurright&#8221;][vc_row gap=&#8221;35&#8243; content_placement=&#8221;middle&#8221; css=&#8221;.vc_custom_1572357743837{background-color: #ffffff !important;}&#8221;][vc_column width=&#8221;1\/2&#8243;][vc_column_text]<\/p>\n<h3 class=\"p1\">Offshore &amp; onshore,<br \/>\npetrole &amp; gaz<\/h3>\n<p class=\"p1\">La pr\u00e9paration des surfaces en acier pour les rev\u00eatements de protection dans le p\u00e9trole &amp; gaz lourd (en amont, \u00e0 mi-chemin, en aval), l\u2019exploitation mini\u00e8re, l\u2019industrie du papier, et le secteur de construction des lumi\u00e8res commerciales, fait partie de qui nous sommes.<\/p>\n<p>[\/vc_column_text][vc_btn title=&#8221;en savoir plus&#8221; style=&#8221;classic&#8221; shape=&#8221;square&#8221; align=&#8221;left&#8221; link=&#8221;url:https%3A%2F%2Fmontipower.com%2Ffr%2Fclientele%2Foffshore-onshore-petrole-gaz%2F|title:offshore%20%26%20onshore&#8221; el_class=&#8221;uitgelichtebutton&#8221;][\/vc_column][vc_column width=&#8221;1\/2&#8243; css=&#8221;.vc_custom_1569498569540{padding-top: 0px !important;}&#8221;][vc_single_image image=&#8221;4036&#8243; img_size=&#8221;730&#215;596&#8243; el_class=&#8221;uitgelichtfotoright&#8221;][\/vc_column][\/vc_row][\/vc_section][vc_section css=&#8221;.vc_custom_1569500364650{padding-top: 40px !important;}&#8221;][vc_row gap=&#8221;35&#8243; content_placement=&#8221;middle&#8221; css=&#8221;.vc_custom_1569500430462{margin-right: 100px !important;margin-left: 100px !important;padding-bottom: 80px !important;background-color: #ffffff !important;}&#8221;][vc_column width=&#8221;1\/2&#8243; css=&#8221;.vc_custom_1569498569540{padding-top: 0px !important;}&#8221;][vc_single_image image=&#8221;3911&#8243; img_size=&#8221;730&#215;596&#8243; el_class=&#8221;uitgelichtfoto&#8221;][\/vc_column][vc_column width=&#8221;1\/2&#8243;][vc_column_text]<\/p>\n<h3 class=\"p1\">Automobiles<\/h3>\n<p class=\"p1\">Voitures, trains, avions, tramways, tracteurs ou remorques MontiPower<sup>\u00ae<\/sup> a une gamme compl\u00e8te de machines pneumatiques, \u00e9lectriques, sans fil, qui fournissent des alternatives \u00e9conomiques pour pr\u00e9parer les surfaces pour l\u2019adh\u00e9rence, la protection, et la finition en boutique, en usine ou en ext\u00e9rieur.<\/p>\n<p>[\/vc_column_text][vc_btn title=&#8221;en savoir plus&#8221; style=&#8221;classic&#8221; shape=&#8221;square&#8221; align=&#8221;left&#8221; link=&#8221;url:https%3A%2F%2Fmontipower.com%2Ffr%2Fclientele%2Fsolutions-automobiles%2F|title:Automobiles&#8221; el_class=&#8221;uitgelichtebutton&#8221;][\/vc_column][\/vc_row][\/vc_section][vc_section el_class=&#8221;featurright&#8221;][vc_row gap=&#8221;35&#8243; content_placement=&#8221;middle&#8221; css=&#8221;.vc_custom_1572357743837{background-color: #ffffff !important;}&#8221;][vc_column width=&#8221;1\/2&#8243;][vc_column_text]<\/p>\n<h3 class=\"p1\">MARITIME<\/h3>\n<p class=\"p1\">La corrosion est un probl\u00e8me co\u00fbtant des milliards de dollars sur les navires maritimes. Une surface bien pr\u00e9par\u00e9e est exempte de mat\u00e9riaux solubles qui peuvent provoquer une d\u00e9faillance pr\u00e9matur\u00e9e des rev\u00eatements de surface et r\u00e9duire la dur\u00e9e de vie des navires.<\/p>\n<p>[\/vc_column_text][vc_btn title=&#8221;en savoir plus&#8221; style=&#8221;classic&#8221; shape=&#8221;square&#8221; align=&#8221;left&#8221; link=&#8221;url:https%3A%2F%2Fmontipower.com%2Ffr%2Fclientele%2Fsolutions-marines%2F|title:marine&#8221; el_class=&#8221;uitgelichtebutton&#8221;][\/vc_column][vc_column width=&#8221;1\/2&#8243; css=&#8221;.vc_custom_1569498569540{padding-top: 0px !important;}&#8221;][vc_single_image image=&#8221;3476&#8243; img_size=&#8221;730&#215;596&#8243; el_class=&#8221;uitgelichtfotoright&#8221;][\/vc_column][\/vc_row][\/vc_section][vc_section css=&#8221;.vc_custom_1569500364650{padding-top: 40px !important;}&#8221;][vc_row gap=&#8221;35&#8243; content_placement=&#8221;middle&#8221; css=&#8221;.vc_custom_1569500430462{margin-right: 100px !important;margin-left: 100px !important;padding-bottom: 80px !important;background-color: #ffffff !important;}&#8221;][vc_column width=&#8221;1\/2&#8243; css=&#8221;.vc_custom_1569498569540{padding-top: 0px !important;}&#8221;][vc_single_image image=&#8221;3365&#8243; img_size=&#8221;730&#215;596&#8243; el_class=&#8221;uitgelichtfoto&#8221;][\/vc_column][vc_column width=&#8221;1\/2&#8243;][vc_column_text]<\/p>\n<h3 class=\"p1\">PONTS, RAILS,<br \/>\nPORT ET AUTOROUTE<\/h3>\n<p class=\"p1\">La maintenance des infrastructures publiques se compose du d\u00e9capage de la rouille\/peinture et \u00e0 la mise en place d\u2019un nouveau rev\u00eatement.<\/p>\n<p>[\/vc_column_text][vc_btn title=&#8221;en savoir plus&#8221; style=&#8221;classic&#8221; shape=&#8221;square&#8221; align=&#8221;left&#8221; link=&#8221;url:https%3A%2F%2Fmontipower.com%2Ffr%2Fclientele%2Finfra-solutions%2F|title:infra&#8221; el_class=&#8221;uitgelichtebutton&#8221;][\/vc_column][\/vc_row][\/vc_section][vc_section el_class=&#8221;featurright&#8221;][vc_row gap=&#8221;35&#8243; content_placement=&#8221;middle&#8221; css=&#8221;.vc_custom_1572357743837{background-color: #ffffff !important;}&#8221;][vc_column width=&#8221;1\/2&#8243;][vc_column_text]<\/p>\n<h3>FEO<\/h3>\n<p class=\"p1\">MontiPower<sup>\u00ae<\/sup> a une gamme compl\u00e8te d\u2019outils, de courroies et d\u2019accessoires pour la pr\u00e9paration des surfaces qui fournissent des alternatives \u00e9conomiques pour la pr\u00e9paration du rev\u00eatement des produits, r\u00e9servoirs et \u00e9quipements FEO sans abrasif libre.<\/p>\n<p>[\/vc_column_text][vc_btn title=&#8221;en savoir plus&#8221; style=&#8221;classic&#8221; shape=&#8221;square&#8221; align=&#8221;left&#8221; link=&#8221;url:https%3A%2F%2Fmontipower.com%2Ffr%2Fclientele%2Foem%2F|title:OEM&#8221; el_class=&#8221;uitgelichtebutton&#8221;][\/vc_column][vc_column width=&#8221;1\/2&#8243; css=&#8221;.vc_custom_1569498569540{padding-top: 0px !important;}&#8221;][vc_single_image image=&#8221;4391&#8243; img_size=&#8221;730&#215;596&#8243; el_class=&#8221;uitgelichtfotoright&#8221;][\/vc_column][\/vc_row][\/vc_section][vc_section css=&#8221;.vc_custom_1569500364650{padding-top: 40px !important;}&#8221;][vc_row gap=&#8221;35&#8243; content_placement=&#8221;middle&#8221; css=&#8221;.vc_custom_1569500430462{margin-right: 100px !important;margin-left: 100px !important;padding-bottom: 80px !important;background-color: #ffffff !important;}&#8221;][vc_column width=&#8221;1\/2&#8243; css=&#8221;.vc_custom_1569498569540{padding-top: 0px !important;}&#8221;][vc_single_image image=&#8221;5469&#8243; img_size=&#8221;730&#215;596&#8243; el_class=&#8221;uitgelichtfoto&#8221;][\/vc_column][vc_column width=&#8221;1\/2&#8243;][vc_column_text]<\/p>\n<h3 class=\"p1\">SIGNALETIQUE<\/h3>\n<p class=\"p1\">La signal\u00e9tique doit \u00eatre ajust\u00e9e r\u00e9guli\u00e8rement. De nouvelles marques, de nouveaux styles, de nouveaux slogans ou des \u00e9quipes d\u2019actions doivent remplacer les anciens transferts. Elimination simple de la signal\u00e9tique : MontiPower<sup>\u00ae<\/sup> Vinyl Zapper<sup>\u00ae<\/sup><\/p>\n<p>[\/vc_column_text][vc_btn title=&#8221;en savoir plus&#8221; style=&#8221;classic&#8221; shape=&#8221;square&#8221; align=&#8221;left&#8221; link=&#8221;url:https%3A%2F%2Fmontipower.com%2Ffr%2Fclientele%2Fsignaletique%2F|title:signage&#8221; el_class=&#8221;uitgelichtebutton&#8221;][\/vc_column][\/vc_row][\/vc_section][vc_section el_class=&#8221;featurright&#8221;][vc_row gap=&#8221;35&#8243; content_placement=&#8221;middle&#8221; css=&#8221;.vc_custom_1572357743837{background-color: #ffffff !important;}&#8221;][vc_column width=&#8221;1\/2&#8243;][vc_column_text]<\/p>\n<h3 class=\"p1\">ACIER INOXYDABLE<\/h3>\n<p class=\"p1\">Le grainage des surfaces en acier inoxydable avant le rev\u00eatement est essentiel et peut g\u00e9n\u00e9ralement \u00eatre atteint par MontiPower<sup>\u00ae<\/sup> au lieu d\u2019un grenaillage abrasif libre, d\u2019une abrasion manuelle l\u00e9g\u00e8re ou d\u2019un d\u00e9capage chimique.<\/p>\n<p>[\/vc_column_text][vc_btn title=&#8221;en savoir plus&#8221; style=&#8221;classic&#8221; shape=&#8221;square&#8221; align=&#8221;left&#8221; link=&#8221;url:https%3A%2F%2Fmontipower.com%2Ffr%2Fclientele%2Finoxydable%2F|title:stainless&#8221; el_class=&#8221;uitgelichtebutton&#8221;][\/vc_column][vc_column width=&#8221;1\/2&#8243; css=&#8221;.vc_custom_1569498569540{padding-top: 0px !important;}&#8221;][vc_single_image image=&#8221;5799&#8243; img_size=&#8221;full&#8221; el_class=&#8221;uitgelichtfotoright&#8221;][\/vc_column][\/vc_row][\/vc_section][vc_section css=&#8221;.vc_custom_1569500364650{padding-top: 40px !important;}&#8221;][vc_row gap=&#8221;35&#8243; content_placement=&#8221;middle&#8221; css=&#8221;.vc_custom_1569500430462{margin-right: 100px !important;margin-left: 100px !important;padding-bottom: 80px !important;background-color: #ffffff !important;}&#8221;][vc_column width=&#8221;1\/2&#8243; css=&#8221;.vc_custom_1569498569540{padding-top: 0px !important;}&#8221;][vc_single_image image=&#8221;5798&#8243; img_size=&#8221;730&#215;596&#8243; el_class=&#8221;uitgelichtfoto&#8221;][\/vc_column][vc_column width=&#8221;1\/2&#8243;][vc_column_text]<\/p>\n<h3 class=\"p1\">SOUDAGE<\/h3>\n<p class=\"p1\">Les ing\u00e9nieurs soudeurs doivent pouvoir faire confiance \u00e0 l\u2019efficacit\u00e9 des outils de nettoyage choisis. Les outils MontiPower<sup>\u00ae<\/sup> et les courroies en acier inoxydable laissent intacts les mat\u00e9riaux soud\u00e9s de base. Cependant, les d\u00e9bris de soudure seront \u00e9limin\u00e9s compl\u00e8tement sur chaque couche.<\/p>\n<p>[\/vc_column_text][vc_btn title=&#8221;en savoir plus&#8221; style=&#8221;classic&#8221; shape=&#8221;square&#8221; align=&#8221;left&#8221; link=&#8221;url:https%3A%2F%2Fmontipower.com%2Ffr%2Fclientele%2Fnettoyage-des-soudures%2F|title:welding&#8221; el_class=&#8221;uitgelichtebutton&#8221;][\/vc_column][\/vc_row][\/vc_section][vc_section el_class=&#8221;featurright&#8221;][\/vc_section]<\/p>\n<\/div>","protected":false},"excerpt":{"rendered":"<p>[vc_section full_width=&#8221;stretch_row&#8221; content_placement=&#8221;bottom&#8221; css=&#8221;.vc_custom_1569320141112{padding-top: 30px !important;padding-bottom: 0px !important;background-color: #ff1212 !important;background-position: center &#8230; <\/p>\n","protected":false},"author":11,"featured_media":0,"parent":0,"menu_order":0,"comment_status":"closed","ping_status":"closed","template":"","meta":{"_acf_changed":false,"footnotes":""},"acf":[],"_links":{"self":[{"href":"https:\/\/montipower-ontwikkel.com\/fr\/wp-json\/wp\/v2\/pages\/9916"}],"collection":[{"href":"https:\/\/montipower-ontwikkel.com\/fr\/wp-json\/wp\/v2\/pages"}],"about":[{"href":"https:\/\/montipower-ontwikkel.com\/fr\/wp-json\/wp\/v2\/types\/page"}],"author":[{"embeddable":true,"href":"https:\/\/montipower-ontwikkel.com\/fr\/wp-json\/wp\/v2\/users\/11"}],"replies":[{"embeddable":true,"href":"https:\/\/montipower-ontwikkel.com\/fr\/wp-json\/wp\/v2\/comments?post=9916"}],"version-history":[{"count":12,"href":"https:\/\/montipower-ontwikkel.com\/fr\/wp-json\/wp\/v2\/pages\/9916\/revisions"}],"predecessor-version":[{"id":11696,"href":"https:\/\/montipower-ontwikkel.com\/fr\/wp-json\/wp\/v2\/pages\/9916\/revisions\/11696"}],"wp:attachment":[{"href":"https:\/\/montipower-ontwikkel.com\/fr\/wp-json\/wp\/v2\/media?parent=9916"}],"curies":[{"name":"wp","href":"https:\/\/api.w.org\/{rel}","templated":true}]}}