{"id":46954,"date":"2023-08-22T16:43:15","date_gmt":"2023-08-22T14:43:15","guid":{"rendered":"https:\/\/montipower.com\/service-assistance\/webshop\/"},"modified":"2023-08-23T13:32:36","modified_gmt":"2023-08-23T11:32:36","slug":"boutique-en-ligne","status":"publish","type":"page","link":"https:\/\/montipower-ontwikkel.com\/fr\/service-assistance\/boutique-en-ligne\/","title":{"rendered":"Boutique en ligne"},"content":{"rendered":"<div class=\"wpb-content-wrapper\"><p>[vc_section full_width=&#8221;stretch_row&#8221; content_placement=&#8221;bottom&#8221; el_class=&#8221;topbig&#8221; css=&#8221;.vc_custom_1692629113204{padding-top: 30px !important;padding-bottom: 0px !important;background: #ff1212 url(https:\/\/montipower.com\/wp-content\/uploads\/2019\/12\/MONTI_Caddy_Zwart_1923x610px.jpg?id=4161) !important;background-position: center !important;background-repeat: no-repeat !important;background-size: cover !important;}&#8221;][vc_row css=&#8221;.vc_custom_1692629151493{padding-right: 100px !important;padding-left: 100px !important;}&#8221;][vc_column width=&#8221;1\/2&#8243;][vc_column_text]<\/p>\n<h1>Boutique en ligne<\/h1>\n<p>[\/vc_column_text][\/vc_column][vc_column width=&#8221;1\/2&#8243;][\/vc_column][\/vc_row][vc_row full_width=&#8221;stretch_row_content_no_spaces&#8221; content_placement=&#8221;bottom&#8221; el_class=&#8221;hometopfotorij&#8221; css=&#8221;.vc_custom_1692629210023{padding-top: 0px !important;padding-bottom: 100px !important;background-position: 0 0 !important;background-repeat: no-repeat !important;}&#8221;][vc_column][\/vc_column][\/vc_row][vc_row full_width=&#8221;stretch_row&#8221; css=&#8221;.vc_custom_1692629247345{background-color: #f1f1f1 !important;}&#8221;][vc_column][vc_column_text el_class=&#8221;montbreadcrumbs&#8221; css=&#8221;.vc_custom_1692629293542{padding-right: 100px !important;padding-left: 100px !important;}&#8221;]<nav aria-label=\"breadcrumbs\" class=\"rank-math-breadcrumb\"><p><span class=\"last\">Home<\/span><\/p><\/nav>[\/vc_column_text][\/vc_column][\/vc_row][\/vc_section][vc_section full_width=&#8221;stretch_row&#8221; el_class=&#8221;textcomp&#8221;][vc_row][vc_column][vc_column_text]<strong>Nous vous remercions de l&#8217;int\u00e9r\u00eat que vous portez \u00e0 MontiPower<sup>\u00ae<\/sup> et \u00e0 nos technologies brevet\u00e9es pour la pr\u00e9paration professionnelle des surfaces. Veuillez visiter nos boutiques en ligne ou nous contacter via le formulaire de contact ci-dessous et nous vous contacterons dans les plus brefs d\u00e9lais. <\/strong>[\/vc_column_text][\/vc_column][\/vc_row][vc_row][vc_column][vc_btn title=&#8221;Boutique en ligne automobile&#8221; style=&#8221;classic&#8221; shape=&#8221;square&#8221; align=&#8221;center&#8221; button_block=&#8221;true&#8221; link=&#8221;url:https%3A%2F%2Fmonti-tools.com%2F|title:Automobile|target:_blank&#8221; el_class=&#8221;solutions-button&#8221;][vc_empty_space height=&#8221;15px&#8221;][vc_btn title=&#8221;Boutique en ligne industrielle&#8221; style=&#8221;classic&#8221; shape=&#8221;square&#8221; align=&#8221;center&#8221; button_block=&#8221;true&#8221; link=&#8221;url:https%3A%2F%2Fshop.corronation.com%2F|title:Industrielle|target:_blank&#8221; el_class=&#8221;solutions-button&#8221;][vc_empty_space height=&#8221;15px&#8221;][vc_btn title=&#8221;Boutique en ligne pour les consommateurs&#8221; style=&#8221;classic&#8221; shape=&#8221;square&#8221; align=&#8221;center&#8221; button_block=&#8221;true&#8221; link=&#8221;url:https%3A%2F%2Fwww.corrpro.nl%2F|title:Boutique%20en%20ligne%20pour%20les%20consommateurs|target:_blank&#8221; el_class=&#8221;solutions-button&#8221;][\/vc_column][\/vc_row][vc_row][vc_column][vc_column_text]<strong>Vous pouvez \u00e9galement remplir notre formulaire de contact ci-dessous et nous vous contacterons dans les plus brefs d\u00e9lais.<\/strong>[\/vc_column_text][vc_btn title=&#8221;Request for quotation&#8221; style=&#8221;classic&#8221; shape=&#8221;square&#8221; size=&#8221;sm&#8221; align=&#8221;center&#8221; button_block=&#8221;true&#8221; link=&#8221;url:https%3A%2F%2Fmontipower.com%2Fservice-support%2Frequest-for-quotation%2F|title:Request%20for%20Quotation|target:_blank&#8221; el_class=&#8221;solutions-button&#8221;][\/vc_column][\/vc_row][\/vc_section][vc_section full_width=&#8221;stretch_row&#8221; el_class=&#8221;textcomp&#8221;][vc_row][vc_column][\/vc_column][\/vc_row][\/vc_section]<\/p>\n<\/div>","protected":false},"excerpt":{"rendered":"<p>[vc_section full_width=&#8221;stretch_row&#8221; content_placement=&#8221;bottom&#8221; el_class=&#8221;topbig&#8221; css=&#8221;.vc_custom_1692629113204{padding-top: 30px !important;padding-bottom: 0px !important;background: #ff1212 url(https:\/\/montipower.com\/wp-content\/uploads\/2019\/12\/MONTI_Caddy_Zwart_1923x610px.jpg?id=4161) &#8230; <\/p>\n","protected":false},"author":3,"featured_media":0,"parent":10167,"menu_order":0,"comment_status":"closed","ping_status":"closed","template":"","meta":{"_acf_changed":false,"footnotes":""},"acf":[],"_links":{"self":[{"href":"https:\/\/montipower-ontwikkel.com\/fr\/wp-json\/wp\/v2\/pages\/46954"}],"collection":[{"href":"https:\/\/montipower-ontwikkel.com\/fr\/wp-json\/wp\/v2\/pages"}],"about":[{"href":"https:\/\/montipower-ontwikkel.com\/fr\/wp-json\/wp\/v2\/types\/page"}],"author":[{"embeddable":true,"href":"https:\/\/montipower-ontwikkel.com\/fr\/wp-json\/wp\/v2\/users\/3"}],"replies":[{"embeddable":true,"href":"https:\/\/montipower-ontwikkel.com\/fr\/wp-json\/wp\/v2\/comments?post=46954"}],"version-history":[{"count":4,"href":"https:\/\/montipower-ontwikkel.com\/fr\/wp-json\/wp\/v2\/pages\/46954\/revisions"}],"predecessor-version":[{"id":46958,"href":"https:\/\/montipower-ontwikkel.com\/fr\/wp-json\/wp\/v2\/pages\/46954\/revisions\/46958"}],"up":[{"embeddable":true,"href":"https:\/\/montipower-ontwikkel.com\/fr\/wp-json\/wp\/v2\/pages\/10167"}],"wp:attachment":[{"href":"https:\/\/montipower-ontwikkel.com\/fr\/wp-json\/wp\/v2\/media?parent=46954"}],"curies":[{"name":"wp","href":"https:\/\/api.w.org\/{rel}","templated":true}]}}