{"id":10313,"date":"2020-06-04T12:25:10","date_gmt":"2020-06-04T10:25:10","guid":{"rendered":"https:\/\/monti.la-compagnie.digital\/produits\/powermachines\/"},"modified":"2024-02-13T19:10:08","modified_gmt":"2024-02-13T18:10:08","slug":"machines-motorisees","status":"publish","type":"page","link":"https:\/\/montipower-ontwikkel.com\/fr\/produits\/machines-motorisees\/","title":{"rendered":"Machines motoris\u00e9es"},"content":{"rendered":"<div class=\"wpb-content-wrapper\"><p>[vc_section full_width=&#8221;stretch_row&#8221; content_placement=&#8221;bottom&#8221; css=&#8221;.vc_custom_1569320141112{padding-top: 30px !important;padding-bottom: 0px !important;background-color: #ff1212 !important;background-position: center !important;background-repeat: no-repeat !important;background-size: cover !important;}&#8221; el_class=&#8221;topbig&#8221;][vc_row css=&#8221;.vc_custom_1569318223776{padding-right: 100px !important;padding-left: 100px !important;}&#8221;][vc_column width=&#8221;1\/2&#8243;][vc_column_text]<\/p>\n<h1 class=\"p1\">Machines motoris\u00e9es<\/h1>\n<p>[\/vc_column_text][\/vc_column][vc_column width=&#8221;1\/2&#8243;][\/vc_column][\/vc_row][vc_row full_width=&#8221;stretch_row_content_no_spaces&#8221; content_placement=&#8221;bottom&#8221; css=&#8221;.vc_custom_1572526136907{padding-top: 0px !important;padding-bottom: 100px !important;background-position: 0 0 !important;background-repeat: no-repeat !important;}&#8221; el_class=&#8221;hometopfotorij&#8221;][vc_column][\/vc_column][\/vc_row][vc_row full_width=&#8221;stretch_row&#8221; css=&#8221;.vc_custom_1572525974229{background-color: #f1f1f1 !important;}&#8221;][vc_column][vc_column_text el_class=&#8221;montbreadcrumbs&#8221; css=&#8221;.vc_custom_1569318576735{padding-right: 100px !important;padding-left: 100px !important;}&#8221;]<nav aria-label=\"breadcrumbs\" class=\"rank-math-breadcrumb\"><p><span class=\"last\">Home<\/span><\/p><\/nav>[\/vc_column_text][\/vc_column][\/vc_row][\/vc_section][vc_section full_width=&#8221;stretch_row&#8221; el_class=&#8221;textcomp&#8221;][vc_row][vc_column][vc_column_text]<\/p>\n<h2 class=\"p1\">NOUVELLES TECHNOLOGIES<\/h2>\n<p class=\"p1\">Le Bristle Blaster<sup>\u00ae<\/sup> \u00e9tait et est encore une avanc\u00e9e r\u00e9volutionnaire lors du grenaillage sans grain. Les caract\u00e9ristiques brevet\u00e9es du Bristle Blaster<sup>\u00ae<\/sup> sont la base de nos nouvelles machines \u00e0 moteur et de nos innovations qui sont d\u00e9sormais utilis\u00e9es pour diff\u00e9rents march\u00e9s.<\/p>\n<h6>PREPPER<sup>\u00ae<\/sup>Q4<\/h6>\n<p class=\"p1\">Le Prepper<sup>\u00ae<\/sup>Q4 est une machine de production semi-automatique actionn\u00e9e par l\u2019eau. Pour les ponts, les murs, les poutres et les surfaces arrondies.<\/p>\n<h6>PREPPER<sup>\u00ae<\/sup>Q10<\/h6>\n<p class=\"p1\">Le Cleantech Prepper<sup>\u00ae<\/sup> Q10 repr\u00e9sente une r\u00e9elle avanc\u00e9e puisqu\u2019il rend possible le traitement de surfaces beaucoup plus larges en n\u2019utilisant qu\u2019une seule machine. Le Q10 peut \u00eatre utilis\u00e9 pour les op\u00e9rations de reptation ou de fixation. Le Prepper<sup>\u00ae<\/sup> Q10 sur demande et pour des projets sp\u00e9cifiques.<\/p>\n<h6>SUBSEA BRISTLE BLASTER<sup>\u00ae<\/sup><\/h6>\n<p class=\"p1\">Une autre innovation spectaculaire est notre Equipement sous-marin qui peut \u00eatre utilis\u00e9 pour r\u00e9aliser des traitements sous-marins et permet ensuite l\u2019application de rev\u00eatements sous-marins ou d\u2019autres traitements.<\/p>\n<p>[\/vc_column_text][\/vc_column][\/vc_row][vc_row css=&#8221;.vc_custom_1572353854868{padding-right: 50px !important;padding-left: 50px !important;}&#8221;][vc_column][vc_row_inner][vc_column_inner width=&#8221;1\/3&#8243;][vc_btn title=&#8221;Prepper Q4\u00ae&#8221; style=&#8221;classic&#8221; shape=&#8221;square&#8221; size=&#8221;lg&#8221; align=&#8221;center&#8221; button_block=&#8221;true&#8221; link=&#8221;url:https%3A%2F%2Fmontipower.com%2Ffr%2Fmp_product%2Fquattro-4%2F|title:Q4&#8243; el_class=&#8221;solutions-button&#8221;][\/vc_column_inner][vc_column_inner width=&#8221;1\/3&#8243;][vc_btn title=&#8221;Prepper Q10\u00ae op\u00e9ration de reptation&#8221; style=&#8221;classic&#8221; shape=&#8221;square&#8221; size=&#8221;lg&#8221; align=&#8221;center&#8221; button_block=&#8221;true&#8221; link=&#8221;url:https%3A%2F%2Fmontipower.com%2Ffr%2Fmp_product%2Fprepper-q10-operations-de-reptation%2F|title:Q10%20op%C3%A9ration%20de%20reptation&#8221; el_class=&#8221;solutions-button&#8221;][\/vc_column_inner][vc_column_inner width=&#8221;1\/3&#8243;][vc_btn title=&#8221;Prepper Q10\u00ae operation de fixation&#8221; style=&#8221;classic&#8221; shape=&#8221;square&#8221; size=&#8221;lg&#8221; align=&#8221;center&#8221; button_block=&#8221;true&#8221; link=&#8221;url:https%3A%2F%2Fmontipower.com%2Ffr%2Fmp_product%2Fprepper-q10-operations-de-fixation%2F|title:Q10%20op%C3%A9ration%20de%20fixation&#8221; el_class=&#8221;solutions-button&#8221;][\/vc_column_inner][\/vc_row_inner][vc_row_inner][vc_column_inner width=&#8221;1\/3&#8243;][vc_btn title=&#8221;Subsea Bristle Blaster\u00ae&#8221; style=&#8221;classic&#8221; shape=&#8221;square&#8221; size=&#8221;lg&#8221; align=&#8221;center&#8221; button_block=&#8221;true&#8221; link=&#8221;url:https%3A%2F%2Fmontipower.com%2Fproducts%2Fpowermachines%2Fsubsea%2F|title:Subsea||&#8221; el_class=&#8221;solutions-button&#8221;][\/vc_column_inner][vc_column_inner width=&#8221;1\/3&#8243;][\/vc_column_inner][vc_column_inner width=&#8221;1\/3&#8243;][\/vc_column_inner][\/vc_row_inner][\/vc_column][\/vc_row][\/vc_section][vc_section css=&#8221;.vc_custom_1569500364650{padding-top: 40px !important;}&#8221;][vc_row gap=&#8221;35&#8243; content_placement=&#8221;middle&#8221; css=&#8221;.vc_custom_1569500430462{margin-right: 100px !important;margin-left: 100px !important;padding-bottom: 80px !important;background-color: #ffffff !important;}&#8221;][vc_column width=&#8221;1\/2&#8243; css=&#8221;.vc_custom_1569498569540{padding-top: 0px !important;}&#8221;][vc_single_image image=&#8221;4652&#8243; img_size=&#8221;full&#8221; el_class=&#8221;uitgelichtfoto&#8221;][\/vc_column][vc_column width=&#8221;1\/2&#8243;][vc_column_text]<\/p>\n<h3>Prepper<sup>\u00ae<\/sup> Q4<\/h3>\n<p class=\"p1\">Machine de production semi-automatique. Actionn\u00e9e par l\u2019eau. Pour les ponts, les murs, les poutres et les surfaces arrondies.<\/p>\n<p>[\/vc_column_text][vc_btn title=&#8221;Q4&#8243; style=&#8221;classic&#8221; shape=&#8221;square&#8221; align=&#8221;left&#8221; link=&#8221;url:https%3A%2F%2Fmontipower.com%2Ffr%2Fmp_product%2Fquattro-4%2F|title:Q4&#8243; el_class=&#8221;uitgelichtebutton&#8221;][\/vc_column][\/vc_row][\/vc_section][vc_section el_class=&#8221;featurright&#8221;][vc_row gap=&#8221;35&#8243; content_placement=&#8221;middle&#8221; css=&#8221;.vc_custom_1572357743837{background-color: #ffffff !important;}&#8221;][vc_column width=&#8221;1\/2&#8243;][vc_column_text]<\/p>\n<h3 class=\"p1\">PREPPER Q10<br \/>\nREPTATION<\/h3>\n<p class=\"p1\">Le Cleantech Prepper<sup>\u00ae<\/sup> Q10 permet des performances de rev\u00eatement optimales en fournissant un profil de rugosit\u00e9 constante et fiable au substrat. Le Prepper<sup>\u00ae<\/sup> Q10 pour les op\u00e9rations de reptation est disponible sur demande.<\/p>\n<p>[\/vc_column_text][vc_btn title=&#8221;Q10&#8243; style=&#8221;classic&#8221; shape=&#8221;square&#8221; align=&#8221;left&#8221; link=&#8221;url:https%3A%2F%2Fmontipower.com%2Ffr%2Fmp_product%2Fprepper-q10-operations-de-reptation%2F|title:Q10%20op%C3%A9ration%20de%20reptation&#8221; el_class=&#8221;uitgelichtebutton&#8221;][\/vc_column][vc_column width=&#8221;1\/2&#8243; css=&#8221;.vc_custom_1569498569540{padding-top: 0px !important;}&#8221;][vc_single_image image=&#8221;4641&#8243; img_size=&#8221;full&#8221; el_class=&#8221;uitgelichtfotoright&#8221;][\/vc_column][\/vc_row][\/vc_section][vc_section css=&#8221;.vc_custom_1569500364650{padding-top: 40px !important;}&#8221;][vc_row gap=&#8221;35&#8243; content_placement=&#8221;middle&#8221; css=&#8221;.vc_custom_1569500430462{margin-right: 100px !important;margin-left: 100px !important;padding-bottom: 80px !important;background-color: #ffffff !important;}&#8221;][vc_column width=&#8221;1\/2&#8243; css=&#8221;.vc_custom_1569498569540{padding-top: 0px !important;}&#8221;][vc_single_image image=&#8221;5732&#8243; img_size=&#8221;730&#215;596&#8243; el_class=&#8221;uitgelichtfoto&#8221;][\/vc_column][vc_column width=&#8221;1\/2&#8243;][vc_column_text]<\/p>\n<h3 class=\"p1\">PREPPER Q10<br \/>\nFIXE<\/h3>\n<p class=\"p1\">La Cleantech Prepper<sup>\u00ae<\/sup> Q10 permet des performances de rev\u00eatement optimales en fournissant un profil de rugosit\u00e9 constante et fiable au substrat. Le Prepper<sup>\u00ae<\/sup> Q10 pour les op\u00e9rations de fixation est disponible sur demande.<\/p>\n<p>[\/vc_column_text][vc_btn title=&#8221;Q10&#8243; style=&#8221;classic&#8221; shape=&#8221;square&#8221; align=&#8221;left&#8221; link=&#8221;url:https%3A%2F%2Fmontipower.com%2Ffr%2Fmp_product%2Fprepper-q10-operations-de-fixation%2F|title:Q10&#8243; el_class=&#8221;uitgelichtebutton&#8221;][\/vc_column][\/vc_row][\/vc_section][vc_section el_class=&#8221;featurright&#8221;][vc_row gap=&#8221;35&#8243; content_placement=&#8221;middle&#8221; css=&#8221;.vc_custom_1572357743837{background-color: #ffffff !important;}&#8221;][vc_column width=&#8221;1\/2&#8243;][vc_column_text]<\/p>\n<h3 class=\"p1\">BRISTLE BLASTER<sup>\u00ae<\/sup> SUBSEA<\/h3>\n<p class=\"p1\">L\u2019\u00e9quipement Bristle Blaster<sup>\u00ae<\/sup> Subsea est un appareil sous-marin hydraulique. Excellent pour les renforcements de compos\u00e9 de gazoducs et les activit\u00e9s de soudures sous-marines sur les bateaux, dans les infrastructures portuaires et sur les gazoducs sous-marins.<\/p>\n<p>[\/vc_column_text][vc_btn title=&#8221;Read more&#8221; style=&#8221;classic&#8221; shape=&#8221;square&#8221; align=&#8221;left&#8221; link=&#8221;url:https%3A%2F%2Fmontipower.com%2Ffr%2Fmp_product%2Fsubsea%2F|title:subsea&#8221; el_class=&#8221;uitgelichtebutton&#8221;][\/vc_column][vc_column width=&#8221;1\/2&#8243; css=&#8221;.vc_custom_1569498569540{padding-top: 0px !important;}&#8221;][vc_single_image image=&#8221;4655&#8243; img_size=&#8221;full&#8221; el_class=&#8221;uitgelichtfotoright&#8221;][\/vc_column][\/vc_row][\/vc_section]<\/p>\n<\/div>","protected":false},"excerpt":{"rendered":"<p>[vc_section full_width=&#8221;stretch_row&#8221; content_placement=&#8221;bottom&#8221; css=&#8221;.vc_custom_1569320141112{padding-top: 30px !important;padding-bottom: 0px !important;background-color: #ff1212 !important;background-position: center &#8230; <\/p>\n","protected":false},"author":3,"featured_media":0,"parent":10227,"menu_order":0,"comment_status":"closed","ping_status":"closed","template":"","meta":{"_acf_changed":false,"footnotes":""},"acf":[],"_links":{"self":[{"href":"https:\/\/montipower-ontwikkel.com\/fr\/wp-json\/wp\/v2\/pages\/10313"}],"collection":[{"href":"https:\/\/montipower-ontwikkel.com\/fr\/wp-json\/wp\/v2\/pages"}],"about":[{"href":"https:\/\/montipower-ontwikkel.com\/fr\/wp-json\/wp\/v2\/types\/page"}],"author":[{"embeddable":true,"href":"https:\/\/montipower-ontwikkel.com\/fr\/wp-json\/wp\/v2\/users\/3"}],"replies":[{"embeddable":true,"href":"https:\/\/montipower-ontwikkel.com\/fr\/wp-json\/wp\/v2\/comments?post=10313"}],"version-history":[{"count":6,"href":"https:\/\/montipower-ontwikkel.com\/fr\/wp-json\/wp\/v2\/pages\/10313\/revisions"}],"predecessor-version":[{"id":49647,"href":"https:\/\/montipower-ontwikkel.com\/fr\/wp-json\/wp\/v2\/pages\/10313\/revisions\/49647"}],"up":[{"embeddable":true,"href":"https:\/\/montipower-ontwikkel.com\/fr\/wp-json\/wp\/v2\/pages\/10227"}],"wp:attachment":[{"href":"https:\/\/montipower-ontwikkel.com\/fr\/wp-json\/wp\/v2\/media?parent=10313"}],"curies":[{"name":"wp","href":"https:\/\/api.w.org\/{rel}","templated":true}]}}