{"id":10231,"date":"2020-06-02T10:57:47","date_gmt":"2020-06-02T08:57:47","guid":{"rendered":"https:\/\/monti.la-compagnie.digital\/produits\/powertools\/"},"modified":"2024-02-12T20:16:56","modified_gmt":"2024-02-12T19:16:56","slug":"outils-motorises","status":"publish","type":"page","link":"https:\/\/montipower-ontwikkel.com\/fr\/produits\/outils-motorises\/","title":{"rendered":"Outils motorises"},"content":{"rendered":"<div class=\"wpb-content-wrapper\"><p>[vc_section full_width=&#8221;stretch_row&#8221; content_placement=&#8221;bottom&#8221; css=&#8221;.vc_custom_1569320141112{padding-top: 30px !important;padding-bottom: 0px !important;background-color: #ff1212 !important;background-position: center !important;background-repeat: no-repeat !important;background-size: cover !important;}&#8221; el_class=&#8221;topbig&#8221;][vc_row css=&#8221;.vc_custom_1569318223776{padding-right: 100px !important;padding-left: 100px !important;}&#8221;][vc_column width=&#8221;1\/2&#8243;][vc_column_text]<\/p>\n<h1><span style=\"font-weight: 400;\">OUTILS MOTORISES<\/span><\/h1>\n<p>[\/vc_column_text][\/vc_column][vc_column width=&#8221;1\/2&#8243;][\/vc_column][\/vc_row][vc_row full_width=&#8221;stretch_row_content_no_spaces&#8221; content_placement=&#8221;bottom&#8221; css=&#8221;.vc_custom_1572526136907{padding-top: 0px !important;padding-bottom: 100px !important;background-position: 0 0 !important;background-repeat: no-repeat !important;}&#8221; el_class=&#8221;hometopfotorij&#8221;][vc_column][\/vc_column][\/vc_row][vc_row full_width=&#8221;stretch_row&#8221; css=&#8221;.vc_custom_1572525974229{background-color: #f1f1f1 !important;}&#8221;][vc_column][vc_column_text el_class=&#8221;montbreadcrumbs&#8221; css=&#8221;.vc_custom_1569318576735{padding-right: 100px !important;padding-left: 100px !important;}&#8221;]<nav aria-label=\"breadcrumbs\" class=\"rank-math-breadcrumb\"><p><span class=\"last\">Home<\/span><\/p><\/nav>[\/vc_column_text][\/vc_column][\/vc_row][\/vc_section][vc_section full_width=&#8221;stretch_row&#8221; el_class=&#8221;textcomp&#8221;][vc_row][vc_column][vc_column_text]<\/p>\n<div class=\"wpb_text_column wpb_content_element \">\n<div class=\"wpb_wrapper\">\n<h2><span style=\"font-weight: 400;\">REVOLUTIONNAIRE ET A LA POINTE<\/span><\/h2>\n<p><span style=\"font-weight: 400;\">Le seul outil motoris\u00e9 manuel au monde qui peut \u00ab\u00a0grenailler au sable\u00a0\u00bb. La technologie brevet\u00e9e \u00e9limine rapidement et minutieusement la corrosion et les rev\u00eatements. En m\u00eame temps, le Bristle Blaster<sup>\u00ae<\/sup> et le MBX<sup>\u00ae<\/sup> cr\u00e9ent des degr\u00e9s de pr\u00e9paration des surfaces comparables avec Sa2\u00bd (SSPC-SP 10\/NACE No. 2) \u00e0 Sa3 (SSPC-SP 5\/NACE No. 1) et des niveaux de rugosit\u00e9 jusqu\u2019\u00e0 120 \u00b5m Rz.<\/span><\/p>\n<h5><span style=\"font-weight: 400;\">NOUVELLE INNOVATION<\/span><\/h5>\n<p><span style=\"font-weight: 400;\">Le Bristle Blaster<sup>\u00ae<\/sup> brevet\u00e9 est le premier syst\u00e8me \u00e0 courroie \u00e0 la main au monde qui produit une qualit\u00e9 de rugosit\u00e9 des surfaces ainsi qu\u2019un r\u00e9sultat comparable \u00e0 ceux atteints avec le \u2018grenaillage \u00e0 sable\u2019 Le proc\u00e9d\u00e9 du Bristle Blasting est une nouvelle innovation qui \u00e9limine la corrosion et g\u00e9n\u00e8re un profil d\u2019ancrage en utilisant un outil \u00e0 brosse rotative sp\u00e9cialement con\u00e7u. Cet outil consiste en des poils m\u00e9talliques coud\u00e9s vers l\u2019avant et branch\u00e9s dynamiquement \u00e0 un outil motoris\u00e9 \u00e0 la main qui fonctionne \u00e0 environ 2.500 rpm.<\/span><\/p>\n<h5><span style=\"font-weight: 400;\">PRINCIPES MECANIQUES<\/span><\/h5>\n<p><span style=\"font-weight: 400;\">Le bout des poils est con\u00e7u pour attaquer la surface corrod\u00e9e avec de l\u2019\u00e9nergie cin\u00e9tique \u00e9quivalente aux proc\u00e9d\u00e9s standards utilis\u00e9s pour le grenaillage \u00e0 grain. Juste apr\u00e8s que les poils attaquent la surface en acier corrod\u00e9e, ils se r\u00e9tractent (\u00ab\u00a0rebondissent\u00a0\u00bb) de la surface, ce qui r\u00e9sulte en l\u2019\u00e9limination de la corrosion et en une micro-indentation qui expose la surface fraiche. Ainsi, les surfaces qui ont \u00e9t\u00e9 trait\u00e9es avec l\u2019outil Bristle Blasting ont une texture et une propret\u00e9 visuelle qui imitent celles obtenues par des proc\u00e9d\u00e9s de grenaillage \u00e0 grain traditionnels.<\/span><\/p>\n<\/div>\n<\/div>\n<p>[\/vc_column_text][\/vc_column][\/vc_row][vc_row][vc_column][vc_column_text]<span style=\"font-weight: 400;\">Les diff\u00e9rents outils motoris\u00e9s de MontiPower<sup>\u00ae<\/sup> sont des avanc\u00e9es r\u00e9volutionnaires lors du &#8216;grenaillage sans grain&#8217;. Les caract\u00e9ristiques brevet\u00e9es du Bristle Blaster<sup>\u00ae<\/sup> et du MBX<sup>\u00ae<\/sup> forment la base des nouvelles gammes de produits de pr\u00e9paration des surfaces.<\/span>[\/vc_column_text][\/vc_column][\/vc_row][vc_row][vc_column][vc_column_text el_class=&#8221;intro&#8221;]<\/p>\n<h3><span style=\"font-weight: 400;\">GAMME BRISTLE BLASTER<sup>\u00ae<\/sup><\/span><\/h3>\n<p>[\/vc_column_text][\/vc_column][\/vc_row][\/vc_section][vc_section css=&#8221;.vc_custom_1569500364650{padding-top: 40px !important;}&#8221;][vc_row gap=&#8221;35&#8243; content_placement=&#8221;middle&#8221; css=&#8221;.vc_custom_1569500430462{margin-right: 100px !important;margin-left: 100px !important;padding-bottom: 80px !important;background-color: #ffffff !important;}&#8221;][vc_column width=&#8221;1\/2&#8243; css=&#8221;.vc_custom_1569498569540{padding-top: 0px !important;}&#8221;][vc_single_image image=&#8221;43637&#8243; img_size=&#8221;730&#215;596&#8243; el_class=&#8221;uitgelichtfoto&#8221;][\/vc_column][vc_column width=&#8221;1\/2&#8243;][vc_column_text]<\/p>\n<h3><span style=\"font-weight: 400;\">BRISTLE<br \/>\n<\/span><span style=\"font-weight: 400;\">BLASTER<sup>\u00ae<\/sup><br \/>\nELECTRIQUE<\/span><\/h3>\n<p><span style=\"font-weight: 400;\">Le Bristle Blaster<sup>\u00ae<\/sup> est un outil \u00e0 brosse rotative sp\u00e9cialement con\u00e7u pour \u00e9liminer la corrosion et g\u00e9n\u00e9rer un profil d\u2019ancrage.<\/span>[\/vc_column_text][vc_btn title=&#8221;BRISTLE BLASTER\u00ae ELECTRIQUE&#8221; style=&#8221;classic&#8221; shape=&#8221;square&#8221; align=&#8221;left&#8221; link=&#8221;url:https%3A%2F%2Fmontipower.com%2Ffr%2Fmp_product%2Fbristle-blaster-electrique%2F|title:Electrique&#8221; el_class=&#8221;uitgelichtebutton&#8221;][\/vc_column][\/vc_row][\/vc_section][vc_section el_class=&#8221;featurright&#8221;][vc_row gap=&#8221;35&#8243; content_placement=&#8221;middle&#8221; css=&#8221;.vc_custom_1572357743837{background-color: #ffffff !important;}&#8221;][vc_column width=&#8221;1\/2&#8243;][vc_column_text]<\/p>\n<h3><span style=\"font-weight: 400;\">BRISTLE<br \/>\nBLASTER<sup>\u00ae<\/sup> ELECTRIQUE<br \/>\nDOUBLE<\/span><\/h3>\n<p>Doublez la puissance ! Le Bristle Blaster<sup>\u00ae<\/sup> est un outil \u00e0 brosse rotative qui \u00e9limine la corrosion et g\u00e9n\u00e8re un profil d\u2019ancrage.[\/vc_column_text][vc_btn title=&#8221;Bristle Blaster\u00ae Double&#8221; style=&#8221;classic&#8221; shape=&#8221;square&#8221; align=&#8221;left&#8221; link=&#8221;url:https%3A%2F%2Fmontipower.com%2Ffr%2Fmp_product%2Fbristle-blaster-double%2F|title:double&#8221; el_class=&#8221;uitgelichtebutton&#8221;][\/vc_column][vc_column width=&#8221;1\/2&#8243;][vc_single_image image=&#8221;44040&#8243; img_size=&#8221;730&#215;596&#8243; el_class=&#8221;uitgelichtfotoright&#8221;][\/vc_column][\/vc_row][\/vc_section][vc_section css=&#8221;.vc_custom_1569500364650{padding-top: 40px !important;}&#8221;][vc_row gap=&#8221;35&#8243; content_placement=&#8221;middle&#8221; css=&#8221;.vc_custom_1569500430462{margin-right: 100px !important;margin-left: 100px !important;padding-bottom: 80px !important;background-color: #ffffff !important;}&#8221;][vc_column width=&#8221;1\/2&#8243; css=&#8221;.vc_custom_1569498569540{padding-top: 0px !important;}&#8221;][vc_single_image image=&#8221;43702&#8243; img_size=&#8221;730&#215;596&#8243; el_class=&#8221;uitgelichtfoto&#8221;][\/vc_column][vc_column width=&#8221;1\/2&#8243;][vc_column_text]<\/p>\n<h3><span style=\"font-weight: 400;\">BRISTLE<br \/>\nBLASTER<sup>\u00ae<\/sup><br \/>\nCORDLESS<\/span><\/h3>\n<p class=\"p1\"><span style=\"font-weight: 400;\">La nouvelle technologie sans fil pour le Bristle Blaster<sup>\u00ae<\/sup> inclut l\u2019interrupteur de s\u00e9curit\u00e9. Elle inclut la poign\u00e9e anti vibration et un nouvel embout frontal robuste.<\/span><\/p>\n<p>[\/vc_column_text][vc_btn title=&#8221;Bristle Blaster\u00ae Cordless&#8221; style=&#8221;classic&#8221; shape=&#8221;square&#8221; align=&#8221;left&#8221; link=&#8221;url:https%3A%2F%2Fmontipower.com%2Ffr%2Fmp_product%2Fbristle-blaster-cordless%2F|title:cordless&#8221; el_class=&#8221;uitgelichtebutton&#8221;][\/vc_column][\/vc_row][\/vc_section][vc_section el_class=&#8221;featurright&#8221;][vc_row gap=&#8221;35&#8243; content_placement=&#8221;middle&#8221; css=&#8221;.vc_custom_1572357743837{background-color: #ffffff !important;}&#8221;][vc_column width=&#8221;1\/2&#8243; css=&#8221;.vc_custom_1569498569540{padding-top: 0px !important;}&#8221;][vc_column_text]<\/p>\n<h3><span style=\"font-weight: 400;\">BRISTLE<br \/>\nBLASTER<sup>\u00ae<\/sup><br \/>\nPNEUMATIQUE<\/span><\/h3>\n<p><span style=\"font-weight: 400;\">Le Bristle Blaster<sup>\u00ae<\/sup> est un outil \u00e0 brosse rotative sp\u00e9cialement con\u00e7u pour \u00e9liminer la corrosion et g\u00e9n\u00e9rer un profil d\u2019ancrage.<\/span>[\/vc_column_text][vc_btn title=&#8221;Bristle Blaster\u00ae Pneumatique&#8221; style=&#8221;classic&#8221; shape=&#8221;square&#8221; align=&#8221;left&#8221; link=&#8221;url:https%3A%2F%2Fmontipower.com%2Ffr%2Fmp_product%2Fbristle-blaster-pneumatique%2F|title:pneumatique&#8221; el_class=&#8221;uitgelichtebutton&#8221;][\/vc_column][vc_column width=&#8221;1\/2&#8243;][vc_single_image image=&#8221;3220&#8243; img_size=&#8221;730&#215;596&#8243; el_class=&#8221;uitgelichtfotoright&#8221;][\/vc_column][\/vc_row][\/vc_section][vc_section css=&#8221;.vc_custom_1569500364650{padding-top: 40px !important;}&#8221;][vc_row gap=&#8221;35&#8243; content_placement=&#8221;middle&#8221; css=&#8221;.vc_custom_1569500430462{margin-right: 100px !important;margin-left: 100px !important;padding-bottom: 80px !important;background-color: #ffffff !important;}&#8221;][vc_column width=&#8221;1\/2&#8243; css=&#8221;.vc_custom_1569498569540{padding-top: 0px !important;}&#8221;][vc_single_image image=&#8221;5801&#8243; img_size=&#8221;730&#215;596&#8243; el_class=&#8221;uitgelichtfoto&#8221;][\/vc_column][vc_column width=&#8221;1\/2&#8243;][vc_column_text]<\/p>\n<h3><span style=\"font-weight: 400;\">BRISTLE<br \/>\nBLASTER<sup>\u00ae<\/sup><br \/>\nAXIAL<\/span><\/h3>\n<p><span style=\"font-weight: 400;\">Les caract\u00e9ristiques brevet\u00e9es du Bristle Blaster<sup>\u00ae<\/sup> sont la base de nouvelles innovations qui sont d\u00e9sormais utilis\u00e9es pour diff\u00e9rents march\u00e9s.<\/span>[\/vc_column_text][vc_btn title=&#8221;Bristle Blaster\u00ae Axial&#8221; style=&#8221;classic&#8221; shape=&#8221;square&#8221; align=&#8221;left&#8221; link=&#8221;url:https%3A%2F%2Fmontipower.com%2Ffr%2Fmp_product%2Fbristle-blaster-axial%2F|title:Axial&#8221; el_class=&#8221;uitgelichtebutton&#8221;][\/vc_column][\/vc_row][\/vc_section][vc_section full_width=&#8221;stretch_row&#8221; el_class=&#8221;textcomp&#8221;][vc_row][vc_column][vc_column_text el_class=&#8221;intro&#8221;]<\/p>\n<h3><span style=\"font-weight: 400;\">GAMME MBX<sup>\u00ae<\/sup><\/span><\/h3>\n<p>[\/vc_column_text][\/vc_column][\/vc_row][\/vc_section][vc_section css=&#8221;.vc_custom_1569500364650{padding-top: 40px !important;}&#8221;][vc_row gap=&#8221;35&#8243; content_placement=&#8221;middle&#8221; css=&#8221;.vc_custom_1569500430462{margin-right: 100px !important;margin-left: 100px !important;padding-bottom: 80px !important;background-color: #ffffff !important;}&#8221;][vc_column width=&#8221;1\/2&#8243; css=&#8221;.vc_custom_1569498569540{padding-top: 0px !important;}&#8221;][vc_single_image image=&#8221;42166&#8243; img_size=&#8221;730&#215;596&#8243; el_class=&#8221;uitgelichtfoto&#8221;][\/vc_column][vc_column width=&#8221;1\/2&#8243;][vc_column_text]<\/p>\n<h3><span style=\"font-weight: 400;\">MBX<sup>\u00ae<\/sup><br \/>\nELECTRIQUE<\/span><\/h3>\n<p><span style=\"font-weight: 400;\">Le MBX<sup>\u00ae<\/sup> \u00e9limine facilement la rouille, la peinture, les produits de protection du soubassement et les agents d\u2019\u00e9tanch\u00e9it\u00e9 des panneaux de voiture.<\/span>[\/vc_column_text][vc_btn title=&#8221;MBX\u00ae ELECTRIQUE&#8221; style=&#8221;classic&#8221; shape=&#8221;square&#8221; align=&#8221;left&#8221; link=&#8221;url:https%3A%2F%2Fmontipower.com%2Ffr%2Fmp_product%2Fmbx-electrique%2F|title:MBX&#8221; el_class=&#8221;uitgelichtebutton&#8221;][\/vc_column][\/vc_row][\/vc_section][vc_section el_class=&#8221;featurright&#8221;][vc_row gap=&#8221;35&#8243; content_placement=&#8221;middle&#8221; css=&#8221;.vc_custom_1572357743837{background-color: #ffffff !important;}&#8221;][vc_column width=&#8221;1\/2&#8243;][vc_column_text]<\/p>\n<h3>MBX<sup>\u00ae<\/sup><br \/>\nAXIAL<\/h3>\n<p><span style=\"font-weight: 400;\">Le MBX<sup>\u00ae<\/sup> Axial est sp\u00e9cialement con\u00e7u pour \u00e9liminer la corrosion dans les zones difficiles d\u2019acc\u00e8s, telles que les rainures des portes, les joints du toit et les coffrages des roues.<\/span>[\/vc_column_text][vc_btn title=&#8221;MBX\u00ae Axial&#8221; style=&#8221;classic&#8221; shape=&#8221;square&#8221; align=&#8221;left&#8221; link=&#8221;url:https%3A%2F%2Fmontipower.com%2Ffr%2Fmp_product%2Fmbx-axial%2F|title:MBX&#8221; el_class=&#8221;uitgelichtebutton&#8221;][\/vc_column][vc_column width=&#8221;1\/2&#8243; css=&#8221;.vc_custom_1569498569540{padding-top: 0px !important;}&#8221;][vc_single_image image=&#8221;5802&#8243; img_size=&#8221;730&#215;596&#8243; el_class=&#8221;uitgelichtfotoright&#8221;][\/vc_column][\/vc_row][\/vc_section][vc_section css=&#8221;.vc_custom_1569500364650{padding-top: 40px !important;}&#8221;][vc_row gap=&#8221;35&#8243; content_placement=&#8221;middle&#8221; css=&#8221;.vc_custom_1569500430462{margin-right: 100px !important;margin-left: 100px !important;padding-bottom: 80px !important;background-color: #ffffff !important;}&#8221;][vc_column width=&#8221;1\/2&#8243; css=&#8221;.vc_custom_1569498569540{padding-top: 0px !important;}&#8221;][vc_single_image image=&#8221;3101&#8243; img_size=&#8221;730&#215;596&#8243; el_class=&#8221;uitgelichtfoto&#8221;][\/vc_column][vc_column width=&#8221;1\/2&#8243;][vc_column_text]<\/p>\n<h3><span style=\"font-weight: 400;\">MBX<sup>\u00ae<\/sup><br \/>\nPNEUMATIQUE<\/span><\/h3>\n<p><span style=\"font-weight: 400;\">Le MBX<sup>\u00ae<\/sup> \u00e9limine facilement la rouille, la peinture, les produits de protection du soubassement et les agents d\u2019\u00e9tanch\u00e9it\u00e9 des panneaux de voiture.<\/span><\/p>\n<ul>\n<li><span style=\"font-weight: 400;\">Design svelte et extr\u00eamement l\u00e9ger (1,1 kg)<\/span><\/li>\n<\/ul>\n<p>[\/vc_column_text][vc_btn title=&#8221;MBX\u00ae PNEUMATIQUE&#8221; style=&#8221;classic&#8221; shape=&#8221;square&#8221; align=&#8221;left&#8221; link=&#8221;url:https%3A%2F%2Fmontipower.com%2Ffr%2Fmp_product%2Fmbx-pneumatique%2F|title:MBX&#8221; el_class=&#8221;uitgelichtebutton&#8221;][\/vc_column][\/vc_row][\/vc_section][vc_section el_class=&#8221;featurright&#8221;][vc_row gap=&#8221;35&#8243; content_placement=&#8221;middle&#8221; css=&#8221;.vc_custom_1572357743837{background-color: #ffffff !important;}&#8221;][vc_column width=&#8221;1\/2&#8243;][vc_column_text]<\/p>\n<h3><span style=\"font-weight: 400;\">MBX<sup>\u00ae<\/sup><br \/>\nPNEUMATIQUE<br \/>\nTRAVAUX LOURDS<\/span><\/h3>\n<p><span style=\"font-weight: 400;\">Le MBX<sup>\u00ae<\/sup> \u00e9limine facilement la rouille, la peinture, les produits de protection du soubassement et les agents d\u2019\u00e9tanch\u00e9it\u00e9 des panneaux de voiture.<\/span><\/p>\n<ul>\n<li><span style=\"font-weight: 400;\">Design svelte et extr\u00eamement l\u00e9ger (1,1 kg)<\/span><\/li>\n<\/ul>\n<p>[\/vc_column_text][vc_btn title=&#8221;MBX\u00ae PNEUMATIQUE TRAVAUX LOURDS&#8221; style=&#8221;classic&#8221; shape=&#8221;square&#8221; align=&#8221;left&#8221; link=&#8221;url:https%3A%2F%2Fmontipower.com%2Ffr%2Fmp_product%2Fmbx-pneumatic-heavy-duty%2F|title:MBX&#8221; el_class=&#8221;uitgelichtebutton&#8221;][\/vc_column][vc_column width=&#8221;1\/2&#8243; css=&#8221;.vc_custom_1569498569540{padding-top: 0px !important;}&#8221;][vc_single_image image=&#8221;3198&#8243; img_size=&#8221;730&#215;596&#8243; el_class=&#8221;uitgelichtfotoright&#8221;][\/vc_column][\/vc_row][\/vc_section][vc_section css=&#8221;.vc_custom_1569500364650{padding-top: 40px !important;}&#8221;][vc_row gap=&#8221;35&#8243; content_placement=&#8221;middle&#8221; css=&#8221;.vc_custom_1569500430462{margin-right: 100px !important;margin-left: 100px !important;padding-bottom: 80px !important;background-color: #ffffff !important;}&#8221;][vc_column width=&#8221;1\/2&#8243; css=&#8221;.vc_custom_1569498569540{padding-top: 0px !important;}&#8221;][vc_single_image image=&#8221;44117&#8243; img_size=&#8221;730&#215;596&#8243; el_class=&#8221;uitgelichtfoto&#8221;][\/vc_column][vc_column width=&#8221;1\/2&#8243;][vc_column_text]<\/p>\n<h3><span style=\"font-weight: 400;\">MBX<sup>\u00ae<\/sup><br \/>\nVINYL ZAPPER<sup>\u00ae<\/sup><br \/>\nELECTRIQUE<\/span><\/h3>\n<p><span style=\"font-weight: 400;\">Cette courroie en vinyle \u00e9limine les r\u00e9sidus collants, les feuilles r\u00e9fl\u00e9chissantes, les autocollants, les \u00e9tiquettes et les bandes adh\u00e9sives double-face.<\/span>[\/vc_column_text][vc_btn title=&#8221;MBX\u00ae VINYL ZAPPER\u00ae ELECTRIQUE&#8221; style=&#8221;classic&#8221; shape=&#8221;square&#8221; align=&#8221;left&#8221; link=&#8221;url:https%3A%2F%2Fmontipower.com%2Ffr%2Fmp_product%2Fvinyl-zapper-electrique%2F|title:MBX%20Vinyl%20Zapper&#8221; el_class=&#8221;uitgelichtebutton&#8221;][\/vc_column][\/vc_row][\/vc_section][vc_section el_class=&#8221;featurright&#8221;][vc_row gap=&#8221;35&#8243; content_placement=&#8221;middle&#8221; css=&#8221;.vc_custom_1572357743837{background-color: #ffffff !important;}&#8221;][vc_column width=&#8221;1\/2&#8243;][vc_column_text]<\/p>\n<h3><span style=\"font-weight: 400;\">MBX<sup>\u00ae<\/sup><br \/>\nVINYL ZAPPER<sup>\u00ae<\/sup><br \/>\nPNEUMATIQUE<\/span><\/h3>\n<p><span style=\"font-weight: 400;\">Cette courroie en vinyle \u00e9limine les r\u00e9sidus collants, les feuilles r\u00e9fl\u00e9chissantes, les autocollants, les \u00e9tiquettes et les bandes adh\u00e9sives double-face.<\/span>[\/vc_column_text][vc_btn title=&#8221;MBX\u00ae VINYL ZAPPER\u00ae PNEUMATIQUE&#8221; style=&#8221;classic&#8221; shape=&#8221;square&#8221; align=&#8221;left&#8221; link=&#8221;url:https%3A%2F%2Fmontipower.com%2Ffr%2Fmp_product%2Fvinyl-zapper-pneumatique%2F|title:MBX%20vinyl%20zapper&#8221; el_class=&#8221;uitgelichtebutton&#8221;][\/vc_column][vc_column width=&#8221;1\/2&#8243; css=&#8221;.vc_custom_1569498569540{padding-top: 0px !important;}&#8221;][vc_single_image image=&#8221;3212&#8243; img_size=&#8221;730&#215;596&#8243; el_class=&#8221;uitgelichtfotoright&#8221;][\/vc_column][\/vc_row][\/vc_section][vc_section css=&#8221;.vc_custom_1569500364650{padding-top: 40px !important;}&#8221;][vc_row gap=&#8221;35&#8243; content_placement=&#8221;middle&#8221; css=&#8221;.vc_custom_1569500430462{margin-right: 100px !important;margin-left: 100px !important;padding-bottom: 80px !important;background-color: #ffffff !important;}&#8221;][vc_column width=&#8221;1\/2&#8243; css=&#8221;.vc_custom_1569498569540{padding-top: 0px !important;}&#8221;][vc_single_image image=&#8221;5671&#8243; img_size=&#8221;730&#215;596&#8243; el_class=&#8221;uitgelichtfoto&#8221;][\/vc_column][vc_column width=&#8221;1\/2&#8243;][vc_column_text]<\/p>\n<h3><span style=\"font-weight: 400;\">MBX<sup>\u00ae<\/sup><br \/>\nVINYL ZAPPER<sup>\u00ae<\/sup><br \/>\nULTIMATE<\/span><\/h3>\n<p><span style=\"font-weight: 400;\">Cette courroie en vinyle \u00e9limine les r\u00e9sidus collants, les feuilles r\u00e9fl\u00e9chissantes, les autocollants, les \u00e9tiquettes et les bandes adh\u00e9sives double-face.<\/span>[\/vc_column_text][vc_btn title=&#8221;MBX\u00ae Vinyl Zapper\u00ae Ultimate&#8221; style=&#8221;classic&#8221; shape=&#8221;square&#8221; align=&#8221;left&#8221; link=&#8221;url:https%3A%2F%2Fmontipower.com%2Ffr%2Fmp_product%2Fvinyl-zapper-ultimate%2F|title:ultimate&#8221; el_class=&#8221;uitgelichtebutton&#8221;][\/vc_column][\/vc_row][\/vc_section]<\/p>\n<\/div>","protected":false},"excerpt":{"rendered":"<p>[vc_section full_width=&#8221;stretch_row&#8221; content_placement=&#8221;bottom&#8221; css=&#8221;.vc_custom_1569320141112{padding-top: 30px !important;padding-bottom: 0px !important;background-color: #ff1212 !important;background-position: center &#8230; <\/p>\n","protected":false},"author":3,"featured_media":0,"parent":10227,"menu_order":0,"comment_status":"closed","ping_status":"closed","template":"","meta":{"_acf_changed":false,"footnotes":""},"acf":[],"_links":{"self":[{"href":"https:\/\/montipower-ontwikkel.com\/fr\/wp-json\/wp\/v2\/pages\/10231"}],"collection":[{"href":"https:\/\/montipower-ontwikkel.com\/fr\/wp-json\/wp\/v2\/pages"}],"about":[{"href":"https:\/\/montipower-ontwikkel.com\/fr\/wp-json\/wp\/v2\/types\/page"}],"author":[{"embeddable":true,"href":"https:\/\/montipower-ontwikkel.com\/fr\/wp-json\/wp\/v2\/users\/3"}],"replies":[{"embeddable":true,"href":"https:\/\/montipower-ontwikkel.com\/fr\/wp-json\/wp\/v2\/comments?post=10231"}],"version-history":[{"count":11,"href":"https:\/\/montipower-ontwikkel.com\/fr\/wp-json\/wp\/v2\/pages\/10231\/revisions"}],"predecessor-version":[{"id":49638,"href":"https:\/\/montipower-ontwikkel.com\/fr\/wp-json\/wp\/v2\/pages\/10231\/revisions\/49638"}],"up":[{"embeddable":true,"href":"https:\/\/montipower-ontwikkel.com\/fr\/wp-json\/wp\/v2\/pages\/10227"}],"wp:attachment":[{"href":"https:\/\/montipower-ontwikkel.com\/fr\/wp-json\/wp\/v2\/media?parent=10231"}],"curies":[{"name":"wp","href":"https:\/\/api.w.org\/{rel}","templated":true}]}}