{"id":10227,"date":"2019-07-30T07:41:32","date_gmt":"2019-07-30T07:41:32","guid":{"rendered":"https:\/\/monti.la-compagnie.digital\/products\/"},"modified":"2023-07-13T16:38:01","modified_gmt":"2023-07-13T14:38:01","slug":"produits","status":"publish","type":"page","link":"https:\/\/montipower-ontwikkel.com\/fr\/produits\/","title":{"rendered":"Produits"},"content":{"rendered":"<div class=\"wpb-content-wrapper\"><p>[vc_section full_width=&#8221;stretch_row&#8221; content_placement=&#8221;bottom&#8221; css=&#8221;.vc_custom_1569320141112{padding-top: 30px !important;padding-bottom: 0px !important;background-color: #ff1212 !important;background-position: center !important;background-repeat: no-repeat !important;background-size: cover !important;}&#8221; el_class=&#8221;topbig&#8221;][vc_row css=&#8221;.vc_custom_1569318223776{padding-right: 100px !important;padding-left: 100px !important;}&#8221;][vc_column width=&#8221;1\/2&#8243;][vc_column_text]<\/p>\n<h1>Produits<\/h1>\n<p>[\/vc_column_text][\/vc_column][vc_column width=&#8221;1\/2&#8243;][\/vc_column][\/vc_row][vc_row full_width=&#8221;stretch_row_content_no_spaces&#8221; content_placement=&#8221;bottom&#8221; css=&#8221;.vc_custom_1572535341724{padding-top: 0px !important;padding-bottom: 100px !important;background-position: 0 0 !important;background-repeat: no-repeat !important;}&#8221; el_class=&#8221;hometopfotorij&#8221;][vc_column][\/vc_column][\/vc_row][vc_row full_width=&#8221;stretch_row&#8221; css=&#8221;.vc_custom_1572535350920{background-color: #f1f1f1 !important;}&#8221;][vc_column][vc_column_text el_class=&#8221;montbreadcrumbs&#8221; css=&#8221;.vc_custom_1569318576735{padding-right: 100px !important;padding-left: 100px !important;}&#8221;]<nav aria-label=\"breadcrumbs\" class=\"rank-math-breadcrumb\"><p><span class=\"last\">Home<\/span><\/p><\/nav>[\/vc_column_text][\/vc_column][\/vc_row][\/vc_section][vc_section full_width=&#8221;stretch_row&#8221; el_class=&#8221;textcomp&#8221;][vc_row][vc_column][vc_column_text]Le Bristle Blaster<sup>\u00ae<\/sup> de MontiPower<sup>\u00ae<\/sup> \u00e9tait et est encore une avanc\u00e9e r\u00e9volutionnaire lors du &#8216;grenaillage sans grain&#8217;. Les caract\u00e9ristiques brevet\u00e9es du Bristle Blaster<sup>\u00ae<\/sup> sont la base de nos nouveaux produits machines qui sont d\u00e9sormais utilis\u00e9es pour diff\u00e9rents march\u00e9s.[\/vc_column_text][\/vc_column][\/vc_row][vc_row][vc_column][vc_column_text]Nous avons la solution adapt\u00e9e \u00e0 votre probl\u00e8me. Que vous ayez besoin d\u2019un outil motoris\u00e9 pour l\u2019industrie automobile, ou d\u2019une machine motoris\u00e9e offshore, nous avons ce dont vous avez besoin.<\/p>\n<p>Depuis le secteur maritime, depuis la mobilit\u00e9 jusqu\u2019aux infrastructures, nous avons des solutions pour tous les secteurs. En faisant partie de MontiPower<sup>\u00ae<\/sup>, vous pouvez r\u00e9soudre chaque jour des d\u00e9fis complexes. Explorez nos <a href=\"https:\/\/montipower.com\/fr\/clientele\/\" target=\"_blank\" rel=\"noopener\">march\u00e9s<\/a> pour en d\u00e9couvrir plus.[\/vc_column_text][\/vc_column][\/vc_row][vc_row css=&#8221;.vc_custom_1572353854868{padding-right: 50px !important;padding-left: 50px !important;}&#8221;][vc_column][vc_row_inner][vc_column_inner width=&#8221;1\/3&#8243;][vc_btn title=&#8221;Outils motorises&#8221; style=&#8221;classic&#8221; shape=&#8221;square&#8221; size=&#8221;lg&#8221; align=&#8221;center&#8221; button_block=&#8221;true&#8221; link=&#8221;url:https%3A%2F%2Fmontipower.com%2Ffr%2Fproduits%2Foutils-motorises%2F|title:powertools&#8221; el_class=&#8221;solutions-button&#8221;][\/vc_column_inner][vc_column_inner width=&#8221;1\/3&#8243;][vc_btn title=&#8221;Courroies abrasives&#8221; style=&#8221;classic&#8221; shape=&#8221;square&#8221; size=&#8221;lg&#8221; align=&#8221;center&#8221; button_block=&#8221;true&#8221; link=&#8221;url:https%3A%2F%2Fmontipower.com%2Ffr%2Fproduits%2Fcourroies-abrasives%2F|title:abrasive%20belts&#8221; el_class=&#8221;solutions-button&#8221;][\/vc_column_inner][vc_column_inner width=&#8221;1\/3&#8243;][vc_btn title=&#8221;Machines a moteur&#8221; style=&#8221;classic&#8221; shape=&#8221;square&#8221; size=&#8221;lg&#8221; align=&#8221;center&#8221; button_block=&#8221;true&#8221; link=&#8221;url:https%3A%2F%2Fmontipower.com%2Ffr%2Fproduits%2Fmachines-motorisees%2F|title:power%20machines&#8221; el_class=&#8221;solutions-button&#8221;][\/vc_column_inner][\/vc_row_inner][vc_row_inner][vc_column_inner width=&#8221;1\/3&#8243;][vc_btn title=&#8221;accessoires pour l&#8217;air propre&#8221; style=&#8221;classic&#8221; shape=&#8221;square&#8221; size=&#8221;lg&#8221; align=&#8221;center&#8221; button_block=&#8221;true&#8221; link=&#8221;url:https%3A%2F%2Fmontipower.com%2Ffr%2Fproduits%2Faccessoires-pour-lair-propre%2F|title:Accessoires&#8221; el_class=&#8221;solutions-button&#8221;][\/vc_column_inner][vc_column_inner width=&#8221;1\/3&#8243;][vc_btn title=&#8221;pieces de rechange&#8221; style=&#8221;classic&#8221; shape=&#8221;square&#8221; size=&#8221;lg&#8221; align=&#8221;center&#8221; button_block=&#8221;true&#8221; link=&#8221;url:https%3A%2F%2Fmontipower.com%2Ffr%2Fproduits%2Fpieces-de-rechange%2F|title:spare%20parts&#8221; el_class=&#8221;solutions-button&#8221;][\/vc_column_inner][vc_column_inner width=&#8221;1\/3&#8243;][\/vc_column_inner][\/vc_row_inner][\/vc_column][\/vc_row][\/vc_section][vc_section css=&#8221;.vc_custom_1569500364650{padding-top: 40px !important;}&#8221;][vc_row gap=&#8221;35&#8243; content_placement=&#8221;middle&#8221; css=&#8221;.vc_custom_1569500430462{margin-right: 100px !important;margin-left: 100px !important;padding-bottom: 80px !important;background-color: #ffffff !important;}&#8221;][vc_column width=&#8221;1\/2&#8243; css=&#8221;.vc_custom_1569498569540{padding-top: 0px !important;}&#8221;][vc_single_image image=&#8221;4646&#8243; img_size=&#8221;730&#215;596&#8243; el_class=&#8221;uitgelichtfoto&#8221;][\/vc_column][vc_column width=&#8221;1\/2&#8243;][vc_column_text]<\/p>\n<h3>Outils motorises<\/h3>\n<p>Le seul outil motoris\u00e9 manuel au monde qui peut &#8220;grenailler au sable&#8221;. La technologie brevet\u00e9e \u00e9limine rapidement et minutieusement la corrosion et les rev\u00eatements.[\/vc_column_text][vc_btn title=&#8221;Outils motorises&#8221; style=&#8221;classic&#8221; shape=&#8221;square&#8221; align=&#8221;left&#8221; link=&#8221;url:https%3A%2F%2Fmontipower.com%2Ffr%2Fproduits%2Foutils-motorises%2F|title:Powertools&#8221; el_class=&#8221;uitgelichtebutton&#8221;][\/vc_column][\/vc_row][\/vc_section][vc_section el_class=&#8221;featurright&#8221;][vc_row gap=&#8221;35&#8243; content_placement=&#8221;middle&#8221; css=&#8221;.vc_custom_1572357743837{background-color: #ffffff !important;}&#8221;][vc_column width=&#8221;1\/2&#8243;][vc_column_text]<\/p>\n<h3>Courroies abrasives<\/h3>\n<p>Suivant le type de travail, il existe tous les types de courroies.<br \/>\nChoisissez votre courroie judicieusement.[\/vc_column_text][vc_btn title=&#8221;Courroies&#8221; style=&#8221;classic&#8221; shape=&#8221;square&#8221; align=&#8221;left&#8221; link=&#8221;url:https%3A%2F%2Fmontipower.com%2Ffr%2Fproduits%2Fcourroies-abrasives%2F|title:belts&#8221; el_class=&#8221;uitgelichtebutton&#8221;][\/vc_column][vc_column width=&#8221;1\/2&#8243; css=&#8221;.vc_custom_1569498569540{padding-top: 0px !important;}&#8221;][vc_single_image image=&#8221;5763&#8243; img_size=&#8221;730&#215;596&#8243; el_class=&#8221;uitgelichtfotoright&#8221;][\/vc_column][\/vc_row][\/vc_section][vc_section css=&#8221;.vc_custom_1569500364650{padding-top: 40px !important;}&#8221;][vc_row gap=&#8221;35&#8243; content_placement=&#8221;middle&#8221; css=&#8221;.vc_custom_1569500430462{margin-right: 100px !important;margin-left: 100px !important;padding-bottom: 80px !important;background-color: #ffffff !important;}&#8221;][vc_column width=&#8221;1\/2&#8243; css=&#8221;.vc_custom_1569498569540{padding-top: 0px !important;}&#8221;][vc_single_image image=&#8221;4652&#8243; img_size=&#8221;730&#215;596&#8243; el_class=&#8221;uitgelichtfoto&#8221;][\/vc_column][vc_column width=&#8221;1\/2&#8243;][vc_column_text]<\/p>\n<h3>Machines a moteur<\/h3>\n<p>Les caract\u00e9ristiques brevet\u00e9es du Bristle Blaster<sup>\u00ae<\/sup> sont la base de nos nouvelles machines \u00e0 moteur et de nos innovations qui sont d\u00e9sormais utilis\u00e9es pour diff\u00e9rents march\u00e9s.[\/vc_column_text][vc_btn title=&#8221;Machines motorisees&#8221; style=&#8221;classic&#8221; shape=&#8221;square&#8221; align=&#8221;left&#8221; link=&#8221;url:https%3A%2F%2Fmontipower.com%2Ffr%2Fproduits%2Fmachines-motorisees%2F|title:power%20machines&#8221; el_class=&#8221;uitgelichtebutton&#8221;][\/vc_column][\/vc_row][\/vc_section][vc_section el_class=&#8221;featurright&#8221;][vc_row gap=&#8221;35&#8243; content_placement=&#8221;middle&#8221; css=&#8221;.vc_custom_1572357743837{background-color: #ffffff !important;}&#8221;][vc_column width=&#8221;1\/2&#8243;][vc_column_text]<\/p>\n<h3>Accessoires pour<br \/>\nl&#8217;air propre<\/h3>\n<p><span style=\"font-weight: 400;\">Via notre partenaire CAS Alliance, nous pouvons assistez vos solutions d\u2019aspiration de secours ou gr\u00e2ce aux solutions avec le principe \u2018Venturi\u2019 pour les outils MBX<sup>\u00ae<\/sup> pneumatiques.<\/span>[\/vc_column_text][vc_btn title=&#8221;accessoires&#8221; style=&#8221;classic&#8221; shape=&#8221;square&#8221; align=&#8221;left&#8221; link=&#8221;url:https%3A%2F%2Fmontipower.com%2Ffr%2Fproduits%2Faccessoires-pour-lair-propre%2F|title:accessoires&#8221; el_class=&#8221;uitgelichtebutton&#8221;][\/vc_column][vc_column width=&#8221;1\/2&#8243; css=&#8221;.vc_custom_1569498569540{padding-top: 0px !important;}&#8221;][vc_single_image image=&#8221;44895&#8243; img_size=&#8221;730&#215;596&#8243; el_class=&#8221;uitgelichtfotoright&#8221;][\/vc_column][\/vc_row][\/vc_section][vc_section css=&#8221;.vc_custom_1569500364650{padding-top: 40px !important;}&#8221;][vc_row gap=&#8221;35&#8243; content_placement=&#8221;middle&#8221; css=&#8221;.vc_custom_1569500430462{margin-right: 100px !important;margin-left: 100px !important;padding-bottom: 80px !important;background-color: #ffffff !important;}&#8221;][vc_column width=&#8221;1\/2&#8243; css=&#8221;.vc_custom_1569498569540{padding-top: 0px !important;}&#8221;][vc_single_image image=&#8221;5766&#8243; img_size=&#8221;730&#215;596&#8243; el_class=&#8221;uitgelichtfoto&#8221;][\/vc_column][vc_column width=&#8221;1\/2&#8243;][vc_column_text]<\/p>\n<h3>Pieces de rechange<\/h3>\n<p>Non seulement les pi\u00e8ces de rechange des chargeurs et batteries CAS, mais \u00e9galement les pi\u00e8ces correspondant \u00e0 tous outils motoris\u00e9s de la qualit\u00e9 MontiPower<sup>\u00ae<\/sup>.[\/vc_column_text][vc_btn title=&#8221;pieces de rechange&#8221; style=&#8221;classic&#8221; shape=&#8221;square&#8221; align=&#8221;left&#8221; link=&#8221;url:https%3A%2F%2Fmontipower.com%2Ffr%2Fproduits%2Fpieces-de-rechange%2F|title:spare%20parts&#8221; el_class=&#8221;uitgelichtebutton&#8221;][\/vc_column][\/vc_row][\/vc_section]<\/p>\n<\/div>","protected":false},"excerpt":{"rendered":"<p>[vc_section full_width=&#8221;stretch_row&#8221; content_placement=&#8221;bottom&#8221; css=&#8221;.vc_custom_1569320141112{padding-top: 30px !important;padding-bottom: 0px !important;background-color: #ff1212 !important;background-position: center &#8230; <\/p>\n","protected":false},"author":11,"featured_media":6065,"parent":0,"menu_order":0,"comment_status":"closed","ping_status":"open","template":"","meta":{"_acf_changed":false,"footnotes":""},"acf":[],"_links":{"self":[{"href":"https:\/\/montipower-ontwikkel.com\/fr\/wp-json\/wp\/v2\/pages\/10227"}],"collection":[{"href":"https:\/\/montipower-ontwikkel.com\/fr\/wp-json\/wp\/v2\/pages"}],"about":[{"href":"https:\/\/montipower-ontwikkel.com\/fr\/wp-json\/wp\/v2\/types\/page"}],"author":[{"embeddable":true,"href":"https:\/\/montipower-ontwikkel.com\/fr\/wp-json\/wp\/v2\/users\/11"}],"replies":[{"embeddable":true,"href":"https:\/\/montipower-ontwikkel.com\/fr\/wp-json\/wp\/v2\/comments?post=10227"}],"version-history":[{"count":8,"href":"https:\/\/montipower-ontwikkel.com\/fr\/wp-json\/wp\/v2\/pages\/10227\/revisions"}],"predecessor-version":[{"id":44902,"href":"https:\/\/montipower-ontwikkel.com\/fr\/wp-json\/wp\/v2\/pages\/10227\/revisions\/44902"}],"wp:featuredmedia":[{"embeddable":true,"href":"https:\/\/montipower-ontwikkel.com\/fr\/wp-json\/wp\/v2\/media\/6065"}],"wp:attachment":[{"href":"https:\/\/montipower-ontwikkel.com\/fr\/wp-json\/wp\/v2\/media?parent=10227"}],"curies":[{"name":"wp","href":"https:\/\/api.w.org\/{rel}","templated":true}]}}