{"id":10180,"date":"2020-06-04T10:28:49","date_gmt":"2020-06-04T08:28:49","guid":{"rendered":"https:\/\/monti.la-compagnie.digital\/service-assistance\/memberships\/"},"modified":"2023-07-10T15:54:14","modified_gmt":"2023-07-10T13:54:14","slug":"adhesions","status":"publish","type":"page","link":"https:\/\/montipower-ontwikkel.com\/fr\/service-assistance\/adhesions\/","title":{"rendered":"Adh\u00e9sions"},"content":{"rendered":"<div class=\"wpb-content-wrapper\"><p>[vc_section full_width=&#8221;stretch_row&#8221; content_placement=&#8221;bottom&#8221; css=&#8221;.vc_custom_1569320141112{padding-top: 30px !important;padding-bottom: 0px !important;background-color: #ff1212 !important;background-position: center !important;background-repeat: no-repeat !important;background-size: cover !important;}&#8221; el_class=&#8221;topbig&#8221;][vc_row css=&#8221;.vc_custom_1569318223776{padding-right: 100px !important;padding-left: 100px !important;}&#8221;][vc_column width=&#8221;1\/2&#8243;][vc_column_text]<\/p>\n<h1><span style=\"font-weight: 400;\">Adh\u00e9sions<\/span><\/h1>\n<p>[\/vc_column_text][\/vc_column][vc_column width=&#8221;1\/2&#8243;][\/vc_column][\/vc_row][vc_row full_width=&#8221;stretch_row_content_no_spaces&#8221; content_placement=&#8221;bottom&#8221; css=&#8221;.vc_custom_1572526136907{padding-top: 0px !important;padding-bottom: 100px !important;background-position: 0 0 !important;background-repeat: no-repeat !important;}&#8221; el_class=&#8221;hometopfotorij&#8221;][vc_column][\/vc_column][\/vc_row][vc_row full_width=&#8221;stretch_row&#8221; css=&#8221;.vc_custom_1572525974229{background-color: #f1f1f1 !important;}&#8221;][vc_column][vc_column_text el_class=&#8221;montbreadcrumbs&#8221; css=&#8221;.vc_custom_1569318576735{padding-right: 100px !important;padding-left: 100px !important;}&#8221;]<nav aria-label=\"breadcrumbs\" class=\"rank-math-breadcrumb\"><p><span class=\"last\">Home<\/span><\/p><\/nav>[\/vc_column_text][\/vc_column][\/vc_row][\/vc_section][vc_section full_width=&#8221;stretch_row&#8221; el_class=&#8221;textcomp&#8221;][vc_row][vc_column][vc_column_text]<strong>MontiPower<sup>\u00ae<\/sup> est membre des organisations suivantes:<\/strong>[\/vc_column_text][\/vc_column][\/vc_row][vc_row][vc_column width=&#8221;1\/3&#8243;][vc_single_image image=&#8221;43832&#8243; img_size=&#8221;450&#215;350&#8243; alignment=&#8221;center&#8221; style=&#8221;vc_box_shadow&#8221; onclick=&#8221;custom_link&#8221; img_link_target=&#8221;_blank&#8221; link=&#8221;http:\/\/www.iploca.com&#8221;][vc_column_text]<strong><span style=\"color: #333333;\"><a style=\"color: #333333;\" href=\"http:\/\/www.iploca.com\" target=\"_blank\" rel=\"noopener noreferrer\">IPLOCA<\/a><\/span> \u2013 International Pipe Line &amp; Offshore Contractors Association<\/strong>[\/vc_column_text][\/vc_column][vc_column width=&#8221;1\/3&#8243;][vc_single_image image=&#8221;43851&#8243; img_size=&#8221;450&#215;350&#8243; alignment=&#8221;center&#8221; style=&#8221;vc_box_shadow&#8221; onclick=&#8221;custom_link&#8221; img_link_target=&#8221;_blank&#8221; link=&#8221;https:\/\/www.ampp.org\/home&#8221;][vc_column_text]<strong><span style=\"color: #333333;\"><a style=\"color: #333333;\" href=\"https:\/\/www.ampp.org\/home\" target=\"_blank\" rel=\"noopener noreferrer\">AMPP<\/a><\/span> \u2013 L&#8217;entreprise commune de la NACE et de la SSPC<br \/>\n<\/strong>[\/vc_column_text][\/vc_column][vc_column width=&#8221;1\/3&#8243;][vc_single_image image=&#8221;43948&#8243; img_size=&#8221;450&#215;350&#8243; alignment=&#8221;center&#8221; style=&#8221;vc_box_shadow&#8221; onclick=&#8221;custom_link&#8221; img_link_target=&#8221;_blank&#8221; link=&#8221;https:\/\/nnow.nl\/en\/members\/&#8221;][vc_column_text]<strong><span style=\"color: #333333;\"><a style=\"color: #333333;\" href=\"https:\/\/nnow.nl\/en\/members\/\" target=\"_blank\" rel=\"noopener noreferrer\">NNOW<\/a><\/span> \u2013 Northern Netherlands Offshore Wind<\/strong>[\/vc_column_text][\/vc_column][\/vc_row][vc_row][vc_column width=&#8221;1\/3&#8243;][vc_single_image image=&#8221;43941&#8243; img_size=&#8221;450&#215;350&#8243; alignment=&#8221;center&#8221; style=&#8221;vc_box_shadow&#8221; onclick=&#8221;custom_link&#8221; img_link_target=&#8221;_blank&#8221; link=&#8221;http:\/\/www.itanks.eu&#8221;][vc_column_text]<strong><span style=\"color: #333333;\"><a style=\"color: #333333;\" href=\"http:\/\/www.itanks.eu\" target=\"_blank\" rel=\"noopener\">ITANKS<\/a> \u2013 Le plus grand r\u00e9seau industriel innovant des Pays-Bas.<br \/>\n<\/span><\/strong>[\/vc_column_text][\/vc_column][vc_column width=&#8221;1\/3&#8243;][vc_single_image image=&#8221;43927&#8243; img_size=&#8221;450&#215;350&#8243; alignment=&#8221;center&#8221; style=&#8221;vc_box_shadow&#8221; onclick=&#8221;custom_link&#8221; img_link_target=&#8221;_blank&#8221; link=&#8221;http:\/\/www.nen.nl&#8221;][vc_column_text]<strong><span style=\"color: #333333;\"><a style=\"color: #333333;\" href=\"http:\/\/www.nen.nl\" target=\"_blank\" rel=\"noopener noreferrer\">NEN-ISO<\/a><\/span><\/strong>[\/vc_column_text][\/vc_column][vc_column width=&#8221;1\/3&#8243;][vc_single_image image=&#8221;43895&#8243; img_size=&#8221;450&#215;350&#8243; alignment=&#8221;center&#8221; style=&#8221;vc_box_shadow&#8221; onclick=&#8221;custom_link&#8221; img_link_target=&#8221;_blank&#8221; link=&#8221;http:\/\/www.frosio.no&#8221;][vc_column_text]<strong><span style=\"color: #333333;\"><a style=\"color: #333333;\" href=\"http:\/\/www.frosio.no\" target=\"_blank\" rel=\"noopener noreferrer\">FROSIO<\/a><\/span> \u2013 Un organisme de certification de premier plan pour les inspecteurs de traitement de surface et d&#8217;isolation<br \/>\n<\/strong>[\/vc_column_text][\/vc_column][\/vc_row][vc_row][vc_column width=&#8221;1\/3&#8243;][vc_single_image image=&#8221;43907&#8243; img_size=&#8221;450&#215;350&#8243; alignment=&#8221;center&#8221; style=&#8221;vc_box_shadow&#8221; onclick=&#8221;custom_link&#8221; img_link_target=&#8221;_blank&#8221; link=&#8221;https:\/\/gfkorr.de\/&#8221;][vc_column_text]<strong><span style=\"color: #333333;\"><a style=\"color: #333333;\" href=\"http:\/\/www.gfkorr.de\" target=\"_blank\" rel=\"noopener noreferrer\">GfKorr<\/a><\/span> \u2013 Soci\u00e9t\u00e9 pour la protection contre la corrosion e.V.<br \/>\n<\/strong>[\/vc_column_text][\/vc_column][vc_column width=&#8221;1\/3&#8243;][vc_single_image image=&#8221;43920&#8243; img_size=&#8221;450&#215;350&#8243; alignment=&#8221;center&#8221; style=&#8221;vc_box_shadow&#8221; onclick=&#8221;custom_link&#8221; img_link_target=&#8221;_blank&#8221; link=&#8221;http:\/\/www.din.de&#8221;][vc_column_text]<strong><span style=\"color: #333333;\"><a style=\"color: #333333;\" href=\"http:\/\/www.din.de\" target=\"_blank\" rel=\"noopener noreferrer\">DIN-ISO<\/a><\/span><\/strong>[\/vc_column_text][\/vc_column][vc_column width=&#8221;1\/3&#8243;][vc_single_image image=&#8221;43886&#8243; img_size=&#8221;450&#215;350&#8243; alignment=&#8221;center&#8221; style=&#8221;vc_box_shadow&#8221; onclick=&#8221;custom_link&#8221; img_link_target=&#8221;_blank&#8221; link=&#8221;http:\/\/www.eurocorr.org&#8221;][vc_column_text]<strong><span style=\"color: #333333;\"><a style=\"color: #333333;\" href=\"http:\/\/www.eurocorr.org\" target=\"_blank\" rel=\"noopener noreferrer\">EUROCORR<\/a>\u00a0<\/span>\u2013 Le congr\u00e8s annuel de la F\u00e9d\u00e9ration europ\u00e9enne de la corrosion<br \/>\n<\/strong>[\/vc_column_text][\/vc_column][\/vc_row][vc_row][vc_column width=&#8221;1\/3&#8243;][vc_single_image image=&#8221;43933&#8243; img_size=&#8221;450&#215;350&#8243; alignment=&#8221;center&#8221; style=&#8221;vc_box_shadow&#8221; onclick=&#8221;custom_link&#8221; img_link_target=&#8221;_blank&#8221; link=&#8221;https:\/\/www.iro-online.de\/home_1.html&#8221;][vc_column_text]<strong><span style=\"color: #333333;\"><a style=\"color: #333333;\" href=\"https:\/\/www.iro-online.de\/home_1.html\" target=\"_blank\" rel=\"noopener noreferrer\">IRO<\/a> \u2013 L&#8217;Institut pour la construction de tuyauteries \u00e0 l&#8217;Universit\u00e9 des sciences appliqu\u00e9es d&#8217;Oldenburg e.V.<\/span><\/strong>[\/vc_column_text][\/vc_column][vc_column width=&#8221;1\/3&#8243;][vc_single_image image=&#8221;44679&#8243; img_size=&#8221;450&#215;350&#8243; alignment=&#8221;center&#8221; style=&#8221;vc_box_shadow&#8221; onclick=&#8221;custom_link&#8221; img_link_target=&#8221;_blank&#8221; link=&#8221;https:\/\/pinsel-buersten.de\/&#8221;][vc_column_text]<strong><span style=\"color: #333333;\"><a style=\"color: #333333;\" href=\"https:\/\/pinsel-buersten.de\/\" target=\"_blank\" rel=\"noopener noreferrer\">Verband der Deutschen Pinsel- und B\u00fcrstenhersteller e.V.<\/a> \u2013 Association des fabricants allemands de pinceaux et de brosses e.V.<\/span><\/strong>[\/vc_column_text][\/vc_column][vc_column width=&#8221;1\/3&#8243;][\/vc_column][\/vc_row][\/vc_section]<\/p>\n<\/div>","protected":false},"excerpt":{"rendered":"<p>[vc_section full_width=&#8221;stretch_row&#8221; content_placement=&#8221;bottom&#8221; css=&#8221;.vc_custom_1569320141112{padding-top: 30px !important;padding-bottom: 0px !important;background-color: #ff1212 !important;background-position: center &#8230; <\/p>\n","protected":false},"author":3,"featured_media":0,"parent":10167,"menu_order":0,"comment_status":"closed","ping_status":"closed","template":"","meta":{"_acf_changed":false,"footnotes":""},"acf":[],"_links":{"self":[{"href":"https:\/\/montipower-ontwikkel.com\/fr\/wp-json\/wp\/v2\/pages\/10180"}],"collection":[{"href":"https:\/\/montipower-ontwikkel.com\/fr\/wp-json\/wp\/v2\/pages"}],"about":[{"href":"https:\/\/montipower-ontwikkel.com\/fr\/wp-json\/wp\/v2\/types\/page"}],"author":[{"embeddable":true,"href":"https:\/\/montipower-ontwikkel.com\/fr\/wp-json\/wp\/v2\/users\/3"}],"replies":[{"embeddable":true,"href":"https:\/\/montipower-ontwikkel.com\/fr\/wp-json\/wp\/v2\/comments?post=10180"}],"version-history":[{"count":6,"href":"https:\/\/montipower-ontwikkel.com\/fr\/wp-json\/wp\/v2\/pages\/10180\/revisions"}],"predecessor-version":[{"id":44687,"href":"https:\/\/montipower-ontwikkel.com\/fr\/wp-json\/wp\/v2\/pages\/10180\/revisions\/44687"}],"up":[{"embeddable":true,"href":"https:\/\/montipower-ontwikkel.com\/fr\/wp-json\/wp\/v2\/pages\/10167"}],"wp:attachment":[{"href":"https:\/\/montipower-ontwikkel.com\/fr\/wp-json\/wp\/v2\/media?parent=10180"}],"curies":[{"name":"wp","href":"https:\/\/api.w.org\/{rel}","templated":true}]}}