{"id":10176,"date":"2019-09-25T13:48:03","date_gmt":"2019-09-25T11:48:03","guid":{"rendered":"https:\/\/monti.la-compagnie.digital\/service-assistance\/cleantech-services\/"},"modified":"2021-04-24T20:20:24","modified_gmt":"2021-04-24T18:20:24","slug":"services-cleantech-en-main","status":"publish","type":"page","link":"https:\/\/montipower-ontwikkel.com\/fr\/service-assistance\/services-cleantech-en-main\/","title":{"rendered":"Services Cleantech en main"},"content":{"rendered":"<div class=\"wpb-content-wrapper\"><p>[vc_section full_width=&#8221;stretch_row&#8221; content_placement=&#8221;bottom&#8221; css=&#8221;.vc_custom_1594125607120{padding-top: 30px !important;padding-bottom: 0px !important;background: #ff1212 url(https:\/\/montipower.com\/wp-content\/uploads\/2019\/12\/MONTI_Caddy_Zwart_1923x610px.jpg?id=4161) !important;background-position: center !important;background-repeat: no-repeat !important;background-size: cover !important;}&#8221; el_class=&#8221;topbig&#8221;][vc_row css=&#8221;.vc_custom_1569318223776{padding-right: 100px !important;padding-left: 100px !important;}&#8221;][vc_column width=&#8221;1\/2&#8243;][vc_column_text]<\/p>\n<h1><span style=\"font-weight: 400;\">Services Cleantech<br \/>\n<\/span><span style=\"font-weight: 400;\">en main<\/span><\/h1>\n<p>[\/vc_column_text][\/vc_column][vc_column width=&#8221;1\/2&#8243;][\/vc_column][\/vc_row][vc_row full_width=&#8221;stretch_row_content_no_spaces&#8221; content_placement=&#8221;bottom&#8221; css=&#8221;.vc_custom_1572526136907{padding-top: 0px !important;padding-bottom: 100px !important;background-position: 0 0 !important;background-repeat: no-repeat !important;}&#8221; el_class=&#8221;hometopfotorij&#8221;][vc_column][\/vc_column][\/vc_row][vc_row full_width=&#8221;stretch_row&#8221; css=&#8221;.vc_custom_1572525974229{background-color: #f1f1f1 !important;}&#8221;][vc_column][vc_column_text el_class=&#8221;montbreadcrumbs&#8221; css=&#8221;.vc_custom_1569318576735{padding-right: 100px !important;padding-left: 100px !important;}&#8221;]<nav aria-label=\"breadcrumbs\" class=\"rank-math-breadcrumb\"><p><span class=\"last\">Home<\/span><\/p><\/nav>[\/vc_column_text][\/vc_column][\/vc_row][\/vc_section][vc_section full_width=&#8221;stretch_row&#8221; el_class=&#8221;textcomp&#8221;][vc_row][vc_column][vc_column_text el_class=&#8221;intro&#8221;]<\/p>\n<h2><span style=\"font-weight: 400;\">NORMES NACE, ISO ET SSPC<\/span><\/h2>\n<p>[\/vc_column_text][vc_column_text]<span style=\"font-weight: 400;\">Nos Services Bristle Blasting peuvent pr\u00e9parer la surface et \u00e9liminer le rev\u00eatement qui r\u00e9pond aux normes NACE, ISO et SSPC, pour un niveau de propret\u00e9 de l\u2019acier grenaill\u00e9. Ceci inclut le grenaillage des m\u00e9taux presque blancs et des m\u00e9taux blancs.<\/span><\/p>\n<p><span style=\"font-weight: 400;\">Avec les Solutions Cleantech qui pr\u00e9sentent des oscillations plus larges, telles que Quattro (Q4) et le Cleantech Prepper<sup>\u00ae<\/sup>, nous pouvons cr\u00e9er un mod\u00e8le de profil d\u2019ancrage qui r\u00e9pond aux demandes d\u2019adh\u00e9rence et de r\u00e9sistance \u00e0 la corrosion pour votre choix d\u2019amorce, telles que le zinc, l\u2019\u00e9poxy, le butyle, le zinc vaporis\u00e9 ou le TSA. Les technologies avec oscillations \u00e9liminent l\u2019op\u00e9ration manuelle et peuvent \u00eatre utilis\u00e9es presque de partout, par exemple dans des espaces ferm\u00e9s ou dans des endroits qui ont besoin de moins de confinement que lors du grenaillage \u00e0 grain. Comme le Bristle Blasting oscillant n\u2019\u00e9met pas de poussi\u00e8re et n\u2019utilise pas d\u2019eau, les entrepreneurs peuvent gagner du temps et de l\u2019argent sur le nettoyage et le confinement.<\/span>[\/vc_column_text][vc_column_text]<\/p>\n<h3><span style=\"font-weight: 400;\">TELECHARGEMENTS<\/span><\/h3>\n<p><a href=\"https:\/\/heyzine.com\/flip-book\/59ec2dfc12.html\" target=\"_blank\" rel=\"noopener noreferrer\">Bristle Blaster<sup>\u00ae<\/sup> Subsea Leaflet<\/a><\/p>\n<p><a href=\"https:\/\/heyzine.com\/flip-book\/43cb135d28.html\" target=\"_blank\" rel=\"noopener noreferrer\">Leaflet Cleantech Prepper<sup>\u00ae<\/sup> 2019<\/a>[\/vc_column_text][\/vc_column][\/vc_row][\/vc_section][vc_row][vc_column][vc_single_image image=&#8221;2538&#8243; img_size=&#8221;large&#8221; alignment=&#8221;center&#8221;][\/vc_column][\/vc_row][vc_section el_class=&#8221;productdetail&#8221;][vc_row css=&#8221;.vc_custom_1572353854868{padding-right: 50px !important;padding-left: 50px !important;}&#8221;][vc_column][vc_column_text]<\/p>\n<h2 style=\"text-align: center;\"><span style=\"font-weight: 400;\">DECOUVREZ NOS PRODUITS<\/span><\/h2>\n<p>[\/vc_column_text][vc_row_inner][vc_column_inner width=&#8221;1\/2&#8243;][vc_btn title=&#8221;Prepper<sup>\u00ae<\/sup> Q10&#8243; style=&#8221;classic&#8221; shape=&#8221;square&#8221; size=&#8221;lg&#8221; align=&#8221;center&#8221; button_block=&#8221;true&#8221; link=&#8221;url:https%3A%2F%2Fmontipower.com%2Ffr%2Fproduits%2Fmachines-motorisees%2Fprepper-q10-operations-de-fixation%2F|title:Prepper%20Q10|target:_blank&#8221; el_class=&#8221;solutions-button&#8221;][\/vc_column_inner][vc_column_inner width=&#8221;1\/2&#8243;][vc_btn title=&#8221;Prepper<sup>\u00ae<\/sup> Q4&#8243; style=&#8221;classic&#8221; shape=&#8221;square&#8221; size=&#8221;lg&#8221; align=&#8221;center&#8221; button_block=&#8221;true&#8221; link=&#8221;url:https%3A%2F%2Fmontipower.com%2Ffr%2Fproduits%2Fmachines-motorisees%2Fquattro-4%2F|title:Prepper%20Q4|target:_blank&#8221; el_class=&#8221;solutions-button&#8221;][\/vc_column_inner][\/vc_row_inner][\/vc_column][\/vc_row][\/vc_section][vc_section el_class=&#8221;productdetail&#8221;][vc_row][vc_column][vc_video link=&#8221;https:\/\/www.youtube.com\/watch?v=wlYIuo3JuMc&#8221; el_width=&#8221;90&#8243; align=&#8221;center&#8221; css_animation=&#8221;fadeIn&#8221;][\/vc_column][\/vc_row][\/vc_section]<\/p>\n<\/div>","protected":false},"excerpt":{"rendered":"<p>[vc_section full_width=&#8221;stretch_row&#8221; content_placement=&#8221;bottom&#8221; css=&#8221;.vc_custom_1594125607120{padding-top: 30px !important;padding-bottom: 0px !important;background: #ff1212 url(https:\/\/montipower.com\/wp-content\/uploads\/2019\/12\/MONTI_Caddy_Zwart_1923x610px.jpg?id=4161) !important;background-position: &#8230; <\/p>\n","protected":false},"author":3,"featured_media":0,"parent":10167,"menu_order":0,"comment_status":"closed","ping_status":"closed","template":"","meta":{"_acf_changed":false,"footnotes":""},"acf":[],"_links":{"self":[{"href":"https:\/\/montipower-ontwikkel.com\/fr\/wp-json\/wp\/v2\/pages\/10176"}],"collection":[{"href":"https:\/\/montipower-ontwikkel.com\/fr\/wp-json\/wp\/v2\/pages"}],"about":[{"href":"https:\/\/montipower-ontwikkel.com\/fr\/wp-json\/wp\/v2\/types\/page"}],"author":[{"embeddable":true,"href":"https:\/\/montipower-ontwikkel.com\/fr\/wp-json\/wp\/v2\/users\/3"}],"replies":[{"embeddable":true,"href":"https:\/\/montipower-ontwikkel.com\/fr\/wp-json\/wp\/v2\/comments?post=10176"}],"version-history":[{"count":5,"href":"https:\/\/montipower-ontwikkel.com\/fr\/wp-json\/wp\/v2\/pages\/10176\/revisions"}],"predecessor-version":[{"id":11524,"href":"https:\/\/montipower-ontwikkel.com\/fr\/wp-json\/wp\/v2\/pages\/10176\/revisions\/11524"}],"up":[{"embeddable":true,"href":"https:\/\/montipower-ontwikkel.com\/fr\/wp-json\/wp\/v2\/pages\/10167"}],"wp:attachment":[{"href":"https:\/\/montipower-ontwikkel.com\/fr\/wp-json\/wp\/v2\/media?parent=10176"}],"curies":[{"name":"wp","href":"https:\/\/api.w.org\/{rel}","templated":true}]}}