{"id":10156,"date":"2019-10-01T10:15:25","date_gmt":"2019-10-01T08:15:25","guid":{"rendered":"https:\/\/monti.la-compagnie.digital\/propos\/care-for-steel-protection\/"},"modified":"2021-04-24T20:20:24","modified_gmt":"2021-04-24T18:20:24","slug":"soin-protection-acier","status":"publish","type":"page","link":"https:\/\/montipower-ontwikkel.com\/fr\/propos\/soin-protection-acier\/","title":{"rendered":"Prendre soin de la protection l&#8217;Acier"},"content":{"rendered":"<div class=\"wpb-content-wrapper\"><p>[vc_section full_width=&#8221;stretch_row&#8221; content_placement=&#8221;bottom&#8221; css=&#8221;.vc_custom_1592819935490{padding-top: 30px !important;padding-bottom: 0px !important;background: #ff1212 url(https:\/\/montipower.com\/wp-content\/uploads\/2019\/10\/Pipeline_Rust_72dpi-1.jpg?id=3462) !important;background-position: center !important;background-repeat: no-repeat !important;background-size: cover !important;}&#8221; el_class=&#8221;topbig&#8221;][vc_row css=&#8221;.vc_custom_1569318223776{padding-right: 100px !important;padding-left: 100px !important;}&#8221;][vc_column width=&#8221;1\/2&#8243;][vc_column_text]<\/p>\n<h1>Prendre soin de la protection l&#8217;Acier<\/h1>\n<p>[\/vc_column_text][\/vc_column][vc_column width=&#8221;1\/2&#8243;][\/vc_column][\/vc_row][vc_row full_width=&#8221;stretch_row_content_no_spaces&#8221; content_placement=&#8221;bottom&#8221; css=&#8221;.vc_custom_1572531334156{padding-top: 0px !important;padding-bottom: 100px !important;background-position: 0 0 !important;background-repeat: no-repeat !important;}&#8221; el_class=&#8221;hometopfotorij&#8221;][vc_column][\/vc_column][\/vc_row][vc_row full_width=&#8221;stretch_row&#8221; css=&#8221;.vc_custom_1572531343978{background-color: #f1f1f1 !important;}&#8221;][vc_column][vc_column_text el_class=&#8221;montbreadcrumbs&#8221; css=&#8221;.vc_custom_1569318576735{padding-right: 100px !important;padding-left: 100px !important;}&#8221;]<nav aria-label=\"breadcrumbs\" class=\"rank-math-breadcrumb\"><p><span class=\"last\">Home<\/span><\/p><\/nav>[\/vc_column_text][\/vc_column][\/vc_row][\/vc_section][vc_section full_width=&#8221;stretch_row&#8221; el_class=&#8221;textcomp&#8221;][vc_row][vc_column][vc_column_text el_class=&#8221;intro&#8221;]<\/p>\n<h2>Le monde de l&#8217;Acier<\/h2>\n<p>[\/vc_column_text][vc_column_text]La rouille est le plus grand ennemi des m\u00e9taux. Elle se forme lorsque le m\u00e9tal r\u00e9agit avec l\u2019oxyg\u00e8ne et l\u2019humidit\u00e9. Un environnement sal\u00e9, des temp\u00e9ratures \u00e9lev\u00e9es et la pr\u00e9sence de produits chimiques acc\u00e9l\u00e8rent et intensifient la formation de la rouille.<br \/>\nLa rouille est une forme de corrosion. La corrosion inclut la perte de m\u00e9tal, mais \u00e9galement tout effet n\u00e9gatif sur les mat\u00e9riaux r\u00e9sultant des conditions environnementales.[\/vc_column_text][\/vc_column][\/vc_row][\/vc_section][vc_row][vc_column][vc_single_image image=&#8221;4361&#8243; img_size=&#8221;800&#215;600&#8243; alignment=&#8221;center&#8221;][\/vc_column][\/vc_row][vc_section full_width=&#8221;stretch_row&#8221; el_class=&#8221;textcomp&#8221;][vc_row][vc_column][vc_column_text el_class=&#8221;intro&#8221;]<\/p>\n<h4>La rouille est un revetement feuillete rouge-marron, qui apparait sur le metal. Rien de plus, rien de moins.<\/h4>\n<p>[\/vc_column_text][vc_column_text]La rouille est le nom commun d\u2019un compos\u00e9 tr\u00e8s n\u00e9faste techniquement appel\u00e9 oxyde de fer. La rouille est un type de corrosion sp\u00e9cifique qui s\u2019applique aux m\u00e9taux contenant du fer. La rouille commence \u00e0 se former lorsqu\u2019une goutte d\u2019eau entre en contact avec un objet en fer ou en acier. En association avec l\u2019oxyg\u00e8ne, le m\u00e9tal commence \u00e0 se corroder.<\/p>\n<p>Le terme technique de ce processus est appel\u00e9 oxydation. Le fer et l\u2019acier rouilleront forc\u00e9ment, mais dans une mesure d\u00e9pendant de la dur\u00e9e et du volume d\u2019exposition \u00e0 l\u2019oxyg\u00e8ne et \u00e0 l\u2019eau. Parfois, c\u2019est une question de jours, de mois ou m\u00eame d\u2019ann\u00e9es, suivant l\u2019intensit\u00e9 de l\u2019exposition.<\/p>\n<p>La rouille est une poudre feuillet\u00e9e qui remplace le fer robuste, par exemple les gazoducs. Non seulement le fer perd de sa robustesse, mais \u00e9galement de sa r\u00e9gularit\u00e9 et de sa conductivit\u00e9 \u00e9lectrique, et des trous peuvent se former.<\/p>\n<h5>Preparation de surfaces<\/h5>\n<p>L\u2019\u00e9limination des contaminations, des imperfections, de la rouille et de la calamine, ainsi que la cr\u00e9ation d\u2019un profil rugueux est appel\u00e9e pr\u00e9paration de surfaces. La pr\u00e9paration de surfaces est d\u00e9finie comme \u2018le nettoyage ou le traitement d\u2019une surface m\u00e9tallique avant l\u2019application d\u2019un rev\u00eatement de surface\u2019. Une bonne pr\u00e9paration de surfaces assure la meilleure adh\u00e9rence possible entre la surface \u00e0 recouvrir et le rev\u00eatement appliqu\u00e9.<\/p>\n<p>Comment nettoyer \u00e0 nouveau une surface compl\u00e8tement rouill\u00e9e? C\u2019est l\u00e0 que MontiPower<sup>\u00ae<\/sup> intervient. Notre technologie avanc\u00e9e avec des machines manuelles, semi-automatiques ou automatiques est con\u00e7ue pour nettoyer et cr\u00e9er de la rugosit\u00e9. La m\u00e9thode unique de la Bristle Blaster<sup>\u00ae<\/sup> est une innovation incroyable pour la pr\u00e9paration de surfaces.[\/vc_column_text][\/vc_column][\/vc_row][\/vc_section][vc_row][vc_column][vc_single_image image=&#8221;4363&#8243; img_size=&#8221;800&#215;600&#8243; alignment=&#8221;center&#8221;][\/vc_column][\/vc_row][vc_section full_width=&#8221;stretch_row&#8221; el_class=&#8221;textcomp&#8221;][vc_row][vc_column][vc_column_text el_class=&#8221;intro&#8221;]<\/p>\n<h4>83% de preparations de surfaces inadaptees<\/h4>\n<p>[\/vc_column_text][vc_column_text]La corrosion est une r\u00e9action \u00e9lectrochimique, suivant laquelle l\u2019eau et l\u2019oxyg\u00e8ne font rouiller le fer et donnent une couleur verte au cuivre. La corrosion cause d\u2019\u00e9normes dommages \u00e9conomiques, environ 4 pourcents du Produit National Brut. Les pi\u00e8ces qui sont affect\u00e9es par la corrosion doivent \u00eatre trait\u00e9es ou remplac\u00e9es. Pour les tuyaux de transport, ceci peut facilement monter jusqu\u2019\u00e0 quelques centaines de milliers d\u2019euros. La corrosion implique aussi des risques \u00e9normes. Un tuyau sous pression peut c\u00e9der dans un lieu \u00e9rod\u00e9 affaibli ou des feuilles lamellaires peuvent se rompre.[\/vc_column_text][\/vc_column][\/vc_row][\/vc_section][vc_section el_class=&#8221;featurleft&#8221;][vc_row gap=&#8221;35&#8243; content_placement=&#8221;middle&#8221; css=&#8221;.vc_custom_1572531423298{background-color: #ffffff !important;}&#8221;][vc_column width=&#8221;1\/2&#8243; css=&#8221;.vc_custom_1569498569540{padding-top: 0px !important;}&#8221;][vc_single_image image=&#8221;3583&#8243; img_size=&#8221;730&#215;596&#8243; el_class=&#8221;uitgelichtfoto&#8221;][\/vc_column][vc_column width=&#8221;1\/2&#8243;][vc_column_text]<\/p>\n<h4>L&#8217;Adhesion est une fonction dependante de<br \/>\nla hauteur et de la densit\u00e9 du pic<\/h4>\n<p>[\/vc_column_text][\/vc_column][\/vc_row][\/vc_section][vc_section full_width=&#8221;stretch_row&#8221; el_class=&#8221;textcomp&#8221;][vc_row][vc_column][vc_column_text el_class=&#8221;intro&#8221;]<\/p>\n<h4>La solution<\/h4>\n<p>[\/vc_column_text][vc_column_text]La solution contre la corrosion consiste \u00e0 \u00e9liminer un ou plusieurs des 3 composants n\u00e9cessaires, l\u2019eau, l\u2019oxyg\u00e8ne ou la r\u00e9action \u00e9lectrochimique. Les rev\u00eatements traditionnels pour m\u00e9taux, tels que le bitume, les syst\u00e8mes en poly\u00e9thyl\u00e8ne (PE), les syst\u00e8mes en polypropyl\u00e8ne (PP), et les rev\u00eatements de poudre \u00e9poxy (FBE), ne peuvent pas emp\u00eacher l\u2019eau et\/ou l\u2019oxyg\u00e8ne d\u2019atteindre le m\u00e9tal. Par exemple, les tuyaux de transport utilisent une protection cathodique pour arr\u00eater la r\u00e9action \u00e9lectrochimique, selon laquelle un courant \u00e9lectrique arr\u00eate l\u2019ionisation du fer. Ceci n\u00e9cessite de l\u2019\u00e9nergie et un suivi constant de la protection. C\u2019est pourquoi la pr\u00e9vention contre la rouille et la corrosion n\u00e9cessite une m\u00e9thode efficace de pr\u00e9paration des surfaces.<\/p>\n<p>[\/vc_column_text][\/vc_column][\/vc_row][\/vc_section]<\/p>\n<\/div>","protected":false},"excerpt":{"rendered":"<p>[vc_section full_width=&#8221;stretch_row&#8221; content_placement=&#8221;bottom&#8221; css=&#8221;.vc_custom_1592819935490{padding-top: 30px !important;padding-bottom: 0px !important;background: #ff1212 url(https:\/\/montipower.com\/wp-content\/uploads\/2019\/10\/Pipeline_Rust_72dpi-1.jpg?id=3462) !important;background-position: &#8230; <\/p>\n","protected":false},"author":3,"featured_media":8878,"parent":10028,"menu_order":0,"comment_status":"closed","ping_status":"closed","template":"","meta":{"_acf_changed":false,"footnotes":""},"acf":[],"_links":{"self":[{"href":"https:\/\/montipower-ontwikkel.com\/fr\/wp-json\/wp\/v2\/pages\/10156"}],"collection":[{"href":"https:\/\/montipower-ontwikkel.com\/fr\/wp-json\/wp\/v2\/pages"}],"about":[{"href":"https:\/\/montipower-ontwikkel.com\/fr\/wp-json\/wp\/v2\/types\/page"}],"author":[{"embeddable":true,"href":"https:\/\/montipower-ontwikkel.com\/fr\/wp-json\/wp\/v2\/users\/3"}],"replies":[{"embeddable":true,"href":"https:\/\/montipower-ontwikkel.com\/fr\/wp-json\/wp\/v2\/comments?post=10156"}],"version-history":[{"count":3,"href":"https:\/\/montipower-ontwikkel.com\/fr\/wp-json\/wp\/v2\/pages\/10156\/revisions"}],"predecessor-version":[{"id":10376,"href":"https:\/\/montipower-ontwikkel.com\/fr\/wp-json\/wp\/v2\/pages\/10156\/revisions\/10376"}],"up":[{"embeddable":true,"href":"https:\/\/montipower-ontwikkel.com\/fr\/wp-json\/wp\/v2\/pages\/10028"}],"wp:featuredmedia":[{"embeddable":true,"href":"https:\/\/montipower-ontwikkel.com\/fr\/wp-json\/wp\/v2\/media\/8878"}],"wp:attachment":[{"href":"https:\/\/montipower-ontwikkel.com\/fr\/wp-json\/wp\/v2\/media?parent=10156"}],"curies":[{"name":"wp","href":"https:\/\/api.w.org\/{rel}","templated":true}]}}