{"id":10060,"date":"2019-11-28T11:37:35","date_gmt":"2019-11-28T10:37:35","guid":{"rendered":"https:\/\/monti.la-compagnie.digital\/propos\/monti-group\/activet-grooming-brushes\/"},"modified":"2022-02-14T14:22:10","modified_gmt":"2022-02-14T13:22:10","slug":"activet-grooming-brushes","status":"publish","type":"page","link":"https:\/\/montipower-ontwikkel.com\/fr\/propos\/monti-group\/activet-grooming-brushes\/","title":{"rendered":"Activet<sup>\u00ae<\/sup>"},"content":{"rendered":"<div class=\"wpb-content-wrapper\"><p>[vc_section full_width=&#8221;stretch_row&#8221; content_placement=&#8221;bottom&#8221; css=&#8221;.vc_custom_1569320141112{padding-top: 30px !important;padding-bottom: 0px !important;background-color: #ff1212 !important;background-position: center !important;background-repeat: no-repeat !important;background-size: cover !important;}&#8221; el_class=&#8221;topbig&#8221;][vc_row css=&#8221;.vc_custom_1569318223776{padding-right: 100px !important;padding-left: 100px !important;}&#8221;][vc_column width=&#8221;1\/2&#8243;][vc_column_text]<\/p>\n<h1>ACTIVET<sup>\u00ae<\/sup><\/h1>\n<p>[\/vc_column_text][\/vc_column][vc_column width=&#8221;1\/2&#8243;][\/vc_column][\/vc_row][vc_row full_width=&#8221;stretch_row_content_no_spaces&#8221; content_placement=&#8221;bottom&#8221; css=&#8221;.vc_custom_1572526136907{padding-top: 0px !important;padding-bottom: 100px !important;background-position: 0 0 !important;background-repeat: no-repeat !important;}&#8221; el_class=&#8221;hometopfotorij&#8221;][vc_column][\/vc_column][\/vc_row][vc_row full_width=&#8221;stretch_row&#8221; css=&#8221;.vc_custom_1572525974229{background-color: #f1f1f1 !important;}&#8221;][vc_column][vc_column_text el_class=&#8221;montbreadcrumbs&#8221; css=&#8221;.vc_custom_1569318576735{padding-right: 100px !important;padding-left: 100px !important;}&#8221;]<nav aria-label=\"breadcrumbs\" class=\"rank-math-breadcrumb\"><p><span class=\"last\">Home<\/span><\/p><\/nav>[\/vc_column_text][\/vc_column][\/vc_row][\/vc_section][vc_section full_width=&#8221;stretch_row&#8221; el_class=&#8221;textcomp&#8221;][vc_row][vc_column][vc_column_text el_class=&#8221;intro&#8221;]<\/p>\n<h3 class=\"p1\">BROSSES DE TOILETTAGE ACTIVET<sup>\u00ae<\/sup><\/h3>\n<p>[\/vc_column_text][vc_column_text]<\/p>\n<p class=\"p1\">ActiVet<sup>\u00ae<\/sup> est une marque enregistr\u00e9e de brosses de toilettage produites par MONTI \u2013 Werkzeuge GmbH. Le nom \u00e9mane en 1988 comme un mot-valise des termes \u00ab\u00a0actifs\u00a0\u00bb (repr\u00e9sentant le tout premier syst\u00e8me de brosses de toilettage \u00ab\u00a0actives\u00a0\u00bb) et \u00ab\u00a0v\u00e9t\u00e9rinaire\u00a0\u00bb, en r\u00e9f\u00e9rence \u00e0 la m\u00e9thode apparemment efficace de marketing du produit aupr\u00e8s des cabinets de v\u00e9t\u00e9rinaires.<\/p>\n<p>[\/vc_column_text][\/vc_column][\/vc_row][vc_row][vc_column][vc_single_image image=&#8221;4013&#8243; img_size=&#8221;large&#8221; alignment=&#8221;center&#8221;][\/vc_column][\/vc_row][vc_row][vc_column][vc_column_text]<\/p>\n<p class=\"p1\">La t\u00eate flexible \u00ab\u00a0active\u00a0\u00bb permet de gagner du temps et de r\u00e9duire les efforts de presque de moiti\u00e9 pour la majorit\u00e9 des applications de brossage, en particulier lors du traitement de fourrure emm\u00eal\u00e9e et entortill\u00e9e. La caract\u00e9ristique sp\u00e9ciale durant l\u2019utilisation, combin\u00e9e avec les sp\u00e9cifications g\u00e9n\u00e9rales du produit, d\u00e9bouchent sur une r\u00e9duction simultan\u00e9e de \u00ab\u00a0l\u2019attrapage\u00a0\u00bb et de \u00ab\u00a0l\u2019arrachage\u00a0\u00bb, en d\u2019autres mots des sensations d\u00e9plaisantes et \u00e9prouvantes de traction ressenties par l\u2019animal. De telles sensations \u00e9taient normales pour des brosses \u00ab\u00a0fixes\u00a0\u00bb, non \u00e9lastiques conventionnelles et pour les autres outils avant l\u2019introduction du syst\u00e8me ActiVet<sup>\u00ae<\/sup>. De plus, les brosses sont \u00e9quip\u00e9es de 2 embouts de toilettage diff\u00e9rents ce qui am\u00e8ne une fonction 2 en 1 sur le march\u00e9.<\/p>\n<p class=\"p1\">Plus d\u2019informations sont disponibles : <a href=\"https:\/\/duovet.shop\/\" target=\"_blank\" rel=\"noopener noreferrer\">ActiVet<sup>\u00ae<\/sup><\/a><\/p>\n<p>[\/vc_column_text][\/vc_column][\/vc_row][\/vc_section]<\/p>\n<\/div>","protected":false},"excerpt":{"rendered":"<p>[vc_section full_width=&#8221;stretch_row&#8221; content_placement=&#8221;bottom&#8221; css=&#8221;.vc_custom_1569320141112{padding-top: 30px !important;padding-bottom: 0px !important;background-color: #ff1212 !important;background-position: center &#8230; <\/p>\n","protected":false},"author":3,"featured_media":0,"parent":10055,"menu_order":0,"comment_status":"closed","ping_status":"closed","template":"","meta":{"_acf_changed":false,"footnotes":""},"acf":[],"_links":{"self":[{"href":"https:\/\/montipower-ontwikkel.com\/fr\/wp-json\/wp\/v2\/pages\/10060"}],"collection":[{"href":"https:\/\/montipower-ontwikkel.com\/fr\/wp-json\/wp\/v2\/pages"}],"about":[{"href":"https:\/\/montipower-ontwikkel.com\/fr\/wp-json\/wp\/v2\/types\/page"}],"author":[{"embeddable":true,"href":"https:\/\/montipower-ontwikkel.com\/fr\/wp-json\/wp\/v2\/users\/3"}],"replies":[{"embeddable":true,"href":"https:\/\/montipower-ontwikkel.com\/fr\/wp-json\/wp\/v2\/comments?post=10060"}],"version-history":[{"count":4,"href":"https:\/\/montipower-ontwikkel.com\/fr\/wp-json\/wp\/v2\/pages\/10060\/revisions"}],"predecessor-version":[{"id":23992,"href":"https:\/\/montipower-ontwikkel.com\/fr\/wp-json\/wp\/v2\/pages\/10060\/revisions\/23992"}],"up":[{"embeddable":true,"href":"https:\/\/montipower-ontwikkel.com\/fr\/wp-json\/wp\/v2\/pages\/10055"}],"wp:attachment":[{"href":"https:\/\/montipower-ontwikkel.com\/fr\/wp-json\/wp\/v2\/media?parent=10060"}],"curies":[{"name":"wp","href":"https:\/\/api.w.org\/{rel}","templated":true}]}}