{"id":10044,"date":"2019-08-06T16:24:32","date_gmt":"2019-08-06T14:24:32","guid":{"rendered":"https:\/\/monti.la-compagnie.digital\/propos\/our-story-inspired-by-perfection\/"},"modified":"2021-04-24T20:20:09","modified_gmt":"2021-04-24T18:20:09","slug":"histoire","status":"publish","type":"page","link":"https:\/\/montipower-ontwikkel.com\/fr\/propos\/histoire\/","title":{"rendered":"Histoire"},"content":{"rendered":"<div class=\"wpb-content-wrapper\"><p>[vc_section full_width=&#8221;stretch_row&#8221; content_placement=&#8221;bottom&#8221; css=&#8221;.vc_custom_1569320141112{padding-top: 30px !important;padding-bottom: 0px !important;background-color: #ff1212 !important;background-position: center !important;background-repeat: no-repeat !important;background-size: cover !important;}&#8221; el_class=&#8221;topbig&#8221;][vc_row css=&#8221;.vc_custom_1569318223776{padding-right: 100px !important;padding-left: 100px !important;}&#8221;][vc_column width=&#8221;1\/2&#8243;][vc_column_text]<\/p>\n<h1 class=\"p2\">Histoire<\/h1>\n<p>[\/vc_column_text][\/vc_column][vc_column width=&#8221;1\/2&#8243;][\/vc_column][\/vc_row][vc_row full_width=&#8221;stretch_row_content_no_spaces&#8221; content_placement=&#8221;bottom&#8221; css=&#8221;.vc_custom_1572526242058{padding-top: 0px !important;padding-bottom: 100px !important;background-position: 0 0 !important;background-repeat: no-repeat !important;}&#8221; el_class=&#8221;hometopfotorij&#8221;][vc_column][\/vc_column][\/vc_row][vc_row full_width=&#8221;stretch_row&#8221; css=&#8221;.vc_custom_1572525718616{background-color: #f1f1f1 !important;}&#8221;][vc_column][vc_column_text el_class=&#8221;montbreadcrumbs&#8221; css=&#8221;.vc_custom_1569318576735{padding-right: 100px !important;padding-left: 100px !important;}&#8221;]<nav aria-label=\"breadcrumbs\" class=\"rank-math-breadcrumb\"><p><span class=\"last\">Home<\/span><\/p><\/nav>[\/vc_column_text][\/vc_column][\/vc_row][\/vc_section][vc_section full_width=&#8221;stretch_row&#8221; el_class=&#8221;textcomp&#8221;][vc_row][vc_column][vc_column_text el_class=&#8221;intro&#8221;]<\/p>\n<h4 class=\"p1\">INSPIRE PAR FERDINAND PORSCHE<\/h4>\n<p>[\/vc_column_text][vc_column_text]<\/p>\n<p class=\"p1\">En tant qu\u2019amateur de voiture et que pilote de course chez Porsche, Werner Montabaur a \u00e9t\u00e9 inspir\u00e9 par la perfection et les performances.<\/p>\n<p class=\"p1\">Lorsque Werner Montabaur, g\u00e9nie inventif, p\u00e8re fondateur et l\u2019homme qui a donn\u00e9 son nom \u00e0 la compagnie, est d\u2019abord entr\u00e9 en contact avec le domaine de la pr\u00e9paration des surfaces, dans les ann\u00e9es 80, il a tr\u00e8s rapidement r\u00e9alis\u00e9 que les outils disponibles \u00e9taient loin d\u2019\u00eatre capables de fournir le r\u00e9sultat r\u00e9ellement d\u00e9sir\u00e9.<\/p>\n<p class=\"p1\"><strong>MONTI Werkzeuge GmbH<\/strong><br \/>\nCette d\u00e9couverte a presque imm\u00e9diatement donn\u00e9 naissance \u00e0 l\u2019id\u00e9e de d\u00e9velopper sa propre technologie. Ceci l\u2019a men\u00e9 \u00e0 \u00e9tablir MONTI Werkzeuge GmbH \u00e0 Bonn en 1987.<\/p>\n<p class=\"p1\">Seulement 12 mois apr\u00e8s la fondation de la compagnie, le syst\u00e8me de courroie \u00e0 brosses de 43 mm, connu sous le nom de \u2018MontiPower\u2019 a \u00e9t\u00e9 lanc\u00e9. En 2018, nous nous sommes renomm\u00e9s MontiPower<sup>\u00ae<\/sup> suivant le nom de sa premi\u00e8re r\u00e9ussite.<\/p>\n<p>[\/vc_column_text][\/vc_column][\/vc_row][\/vc_section][vc_section full_width=&#8221;stretch_row&#8221; css=&#8221;.vc_custom_1572525673472{padding-bottom: 30px !important;}&#8221;][vc_row][vc_column][vc_single_image image=&#8221;4355&#8243; img_size=&#8221;full&#8221; alignment=&#8221;center&#8221;][\/vc_column][\/vc_row][\/vc_section][vc_section full_width=&#8221;stretch_row&#8221; css=&#8221;.vc_custom_1572526447857{margin-top: 20px !important;}&#8221; el_class=&#8221;historyslide&#8221;][\/vc_section][vc_row][vc_column]<div class=\"templatera_shortcode\"><style type=\"text\/css\" data-type=\"vc_shortcodes-custom-css\">.vc_custom_1570726086126{margin-bottom: 10px !important;margin-left: 30px !important;}<\/style><section class=\"vc_section clientslide\"><div class=\"vc_row wpb_row vc_row-fluid\"><div class=\"wpb_column vc_column_container vc_col-sm-12\"><div class=\"vc_column-inner\"><div class=\"wpb_wrapper\">\n\t<div class=\"wpb_text_column wpb_content_element  vc_custom_1570726086126\" >\n\t\t<div class=\"wpb_wrapper\">\n\t\t\t\n\t\t<\/div>\n\t<\/div>\n\t\t<section class=\"tdt-slider slider  content-over-slider\" id=\"tdt-slider-424\" data-mobiles=\"1\" data-tabs=\"3\" data-scrolltab=\"1\" data-scrollmbl=\"1\" data-slick='{\"arrows\": true, \"autoplaySpeed\": 2500, \"speed\": 500, \"dots\": false, \"autoplay\": true, \"infinite\": true, \"adaptiveHeight\": true, \"pauseOnHover\": true, \"slidesToShow\": 4, \"slidesToScroll\": 1, \"fade\": false}'>\n\t\t    <div class=\"carousel-caption\" style=\"background: none;\">\n\t\t  <div>\n\t\t  \t\t\t\t\t\t\t  \t<img decoding=\"async\" src=\"https:\/\/montipower-ontwikkel.com\/wp-content\/uploads\/2019\/09\/Partnerlogo_ExxonMobil.png\" alt=\"\" class=\"ultimate-slide-img\" style=\"max-width: 100%; width: 85%; height: auto; border-radius: 0; margin-bottom: 15px;\">\n\t\t\t\t\t\t\t\t  \t<span class=\"content-section\" style=\"text-align: center; display: block;\">\n\t\t  \t\t\t\t\t  \t\t\t\t  \t\n\t\t\t  \t<br>\n\n\t\t\t  \t\t\t  \t<\/span>\n\t\t  <\/div>\n\t\t<\/div>\n\t\t\t\t<div class=\"carousel-caption\" style=\"background: none;\">\n\t\t  <div>\n\t\t  \t\t\t\t\t\t\t  \t<img decoding=\"async\" src=\"https:\/\/montipower-ontwikkel.com\/wp-content\/uploads\/2019\/09\/Partnerlogo_Shell.png\" alt=\"\" class=\"ultimate-slide-img\" style=\"max-width: 100%; width: 85%; height: auto; border-radius: 0; margin-bottom: 15px;\">\n\t\t\t\t\t\t\t\t  \t<span class=\"content-section\" style=\"text-align: center; display: block;\">\n\t\t  \t\t\t\t\t  \t\t\t\t  \t\n\t\t\t  \t<br>\n\n\t\t\t  \t\t\t  \t<\/span>\n\t\t  <\/div>\n\t\t<\/div>\n\t\t\t\t<div class=\"carousel-caption\" style=\"background: none;\">\n\t\t  <div>\n\t\t  \t\t\t\t\t\t\t  \t<img decoding=\"async\" src=\"https:\/\/montipower-ontwikkel.com\/wp-content\/uploads\/2019\/09\/Partnerlogo_BP.png\" alt=\"\" class=\"ultimate-slide-img\" style=\"max-width: 100%; width: 85%; height: auto; border-radius: 0; margin-bottom: 15px;\">\n\t\t\t\t\t\t\t\t  \t<span class=\"content-section\" style=\"text-align: center; display: block;\">\n\t\t  \t\t\t\t\t  \t\t\t\t  \t\n\t\t\t  \t<br>\n\n\t\t\t  \t\t\t  \t<\/span>\n\t\t  <\/div>\n\t\t<\/div>\n\t\t\t\t<div class=\"carousel-caption\" style=\"background: none;\">\n\t\t  <div>\n\t\t  \t\t\t\t\t\t\t  \t<img decoding=\"async\" src=\"https:\/\/montipower-ontwikkel.com\/wp-content\/uploads\/2019\/09\/Partnerlogo__Alstom.png\" alt=\"\" class=\"ultimate-slide-img\" style=\"max-width: 100%; width: 85%; height: auto; border-radius: 0; margin-bottom: 15px;\">\n\t\t\t\t\t\t\t\t  \t<span class=\"content-section\" style=\"text-align: center; display: block;\">\n\t\t  \t\t\t\t\t  \t\t\t\t  \t\n\t\t\t  \t<br>\n\n\t\t\t  \t\t\t  \t<\/span>\n\t\t  <\/div>\n\t\t<\/div>\n\t\t\t\t<div class=\"carousel-caption\" style=\"background: none;\">\n\t\t  <div>\n\t\t  \t\t\t\t\t\t\t  \t<img decoding=\"async\" src=\"https:\/\/montipower-ontwikkel.com\/wp-content\/uploads\/2019\/09\/Partnerlogo_Basf.png\" alt=\"\" class=\"ultimate-slide-img\" style=\"max-width: 100%; width: 85%; height: auto; border-radius: 0; margin-bottom: 15px;\">\n\t\t\t\t\t\t\t\t  \t<span class=\"content-section\" style=\"text-align: center; display: block;\">\n\t\t  \t\t\t\t\t  \t\t\t\t  \t\n\t\t\t  \t<br>\n\n\t\t\t  \t\t\t  \t<\/span>\n\t\t  <\/div>\n\t\t<\/div>\n\t\t\t\t<div class=\"carousel-caption\" style=\"background: none;\">\n\t\t  <div>\n\t\t  \t\t\t\t\t\t\t  \t<img decoding=\"async\" src=\"https:\/\/montipower-ontwikkel.com\/wp-content\/uploads\/2019\/09\/PARTNERLOGO-Bayer.png\" alt=\"\" class=\"ultimate-slide-img\" style=\"max-width: 100%; width: 85%; height: auto; border-radius: 0; margin-bottom: 15px;\">\n\t\t\t\t\t\t\t\t  \t<span class=\"content-section\" style=\"text-align: center; display: block;\">\n\t\t  \t\t\t\t\t  \t\t\t\t  \t\n\t\t\t  \t<br>\n\n\t\t\t  \t\t\t  \t<\/span>\n\t\t  <\/div>\n\t\t<\/div>\n\t\t\t\t<div class=\"carousel-caption\" style=\"background: none;\">\n\t\t  <div>\n\t\t  \t\t\t\t\t\t\t  \t<img decoding=\"async\" src=\"https:\/\/montipower-ontwikkel.com\/wp-content\/uploads\/2019\/09\/Partnerlogo_ConocoPhillips.png\" alt=\"\" class=\"ultimate-slide-img\" style=\"max-width: 100%; width: 85%; height: auto; border-radius: 0; margin-bottom: 15px;\">\n\t\t\t\t\t\t\t\t  \t<span class=\"content-section\" style=\"text-align: center; display: block;\">\n\t\t  \t\t\t\t\t  \t\t\t\t  \t\n\t\t\t  \t<br>\n\n\t\t\t  \t\t\t  \t<\/span>\n\t\t  <\/div>\n\t\t<\/div>\n\t\t\t\t<div class=\"carousel-caption\" style=\"background: none;\">\n\t\t  <div>\n\t\t  \t\t\t\t\t\t\t  \t<img decoding=\"async\" src=\"https:\/\/montipower-ontwikkel.com\/wp-content\/uploads\/2019\/09\/Partnerlogo_DOW.png\" alt=\"\" class=\"ultimate-slide-img\" style=\"max-width: 100%; width: 85%; height: auto; border-radius: 0; margin-bottom: 15px;\">\n\t\t\t\t\t\t\t\t  \t<span class=\"content-section\" style=\"text-align: center; display: block;\">\n\t\t  \t\t\t\t\t  \t\t\t\t  \t\n\t\t\t  \t<br>\n\n\t\t\t  \t\t\t  \t<\/span>\n\t\t  <\/div>\n\t\t<\/div>\n\t\t\t\t<div class=\"carousel-caption\" style=\"background: none;\">\n\t\t  <div>\n\t\t  \t\t\t\t\t\t\t  \t<img decoding=\"async\" src=\"https:\/\/montipower-ontwikkel.com\/wp-content\/uploads\/2019\/09\/Partnerlogo_E.on_.png\" alt=\"\" class=\"ultimate-slide-img\" style=\"max-width: 100%; width: 85%; height: auto; border-radius: 0; margin-bottom: 15px;\">\n\t\t\t\t\t\t\t\t  \t<span class=\"content-section\" style=\"text-align: center; display: block;\">\n\t\t  \t\t\t\t\t  \t\t\t\t  \t\n\t\t\t  \t<br>\n\n\t\t\t  \t\t\t  \t<\/span>\n\t\t  <\/div>\n\t\t<\/div>\n\t\t\t\t<div class=\"carousel-caption\" style=\"background: none;\">\n\t\t  <div>\n\t\t  \t\t\t\t\t\t\t  \t<img decoding=\"async\" src=\"https:\/\/montipower-ontwikkel.com\/wp-content\/uploads\/2019\/09\/Partnerlogo_Enbridge.png\" alt=\"\" class=\"ultimate-slide-img\" style=\"max-width: 100%; width: 85%; height: auto; border-radius: 0; margin-bottom: 15px;\">\n\t\t\t\t\t\t\t\t  \t<span class=\"content-section\" style=\"text-align: center; display: block;\">\n\t\t  \t\t\t\t\t  \t\t\t\t  \t\n\t\t\t  \t<br>\n\n\t\t\t  \t\t\t  \t<\/span>\n\t\t  <\/div>\n\t\t<\/div>\n\t\t\t\t<div class=\"carousel-caption\" style=\"background: none;\">\n\t\t  <div>\n\t\t  \t\t\t\t\t\t\t  \t<img decoding=\"async\" src=\"https:\/\/montipower-ontwikkel.com\/wp-content\/uploads\/2019\/09\/Partnerlogo_EnBW.png\" alt=\"\" class=\"ultimate-slide-img\" style=\"max-width: 100%; width: 85%; height: auto; border-radius: 0; margin-bottom: 15px;\">\n\t\t\t\t\t\t\t\t  \t<span class=\"content-section\" style=\"text-align: center; display: block;\">\n\t\t  \t\t\t\t\t  \t\t\t\t  \t\n\t\t\t  \t<br>\n\n\t\t\t  \t\t\t  \t<\/span>\n\t\t  <\/div>\n\t\t<\/div>\n\t\t\t\t<div class=\"carousel-caption\" style=\"background: none;\">\n\t\t  <div>\n\t\t  \t\t\t\t\t\t\t  \t<img decoding=\"async\" src=\"https:\/\/montipower-ontwikkel.com\/wp-content\/uploads\/2019\/09\/Partnerlogo_Gazprom.png\" alt=\"\" class=\"ultimate-slide-img\" style=\"max-width: 100%; width: 85%; height: auto; border-radius: 0; margin-bottom: 15px;\">\n\t\t\t\t\t\t\t\t  \t<span class=\"content-section\" style=\"text-align: center; display: block;\">\n\t\t  \t\t\t\t\t  \t\t\t\t  \t\n\t\t\t  \t<br>\n\n\t\t\t  \t\t\t  \t<\/span>\n\t\t  <\/div>\n\t\t<\/div>\n\t\t\t\t<div class=\"carousel-caption\" style=\"background: none;\">\n\t\t  <div>\n\t\t  \t\t\t\t\t\t\t  \t<img decoding=\"async\" src=\"https:\/\/montipower-ontwikkel.com\/wp-content\/uploads\/2019\/09\/Partnerlogo_Liebherr.png\" alt=\"\" class=\"ultimate-slide-img\" style=\"max-width: 100%; width: 85%; height: auto; border-radius: 0; margin-bottom: 15px;\">\n\t\t\t\t\t\t\t\t  \t<span class=\"content-section\" style=\"text-align: center; display: block;\">\n\t\t  \t\t\t\t\t  \t\t\t\t  \t\n\t\t\t  \t<br>\n\n\t\t\t  \t\t\t  \t<\/span>\n\t\t  <\/div>\n\t\t<\/div>\n\t\t\t\t<div class=\"carousel-caption\" style=\"background: none;\">\n\t\t  <div>\n\t\t  \t\t\t\t\t\t\t  \t<img decoding=\"async\" src=\"https:\/\/montipower-ontwikkel.com\/wp-content\/uploads\/2019\/09\/Partnerlogo_MAN.png\" alt=\"\" class=\"ultimate-slide-img\" style=\"max-width: 100%; width: 85%; height: auto; border-radius: 0; margin-bottom: 15px;\">\n\t\t\t\t\t\t\t\t  \t<span class=\"content-section\" style=\"text-align: center; display: block;\">\n\t\t  \t\t\t\t\t  \t\t\t\t  \t\n\t\t\t  \t<br>\n\n\t\t\t  \t\t\t  \t<\/span>\n\t\t  <\/div>\n\t\t<\/div>\n\t\t\t\t<div class=\"carousel-caption\" style=\"background: none;\">\n\t\t  <div>\n\t\t  \t\t\t\t\t\t\t  \t<img decoding=\"async\" src=\"https:\/\/montipower-ontwikkel.com\/wp-content\/uploads\/2019\/09\/Partnerlogo_PEMEX.png\" alt=\"\" class=\"ultimate-slide-img\" style=\"max-width: 100%; width: 85%; height: auto; border-radius: 0; margin-bottom: 15px;\">\n\t\t\t\t\t\t\t\t  \t<span class=\"content-section\" style=\"text-align: center; display: block;\">\n\t\t  \t\t\t\t\t  \t\t\t\t  \t\n\t\t\t  \t<br>\n\n\t\t\t  \t\t\t  \t<\/span>\n\t\t  <\/div>\n\t\t<\/div>\n\t\t\t\t<div class=\"carousel-caption\" style=\"background: none;\">\n\t\t  <div>\n\t\t  \t\t\t\t\t\t\t  \t<img decoding=\"async\" src=\"https:\/\/montipower-ontwikkel.com\/wp-content\/uploads\/2019\/09\/Partnerlogo_PetroChina.png\" alt=\"\" class=\"ultimate-slide-img\" style=\"max-width: 100%; width: 85%; height: auto; border-radius: 0; margin-bottom: 15px;\">\n\t\t\t\t\t\t\t\t  \t<span class=\"content-section\" style=\"text-align: center; display: block;\">\n\t\t  \t\t\t\t\t  \t\t\t\t  \t\n\t\t\t  \t<br>\n\n\t\t\t  \t\t\t  \t<\/span>\n\t\t  <\/div>\n\t\t<\/div>\n\t\t\t\t<div class=\"carousel-caption\" style=\"background: none;\">\n\t\t  <div>\n\t\t  \t\t\t\t\t\t\t  \t<img decoding=\"async\" src=\"https:\/\/montipower-ontwikkel.com\/wp-content\/uploads\/2019\/09\/Partnerlogo_Qatargas.png\" alt=\"\" class=\"ultimate-slide-img\" style=\"max-width: 100%; width: 85%; height: auto; border-radius: 0; margin-bottom: 15px;\">\n\t\t\t\t\t\t\t\t  \t<span class=\"content-section\" style=\"text-align: center; display: block;\">\n\t\t  \t\t\t\t\t  \t\t\t\t  \t\n\t\t\t  \t<br>\n\n\t\t\t  \t\t\t  \t<\/span>\n\t\t  <\/div>\n\t\t<\/div>\n\t\t\t\t<div class=\"carousel-caption\" style=\"background: none;\">\n\t\t  <div>\n\t\t  \t\t\t\t\t\t\t  \t<img decoding=\"async\" src=\"https:\/\/montipower-ontwikkel.com\/wp-content\/uploads\/2019\/09\/Partnerlogo_Rijkswaterstaat_oost-nederland.png\" alt=\"\" class=\"ultimate-slide-img\" style=\"max-width: 100%; width: 85%; height: auto; border-radius: 0; margin-bottom: 15px;\">\n\t\t\t\t\t\t\t\t  \t<span class=\"content-section\" style=\"text-align: center; display: block;\">\n\t\t  \t\t\t\t\t  \t\t\t\t  \t\n\t\t\t  \t<br>\n\n\t\t\t  \t\t\t  \t<\/span>\n\t\t  <\/div>\n\t\t<\/div>\n\t\t\t\t<div class=\"carousel-caption\" style=\"background: none;\">\n\t\t  <div>\n\t\t  \t\t\t\t\t\t\t  \t<img decoding=\"async\" src=\"https:\/\/montipower-ontwikkel.com\/wp-content\/uploads\/2019\/09\/Akzonobel_300x200px_Grey_72dpi.png\" alt=\"\" class=\"ultimate-slide-img\" style=\"max-width: 100%; width: 85%; height: auto; border-radius: 0; margin-bottom: 15px;\">\n\t\t\t\t\t\t\t\t  \t<span class=\"content-section\" style=\"text-align: center; display: block;\">\n\t\t  \t\t\t\t\t  \t\t\t\t  \t\n\t\t\t  \t<br>\n\n\t\t\t  \t\t\t  \t<\/span>\n\t\t  <\/div>\n\t\t<\/div>\n\t\t\t\t<div class=\"carousel-caption\" style=\"background: none;\">\n\t\t  <div>\n\t\t  \t\t\t\t\t\t\t  \t<img decoding=\"async\" src=\"https:\/\/montipower-ontwikkel.com\/wp-content\/uploads\/2019\/09\/Belzona_300x200px_Grey-06_72dpi.png\" alt=\"\" class=\"ultimate-slide-img\" style=\"max-width: 100%; width: 85%; height: auto; border-radius: 0; margin-bottom: 15px;\">\n\t\t\t\t\t\t\t\t  \t<span class=\"content-section\" style=\"text-align: center; display: block;\">\n\t\t  \t\t\t\t\t  \t\t\t\t  \t\n\t\t\t  \t<br>\n\n\t\t\t  \t\t\t  \t<\/span>\n\t\t  <\/div>\n\t\t<\/div>\n\t\t\t\t<div class=\"carousel-caption\" style=\"background: none;\">\n\t\t  <div>\n\t\t  \t\t\t\t\t\t\t  \t<img decoding=\"async\" src=\"https:\/\/montipower-ontwikkel.com\/wp-content\/uploads\/2019\/09\/Carboline_300x200px_Grey-07_72dpi.png\" alt=\"\" class=\"ultimate-slide-img\" style=\"max-width: 100%; width: 85%; height: auto; border-radius: 0; margin-bottom: 15px;\">\n\t\t\t\t\t\t\t\t  \t<span class=\"content-section\" style=\"text-align: center; display: block;\">\n\t\t  \t\t\t\t\t  \t\t\t\t  \t\n\t\t\t  \t<br>\n\n\t\t\t  \t\t\t  \t<\/span>\n\t\t  <\/div>\n\t\t<\/div>\n\t\t\t\t<div class=\"carousel-caption\" style=\"background: none;\">\n\t\t  <div>\n\t\t  \t\t\t\t\t\t\t  \t<img decoding=\"async\" src=\"https:\/\/montipower-ontwikkel.com\/wp-content\/uploads\/2019\/09\/Chesterton_300x200px_Grey-10_72dpi.png\" alt=\"\" class=\"ultimate-slide-img\" style=\"max-width: 100%; width: 85%; height: auto; border-radius: 0; margin-bottom: 15px;\">\n\t\t\t\t\t\t\t\t  \t<span class=\"content-section\" style=\"text-align: center; display: block;\">\n\t\t  \t\t\t\t\t  \t\t\t\t  \t\n\t\t\t  \t<br>\n\n\t\t\t  \t\t\t  \t<\/span>\n\t\t  <\/div>\n\t\t<\/div>\n\t\t\t\t<div class=\"carousel-caption\" style=\"background: none;\">\n\t\t  <div>\n\t\t  \t\t\t\t\t\t\t  \t<img decoding=\"async\" src=\"https:\/\/montipower-ontwikkel.com\/wp-content\/uploads\/2019\/09\/Covalence_300x200px_Grey-11_72dpi.png\" alt=\"\" class=\"ultimate-slide-img\" style=\"max-width: 100%; width: 85%; height: auto; border-radius: 0; margin-bottom: 15px;\">\n\t\t\t\t\t\t\t\t  \t<span class=\"content-section\" style=\"text-align: center; display: block;\">\n\t\t  \t\t\t\t\t  \t\t\t\t  \t\n\t\t\t  \t<br>\n\n\t\t\t  \t\t\t  \t<\/span>\n\t\t  <\/div>\n\t\t<\/div>\n\t\t\t\t<div class=\"carousel-caption\" style=\"background: none;\">\n\t\t  <div>\n\t\t  \t\t\t\t\t\t\t  \t<img decoding=\"async\" src=\"https:\/\/montipower-ontwikkel.com\/wp-content\/uploads\/2019\/09\/Denso_300x200px_Grey-16_72dpi.png\" alt=\"\" class=\"ultimate-slide-img\" style=\"max-width: 100%; width: 85%; height: auto; border-radius: 0; margin-bottom: 15px;\">\n\t\t\t\t\t\t\t\t  \t<span class=\"content-section\" style=\"text-align: center; display: block;\">\n\t\t  \t\t\t\t\t  \t\t\t\t  \t\n\t\t\t  \t<br>\n\n\t\t\t  \t\t\t  \t<\/span>\n\t\t  <\/div>\n\t\t<\/div>\n\t\t\t\t<div class=\"carousel-caption\" style=\"background: none;\">\n\t\t  <div>\n\t\t  \t\t\t\t\t\t\t  \t<img decoding=\"async\" src=\"https:\/\/montipower-ontwikkel.com\/wp-content\/uploads\/2019\/09\/Deutsche-bahn_300x200px_Grey-12_72dpi.png\" alt=\"\" class=\"ultimate-slide-img\" style=\"max-width: 100%; width: 85%; height: auto; border-radius: 0; margin-bottom: 15px;\">\n\t\t\t\t\t\t\t\t  \t<span class=\"content-section\" style=\"text-align: center; display: block;\">\n\t\t  \t\t\t\t\t  \t\t\t\t  \t\n\t\t\t  \t<br>\n\n\t\t\t  \t\t\t  \t<\/span>\n\t\t  <\/div>\n\t\t<\/div>\n\t\t\t\t<div class=\"carousel-caption\" style=\"background: none;\">\n\t\t  <div>\n\t\t  \t\t\t\t\t\t\t  \t<img decoding=\"async\" src=\"https:\/\/montipower-ontwikkel.com\/wp-content\/uploads\/2019\/09\/Equinor_300x200px_Grey-17_72dpi.png\" alt=\"\" class=\"ultimate-slide-img\" style=\"max-width: 100%; width: 85%; height: auto; border-radius: 0; margin-bottom: 15px;\">\n\t\t\t\t\t\t\t\t  \t<span class=\"content-section\" style=\"text-align: center; display: block;\">\n\t\t  \t\t\t\t\t  \t\t\t\t  \t\n\t\t\t  \t<br>\n\n\t\t\t  \t\t\t  \t<\/span>\n\t\t  <\/div>\n\t\t<\/div>\n\t\t\t\t<div class=\"carousel-caption\" style=\"background: none;\">\n\t\t  <div>\n\t\t  \t\t\t\t\t\t\t  \t<img decoding=\"async\" src=\"https:\/\/montipower-ontwikkel.com\/wp-content\/uploads\/2019\/09\/Ford_300x200px_Grey-01_72dpi.png\" alt=\"\" class=\"ultimate-slide-img\" style=\"max-width: 100%; width: 85%; height: auto; border-radius: 0; margin-bottom: 15px;\">\n\t\t\t\t\t\t\t\t  \t<span class=\"content-section\" style=\"text-align: center; display: block;\">\n\t\t  \t\t\t\t\t  \t\t\t\t  \t\n\t\t\t  \t<br>\n\n\t\t\t  \t\t\t  \t<\/span>\n\t\t  <\/div>\n\t\t<\/div>\n\t\t\t\t<div class=\"carousel-caption\" style=\"background: none;\">\n\t\t  <div>\n\t\t  \t\t\t\t\t\t\t  \t<img decoding=\"async\" src=\"https:\/\/montipower-ontwikkel.com\/wp-content\/uploads\/2019\/09\/Gasunie_300x200px_Grey-18_72dpi.png\" alt=\"\" class=\"ultimate-slide-img\" style=\"max-width: 100%; width: 85%; height: auto; border-radius: 0; margin-bottom: 15px;\">\n\t\t\t\t\t\t\t\t  \t<span class=\"content-section\" style=\"text-align: center; display: block;\">\n\t\t  \t\t\t\t\t  \t\t\t\t  \t\n\t\t\t  \t<br>\n\n\t\t\t  \t\t\t  \t<\/span>\n\t\t  <\/div>\n\t\t<\/div>\n\t\t<\/section>\n\n\t\t<style>\n\t\t\t\t\t\t\t\t\t\t#tdt-slider-424 .slick-next:before, #tdt-slider-424 .slick-prev:before {\n\t\t\t\t\tcolor: #000 !important;\n\t\t\t\t\tbackground:  !important;\n\t\t\t\t\tfont-size: 30px !important;\n\t\t\t\t}\n\t\t\t\t#tdt-slider-424 .slick-prev {\n\t\t\t\t\tleft: 40px !important;\n\t\t\t\t}\n\t\t\t\t#tdt-slider-424 .slick-next {\n\t\t\t\t\tright: 40px !important;\n\t\t\t\t}\n\t\t\t\t\t\t#tdt-slider-424 .slick-slide {\n\t\t\t\tpadding: 0 0px 15px 0px !important;\n\t\t\t}\n\t\t\t#tdt-slider-424 .content-section *{\n\t\t\t\t;\n\t\t\t}\n\t\t\t\t\t\t\t#tdt-slider-424.content-over-slider .slick-slide .content-section {\n\t\t\t\t\ttop: 15%;\n\t\t\t\t}\n\t\t\t\t@media only screen and (max-width: 480px) {\n\t\t\t\t\t#tdt-slider-424.content-over-slider .slick-slide .content-section {\n\t\t\t\t\t\ttop: 35px !important;\n\t\t\t\t\t}\n\t\t\t\t\t#tdt-slider-424.content-over-slider .ultimate-slide-img {\n\t\t\t\t\t\theight: 200px !important;\n\t\t\t\t\t}\n\t\t\t\t}\n\t\t\t\t\t<\/style>\n\t\t<\/div><\/div><\/div><\/div><\/section><\/div>[\/vc_column][\/vc_row]<\/p>\n<\/div>","protected":false},"excerpt":{"rendered":"Histoire Home INSPIRE PAR FERDINAND PORSCHE En tant qu\u2019amateur de voiture et que pilote de course chez Porsche, Werner Montabaur","protected":false},"author":11,"featured_media":0,"parent":10028,"menu_order":0,"comment_status":"closed","ping_status":"closed","template":"","meta":{"_acf_changed":false,"footnotes":""},"acf":[],"_links":{"self":[{"href":"https:\/\/montipower-ontwikkel.com\/fr\/wp-json\/wp\/v2\/pages\/10044"}],"collection":[{"href":"https:\/\/montipower-ontwikkel.com\/fr\/wp-json\/wp\/v2\/pages"}],"about":[{"href":"https:\/\/montipower-ontwikkel.com\/fr\/wp-json\/wp\/v2\/types\/page"}],"author":[{"embeddable":true,"href":"https:\/\/montipower-ontwikkel.com\/fr\/wp-json\/wp\/v2\/users\/11"}],"replies":[{"embeddable":true,"href":"https:\/\/montipower-ontwikkel.com\/fr\/wp-json\/wp\/v2\/comments?post=10044"}],"version-history":[{"count":3,"href":"https:\/\/montipower-ontwikkel.com\/fr\/wp-json\/wp\/v2\/pages\/10044\/revisions"}],"predecessor-version":[{"id":10078,"href":"https:\/\/montipower-ontwikkel.com\/fr\/wp-json\/wp\/v2\/pages\/10044\/revisions\/10078"}],"up":[{"embeddable":true,"href":"https:\/\/montipower-ontwikkel.com\/fr\/wp-json\/wp\/v2\/pages\/10028"}],"wp:attachment":[{"href":"https:\/\/montipower-ontwikkel.com\/fr\/wp-json\/wp\/v2\/media?parent=10044"}],"curies":[{"name":"wp","href":"https:\/\/api.w.org\/{rel}","templated":true}]}}