{"id":10025,"date":"2019-08-13T12:01:56","date_gmt":"2019-08-13T10:01:56","guid":{"rendered":"https:\/\/monti.la-compagnie.digital\/contact-surface-preparation\/"},"modified":"2021-10-27T20:43:58","modified_gmt":"2021-10-27T18:43:58","slug":"contact","status":"publish","type":"page","link":"https:\/\/montipower-ontwikkel.com\/fr\/service-assistance\/contact\/","title":{"rendered":"Contact"},"content":{"rendered":"<div class=\"wpb-content-wrapper\"><p>[vc_section full_width=&#8221;stretch_row&#8221; content_placement=&#8221;bottom&#8221; css=&#8221;.vc_custom_1592490351603{padding-top: 30px !important;padding-bottom: 0px !important;background: #ff1212 url(https:\/\/montipower.com\/wp-content\/uploads\/2020\/06\/Contact_Header.jpg?id=5462) !important;background-position: center !important;background-repeat: no-repeat !important;background-size: cover !important;}&#8221; el_class=&#8221;topbig&#8221;][vc_row css=&#8221;.vc_custom_1569318223776{padding-right: 100px !important;padding-left: 100px !important;}&#8221;][vc_column width=&#8221;1\/2&#8243;][vc_column_text]<\/p>\n<h1 class=\"p1\">Contact<\/h1>\n<p>[\/vc_column_text][\/vc_column][vc_column width=&#8221;1\/2&#8243;][\/vc_column][\/vc_row][vc_row full_width=&#8221;stretch_row_content_no_spaces&#8221; content_placement=&#8221;bottom&#8221; css=&#8221;.vc_custom_1572538421631{padding-top: 0px !important;padding-bottom: 100px !important;background-position: 0 0 !important;background-repeat: no-repeat !important;}&#8221; el_class=&#8221;hometopfotorij&#8221;][vc_column][\/vc_column][\/vc_row][vc_row full_width=&#8221;stretch_row&#8221; css=&#8221;.vc_custom_1572538430974{background-color: #f1f1f1 !important;}&#8221;][vc_column][vc_column_text el_class=&#8221;montbreadcrumbs&#8221; css=&#8221;.vc_custom_1569318576735{padding-right: 100px !important;padding-left: 100px !important;}&#8221;]<nav aria-label=\"breadcrumbs\" class=\"rank-math-breadcrumb\"><p><span class=\"last\">Home<\/span><\/p><\/nav>[\/vc_column_text][\/vc_column][\/vc_row][\/vc_section][vc_section full_width=&#8221;stretch_row&#8221; el_class=&#8221;textcomp&#8221;][vc_row][vc_column][vc_column_text]<\/p>\n<p class=\"p1\"><strong>Merci de votre int\u00e9r\u00eat pour MontiPower<sup>\u00ae<\/sup> et pour nos technologies brevet\u00e9es pour les pr\u00e9parations professionnelles de surface. Veuillez nous contacter via le formulaire de contact ci-dessous et nous vous recontacterons tr\u00e8s rapidement.<\/strong><\/p>\n<p>[\/vc_column_text][vc_column_text]<\/p>\n<ul>\n<li>Les champs obligatoires sont indiqu\u00e9s par un ast\u00e9risque *<\/li>\n<\/ul>\n<p>[\/vc_column_text][\/vc_column][\/vc_row][vc_row][vc_column]\n<div class=\"wpcf7 no-js\" id=\"wpcf7-f515-o1\" lang=\"en-US\" dir=\"ltr\">\n<div class=\"screen-reader-response\"><p role=\"status\" aria-live=\"polite\" aria-atomic=\"true\"><\/p> <ul><\/ul><\/div>\n<form action=\"\/fr\/wp-json\/wp\/v2\/pages\/10025#wpcf7-f515-o1\" method=\"post\" class=\"wpcf7-form init\" aria-label=\"Contact form\" enctype=\"multipart\/form-data\" novalidate=\"novalidate\" data-status=\"init\">\n<div style=\"display: none;\">\n<input type=\"hidden\" name=\"_wpcf7\" value=\"515\" \/>\n<input type=\"hidden\" name=\"_wpcf7_version\" value=\"5.9.8\" \/>\n<input type=\"hidden\" name=\"_wpcf7_locale\" value=\"en_US\" \/>\n<input type=\"hidden\" name=\"_wpcf7_unit_tag\" value=\"wpcf7-f515-o1\" \/>\n<input type=\"hidden\" name=\"_wpcf7_container_post\" value=\"0\" \/>\n<input type=\"hidden\" name=\"_wpcf7_posted_data_hash\" value=\"\" \/>\n<input type=\"hidden\" name=\"_wpcf7_recaptcha_response\" value=\"\" \/>\n<\/div>\n<div class=\"contactformulier\">\n\t<div class=\"contactmess\">\n\t\t<p><label class=\"contact100\"> <span class=\"contacttitel\">Please select message subject <\/span><br \/>\n<span class=\"wpcf7-form-control-wrap\" data-name=\"messagesubject\"><select class=\"wpcf7-form-control wpcf7-select\" aria-invalid=\"false\" name=\"messagesubject\"><option value=\"\">&#8212;Please choose an option&#8212;<\/option><option value=\"Request for quotation\">Request for quotation<\/option><option value=\"I would like some information\">I would like some information<\/option><option value=\"I have a question\">I have a question<\/option><option value=\"I have a complaint\">I have a complaint<\/option><\/select><\/span> <\/label>\n\t\t<\/p>\n\t\t<p><label class=\"contact50\"> <span class=\"contacttitel\">Name*<\/span><br \/>\n<span class=\"wpcf7-form-control-wrap\" data-name=\"your-name\"><input size=\"40\" maxlength=\"400\" class=\"wpcf7-form-control wpcf7-text wpcf7-validates-as-required\" aria-required=\"true\" aria-invalid=\"false\" value=\"\" type=\"text\" name=\"your-name\" \/><\/span> <\/label>\n\t\t<\/p>\n\t\t<p><label class=\"contact50\"> <span class=\"contacttitel\">Company* <\/span><br \/>\n<span class=\"wpcf7-form-control-wrap\" data-name=\"company\"><input size=\"40\" maxlength=\"400\" class=\"wpcf7-form-control wpcf7-text wpcf7-validates-as-required\" aria-required=\"true\" aria-invalid=\"false\" value=\"\" type=\"text\" name=\"company\" \/><\/span> <\/label>\n\t\t<\/p>\n\t\t<p><label class=\"contact50\"> <span class=\"contacttitel\">Select location* <\/span><br \/>\n<span class=\"wpcf7-form-control-wrap\" data-name=\"countrytext-254\"><input size=\"40\" class=\"wpcf7-form-control wpcf7-countrytext wpcf7-validates-as-required wpcf7-text wpcf7-validates-as-countrytext\" aria-required=\"true\" aria-invalid=\"false\" placeholder=\"Please select\" value=\"\" type=\"text\" name=\"countrytext-254\" \/><\/span> <\/label>\n\t\t<\/p>\n\t\t<p><label class=\"contact50\"> <span class=\"contacttitel\">E-Mail* <\/span><br \/>\n<span class=\"wpcf7-form-control-wrap\" data-name=\"your-email\"><input size=\"40\" maxlength=\"400\" class=\"wpcf7-form-control wpcf7-email wpcf7-validates-as-required wpcf7-text wpcf7-validates-as-email\" aria-required=\"true\" aria-invalid=\"false\" value=\"\" type=\"email\" name=\"your-email\" \/><\/span> <\/label>\n\t\t<\/p>\n\t\t<p><label class=\"contact50\"> <span class=\"contacttitel\">Phone* <\/span><br \/>\n<span class=\"wpcf7-form-control-wrap\" data-name=\"phone\"><input size=\"40\" maxlength=\"400\" class=\"wpcf7-form-control wpcf7-text wpcf7-validates-as-required\" aria-required=\"true\" aria-invalid=\"false\" value=\"\" type=\"text\" name=\"phone\" \/><\/span> <\/label>\n\t\t<\/p>\n\t<\/div>\n\t<div class=\"contactmess\">\n\t\t<p><label class=\"contact50\"> <span class=\"contacttitel\">Your message* <\/span><br \/>\n<span class=\"wpcf7-form-control-wrap\" data-name=\"your-message\"><textarea cols=\"40\" rows=\"10\" maxlength=\"2000\" class=\"wpcf7-form-control wpcf7-textarea\" aria-invalid=\"false\" name=\"your-message\"><\/textarea><\/span> <\/label>\n\t\t<\/p>\n\t\t<p><label class=\"contact50\"> <span class=\"contacttitel\">Upload files <\/span><br \/>\n<span class=\"wpcf7-form-control-wrap\" data-name=\"file\"><input size=\"40\" class=\"wpcf7-form-control wpcf7-file\" accept=\"audio\/*,video\/*,image\/*\" aria-invalid=\"false\" type=\"file\" name=\"file\" \/><\/span> <\/label>\n\t\t<\/p>\n\t<\/div>\n\t<p><span class=\"contacttitel\"> Confirm your age: <\/span><br \/>\n<span class=\"wpcf7-form-control-wrap\" data-name=\"acceptance-612\"><span class=\"wpcf7-form-control wpcf7-acceptance\"><span class=\"wpcf7-list-item\"><label><input type=\"checkbox\" name=\"acceptance-612\" value=\"1\" aria-invalid=\"false\" \/><span class=\"wpcf7-list-item-label\">Yes - I confirm that I am over 18 years old. By submitting this form you agree to the <a href=\"https:\/\/montipower.com\/terms\/\" target=\"_blank\" rel=\"noopener\">General Terms and Conditions<\/a>.*<\/span><\/label><\/span><\/span><\/span>\n\t<\/p>\n\t<p><span class=\"wpcf7-form-control-wrap\" data-name=\"acceptance-813\"><span class=\"wpcf7-form-control wpcf7-acceptance\"><span class=\"wpcf7-list-item\"><label><input type=\"checkbox\" name=\"acceptance-813\" value=\"1\" aria-invalid=\"false\" \/><span class=\"wpcf7-list-item-label\">I agree that my details mentioned in the contact form will be collected and processed exclusively to respond to my inquiry. Please note that you can revoke your consent at any time by sending an e-mail to info@montipower.com. *<\/span><\/label><\/span><\/span><\/span>\n\t<\/p>\n\t<p><input class=\"wpcf7-form-control wpcf7-submit has-spinner\" type=\"submit\" value=\"Send message\" \/>\n\t<\/p>\n<\/div><p style=\"display: none !important;\" class=\"akismet-fields-container\" data-prefix=\"_wpcf7_ak_\"><label>&#916;<textarea name=\"_wpcf7_ak_hp_textarea\" cols=\"45\" rows=\"8\" maxlength=\"100\"><\/textarea><\/label><input type=\"hidden\" id=\"ak_js_1\" name=\"_wpcf7_ak_js\" value=\"244\"\/><script>document.getElementById( \"ak_js_1\" ).setAttribute( \"value\", ( new Date() ).getTime() );<\/script><\/p><div class=\"wpcf7-response-output\" aria-hidden=\"true\"><\/div>\n<\/form>\n<\/div>\n[\/vc_column][\/vc_row][\/vc_section][vc_section full_width=&#8221;stretch_row&#8221; el_class=&#8221;textcomp&#8221;][vc_row][vc_column][vc_separator color=&#8221;black&#8221;][vc_column_text el_class=&#8221;intro&#8221;]<\/p>\n<h3 class=\"p1\">CONFIDENTIALITE<\/h3>\n<p>[\/vc_column_text][vc_column_text]<\/p>\n<p class=\"p1\">Ce site Internet est d\u00e9tenu et contr\u00f4l\u00e9 par :<\/p>\n<p class=\"p1\">MONTI \u2013 Werkzeuge GmbH<br \/>\nReisertstr. 21<br \/>\n53773 Hennef<br \/>\nAllemagne<br \/>\n+49 (0) 2242 9090 630<br \/>\ninfo@montipower.com<\/p>\n<p class=\"p1\">MontiPower<sup>\u00ae<\/sup> s\u2019engage \u00e0 prot\u00e9ger votre confidentialit\u00e9 et \u00e0 s\u2019assurer que vos donn\u00e9es personnelles sont prot\u00e9g\u00e9es. Pour plus d\u2019informations, veuillez consulter notre Avis de Confidentialit\u00e9 et nos Termes et Conditions G\u00e9n\u00e9rales.<\/p>\n<p>[\/vc_column_text][\/vc_column][\/vc_row][\/vc_section][vc_section full_width=&#8221;stretch_row&#8221; el_class=&#8221;faqmonti&#8221; css=&#8221;.vc_custom_1569488527432{padding-bottom: 40px !important;}&#8221;][vc_row css=&#8221;.vc_custom_1575557383357{padding-right: 200px !important;padding-left: 200px !important;}&#8221;][vc_column][vc_separator color=&#8221;black&#8221;][vc_column_text]<\/p>\n<h3 class=\"p1\">FOIRE AUX QUESTIONS<\/h3>\n<p>[\/vc_column_text][vc_column_text el_class=&#8221;faqtussentitel&#8221; css=&#8221;.vc_custom_1575554077412{margin-bottom: 20px !important;}&#8221;]<strong>CONTACT<\/strong>[\/vc_column_text][vc_toggle title=&#8221;Do you only have representation in Germany?&#8221; style=&#8221;arrow&#8221;]We market our patented Bristle Blaster<sup>\u00ae<\/sup> Technology through a global network of importers. We serve the German market ourselves. Our subsidiary, MONTI Tools Inc., in Houston\/Texas, is responsible for the North American market. All our distributors you can find <a href=\"https:\/\/montipower.com\/fr\/service-assistance\/distributeurs\/\" target=\"_blank\" rel=\"noopener noreferrer\">here<\/a>.<\/p>\n<p>No matter where you purchase your MontiPower<sup>\u00ae<\/sup> products, \u00a0you can expect to be welcomed by a competent partner, who will provide you with excellent personal aftersales service in addition to obligatory product training.[\/vc_toggle][vc_toggle title=&#8221;Who can I contact in my own country?&#8221; style=&#8221;arrow&#8221;]We have representation in almost 40 countries. Find our list of countries and contact information <a href=\"https:\/\/montipower.com\/fr\/service-assistance\/distributeurs\/\" target=\"_blank\" rel=\"noopener noreferrer\">here<\/a>.[\/vc_toggle][vc_toggle title=&#8221;I have a question about a purchased product&#8221; style=&#8221;arrow&#8221;]Please contact your point of purchase. We work with a global network of competent partners who will provide you with excellent personal aftersales.[\/vc_toggle][\/vc_column][\/vc_row][\/vc_section]<\/p>\n<\/div>","protected":false},"excerpt":{"rendered":"<p>[vc_section full_width=&#8221;stretch_row&#8221; content_placement=&#8221;bottom&#8221; css=&#8221;.vc_custom_1592490351603{padding-top: 30px !important;padding-bottom: 0px !important;background: #ff1212 url(https:\/\/montipower.com\/wp-content\/uploads\/2020\/06\/Contact_Header.jpg?id=5462) !important;background-position: &#8230; <\/p>\n","protected":false},"author":11,"featured_media":0,"parent":10167,"menu_order":0,"comment_status":"closed","ping_status":"closed","template":"","meta":{"_acf_changed":false,"footnotes":""},"acf":[],"_links":{"self":[{"href":"https:\/\/montipower-ontwikkel.com\/fr\/wp-json\/wp\/v2\/pages\/10025"}],"collection":[{"href":"https:\/\/montipower-ontwikkel.com\/fr\/wp-json\/wp\/v2\/pages"}],"about":[{"href":"https:\/\/montipower-ontwikkel.com\/fr\/wp-json\/wp\/v2\/types\/page"}],"author":[{"embeddable":true,"href":"https:\/\/montipower-ontwikkel.com\/fr\/wp-json\/wp\/v2\/users\/11"}],"replies":[{"embeddable":true,"href":"https:\/\/montipower-ontwikkel.com\/fr\/wp-json\/wp\/v2\/comments?post=10025"}],"version-history":[{"count":6,"href":"https:\/\/montipower-ontwikkel.com\/fr\/wp-json\/wp\/v2\/pages\/10025\/revisions"}],"predecessor-version":[{"id":12844,"href":"https:\/\/montipower-ontwikkel.com\/fr\/wp-json\/wp\/v2\/pages\/10025\/revisions\/12844"}],"up":[{"embeddable":true,"href":"https:\/\/montipower-ontwikkel.com\/fr\/wp-json\/wp\/v2\/pages\/10167"}],"wp:attachment":[{"href":"https:\/\/montipower-ontwikkel.com\/fr\/wp-json\/wp\/v2\/media?parent=10025"}],"curies":[{"name":"wp","href":"https:\/\/api.w.org\/{rel}","templated":true}]}}