{"id":10979,"date":"2020-06-04T12:25:10","date_gmt":"2020-06-04T10:25:10","guid":{"rendered":"https:\/\/monti.la-compagnie.digital\/productos\/powermachines\/"},"modified":"2024-02-13T19:16:59","modified_gmt":"2024-02-13T18:16:59","slug":"maquinas","status":"publish","type":"page","link":"https:\/\/montipower-ontwikkel.com\/es\/productos\/maquinas\/","title":{"rendered":"M\u00c1QUINAS"},"content":{"rendered":"<div class=\"wpb-content-wrapper\"><p>[vc_section full_width=&#8221;stretch_row&#8221; content_placement=&#8221;bottom&#8221; css=&#8221;.vc_custom_1569320141112{padding-top: 30px !important;padding-bottom: 0px !important;background-color: #ff1212 !important;background-position: center !important;background-repeat: no-repeat !important;background-size: cover !important;}&#8221; el_class=&#8221;topbig&#8221;][vc_row css=&#8221;.vc_custom_1569318223776{padding-right: 100px !important;padding-left: 100px !important;}&#8221;][vc_column width=&#8221;1\/2&#8243;][vc_column_text]<\/p>\n<h1><span style=\"font-weight: 400;\">M\u00c1QUINAS<\/span><\/h1>\n<p>[\/vc_column_text][\/vc_column][vc_column width=&#8221;1\/2&#8243;][\/vc_column][\/vc_row][vc_row full_width=&#8221;stretch_row_content_no_spaces&#8221; content_placement=&#8221;bottom&#8221; css=&#8221;.vc_custom_1572526136907{padding-top: 0px !important;padding-bottom: 100px !important;background-position: 0 0 !important;background-repeat: no-repeat !important;}&#8221; el_class=&#8221;hometopfotorij&#8221;][vc_column][\/vc_column][\/vc_row][vc_row full_width=&#8221;stretch_row&#8221; css=&#8221;.vc_custom_1572525974229{background-color: #f1f1f1 !important;}&#8221;][vc_column][vc_column_text el_class=&#8221;montbreadcrumbs&#8221; css=&#8221;.vc_custom_1569318576735{padding-right: 100px !important;padding-left: 100px !important;}&#8221;]<nav aria-label=\"breadcrumbs\" class=\"rank-math-breadcrumb\"><p><span class=\"last\">Home<\/span><\/p><\/nav>[\/vc_column_text][\/vc_column][\/vc_row][\/vc_section][vc_section full_width=&#8221;stretch_row&#8221; el_class=&#8221;textcomp&#8221;][vc_row][vc_column][vc_column_text]<\/p>\n<h2><span style=\"font-weight: 400;\">NUEVAS TECNOLOG\u00cdAS<\/span><\/h2>\n<p><span style=\"font-weight: 400;\">El Bristle Blaster<sup>\u00ae<\/sup> fue &#8211; y es &#8211; un fenomenal avance en lo que se refiere al &#8220;granallado sin grano&#8221;. Las caracter\u00edsticas patentadas del Bristle Blaster<sup>\u00ae<\/sup> forman la base de las nuevas m\u00e1quinas de potencia e innovaciones que ahora se introducen en los mercados.<\/span><\/p>\n<h6>PREPPER<sup>\u00ae<\/sup>Q4<\/h6>\n<p><span style=\"font-weight: 400;\">El Prepper<sup>\u00ae<\/sup>Q4 es una m\u00e1quina de producci\u00f3n semi-autom\u00e1tica impulsada por agua. Es para cubiertas, paredes, vigas H y superficies redondas.<\/span><\/p>\n<h6>PREPPER<sup>\u00ae<\/sup>Q10<\/h6>\n<p><span style=\"font-weight: 400;\">El Cleantech Prepper<sup>\u00ae<\/sup> Q10 representa un verdadero avance, ya que permite tratar superficies considerablemente m\u00e1s amplias con una sola m\u00e1quina. El Q10 puede utilizarse para operaciones de arrastre o sujeci\u00f3n. El Prepper<sup>\u00ae<\/sup> Q10 est\u00e1 disponible a petici\u00f3n y de forma espec\u00edfica para cada proyecto.<\/span><\/p>\n<h6>SUBSEA BRISTLE BLASTER<sup>\u00ae<\/sup><\/h6>\n<p><span style=\"font-weight: 400;\">Otra innovaci\u00f3n espectacular es nuestro Equipo Submarino, que puede utilizarse para llevar a cabo tratamientos submarinos que luego permiten aplicar revestimientos submarinos u otros tratamientos.<\/span>[\/vc_column_text][\/vc_column][\/vc_row][vc_row css=&#8221;.vc_custom_1572353854868{padding-right: 50px !important;padding-left: 50px !important;}&#8221;][vc_column][vc_row_inner][vc_column_inner width=&#8221;1\/3&#8243;][vc_btn title=&#8221;Prepper Q4\u00ae&#8221; style=&#8221;classic&#8221; shape=&#8221;square&#8221; size=&#8221;lg&#8221; align=&#8221;center&#8221; button_block=&#8221;true&#8221; link=&#8221;url:https%3A%2F%2Fmontipower.com%2Fes%2Fmp_product%2Fquattro-4%2F|title:Q4&#8243; el_class=&#8221;solutions-button&#8221;][\/vc_column_inner][vc_column_inner width=&#8221;1\/3&#8243;][vc_btn title=&#8221;Prepper Q10\u00ae crawling&#8221; style=&#8221;classic&#8221; shape=&#8221;square&#8221; size=&#8221;lg&#8221; align=&#8221;center&#8221; button_block=&#8221;true&#8221; link=&#8221;url:https%3A%2F%2Fmontipower.com%2Fes%2Fmp_product%2Fprepper-q10-crawling-operations%2F|title:Q10%20crawling&#8221; el_class=&#8221;solutions-button&#8221;][\/vc_column_inner][vc_column_inner width=&#8221;1\/3&#8243;][vc_btn title=&#8221;Prepper Q10\u00ae clamped&#8221; style=&#8221;classic&#8221; shape=&#8221;square&#8221; size=&#8221;lg&#8221; align=&#8221;center&#8221; button_block=&#8221;true&#8221; link=&#8221;url:https%3A%2F%2Fmontipower.com%2Fes%2Fmp_product%2Fprepper-q10-clamped-operations%2F|title:Q10%20clamping&#8221; el_class=&#8221;solutions-button&#8221;][\/vc_column_inner][\/vc_row_inner][vc_row_inner][vc_column_inner width=&#8221;1\/3&#8243;][vc_btn title=&#8221;Subsea Bristle Blaster\u00ae&#8221; style=&#8221;classic&#8221; shape=&#8221;square&#8221; size=&#8221;lg&#8221; align=&#8221;center&#8221; button_block=&#8221;true&#8221; link=&#8221;url:https%3A%2F%2Fmontipower.com%2Fes%2Fmp_product%2Fsubsea%2F|title:Subsea&#8221; el_class=&#8221;solutions-button&#8221;][\/vc_column_inner][vc_column_inner width=&#8221;1\/3&#8243;][\/vc_column_inner][vc_column_inner width=&#8221;1\/3&#8243;][\/vc_column_inner][\/vc_row_inner][\/vc_column][\/vc_row][\/vc_section][vc_section css=&#8221;.vc_custom_1569500364650{padding-top: 40px !important;}&#8221;][vc_row gap=&#8221;35&#8243; content_placement=&#8221;middle&#8221; css=&#8221;.vc_custom_1569500430462{margin-right: 100px !important;margin-left: 100px !important;padding-bottom: 80px !important;background-color: #ffffff !important;}&#8221;][vc_column width=&#8221;1\/2&#8243; css=&#8221;.vc_custom_1569498569540{padding-top: 0px !important;}&#8221;][vc_single_image image=&#8221;4652&#8243; img_size=&#8221;full&#8221; el_class=&#8221;uitgelichtfoto&#8221;][\/vc_column][vc_column width=&#8221;1\/2&#8243;][vc_column_text]<\/p>\n<h3>Prepper<sup>\u00ae<\/sup> Q4<\/h3>\n<p><span style=\"font-weight: 400;\">M\u00e1quina de producci\u00f3n semiautom\u00e1tica. Accionada por agua. Para cubiertas, paredes, vigas H y superficies redondas.<\/span>[\/vc_column_text][vc_btn title=&#8221;leer m\u00e1s aqu\u00ed&#8221; style=&#8221;classic&#8221; shape=&#8221;square&#8221; align=&#8221;left&#8221; link=&#8221;url:https%3A%2F%2Fmontipower.com%2Fes%2Fmp_product%2Fquattro-4%2F|title:Our%20PowerRead%20more&#8221; el_class=&#8221;uitgelichtebutton&#8221;][\/vc_column][\/vc_row][\/vc_section][vc_section el_class=&#8221;featurright&#8221;][vc_row gap=&#8221;35&#8243; content_placement=&#8221;middle&#8221; css=&#8221;.vc_custom_1572357743837{background-color: #ffffff !important;}&#8221;][vc_column width=&#8221;1\/2&#8243;][vc_column_text]<\/p>\n<h3>PREPPER Q10<br \/>\nCRAWLING<\/h3>\n<p><span style=\"font-weight: 400;\">El Cleantech Prepper<sup>\u00ae<\/sup> Q10 permite un rendimiento \u00f3ptimo del revestimiento, proporcionando un perfil de rugosidad constante y fiable al sustrato. El Prepper\u00ae Q10 crawling est\u00e1 disponible a pedido.<\/span>[\/vc_column_text][vc_btn title=&#8221;leer m\u00e1s aqu\u00ed&#8221; style=&#8221;classic&#8221; shape=&#8221;square&#8221; align=&#8221;left&#8221; link=&#8221;url:https%3A%2F%2Fmontipower.com%2Fes%2Fmp_product%2Fprepper-q10-crawling-operations%2F|title:Q10%20crawling&#8221; el_class=&#8221;uitgelichtebutton&#8221;][\/vc_column][vc_column width=&#8221;1\/2&#8243; css=&#8221;.vc_custom_1569498569540{padding-top: 0px !important;}&#8221;][vc_single_image image=&#8221;4641&#8243; img_size=&#8221;full&#8221; el_class=&#8221;uitgelichtfotoright&#8221;][\/vc_column][\/vc_row][\/vc_section][vc_section css=&#8221;.vc_custom_1569500364650{padding-top: 40px !important;}&#8221;][vc_row gap=&#8221;35&#8243; content_placement=&#8221;middle&#8221; css=&#8221;.vc_custom_1569500430462{margin-right: 100px !important;margin-left: 100px !important;padding-bottom: 80px !important;background-color: #ffffff !important;}&#8221;][vc_column width=&#8221;1\/2&#8243; css=&#8221;.vc_custom_1569498569540{padding-top: 0px !important;}&#8221;][vc_single_image image=&#8221;5732&#8243; img_size=&#8221;730&#215;596&#8243; el_class=&#8221;uitgelichtfoto&#8221;][\/vc_column][vc_column width=&#8221;1\/2&#8243;][vc_column_text]<\/p>\n<h3>PREPPER Q10<br \/>\nCLAMPED<\/h3>\n<p><span style=\"font-weight: 400;\">El Cleantech Prepper<sup>\u00ae<\/sup> Q10 permite un rendimiento \u00f3ptimo del revestimiento, proporcionando un perfil de rugosidad constante y fiable al sustrato. El Prepper<sup>\u00ae<\/sup> Q10 clamped est\u00e1 disponible a pedido.<\/span>[\/vc_column_text][vc_btn title=&#8221;leer m\u00e1s aqu\u00ed&#8221; style=&#8221;classic&#8221; shape=&#8221;square&#8221; align=&#8221;left&#8221; link=&#8221;url:https%3A%2F%2Fmontipower.com%2Fes%2Fmp_product%2Fprepper-q10-clamped-operations%2F|title:Q10&#8243; el_class=&#8221;uitgelichtebutton&#8221;][\/vc_column][\/vc_row][\/vc_section][vc_section el_class=&#8221;featurright&#8221;][vc_row gap=&#8221;35&#8243; content_placement=&#8221;middle&#8221; css=&#8221;.vc_custom_1572357743837{background-color: #ffffff !important;}&#8221;][vc_column width=&#8221;1\/2&#8243;][vc_column_text]<\/p>\n<h3>SUBSEA BRISTLE BLASTER<sup>\u00ae<\/sup><\/h3>\n<p><span style=\"font-weight: 400;\">El equipo Subsea Bristle Blaster<sup>\u00ae<\/sup> es un dispositivo hidr\u00e1ulico submarino. Es excelente para los refuerzos compuestos de tuber\u00edas y la actividad de soldadura submarina en barcos, infraestructura portuaria y tuber\u00edas submarinas.<\/span>[\/vc_column_text][vc_btn title=&#8221;leer m\u00e1s aqu\u00ed&#8221; style=&#8221;classic&#8221; shape=&#8221;square&#8221; align=&#8221;left&#8221; link=&#8221;url:https%3A%2F%2Fmontipower.com%2Fes%2Fmp_product%2Fsubsea%2F|title:subsea&#8221; el_class=&#8221;uitgelichtebutton&#8221;][\/vc_column][vc_column width=&#8221;1\/2&#8243; css=&#8221;.vc_custom_1569498569540{padding-top: 0px !important;}&#8221;][vc_single_image image=&#8221;4655&#8243; img_size=&#8221;full&#8221; el_class=&#8221;uitgelichtfotoright&#8221;][\/vc_column][\/vc_row][\/vc_section]<\/p>\n<\/div>","protected":false},"excerpt":{"rendered":"<p>[vc_section full_width=&#8221;stretch_row&#8221; content_placement=&#8221;bottom&#8221; css=&#8221;.vc_custom_1569320141112{padding-top: 30px !important;padding-bottom: 0px !important;background-color: #ff1212 !important;background-position: center &#8230; <\/p>\n","protected":false},"author":3,"featured_media":0,"parent":10419,"menu_order":0,"comment_status":"closed","ping_status":"closed","template":"","meta":{"_acf_changed":false,"footnotes":""},"acf":[],"_links":{"self":[{"href":"https:\/\/montipower-ontwikkel.com\/es\/wp-json\/wp\/v2\/pages\/10979"}],"collection":[{"href":"https:\/\/montipower-ontwikkel.com\/es\/wp-json\/wp\/v2\/pages"}],"about":[{"href":"https:\/\/montipower-ontwikkel.com\/es\/wp-json\/wp\/v2\/types\/page"}],"author":[{"embeddable":true,"href":"https:\/\/montipower-ontwikkel.com\/es\/wp-json\/wp\/v2\/users\/3"}],"replies":[{"embeddable":true,"href":"https:\/\/montipower-ontwikkel.com\/es\/wp-json\/wp\/v2\/comments?post=10979"}],"version-history":[{"count":5,"href":"https:\/\/montipower-ontwikkel.com\/es\/wp-json\/wp\/v2\/pages\/10979\/revisions"}],"predecessor-version":[{"id":49654,"href":"https:\/\/montipower-ontwikkel.com\/es\/wp-json\/wp\/v2\/pages\/10979\/revisions\/49654"}],"up":[{"embeddable":true,"href":"https:\/\/montipower-ontwikkel.com\/es\/wp-json\/wp\/v2\/pages\/10419"}],"wp:attachment":[{"href":"https:\/\/montipower-ontwikkel.com\/es\/wp-json\/wp\/v2\/media?parent=10979"}],"curies":[{"name":"wp","href":"https:\/\/api.w.org\/{rel}","templated":true}]}}