{"id":10976,"date":"2020-06-02T11:03:06","date_gmt":"2020-06-02T09:03:06","guid":{"rendered":"https:\/\/monti.la-compagnie.digital\/productos\/abrasive-belts\/"},"modified":"2023-01-30T17:12:56","modified_gmt":"2023-01-30T16:12:56","slug":"bandas-abrasivas","status":"publish","type":"page","link":"https:\/\/montipower-ontwikkel.com\/es\/productos\/bandas-abrasivas\/","title":{"rendered":"cepillos ABRASIVAS"},"content":{"rendered":"<div class=\"wpb-content-wrapper\"><p>[vc_section full_width=&#8221;stretch_row&#8221; content_placement=&#8221;bottom&#8221; css=&#8221;.vc_custom_1569320141112{padding-top: 30px !important;padding-bottom: 0px !important;background-color: #ff1212 !important;background-position: center !important;background-repeat: no-repeat !important;background-size: cover !important;}&#8221; el_class=&#8221;topbig&#8221;][vc_row css=&#8221;.vc_custom_1569318223776{padding-right: 100px !important;padding-left: 100px !important;}&#8221;][vc_column width=&#8221;1\/2&#8243;][vc_column_text]<\/p>\n<h1 class=\"p1\">cepillos<br \/>\nABRASIVAS<\/h1>\n<p>[\/vc_column_text][\/vc_column][vc_column width=&#8221;1\/2&#8243;][\/vc_column][\/vc_row][vc_row full_width=&#8221;stretch_row_content_no_spaces&#8221; content_placement=&#8221;bottom&#8221; css=&#8221;.vc_custom_1572526136907{padding-top: 0px !important;padding-bottom: 100px !important;background-position: 0 0 !important;background-repeat: no-repeat !important;}&#8221; el_class=&#8221;hometopfotorij&#8221;][vc_column][\/vc_column][\/vc_row][vc_row full_width=&#8221;stretch_row&#8221; css=&#8221;.vc_custom_1572525974229{background-color: #f1f1f1 !important;}&#8221;][vc_column][vc_column_text el_class=&#8221;montbreadcrumbs&#8221; css=&#8221;.vc_custom_1569318576735{padding-right: 100px !important;padding-left: 100px !important;}&#8221;]<nav aria-label=\"breadcrumbs\" class=\"rank-math-breadcrumb\"><p><span class=\"last\">Home<\/span><\/p><\/nav>[\/vc_column_text][\/vc_column][\/vc_row][\/vc_section][vc_section full_width=&#8221;stretch_row&#8221; el_class=&#8221;textcomp&#8221;][vc_row][vc_column][vc_column_text]<span style=\"font-weight: 400;\">El Sistema de Preparaci\u00f3n de Superficies integra herramientas el\u00e9ctricas especializadas, cepillos innovadoras de cepillos de alambre y ruedas de goma para realizar una amplia variedad de tareas de preparaci\u00f3n de superficies, de forma r\u00e1pida, segura y econ\u00f3mica.<\/span>[\/vc_column_text][vc_btn title=&#8221;Contacto&#8221; style=&#8221;classic&#8221; shape=&#8221;square&#8221; align=&#8221;left&#8221; link=&#8221;url:https%3A%2F%2Fmontipower.com%2Fes%2Fservicio-y-soporte%2Fcontacto%2F|title:contact&#8221; el_class=&#8221;hometopfotobutton&#8221;][vc_separator][vc_btn title=&#8221;Gu\u00eda de aplicaci\u00f3n para la selecci\u00f3n de correas&#8221; style=&#8221;classic&#8221; shape=&#8221;square&#8221; align=&#8221;left&#8221; link=&#8221;url:https%3A%2F%2Fheyzine.com%2Fflip-book%2F1f96af6dcb.html|title:contact&#8221; el_class=&#8221;hometopfotobutton&#8221;][\/vc_column][\/vc_row][\/vc_section][vc_section el_class=&#8221;productdetail&#8221;][vc_row][vc_column][vc_column_text]<\/p>\n<h3>Cepillos MBX<sup>\u00ae<\/sup><\/h3>\n<p>[\/vc_column_text][\/vc_column][\/vc_row][vc_row gap=&#8221;20&#8243;][vc_column width=&#8221;1\/4&#8243;][vc_single_image image=&#8221;2925&#8243; img_size=&#8221;250&#215;250&#8243; alignment=&#8221;center&#8221; style=&#8221;vc_box_shadow&#8221; onclick=&#8221;zoom&#8221;][vc_column_text]<\/p>\n<h6>MBX<sup>\u00ae<\/sup> Course Black<br \/>\n23 mm<\/h6>\n<p><span style=\"font-weight: 400;\">Eliminaci\u00f3n del recubrimiento<\/span><\/p>\n<p>MB-001-10<\/p>\n<p><a href=\"https:\/\/montipower.com\/wp-content\/uploads\/2021\/02\/Technical-Data-MBX-Belts-Steel-coarse.pdf\" target=\"_blank\" rel=\"noopener\">Especificaciones<\/a>[\/vc_column_text][\/vc_column][vc_column width=&#8221;1\/4&#8243;][vc_single_image image=&#8221;3677&#8243; img_size=&#8221;250&#215;250&#8243; alignment=&#8221;center&#8221; style=&#8221;vc_box_shadow&#8221; onclick=&#8221;zoom&#8221;][vc_column_text]<\/p>\n<h6>MBX<sup>\u00ae<\/sup> Course Black<br \/>\n11 mm<\/h6>\n<p><span style=\"font-weight: 400;\">Eliminaci\u00f3n del recubrimiento<\/span><\/p>\n<p>MB-020-10<\/p>\n<p><a href=\"https:\/\/montipower.com\/wp-content\/uploads\/2021\/02\/Technical-Data-MBX-Belts-Steel-coarse.pdf\" target=\"_blank\" rel=\"noopener\">Especificaciones<\/a>[\/vc_column_text][\/vc_column][vc_column width=&#8221;1\/4&#8243;][vc_single_image image=&#8221;3675&#8243; img_size=&#8221;250&#215;250&#8243; alignment=&#8221;center&#8221; style=&#8221;vc_box_shadow&#8221; onclick=&#8221;zoom&#8221;][vc_column_text]<\/p>\n<h6>MBX<sup>\u00ae<\/sup> Medium Ochre<br \/>\n23 mm<\/h6>\n<p><span style=\"font-weight: 400;\">Desmantelamiento<\/span><\/p>\n<p>MB-009-10<\/p>\n<p><a href=\"https:\/\/montipower.com\/wp-content\/uploads\/2021\/02\/Technical-Data-MBX-Belts-Steel-medium.pdf\" target=\"_blank\" rel=\"noopener\">Especificaciones<\/a>[\/vc_column_text][\/vc_column][vc_column width=&#8221;1\/4&#8243;][vc_single_image image=&#8221;3684&#8243; img_size=&#8221;250&#215;250&#8243; alignment=&#8221;center&#8221; style=&#8221;vc_box_shadow&#8221; onclick=&#8221;zoom&#8221;][vc_column_text]<\/p>\n<h6>MBX<sup>\u00ae<\/sup> Medium Ochre<br \/>\n11 mm<\/h6>\n<p><span style=\"font-weight: 400;\">Desmantelamiento<\/span><\/p>\n<p>MB-021-10<\/p>\n<p><a href=\"https:\/\/montipower.com\/wp-content\/uploads\/2021\/02\/Technical-Data-MBX-Belts-Steel-medium.pdf\" target=\"_blank\" rel=\"noopener\">Especificaciones<\/a>[\/vc_column_text][\/vc_column][\/vc_row][vc_row gap=&#8221;20&#8243;][vc_column width=&#8221;1\/4&#8243;][vc_single_image image=&#8221;3673&#8243; img_size=&#8221;250&#215;250&#8243; alignment=&#8221;center&#8221; style=&#8221;vc_box_shadow&#8221; onclick=&#8221;zoom&#8221;][vc_column_text]<\/p>\n<h6>MBX<sup>\u00ae<\/sup> Fine Green<br \/>\n23mm<\/h6>\n<p><span style=\"font-weight: 400;\">Limpieza<\/span><\/p>\n<p>MB-005-10<\/p>\n<p><a href=\"https:\/\/montipower.com\/wp-content\/uploads\/2021\/02\/Technical-Data-MBX-Belts-Steel-fine.pdf\" target=\"_blank\" rel=\"noopener\">Especificaciones<\/a>[\/vc_column_text][\/vc_column][vc_column width=&#8221;1\/4&#8243;][vc_single_image image=&#8221;3678&#8243; img_size=&#8221;250&#215;250&#8243; alignment=&#8221;center&#8221; style=&#8221;vc_box_shadow&#8221; onclick=&#8221;zoom&#8221;][vc_column_text]<\/p>\n<h6>MBX<sup>\u00ae<\/sup> Fine Green<br \/>\n11 mm<\/h6>\n<p><span style=\"font-weight: 400;\">Limpieza<\/span><\/p>\n<p>MB-028-10<\/p>\n<p><a href=\"https:\/\/montipower.com\/wp-content\/uploads\/2021\/02\/Technical-Data-MBX-Belts-Steel-fine.pdf\" target=\"_blank\" rel=\"noopener\">Especificaciones<\/a>[\/vc_column_text][\/vc_column][vc_column width=&#8221;1\/4&#8243;][vc_single_image image=&#8221;3676&#8243; img_size=&#8221;250&#215;250&#8243; alignment=&#8221;center&#8221; style=&#8221;vc_box_shadow&#8221; onclick=&#8221;zoom&#8221;][vc_column_text]<\/p>\n<h6>MBX<sup>\u00ae<\/sup> Stainless Blue Coarse<br \/>\n23 mm<\/h6>\n<p><span style=\"font-weight: 400;\">Aluminio<\/span><\/p>\n<p>MB-011-10<\/p>\n<p><a href=\"https:\/\/montipower.com\/wp-content\/uploads\/2021\/02\/Technical-Data-MBX-Belts-Stainless-coarse.pdf\" target=\"_blank\" rel=\"noopener\">Especificaciones<\/a>[\/vc_column_text][\/vc_column][vc_column width=&#8221;1\/4&#8243;][vc_single_image image=&#8221;3679&#8243; img_size=&#8221;250&#215;250&#8243; alignment=&#8221;center&#8221; style=&#8221;vc_box_shadow&#8221; onclick=&#8221;zoom&#8221;][vc_column_text]<\/p>\n<h6>MBX<sup>\u00ae<\/sup> Stainless Blue Coarse<br \/>\n11 mm<\/h6>\n<p><span style=\"font-weight: 400;\">Aluminio<\/span><\/p>\n<p>MB-030-10<\/p>\n<p><a href=\"https:\/\/montipower.com\/wp-content\/uploads\/2021\/02\/Technical-Data-MBX-Belts-Stainless-coarse.pdf\" target=\"_blank\" rel=\"noopener\">Especificaciones<\/a>[\/vc_column_text][\/vc_column][\/vc_row][vc_row gap=&#8221;20&#8243;][vc_column width=&#8221;1\/4&#8243;][vc_single_image image=&#8221;3674&#8243; img_size=&#8221;250&#215;250&#8243; alignment=&#8221;center&#8221; style=&#8221;vc_box_shadow&#8221; onclick=&#8221;zoom&#8221;][vc_column_text]<\/p>\n<h6>MBX<sup>\u00ae<\/sup> Stainless Blue Fine<br \/>\n23 mm<\/h6>\n<p><span style=\"font-weight: 400;\">Aluminio<\/span><\/p>\n<p>MB-007-10<\/p>\n<p><a href=\"https:\/\/montipower.com\/wp-content\/uploads\/2021\/02\/Technical-Data-MBX-Belts-Stainless-fine.pdf\" target=\"_blank\" rel=\"noopener\">Especificaciones<\/a>[\/vc_column_text][\/vc_column][vc_column width=&#8221;1\/4&#8243;][vc_single_image image=&#8221;3680&#8243; img_size=&#8221;250&#215;250&#8243; alignment=&#8221;center&#8221; style=&#8221;vc_box_shadow&#8221; onclick=&#8221;zoom&#8221;][vc_column_text]<\/p>\n<h6>MBX<sup>\u00ae<\/sup> Stainless Blue Fine<br \/>\n11 mm<\/h6>\n<p><span style=\"font-weight: 400;\">Aluminio<\/span><\/p>\n<p>MB-031-10<\/p>\n<p><a href=\"https:\/\/montipower.com\/wp-content\/uploads\/2021\/02\/Technical-Data-MBX-Belts-Stainless-fine.pdf\" target=\"_blank\" rel=\"noopener\">Especificaciones<\/a>[\/vc_column_text][\/vc_column][vc_column width=&#8221;1\/4&#8243;][vc_single_image image=&#8221;3428&#8243; img_size=&#8221;250&#215;250&#8243; alignment=&#8221;center&#8221; style=&#8221;vc_box_shadow&#8221; onclick=&#8221;zoom&#8221;][vc_column_text]<\/p>\n<h6>MBX<sup>\u00ae<\/sup> Vinyl Zapper<\/h6>\n<p><span style=\"font-weight: 400;\">ZU-010-01<\/span>[\/vc_column_text][\/vc_column][vc_column width=&#8221;1\/4&#8243;][vc_single_image image=&#8221;5684&#8243; img_size=&#8221;250&#215;250&#8243; alignment=&#8221;center&#8221; style=&#8221;vc_box_shadow&#8221; onclick=&#8221;zoom&#8221;][vc_column_text]<\/p>\n<h6>MBX<sup>\u00ae <\/sup>Vinyl Zapper<sup>\u00ae<\/sup> Ultimate-15<\/h6>\n<p><span style=\"font-weight: 400;\">ZU-018<\/span>[\/vc_column_text][\/vc_column][\/vc_row][vc_row gap=&#8221;20&#8243;][vc_column width=&#8221;1\/4&#8243;][vc_single_image image=&#8221;5683&#8243; img_size=&#8221;250&#215;250&#8243; alignment=&#8221;center&#8221; style=&#8221;vc_box_shadow&#8221; onclick=&#8221;zoom&#8221;][vc_column_text]<\/p>\n<h6>MBX<sup>\u00ae <\/sup>Vinyl Zapper<sup>\u00ae<\/sup> Ultimate-30<\/h6>\n<p><span style=\"font-weight: 400;\">ZU-017<\/span>[\/vc_column_text][\/vc_column][vc_column width=&#8221;1\/4&#8243;][vc_single_image image=&#8221;5668&#8243; img_size=&#8221;250&#215;250&#8243; alignment=&#8221;center&#8221; style=&#8221;vc_box_shadow&#8221; onclick=&#8221;zoom&#8221;][vc_column_text]<\/p>\n<h6>MBX<sup>\u00ae<\/sup> St3 powertool belt options<\/h6>\n<p><span style=\"font-weight: 400;\">A pedido<\/span>[\/vc_column_text][\/vc_column][vc_column width=&#8221;1\/4&#8243;][\/vc_column][vc_column width=&#8221;1\/4&#8243;][\/vc_column][\/vc_row][vc_row][vc_column][vc_column_text]<\/p>\n<h3>Cepillos Bristle Blaster<sup>\u00ae<\/sup><\/h3>\n<p>[\/vc_column_text][\/vc_column][\/vc_row][vc_row gap=&#8221;20&#8243;][vc_column width=&#8221;1\/4&#8243;][vc_single_image image=&#8221;29930&#8243; img_size=&#8221;250&#215;250&#8243; alignment=&#8221;center&#8221; style=&#8221;vc_box_shadow&#8221; onclick=&#8221;zoom&#8221;][vc_column_text]<\/p>\n<h6>Bristle Blaster<sup>\u00ae <\/sup>Steel, 23 mm<\/h6>\n<p>BB-033-10<\/p>\n<p><a href=\"https:\/\/montipower.com\/wp-content\/uploads\/2021\/02\/Technical-Data-Bristle-Blaster-Axial-Belts-Steel-red.pdf\" target=\"_blank\" rel=\"noopener\">Especificaciones<\/a>[\/vc_column_text][\/vc_column][vc_column width=&#8221;1\/4&#8243;][vc_single_image image=&#8221;29936&#8243; img_size=&#8221;250&#215;250&#8243; alignment=&#8221;center&#8221; style=&#8221;vc_box_shadow&#8221; onclick=&#8221;zoom&#8221;][vc_column_text]<\/p>\n<h6>Bristle Blaster<sup>\u00ae <\/sup>Steel, 11 mm<\/h6>\n<p>BB-034-10<\/p>\n<p><a href=\"https:\/\/montipower.com\/wp-content\/uploads\/2021\/02\/Technical-Data-Bristle-Blaster-Axial-Belts-Steel-red.pdf\" target=\"_blank\" rel=\"noopener\">Especificaciones<\/a>[\/vc_column_text][\/vc_column][vc_column width=&#8221;1\/4&#8243;][vc_single_image image=&#8221;29942&#8243; img_size=&#8221;250&#215;250&#8243; alignment=&#8221;center&#8221; style=&#8221;vc_box_shadow&#8221; onclick=&#8221;zoom&#8221;][vc_column_text]<\/p>\n<h6>Bristle Blaster<sup>\u00ae <\/sup>Stainless Steel, 23 mm<\/h6>\n<p>BB-102-10<\/p>\n<p><a href=\"https:\/\/montipower.com\/wp-content\/uploads\/2021\/02\/Technical-Data-Bristle-Blaster-Axial-Belts-Stainless-red.pdf\" target=\"_blank\" rel=\"noopener\">Especificaciones<\/a>[\/vc_column_text][\/vc_column][vc_column width=&#8221;1\/4&#8243;][vc_single_image image=&#8221;29923&#8243; img_size=&#8221;250&#215;250&#8243; alignment=&#8221;center&#8221; style=&#8221;vc_box_shadow&#8221; onclick=&#8221;zoom&#8221;][vc_column_text]<\/p>\n<h6>Bristle Blaster<sup>\u00ae <\/sup>Stainless Steel, 11 mm<\/h6>\n<p>BB-103-10<\/p>\n<p><a href=\"https:\/\/montipower.com\/wp-content\/uploads\/2021\/02\/Technical-Data-Bristle-Blaster-Axial-Belts-Stainless-red.pdf\" target=\"_blank\" rel=\"noopener\">Especificaciones<\/a>[\/vc_column_text][\/vc_column][\/vc_row][\/vc_section][vc_row][vc_column][\/vc_column][\/vc_row]<\/p>\n<\/div>","protected":false},"excerpt":{"rendered":"<p>[vc_section full_width=&#8221;stretch_row&#8221; content_placement=&#8221;bottom&#8221; css=&#8221;.vc_custom_1569320141112{padding-top: 30px !important;padding-bottom: 0px !important;background-color: #ff1212 !important;background-position: center &#8230; <\/p>\n","protected":false},"author":3,"featured_media":8395,"parent":10419,"menu_order":0,"comment_status":"closed","ping_status":"closed","template":"","meta":{"_acf_changed":false,"footnotes":""},"acf":[],"_links":{"self":[{"href":"https:\/\/montipower-ontwikkel.com\/es\/wp-json\/wp\/v2\/pages\/10976"}],"collection":[{"href":"https:\/\/montipower-ontwikkel.com\/es\/wp-json\/wp\/v2\/pages"}],"about":[{"href":"https:\/\/montipower-ontwikkel.com\/es\/wp-json\/wp\/v2\/types\/page"}],"author":[{"embeddable":true,"href":"https:\/\/montipower-ontwikkel.com\/es\/wp-json\/wp\/v2\/users\/3"}],"replies":[{"embeddable":true,"href":"https:\/\/montipower-ontwikkel.com\/es\/wp-json\/wp\/v2\/comments?post=10976"}],"version-history":[{"count":8,"href":"https:\/\/montipower-ontwikkel.com\/es\/wp-json\/wp\/v2\/pages\/10976\/revisions"}],"predecessor-version":[{"id":39274,"href":"https:\/\/montipower-ontwikkel.com\/es\/wp-json\/wp\/v2\/pages\/10976\/revisions\/39274"}],"up":[{"embeddable":true,"href":"https:\/\/montipower-ontwikkel.com\/es\/wp-json\/wp\/v2\/pages\/10419"}],"wp:featuredmedia":[{"embeddable":true,"href":"https:\/\/montipower-ontwikkel.com\/es\/wp-json\/wp\/v2\/media\/8395"}],"wp:attachment":[{"href":"https:\/\/montipower-ontwikkel.com\/es\/wp-json\/wp\/v2\/media?parent=10976"}],"curies":[{"name":"wp","href":"https:\/\/api.w.org\/{rel}","templated":true}]}}