{"id":10737,"date":"2019-09-25T13:48:03","date_gmt":"2019-09-25T11:48:03","guid":{"rendered":"https:\/\/monti.la-compagnie.digital\/servicio-y-soporte\/cleantech-services\/"},"modified":"2021-04-24T20:20:28","modified_gmt":"2021-04-24T18:20:28","slug":"llave-en-mano-servicios","status":"publish","type":"page","link":"https:\/\/montipower-ontwikkel.com\/es\/servicio-y-soporte\/llave-en-mano-servicios\/","title":{"rendered":"Servicios de limpieza clave"},"content":{"rendered":"<div class=\"wpb-content-wrapper\"><p>[vc_section full_width=&#8221;stretch_row&#8221; content_placement=&#8221;bottom&#8221; css=&#8221;.vc_custom_1594125607120{padding-top: 30px !important;padding-bottom: 0px !important;background: #ff1212 url(https:\/\/montipower.com\/wp-content\/uploads\/2019\/12\/MONTI_Caddy_Zwart_1923x610px.jpg?id=4161) !important;background-position: center !important;background-repeat: no-repeat !important;background-size: cover !important;}&#8221; el_class=&#8221;topbig&#8221;][vc_row css=&#8221;.vc_custom_1569318223776{padding-right: 100px !important;padding-left: 100px !important;}&#8221;][vc_column width=&#8221;1\/2&#8243;][vc_column_text]<\/p>\n<h1 class=\"p2\">SERVICIOS DE LIMPIEZA CLAVE<\/h1>\n<p>[\/vc_column_text][\/vc_column][vc_column width=&#8221;1\/2&#8243;][\/vc_column][\/vc_row][vc_row full_width=&#8221;stretch_row_content_no_spaces&#8221; content_placement=&#8221;bottom&#8221; css=&#8221;.vc_custom_1572526136907{padding-top: 0px !important;padding-bottom: 100px !important;background-position: 0 0 !important;background-repeat: no-repeat !important;}&#8221; el_class=&#8221;hometopfotorij&#8221;][vc_column][\/vc_column][\/vc_row][vc_row full_width=&#8221;stretch_row&#8221; css=&#8221;.vc_custom_1572525974229{background-color: #f1f1f1 !important;}&#8221;][vc_column][vc_column_text el_class=&#8221;montbreadcrumbs&#8221; css=&#8221;.vc_custom_1569318576735{padding-right: 100px !important;padding-left: 100px !important;}&#8221;]<nav aria-label=\"breadcrumbs\" class=\"rank-math-breadcrumb\"><p><span class=\"last\">Home<\/span><\/p><\/nav>[\/vc_column_text][\/vc_column][\/vc_row][\/vc_section][vc_section full_width=&#8221;stretch_row&#8221; el_class=&#8221;textcomp&#8221;][vc_row][vc_column][vc_column_text el_class=&#8221;intro&#8221;]<\/p>\n<h2 class=\"p1\">NORMAS NACE, ISO Y SSPC<\/h2>\n<p>[\/vc_column_text][vc_column_text]<\/p>\n<p class=\"p1\">Nuestros servicios de Bristle Blasting son capaces de preparar la superficie y eliminar los revestimientos que cumplen con las normas NACE, ISO y SSPC para el grado de limpieza del acero granallado. Esto incluye el granallado a metal blanco y el granallado a metal casi blanco.<\/p>\n<p class=\"p1\">Con soluciones Cleantech de oscilaci\u00f3n m\u00e1s amplia como Quattro (Q4) y Cleantech Prepper<sup>\u00ae<\/sup>, podemos crear un perfil de patr\u00f3n de anclaje que cumpla con las exigencias de adhesi\u00f3n y resistencia a la corrosi\u00f3n para su elecci\u00f3n de imprimaci\u00f3n como el zinc, epoxy, butilo, zinc flameado o TSA. Las tecnolog\u00edas de oscilaci\u00f3n eliminan la operaci\u00f3n manual y pueden utilizarse casi en cualquier lugar, incluidos los espacios cerrados, o en lugares que necesitan menos contenci\u00f3n que si se tratara de granallado de arena. Dado que Oscillating Bristle Blasting no emite polvo y no utiliza agua, los contratistas pueden ahorrar tiempo y dinero en la limpieza y la contenci\u00f3n.<\/p>\n<p>[\/vc_column_text][vc_column_text]<\/p>\n<h3 class=\"p1\">DESCARGAS<\/h3>\n<p><a href=\"https:\/\/heyzine.com\/flip-book\/59ec2dfc12.html\" target=\"_blank\" rel=\"noopener noreferrer\">Bristle Blaster<sup>\u00ae<\/sup> Subsea Leaflet<\/a><\/p>\n<p><a href=\"https:\/\/heyzine.com\/flip-book\/43cb135d28.html\" target=\"_blank\" rel=\"noopener noreferrer\">Leaflet Cleantech Prepper<sup>\u00ae<\/sup> 2019<\/a>[\/vc_column_text][\/vc_column][\/vc_row][\/vc_section][vc_row][vc_column][vc_single_image image=&#8221;2538&#8243; img_size=&#8221;large&#8221; alignment=&#8221;center&#8221;][\/vc_column][\/vc_row][vc_section el_class=&#8221;productdetail&#8221;][vc_row css=&#8221;.vc_custom_1572353854868{padding-right: 50px !important;padding-left: 50px !important;}&#8221;][vc_column][vc_column_text]<\/p>\n<h2 class=\"p1\" style=\"text-align: center;\">DESCUBRA NUESTROS PRODUCTOS<\/h2>\n<p>[\/vc_column_text][vc_row_inner][vc_column_inner width=&#8221;1\/2&#8243;][vc_btn title=&#8221;Prepper<sup>\u00ae<\/sup> Q10&#8243; style=&#8221;classic&#8221; shape=&#8221;square&#8221; size=&#8221;lg&#8221; align=&#8221;center&#8221; button_block=&#8221;true&#8221; link=&#8221;url:https%3A%2F%2Fmontipower.com%2Fes%2Fproductos%2Fmaquinas%2Fprepper-q10-clamped-operations%2F|title:Prepper%20Q10|target:_blank&#8221; el_class=&#8221;solutions-button&#8221;][\/vc_column_inner][vc_column_inner width=&#8221;1\/2&#8243;][vc_btn title=&#8221;Prepper<sup>\u00ae<\/sup> Q4&#8243; style=&#8221;classic&#8221; shape=&#8221;square&#8221; size=&#8221;lg&#8221; align=&#8221;center&#8221; button_block=&#8221;true&#8221; link=&#8221;url:https%3A%2F%2Fmontipower.com%2Fes%2Fproductos%2Fmaquinas%2Fquattro-4%2F|title:Prepper%20Q4|target:_blank&#8221; el_class=&#8221;solutions-button&#8221;][\/vc_column_inner][\/vc_row_inner][\/vc_column][\/vc_row][\/vc_section][vc_section el_class=&#8221;productdetail&#8221;][vc_row][vc_column][vc_video link=&#8221;https:\/\/www.youtube.com\/watch?v=wlYIuo3JuMc&#8221; el_width=&#8221;90&#8243; align=&#8221;center&#8221; css_animation=&#8221;fadeIn&#8221;][\/vc_column][\/vc_row][\/vc_section]<\/p>\n<\/div>","protected":false},"excerpt":{"rendered":"<p>[vc_section full_width=&#8221;stretch_row&#8221; content_placement=&#8221;bottom&#8221; css=&#8221;.vc_custom_1594125607120{padding-top: 30px !important;padding-bottom: 0px !important;background: #ff1212 url(https:\/\/montipower.com\/wp-content\/uploads\/2019\/12\/MONTI_Caddy_Zwart_1923x610px.jpg?id=4161) !important;background-position: &#8230; <\/p>\n","protected":false},"author":3,"featured_media":0,"parent":10725,"menu_order":0,"comment_status":"closed","ping_status":"closed","template":"","meta":{"_acf_changed":false,"footnotes":""},"acf":[],"_links":{"self":[{"href":"https:\/\/montipower-ontwikkel.com\/es\/wp-json\/wp\/v2\/pages\/10737"}],"collection":[{"href":"https:\/\/montipower-ontwikkel.com\/es\/wp-json\/wp\/v2\/pages"}],"about":[{"href":"https:\/\/montipower-ontwikkel.com\/es\/wp-json\/wp\/v2\/types\/page"}],"author":[{"embeddable":true,"href":"https:\/\/montipower-ontwikkel.com\/es\/wp-json\/wp\/v2\/users\/3"}],"replies":[{"embeddable":true,"href":"https:\/\/montipower-ontwikkel.com\/es\/wp-json\/wp\/v2\/comments?post=10737"}],"version-history":[{"count":5,"href":"https:\/\/montipower-ontwikkel.com\/es\/wp-json\/wp\/v2\/pages\/10737\/revisions"}],"predecessor-version":[{"id":11923,"href":"https:\/\/montipower-ontwikkel.com\/es\/wp-json\/wp\/v2\/pages\/10737\/revisions\/11923"}],"up":[{"embeddable":true,"href":"https:\/\/montipower-ontwikkel.com\/es\/wp-json\/wp\/v2\/pages\/10725"}],"wp:attachment":[{"href":"https:\/\/montipower-ontwikkel.com\/es\/wp-json\/wp\/v2\/media?parent=10737"}],"curies":[{"name":"wp","href":"https:\/\/api.w.org\/{rel}","templated":true}]}}