{"id":10731,"date":"2020-06-04T10:27:47","date_gmt":"2020-06-04T08:27:47","guid":{"rendered":"https:\/\/monti.la-compagnie.digital\/servicio-y-soporte\/training-request\/"},"modified":"2021-04-24T20:21:38","modified_gmt":"2021-04-24T18:21:38","slug":"solicitud-de-formacion","status":"publish","type":"page","link":"https:\/\/montipower-ontwikkel.com\/es\/servicio-y-soporte\/solicitud-de-formacion\/","title":{"rendered":"Solicitud de capacitaci\u00f3n"},"content":{"rendered":"<div class=\"wpb-content-wrapper\"><p>[vc_section full_width=&#8221;stretch_row&#8221; content_placement=&#8221;bottom&#8221; css=&#8221;.vc_custom_1569320141112{padding-top: 30px !important;padding-bottom: 0px !important;background-color: #ff1212 !important;background-position: center !important;background-repeat: no-repeat !important;background-size: cover !important;}&#8221; el_class=&#8221;topbig&#8221;][vc_row css=&#8221;.vc_custom_1569318223776{padding-right: 100px !important;padding-left: 100px !important;}&#8221;][vc_column width=&#8221;1\/2&#8243;][vc_column_text]<\/p>\n<h1 class=\"p1\">SOLICITUD DE CAPACITACI\u00d3N<\/h1>\n<p>[\/vc_column_text][\/vc_column][vc_column width=&#8221;1\/2&#8243;][\/vc_column][\/vc_row][vc_row full_width=&#8221;stretch_row_content_no_spaces&#8221; content_placement=&#8221;bottom&#8221; css=&#8221;.vc_custom_1572526136907{padding-top: 0px !important;padding-bottom: 100px !important;background-position: 0 0 !important;background-repeat: no-repeat !important;}&#8221; el_class=&#8221;hometopfotorij&#8221;][vc_column][\/vc_column][\/vc_row][vc_row full_width=&#8221;stretch_row&#8221; css=&#8221;.vc_custom_1572525974229{background-color: #f1f1f1 !important;}&#8221;][vc_column][vc_column_text el_class=&#8221;montbreadcrumbs&#8221; css=&#8221;.vc_custom_1569318576735{padding-right: 100px !important;padding-left: 100px !important;}&#8221;]<nav aria-label=\"breadcrumbs\" class=\"rank-math-breadcrumb\"><p><span class=\"last\">Home<\/span><\/p><\/nav>[\/vc_column_text][\/vc_column][\/vc_row][\/vc_section][vc_section full_width=&#8221;stretch_row&#8221; el_class=&#8221;textcomp&#8221;][vc_row][vc_column][vc_column_text]<\/p>\n<h2 class=\"p1\">CURSOS DE PREPARACI\u00d3N DE LA SUPERFICIE<\/h2>\n<p class=\"p1\">La tecnolog\u00eda de las herramientas y m\u00e1quinas de MontiPower incluye mucho m\u00e1s que una simple limpieza, la generaci\u00f3n de un perfil de anclaje de forma &#8220;<a href=\"https:\/\/montipower.com\/es\/acerca-de\/cuidado-de-la-salud-y-seguridad\/\" target=\"_blank\" rel=\"noopener\">segura y respetuosa con el medio ambiente<\/a>&#8221; de las superficies que deben ser tratadas y preservadas de manera sostenible.<\/p>\n<p class=\"p1\">Los cursos de preparaci\u00f3n de superficies de MontiPower incluyen:<br \/>\nConocimiento de los materiales de superficie<br \/>\nGrados de limpieza<br \/>\nM\u00e9todos de prueba<br \/>\nGrados de rugosidad<br \/>\nM\u00e9todos<br \/>\nEl m\u00e9todo MontiPower<br \/>\nInnovaciones<br \/>\nSalud, Seguridad<br \/>\nReciclaje<br \/>\nCosto<\/p>\n<p class=\"p1\">En colaboraci\u00f3n con las organizaciones de nuestro pa\u00eds y los distribuidores \/ comerciantes, se pueden ofrecer programas de entrenamiento cortos o m\u00e1s extensos (incluso para la preparaci\u00f3n submarina) en varios lugares.<\/p>\n<p class=\"p1\">Para m\u00e1s informaci\u00f3n, env\u00ede un correo electr\u00f3nico a <a href=\"mailto:training@montipower.com\">training@montipower.com<\/a><\/p>\n<h2><\/h2>\n<p>[\/vc_column_text][\/vc_column][\/vc_row][\/vc_section]<\/p>\n<\/div>","protected":false},"excerpt":{"rendered":"<p>[vc_section full_width=&#8221;stretch_row&#8221; content_placement=&#8221;bottom&#8221; css=&#8221;.vc_custom_1569320141112{padding-top: 30px !important;padding-bottom: 0px !important;background-color: #ff1212 !important;background-position: center &#8230; <\/p>\n","protected":false},"author":3,"featured_media":0,"parent":10725,"menu_order":0,"comment_status":"closed","ping_status":"closed","template":"","meta":{"_acf_changed":false,"footnotes":""},"acf":[],"_links":{"self":[{"href":"https:\/\/montipower-ontwikkel.com\/es\/wp-json\/wp\/v2\/pages\/10731"}],"collection":[{"href":"https:\/\/montipower-ontwikkel.com\/es\/wp-json\/wp\/v2\/pages"}],"about":[{"href":"https:\/\/montipower-ontwikkel.com\/es\/wp-json\/wp\/v2\/types\/page"}],"author":[{"embeddable":true,"href":"https:\/\/montipower-ontwikkel.com\/es\/wp-json\/wp\/v2\/users\/3"}],"replies":[{"embeddable":true,"href":"https:\/\/montipower-ontwikkel.com\/es\/wp-json\/wp\/v2\/comments?post=10731"}],"version-history":[{"count":3,"href":"https:\/\/montipower-ontwikkel.com\/es\/wp-json\/wp\/v2\/pages\/10731\/revisions"}],"predecessor-version":[{"id":11921,"href":"https:\/\/montipower-ontwikkel.com\/es\/wp-json\/wp\/v2\/pages\/10731\/revisions\/11921"}],"up":[{"embeddable":true,"href":"https:\/\/montipower-ontwikkel.com\/es\/wp-json\/wp\/v2\/pages\/10725"}],"wp:attachment":[{"href":"https:\/\/montipower-ontwikkel.com\/es\/wp-json\/wp\/v2\/media?parent=10731"}],"curies":[{"name":"wp","href":"https:\/\/api.w.org\/{rel}","templated":true}]}}