{"id":10719,"date":"2019-10-01T10:15:25","date_gmt":"2019-10-01T08:15:25","guid":{"rendered":"https:\/\/monti.la-compagnie.digital\/acerca-de\/care-for-steel-protection\/"},"modified":"2021-04-24T20:20:28","modified_gmt":"2021-04-24T18:20:28","slug":"cuidado-para-la-proteccion-del-acero","status":"publish","type":"page","link":"https:\/\/montipower-ontwikkel.com\/es\/acerca-de\/cuidado-para-la-proteccion-del-acero\/","title":{"rendered":"Cuidado para la protecci\u00f3n del acero"},"content":{"rendered":"<div class=\"wpb-content-wrapper\"><p>[vc_section full_width=&#8221;stretch_row&#8221; content_placement=&#8221;bottom&#8221; css=&#8221;.vc_custom_1592819935490{padding-top: 30px !important;padding-bottom: 0px !important;background: #ff1212 url(https:\/\/montipower.com\/wp-content\/uploads\/2019\/10\/Pipeline_Rust_72dpi-1.jpg?id=3462) !important;background-position: center !important;background-repeat: no-repeat !important;background-size: cover !important;}&#8221; el_class=&#8221;topbig&#8221;][vc_row css=&#8221;.vc_custom_1569318223776{padding-right: 100px !important;padding-left: 100px !important;}&#8221;][vc_column width=&#8221;1\/2&#8243;][vc_column_text]<\/p>\n<h1 class=\"p1\">CUIDADO PARA LA PROTECCI\u00d3N DEL ACERO<\/h1>\n<p>[\/vc_column_text][\/vc_column][vc_column width=&#8221;1\/2&#8243;][\/vc_column][\/vc_row][vc_row full_width=&#8221;stretch_row_content_no_spaces&#8221; content_placement=&#8221;bottom&#8221; css=&#8221;.vc_custom_1572531334156{padding-top: 0px !important;padding-bottom: 100px !important;background-position: 0 0 !important;background-repeat: no-repeat !important;}&#8221; el_class=&#8221;hometopfotorij&#8221;][vc_column][\/vc_column][\/vc_row][vc_row full_width=&#8221;stretch_row&#8221; css=&#8221;.vc_custom_1572531343978{background-color: #f1f1f1 !important;}&#8221;][vc_column][vc_column_text el_class=&#8221;montbreadcrumbs&#8221; css=&#8221;.vc_custom_1569318576735{padding-right: 100px !important;padding-left: 100px !important;}&#8221;]<nav aria-label=\"breadcrumbs\" class=\"rank-math-breadcrumb\"><p><span class=\"last\">Home<\/span><\/p><\/nav>[\/vc_column_text][\/vc_column][\/vc_row][\/vc_section][vc_section full_width=&#8221;stretch_row&#8221; el_class=&#8221;textcomp&#8221;][vc_row][vc_column][vc_column_text el_class=&#8221;intro&#8221;]<\/p>\n<h2 class=\"p1\">EL MUNDO DEL ACERO<\/h2>\n<p>[\/vc_column_text][vc_column_text]<\/p>\n<p class=\"p1\">El \u00f3xido es el mayor enemigo de los metales. Se forma donde el metal reacciona con el ox\u00edgeno y la humedad. Un ambiente salino, las altas temperaturas o la presencia de productos qu\u00edmicos, aceleran e intensifican el proceso de oxidaci\u00f3n.<br \/>\nEl \u00f3xido es una forma de corrosi\u00f3n. Este proceso incluye la p\u00e9rdida de las caracter\u00edsticas de los metales, pero tambi\u00e9n cualquier efecto adverso en los materiales como resultado de las condiciones ambientales.<\/p>\n<p>[\/vc_column_text][\/vc_column][\/vc_row][\/vc_section][vc_row][vc_column][vc_single_image image=&#8221;4361&#8243; img_size=&#8221;800&#215;600&#8243; alignment=&#8221;center&#8221;][\/vc_column][\/vc_row][vc_section full_width=&#8221;stretch_row&#8221; el_class=&#8221;textcomp&#8221;][vc_row][vc_column][vc_column_text el_class=&#8221;intro&#8221;]<\/p>\n<h4 class=\"p1\">EL \u00d3XIDO ES UNA CAPA MARR\u00d3N ROJIZA Y ESCAMOSA QUE APARECE EN EL METAL. NADA M\u00c1S Y NADA MENOS.<\/h4>\n<p>[\/vc_column_text][vc_column_text]<\/p>\n<p class=\"p1\">El \u00f3xido es el nombre com\u00fan de un compuesto muy pernicioso t\u00e9cnicamente llamado \u00f3xido de hierro. El \u00f3xido es un tipo espec\u00edfico de corrosi\u00f3n, que se aplica a los metales que contienen hierro. Comienza a formarse cuando una gota de agua entra en contacto con un objeto de hierro o acero. En combinaci\u00f3n con el ox\u00edgeno, el metal comienza a corroerse.<\/p>\n<p class=\"p1\">El t\u00e9rmino t\u00e9cnico para este proceso se llama oxidaci\u00f3n. El hierro o el acero se oxidar\u00e1 inevitablemente hasta un punto que depende del tiempo y la cantidad de exposici\u00f3n al ox\u00edgeno y al agua. A veces puede tardar d\u00edas, meses o incluso a\u00f1os, dependiendo de la intensidad de la exposici\u00f3n.<\/p>\n<p class=\"p1\">El \u00f3xido es un polvo escamoso que sustituye al hierro fuerte, por ejemplo en las tuber\u00edas. El hierro no s\u00f3lo pierde su fuerza, sino tambi\u00e9n su suavidad y conductividad el\u00e9ctrica, y puede desarrollar agujeros.<\/p>\n<p>&nbsp;<\/p>\n<h5 class=\"p1\">PREPARACI\u00d3N DE LA SUPERFICIE<\/h5>\n<p>&nbsp;<\/p>\n<p class=\"p2\">La eliminaci\u00f3n de contaminaciones, imperfecciones, \u00f3xido y calamia, adem\u00e1s de crear un perfil de rugosidad se llama preparaci\u00f3n de la superficie. La preparaci\u00f3n de la superficie se define como &#8220;la limpieza o el tratamiento de la superficie met\u00e1lica antes de la aplicaci\u00f3n de un recubrimiento de superficie&#8221;. Una buena preparaci\u00f3n de la superficie asegura la mejor uni\u00f3n posible entre la superficie a recubrir y el recubrimiento a aplicar.<\/p>\n<p class=\"p2\">\u00bfC\u00f3mo se consigue que una superficie totalmente oxidada se limpie de nuevo? Ah\u00ed es donde entra en juego MontiPower<sup>\u00ae<\/sup>. Nuestra avanzada tecnolog\u00eda con m\u00e1quinas manuales, semiautom\u00e1ticas o autom\u00e1ticas est\u00e1 dise\u00f1ada para limpiar y crear asperezas. El m\u00e9todo \u00fanico de Bristle Blaster<sup>\u00ae<\/sup> es una innovaci\u00f3n asombrosa en la preparaci\u00f3n de superficies.<\/p>\n<p>[\/vc_column_text][\/vc_column][\/vc_row][\/vc_section][vc_row][vc_column][vc_single_image image=&#8221;4363&#8243; img_size=&#8221;800&#215;600&#8243; alignment=&#8221;center&#8221;][\/vc_column][\/vc_row][vc_section full_width=&#8221;stretch_row&#8221; el_class=&#8221;textcomp&#8221;][vc_row][vc_column][vc_column_text el_class=&#8221;intro&#8221;]<\/p>\n<h4 class=\"p1\">PREPARACI\u00d3N INADECUADA DE LA SUPERFICIE ES EL 83%<\/h4>\n<p>[\/vc_column_text][vc_column_text]<\/p>\n<p class=\"p1\">La corrosi\u00f3n es una reacci\u00f3n electroqu\u00edmica, en la que el ox\u00edgeno y el agua hacen que el hierro se oxide o que el cobre se vuelva verde. La corrosi\u00f3n causa enormes da\u00f1os econ\u00f3micos, no menos del 4 por ciento aproximadamente del Producto Interno Bruto. Las partes afectadas por la corrosi\u00f3n deben ser tratadas o reemplazadas. En el caso de las tuber\u00edas de transporte esto puede ocasionar da\u00f1os de hasta unos cientos de miles de euros. La corrosi\u00f3n tambi\u00e9n conlleva enormes riesgos. Una tuber\u00eda bajo presi\u00f3n puede ceder en un lugar d\u00e9bil erosionado o las tablestacas pueden romperse.<\/p>\n<p>[\/vc_column_text][\/vc_column][\/vc_row][\/vc_section][vc_section el_class=&#8221;featurleft&#8221;][vc_row gap=&#8221;35&#8243; content_placement=&#8221;middle&#8221; css=&#8221;.vc_custom_1572531423298{background-color: #ffffff !important;}&#8221;][vc_column width=&#8221;1\/2&#8243; css=&#8221;.vc_custom_1569498569540{padding-top: 0px !important;}&#8221;][vc_single_image image=&#8221;3583&#8243; img_size=&#8221;730&#215;596&#8243; el_class=&#8221;uitgelichtfoto&#8221;][\/vc_column][vc_column width=&#8221;1\/2&#8243;][vc_column_text]<\/p>\n<h4 class=\"p1\">LA ADHESI\u00d3N ES UNA FUNCI\u00d3N DE<br \/>\nLA ALTURA Y DE LA DENSIDAD DE PICO<\/h4>\n<p>[\/vc_column_text][\/vc_column][\/vc_row][\/vc_section][vc_section full_width=&#8221;stretch_row&#8221; el_class=&#8221;textcomp&#8221;][vc_row][vc_column][vc_column_text el_class=&#8221;intro&#8221;]<\/p>\n<h4 class=\"p1\">LA SOLUCI\u00d3N<\/h4>\n<p>[\/vc_column_text][vc_column_text]<\/p>\n<p class=\"p1\">La soluci\u00f3n para la corrosi\u00f3n consiste en eliminar uno o m\u00e1s de los 3 componentes necesarios: agua, ox\u00edgeno o la reacci\u00f3n electroqu\u00edmica. Los recubrimientos tradicionales para metales, como los alquitranes, los sistemas de polietileno (PE), los sistemas de polipropileno (PP) y los recubrimientos de polvo epox\u00eddico (FBE) o ep\u00f3xicos, no pueden impedir que el agua y\/o el ox\u00edgeno lleguen al metal. Por lo tanto, por ejemplo, las tuber\u00edas de transporte utilizan protecci\u00f3n cat\u00f3dica para detener la reacci\u00f3n electroqu\u00edmica, en la que una corriente el\u00e9ctrica detiene la ionizaci\u00f3n del hierro. Esto requiere energ\u00eda y un control constante de la protecci\u00f3n. Por eso la prevenci\u00f3n de la oxidaci\u00f3n y la corrosi\u00f3n requiere un m\u00e9todo eficaz de preparaci\u00f3n de la superficie.<\/p>\n<p>[\/vc_column_text][\/vc_column][\/vc_row][\/vc_section]<\/p>\n<\/div>","protected":false},"excerpt":{"rendered":"<p>[vc_section full_width=&#8221;stretch_row&#8221; content_placement=&#8221;bottom&#8221; css=&#8221;.vc_custom_1592819935490{padding-top: 30px !important;padding-bottom: 0px !important;background: #ff1212 url(https:\/\/montipower.com\/wp-content\/uploads\/2019\/10\/Pipeline_Rust_72dpi-1.jpg?id=3462) !important;background-position: &#8230; <\/p>\n","protected":false},"author":3,"featured_media":8880,"parent":10663,"menu_order":0,"comment_status":"closed","ping_status":"closed","template":"","meta":{"_acf_changed":false,"footnotes":""},"acf":[],"_links":{"self":[{"href":"https:\/\/montipower-ontwikkel.com\/es\/wp-json\/wp\/v2\/pages\/10719"}],"collection":[{"href":"https:\/\/montipower-ontwikkel.com\/es\/wp-json\/wp\/v2\/pages"}],"about":[{"href":"https:\/\/montipower-ontwikkel.com\/es\/wp-json\/wp\/v2\/types\/page"}],"author":[{"embeddable":true,"href":"https:\/\/montipower-ontwikkel.com\/es\/wp-json\/wp\/v2\/users\/3"}],"replies":[{"embeddable":true,"href":"https:\/\/montipower-ontwikkel.com\/es\/wp-json\/wp\/v2\/comments?post=10719"}],"version-history":[{"count":3,"href":"https:\/\/montipower-ontwikkel.com\/es\/wp-json\/wp\/v2\/pages\/10719\/revisions"}],"predecessor-version":[{"id":11912,"href":"https:\/\/montipower-ontwikkel.com\/es\/wp-json\/wp\/v2\/pages\/10719\/revisions\/11912"}],"up":[{"embeddable":true,"href":"https:\/\/montipower-ontwikkel.com\/es\/wp-json\/wp\/v2\/pages\/10663"}],"wp:featuredmedia":[{"embeddable":true,"href":"https:\/\/montipower-ontwikkel.com\/es\/wp-json\/wp\/v2\/media\/8880"}],"wp:attachment":[{"href":"https:\/\/montipower-ontwikkel.com\/es\/wp-json\/wp\/v2\/media?parent=10719"}],"curies":[{"name":"wp","href":"https:\/\/api.w.org\/{rel}","templated":true}]}}