{"id":10657,"date":"2019-10-25T14:20:12","date_gmt":"2019-10-25T12:20:12","guid":{"rendered":"https:\/\/monti.la-compagnie.digital\/mtest\/"},"modified":"2021-10-27T13:32:22","modified_gmt":"2021-10-27T11:32:22","slug":"mtest","status":"publish","type":"page","link":"https:\/\/montipower-ontwikkel.com\/es\/servicio-y-soporte\/mtest\/","title":{"rendered":"MTEST"},"content":{"rendered":"<div class=\"wpb-content-wrapper\"><p>[vc_section full_width=&#8221;stretch_row&#8221; content_placement=&#8221;bottom&#8221; css=&#8221;.vc_custom_1569320141112{padding-top: 30px !important;padding-bottom: 0px !important;background-color: #ff1212 !important;background-position: center !important;background-repeat: no-repeat !important;background-size: cover !important;}&#8221; el_class=&#8221;topbig&#8221;][vc_row css=&#8221;.vc_custom_1569318223776{padding-right: 100px !important;padding-left: 100px !important;}&#8221;][vc_column width=&#8221;1\/2&#8243;][vc_column_text]<\/p>\n<h1>MTEST<\/h1>\n<p>[\/vc_column_text][\/vc_column][vc_column width=&#8221;1\/2&#8243;][\/vc_column][\/vc_row][vc_row full_width=&#8221;stretch_row_content_no_spaces&#8221; content_placement=&#8221;bottom&#8221; css=&#8221;.vc_custom_1572534865193{padding-top: 0px !important;padding-bottom: 100px !important;background-position: 0 0 !important;background-repeat: no-repeat !important;}&#8221; el_class=&#8221;hometopfotorij&#8221;][vc_column][\/vc_column][\/vc_row][vc_row full_width=&#8221;stretch_row&#8221; css=&#8221;.vc_custom_1572534861126{background-color: #f1f1f1 !important;}&#8221;][vc_column][vc_column_text el_class=&#8221;montbreadcrumbs&#8221; css=&#8221;.vc_custom_1569318576735{padding-right: 100px !important;padding-left: 100px !important;}&#8221;]<nav aria-label=\"breadcrumbs\" class=\"rank-math-breadcrumb\"><p><span class=\"last\">Home<\/span><\/p><\/nav>[\/vc_column_text][\/vc_column][\/vc_row][\/vc_section][vc_section full_width=&#8221;stretch_row&#8221; el_class=&#8221;textcomp&#8221;][vc_row][vc_column][vc_single_image image=&#8221;4985&#8243; img_size=&#8221;full&#8221;][vc_column_text el_class=&#8221;intro&#8221;]<\/p>\n<h3>MTEST<\/h3>\n<p>[\/vc_column_text][vc_column_text]<\/p>\n<p class=\"p1\">Test de Equipos y Herramientas Especializadas MontiPower<sup>\u00ae<\/sup><span class=\"Apple-converted-space\">\u00a0 <\/span>(MTEST) es una parte importante de la visi\u00f3n corporativa de MontiPower<sup>\u00ae<\/sup> con el objetivo de mejorar el recubrimiento.<\/p>\n<p>[\/vc_column_text][vc_single_image image=&#8221;4986&#8243; img_size=&#8221;75&#215;75&#8243; alignment=&#8221;center&#8221;][vc_single_image image=&#8221;4991&#8243; img_size=&#8221;full&#8221; alignment=&#8221;center&#8221;][\/vc_column][\/vc_row][vc_row][vc_column][vc_column_text]<\/p>\n<h5 class=\"p1\">LOS TESTS PROVEEN INFORMACI\u00d3N<\/h5>\n<p class=\"p1\">La informaci\u00f3n es conocimiento. El conocimiento es vital. MTEST proporciona instrumentos de control de calidad para la inspecci\u00f3n de revestimientos, pruebas no destructivas y equipos de inspecci\u00f3n de soldaduras. Damos servicio a la industria petroqu\u00edmica, marina, entre otras donde el control de calidad es obligatorio. Nuestra amplia experiencia en el uso de equipos de inspecci\u00f3n de revestimientos asegura que proporcionaremos apoyo t\u00e9cnico experto y recomendaciones de productos.<\/p>\n<p class=\"p1\">Crea en la informaci\u00f3n. Conf\u00ede en nuestras herramientas. Es el momento.<\/p>\n<p>[\/vc_column_text][vc_single_image image=&#8221;4992&#8243; img_size=&#8221;full&#8221; alignment=&#8221;center&#8221; onclick=&#8221;custom_link&#8221; img_link_target=&#8221;_blank&#8221; link=&#8221;http:\/\/www.m-testco.com\/positector-6000-system\/posisoft-soluble-salt-test-p-2369.html&#8221;][\/vc_column][\/vc_row][vc_row][vc_column][vc_single_image image=&#8221;4986&#8243; img_size=&#8221;75&#215;75&#8243; alignment=&#8221;center&#8221;][vc_column_text]<\/p>\n<p class=\"p1\">MTEST MontiPower<sup>\u00ae<\/sup> Test de Equipos y Herramientas Especializadas<\/p>\n<p class=\"p1\">MTEST apoya a los ingenieros y contratistas de revestimientos en sus necesidades diarias de trabajo de preparaci\u00f3n y equipo de prueba de revestimientos. MTEST act\u00faa para ampliar la experiencia en recubrimientos y control de calidad de MontiPower<sup>\u00ae<\/sup> en todo el mundo, as\u00ed como su oferta de productos y servicios.<\/p>\n<p class=\"p1\">La oficina de MTEST est\u00e1 ubicada en Houston, con una amplia cobertura geogr\u00e1fica. MTEST es un miembro activo de la Houston Coating Society.<\/p>\n<p class=\"p1\">M\u00e1s informaci\u00f3n:<\/p>\n<p>[\/vc_column_text][\/vc_column][\/vc_row][vc_row][vc_column width=&#8221;1\/3&#8243;][vc_btn title=&#8221;MTEST&#8221; style=&#8221;classic&#8221; shape=&#8221;square&#8221; align=&#8221;left&#8221; link=&#8221;url:https%3A%2F%2Fm-testco.com|title:MTEST|target:%20_blank|&#8221; el_class=&#8221;hometopfotobutton&#8221;][\/vc_column][vc_column width=&#8221;1\/3&#8243;][vc_btn title=&#8221;Catalogue&#8221; style=&#8221;classic&#8221; shape=&#8221;square&#8221; align=&#8221;left&#8221; link=&#8221;url:https%3A%2F%2Fheyzine.com%2Fflip-book%2F45daae8c02.html|title:MTEST|target:_blank&#8221; el_class=&#8221;hometopfotobutton&#8221;][\/vc_column][vc_column width=&#8221;1\/3&#8243;][\/vc_column][\/vc_row][\/vc_section][vc_section full_width=&#8221;stretch_row&#8221; content_placement=&#8221;top&#8221; el_class=&#8221;hometekstvlak&#8221; css=&#8221;.vc_custom_1569246298651{padding-bottom: 50px !important;background-color: #f4f4f4 !important;}&#8221;][vc_row][vc_column][vc_single_image image=&#8221;3044&#8243; img_size=&#8221;500&#215;500&#8243; alignment=&#8221;center&#8221;][\/vc_column][\/vc_row][\/vc_section]<\/p>\n<\/div>","protected":false},"excerpt":{"rendered":"<p>[vc_section full_width=&#8221;stretch_row&#8221; content_placement=&#8221;bottom&#8221; css=&#8221;.vc_custom_1569320141112{padding-top: 30px !important;padding-bottom: 0px !important;background-color: #ff1212 !important;background-position: center &#8230; <\/p>\n","protected":false},"author":3,"featured_media":0,"parent":10725,"menu_order":0,"comment_status":"closed","ping_status":"closed","template":"","meta":{"_acf_changed":false,"footnotes":""},"acf":[],"_links":{"self":[{"href":"https:\/\/montipower-ontwikkel.com\/es\/wp-json\/wp\/v2\/pages\/10657"}],"collection":[{"href":"https:\/\/montipower-ontwikkel.com\/es\/wp-json\/wp\/v2\/pages"}],"about":[{"href":"https:\/\/montipower-ontwikkel.com\/es\/wp-json\/wp\/v2\/types\/page"}],"author":[{"embeddable":true,"href":"https:\/\/montipower-ontwikkel.com\/es\/wp-json\/wp\/v2\/users\/3"}],"replies":[{"embeddable":true,"href":"https:\/\/montipower-ontwikkel.com\/es\/wp-json\/wp\/v2\/comments?post=10657"}],"version-history":[{"count":3,"href":"https:\/\/montipower-ontwikkel.com\/es\/wp-json\/wp\/v2\/pages\/10657\/revisions"}],"predecessor-version":[{"id":18606,"href":"https:\/\/montipower-ontwikkel.com\/es\/wp-json\/wp\/v2\/pages\/10657\/revisions\/18606"}],"up":[{"embeddable":true,"href":"https:\/\/montipower-ontwikkel.com\/es\/wp-json\/wp\/v2\/pages\/10725"}],"wp:attachment":[{"href":"https:\/\/montipower-ontwikkel.com\/es\/wp-json\/wp\/v2\/media?parent=10657"}],"curies":[{"name":"wp","href":"https:\/\/api.w.org\/{rel}","templated":true}]}}