{"id":10654,"date":"2019-10-10T10:24:27","date_gmt":"2019-10-10T08:24:27","guid":{"rendered":"https:\/\/monti.la-compagnie.digital\/distributors-representation\/"},"modified":"2024-04-02T11:43:48","modified_gmt":"2024-04-02T09:43:48","slug":"encuentre-un%e2%80%a8-distribuidor","status":"publish","type":"page","link":"https:\/\/montipower-ontwikkel.com\/es\/servicio-y-soporte\/encuentre-un%e2%80%a8-distribuidor\/","title":{"rendered":"Encuentre un distribuidor"},"content":{"rendered":"<div class=\"wpb-content-wrapper\"><p>[vc_section full_width=&#8221;stretch_row&#8221; content_placement=&#8221;bottom&#8221; css=&#8221;.vc_custom_1592561562556{padding-top: 30px !important;padding-bottom: 0px !important;background-color: #ff1212 !important;background-position: center !important;background-repeat: no-repeat !important;background-size: cover !important;}&#8221; el_class=&#8221;topbig&#8221;][vc_row css=&#8221;.vc_custom_1569318223776{padding-right: 100px !important;padding-left: 100px !important;}&#8221;][vc_column width=&#8221;1\/2&#8243;][vc_column_text]<\/p>\n<h1 class=\"p1\">ENCUENTRE UN<br \/>\nDISTRIBUIDOR<\/h1>\n<p>[\/vc_column_text][\/vc_column][vc_column width=&#8221;1\/2&#8243;][\/vc_column][\/vc_row][vc_row full_width=&#8221;stretch_row_content_no_spaces&#8221; content_placement=&#8221;bottom&#8221; css=&#8221;.vc_custom_1572538526985{padding-top: 0px !important;padding-bottom: 100px !important;background-position: 0 0 !important;background-repeat: no-repeat !important;}&#8221; el_class=&#8221;hometopfotorij&#8221;][vc_column][\/vc_column][\/vc_row][vc_row full_width=&#8221;stretch_row&#8221; css=&#8221;.vc_custom_1572538540713{background-color: #f1f1f1 !important;}&#8221;][vc_column][vc_column_text el_class=&#8221;montbreadcrumbs&#8221; css=&#8221;.vc_custom_1569318576735{padding-right: 100px !important;padding-left: 100px !important;}&#8221;]<nav aria-label=\"breadcrumbs\" class=\"rank-math-breadcrumb\"><p><span class=\"last\">Home<\/span><\/p><\/nav>[\/vc_column_text][\/vc_column][\/vc_row][\/vc_section][vc_section full_width=&#8221;stretch_row&#8221; el_class=&#8221;textcomp&#8221;][vc_row][vc_column][vc_column_text el_class=&#8221;intro&#8221;]<\/p>\n<h2 class=\"p1\">REPRESENTACI\u00d3N DE MONTIPOWER<sup>\u00ae<\/sup><\/h2>\n<p>[\/vc_column_text][\/vc_column][\/vc_row][vc_row][vc_column][vc_single_image image=&#8221;4048&#8243; img_size=&#8221;800&#215;600&#8243; alignment=&#8221;center&#8221;][vc_column_text]<\/p>\n<h4 class=\"p1\">TENEMOS REPRESENTACIPON EN TODO EL MUNDO;<\/h4>\n<p>[\/vc_column_text][\/vc_column][\/vc_row][vc_row][vc_column width=&#8221;1\/3&#8243;][vc_column_text]<\/p>\n<ul>\n<li>Alemania (oficina en Hennef)<\/li>\n<li>Angola<\/li>\n<li>Arabia Saudita<\/li>\n<li>Argentina<\/li>\n<li>Australia<\/li>\n<li>Bar\u00e9in<\/li>\n<li>B\u00e9lgica<\/li>\n<li>Bolivia<\/li>\n<li>Brasil<\/li>\n<li>Canad\u00e1<\/li>\n<li>Catar<\/li>\n<li>Chile<\/li>\n<li>China<\/li>\n<li>CIS<\/li>\n<li>Dinamarca<\/li>\n<\/ul>\n<p>[\/vc_column_text][\/vc_column][vc_column width=&#8221;1\/3&#8243;][vc_column_text]<\/p>\n<ul>\n<li>EE.UU. (oficina en Manassas y Houston)<\/li>\n<li>Emiratos \u00c1rabes Unidos<\/li>\n<li>Eslovaquia<\/li>\n<li>Espa\u00f1a<\/li>\n<li>Filipinas<\/li>\n<li>Francia<\/li>\n<li>Ghana<\/li>\n<li>Hungr\u00eda<\/li>\n<li>Indonesia<\/li>\n<li>Irak<\/li>\n<li>Irlanda<\/li>\n<li>Italia<\/li>\n<li>Jap\u00f3n<\/li>\n<li>Kuwait<\/li>\n<li>Malasia<\/li>\n<\/ul>\n<p>[\/vc_column_text][\/vc_column][vc_column width=&#8221;1\/3&#8243;][vc_column_text]<\/p>\n<ul>\n<li>M\u00e9xico<\/li>\n<li>Noruega<\/li>\n<li>Nueva Zelanda (oficina en Auckland)<\/li>\n<li>Om\u00e1n<\/li>\n<li>Pa\u00edses Bajos (I &amp; D, Centro de ventas en Spijk)<\/li>\n<li>Per\u00fa<\/li>\n<li>Polonia<\/li>\n<li>Reino Unido<\/li>\n<li>Rep\u00fablica Checa<\/li>\n<li>Rusia<\/li>\n<li>Singapur<\/li>\n<li>Tailandia<\/li>\n<li>Vietnam<\/li>\n<\/ul>\n<p>[\/vc_column_text][\/vc_column][\/vc_row][vc_row][vc_column][vc_column_text][\/vc_column_text][\/vc_column][\/vc_row][vc_row][vc_column][vc_column_text]<\/p>\n<h4 class=\"p1\">INFORMACI\u00d3N DE CONTACTO:<\/h4>\n<p>[\/vc_column_text][\/vc_column][\/vc_row][vc_row][vc_column width=&#8221;1\/2&#8243;][vc_column_text]<strong>Angola<\/strong>:<br \/>\n<span lang=\"ES-MX\">Antonin Blecha<\/span><br \/>\n<u><span lang=\"EN-US\"><a href=\"mailto:a.blecha@montipwa.com\">a.blecha@montipwa.com<\/a><\/span><\/u><\/p>\n<p><strong>Argentina<\/strong>:<br \/>\n<span lang=\"ES-MX\">Ricardo Rossi<\/span><br \/>\n<u><span lang=\"EN-US\"><a href=\"mailto:ventas@petromont.com.ar\">ventas@petromont.com.ar<\/a><\/span><\/u><\/p>\n<p class=\"p1\"><strong>Australia:<\/strong><br \/>\n<a href=\"http:\/\/montipower.com.au\" target=\"_blank\" rel=\"noopener noreferrer\">montipower.com.au<\/a><br \/>\nPhil Chester<br \/>\n<a href=\"mailto:phil@montipower.com.au\">phil@montipower.com.au<\/a><\/p>\n<p><strong>Bolivia \/ Per\u00fa:<\/strong><br \/>\n<span lang=\"ES-MX\">Juan Pablo Paniagua Salinas<\/span><br \/>\n<u><span lang=\"EN-US\"><a href=\"mailto:jppaniagua@matservice.com.pe\" target=\"_blank\" rel=\"noopener\">jppaniagua@matservice.com.pe<\/a><\/span><\/u><\/p>\n<p><strong>Brasil<\/strong>:<br \/>\nDirk Pohlmann<br \/>\n<a href=\"mailto:dirk.pohlmann@montipower.com\" target=\"_blank\" rel=\"noopener\">dirk.pohlmann@montipower.com<\/a><\/p>\n<p><strong>Chile:<\/strong><br \/>\nChristian Tapia Jara<br \/>\n<a href=\"mailto:chr.tapia@trametal.cl\">chr.tapia@trametal.cl<\/a><\/p>\n<p class=\"p1\"><strong>Dinamarca<\/strong><strong>:<\/strong><br \/>\nTorben Hansen<br \/>\n<a href=\"mailto:mail@mouritsen.com\" target=\"_blank\" rel=\"noopener\"><span lang=\"EN-US\">mail@mouritsen.com<\/span><\/a><\/p>\n<p><strong>EEUU \/ Canada<\/strong>:<br \/>\nChuck Lockard<br \/>\n<a href=\"mailto:info@montipower.com\" target=\"_blank\" rel=\"noopener noreferrer\">info@montipower.com<\/a><\/p>\n<p><strong>Egipto<\/strong>:<br \/>\nGalal Al Ghor<br \/>\n<a href=\"mailto:galal@losamigosgtc.com\">galal@losamigosgtc.com<\/a><\/p>\n<p><strong>Espa\u00f1a<\/strong>:<br \/>\nAndr\u00e9s Gonzalez Marchena<br \/>\n<a href=\"mailto:andres@caditec.es\">andres@caditec.es<\/a><\/p>\n<p><strong>Filipinas<\/strong>:<br \/>\nEduardo Endaya<br \/>\n<a href=\"mailto:edward.sepcotransformer@gmail.com\">edward.sepcotransformer@gmail.com<\/a><\/p>\n<p class=\"p1\"><strong>Francia<\/strong>:<br \/>\nJF Ribet<br \/>\n<a href=\"mailto:jfr@3xeng.com\">jfr@3xeng.com<\/a><\/p>\n<p><strong>Ghana<\/strong>:<br \/>\nMichael Agu<br \/>\n<a href=\"mailto:michaelagu@i-neema.com\">michaelagu@i-neema.com<\/a><\/p>\n<p><strong>Indonesia:<br \/>\n<\/strong>PT Suprabakti<br \/>\nJimmy Hadinata<br \/>\n<a href=\"mailto:jimmyh@beltcare.com\">jimmyh@beltcare.com<\/a><br \/>\n<a href=\"http:\/\/montipowerindonesia.com\" target=\"_blank\" rel=\"noopener\">www.montipowerindonesia.com<\/a><\/p>\n<p><strong>Israel<\/strong>:<br \/>\nSteel Magnolia<br \/>\n<a href=\"mailto:moshemagnolias@gmail.com\">moshemagnolias@gmail.com<\/a>[\/vc_column_text][\/vc_column][vc_column width=&#8221;1\/2&#8243;][vc_column_text]<strong>Italia<\/strong>:<br \/>\nRoberto Montenovo<br \/>\n<a href=\"mailto:m.roberto@montenovoitalia.it\">m.roberto@montenovoitalia.it<\/a><\/p>\n<p><strong>Jap\u00f3n<\/strong>:<br \/>\nTakashi Kaetsu<br \/>\n<a href=\"mailto:takashi.kaetsu@montipower.com\">takashi.kaetsu@montipower.com<\/a><\/p>\n<p><strong>M\u00e9xico:<br \/>\n<\/strong>Enrique Sanchez Sr.<br \/>\n<a href=\"mailto:enrique.sanchez@montipower.com\">enrique.sanchez@montipower.com<\/a><\/p>\n<p><strong>Noruega<\/strong>:<br \/>\nThomas Merenyi<br \/>\n<a href=\"mailto:thomas.merenyi@presserv.com\">thomas.merenyi@presserv.com<\/a><\/p>\n<p><strong>Nueva Zelanda:<br \/>\n<\/strong><a href=\"mailto:sales@montipower.co.nz\" target=\"_blank\" rel=\"noopener\">sales@montipower.co.nz<\/a><\/p>\n<p><strong>Oriente Medio<\/strong> (Om\u00e1n, Emiratos \u00c1rabes Unidos, Catar, Bar\u00e9in, Irak, Kuwait, Arabia Saudita);<br \/>\nMohamed Hashique<br \/>\n<a href=\"mailto:mohamed.hashique@montipower.com\">mohamed.hashique@montipower.com<\/a><\/p>\n<p><strong>Pa\u00edses Bajos \/ B\u00e9lgica:<br \/>\n<\/strong>Theo Keizer<br \/>\n<a href=\"mailto:theo.keizer@montipower.com\">theo.keizer@montipower.com<\/a><\/p>\n<p class=\"p1\"><strong>Polonia\/Checa\/Eslovaquia\/Hungr\u00eda\/Ruman\u00eda\/Bulgaria\/Eslovenia\/Croacia:<\/strong><br \/>\nMartin Durcik<br \/>\n<a href=\"mailto:martin.durcik@montipower.com\">martin.durcik@montipower.com<\/a><\/p>\n<p>Distribuidor en Polonia: ANTICOR, <a href=\"mailto:anticor@anticor.pl\">anticor@anticor.pl<\/a><\/p>\n<p><strong>Reino Unido \/ Irlanda:<\/strong><br \/>\nJamie Gallagher<br \/>\n<a href=\"mailto:jgallagher@cactusindustrial.com\">jgallagher@cactusindustrial.com<\/a><\/p>\n<p><strong>Rusia<\/strong>:<br \/>\nVictor Kironda<br \/>\n<a href=\"mailto:victor@nt-tools.ru\">victor@nt-tools.ru<\/a><\/p>\n<p class=\"p1\"><strong>Singapur<\/strong>:<br \/>\nDerek Rodrigues<br \/>\n<a href=\"mailto:derek@flakecoat.com\">derek@flakecoat.com<\/a><\/p>\n<p class=\"p1\"><strong>Sureste de Asia<\/strong> (Tailandia, Vietnam,<br \/>\nFilipinas, Malasia, Indonesia):<br \/>\n<a href=\"mailto:info@montipower.com\">info@montipower.com<\/a><\/p>\n<p><strong>Tailandia<\/strong>:<br \/>\nKevin Yeo<br \/>\n<a href=\"mailto:kevin@arkcothailand.com\">kevin@arkcothailand.com<\/a><\/p>\n<p><strong>Trinidad<\/strong>:<br \/>\nGlobal Asset Integrity Services<br \/>\nDerek Cardinez<br \/>\n<a href=\"mailto:operations@globalassetintegritymgt.com\">operations@globalassetintegritymgt.com<\/a><\/p>\n<p><strong>Vietnam<\/strong>:<br \/>\n3N Tech Co.,ltd<br \/>\n091 772 61 92<br \/>\n<a href=\"mailto:info@3ntechvietnam.com\">info@3ntechvietnam.com<\/a>[\/vc_column_text][\/vc_column][\/vc_row][vc_row][vc_column][vc_separator color=&#8221;black&#8221;][vc_column_text]<\/p>\n<h3>CONTACTO<\/h3>\n<p>[\/vc_column_text][\/vc_column][\/vc_row][vc_row][vc_column width=&#8221;1\/2&#8243;][vc_column_text]<strong>MONTI \u2013 Werkzeuge GmbH<\/strong><br \/>\nReisertstr. 21<br \/>\n53773 Hennef<br \/>\nAlemania<br \/>\n+49 (0) 2242 9090 630<br \/>\n<a href=\"mailto:info@montipower.com\">info@montipower.com<\/a>[\/vc_column_text][vc_gmaps link=&#8221;#E-8_JTNDaWZyYW1lJTIwc3JjJTNEJTIyaHR0cHMlM0ElMkYlMkZ3d3cuZ29vZ2xlLmNvbSUyRm1hcHMlMkZlbWJlZCUzRnBiJTNEJTIxMW0xOCUyMTFtMTIlMjExbTMlMjExZDI1MjIuNTgzNTMzNzM0NTA3NSUyMTJkNy4yNjAwNDE0MTYxMjUwNSUyMTNkNTAuNzgzMjkzMzcxMjA2MTIlMjEybTMlMjExZjAlMjEyZjAlMjEzZjAlMjEzbTIlMjExaTEwMjQlMjEyaTc2OCUyMTRmMTMuMSUyMTNtMyUyMTFtMiUyMTFzMHg0N2JlZTdmOWI3MzcwZDE1JTI1M0EweDI4YTI4M2QxMmRjNjBkMzQlMjEyc1JlaXNlcnRzdHJhJTI1QzMlMjU5RmUlMjUyMDIxJTI1MkMlMjUyMDUzNzczJTI1MjBIZW5uZWYlMjUyMCUyOFNpZWclMjklMjUyQyUyNTIwRHVpdHNsYW5kJTIxNWUwJTIxM20yJTIxMXNubCUyMTJzbmwlMjE0djE1OTY0NDY0MDAwMTElMjE1bTIlMjExc25sJTIxMnNubCUyMiUyMHdpZHRoJTNEJTIyNjAwJTIyJTIwaGVpZ2h0JTNEJTIyNDUwJTIyJTIwZnJhbWVib3JkZXIlM0QlMjIwJTIyJTIwc3R5bGUlM0QlMjJib3JkZXIlM0EwJTNCJTIyJTIwYWxsb3dmdWxsc2NyZWVuJTNEJTIyJTIyJTIwYXJpYS1oaWRkZW4lM0QlMjJmYWxzZSUyMiUyMHRhYmluZGV4JTNEJTIyMCUyMiUzRSUzQyUyRmlmcmFtZSUzRQ==&#8221; size=&#8221;&#8221;][\/vc_column][vc_column width=&#8221;1\/2&#8243;][vc_column_text]<strong>MontiPower Americas Inc<\/strong><br \/>\n7677 Coppermine Drive<br \/>\nManassas VA 20109<br \/>\nEE.UU<br \/>\n703 396 8777<br \/>\n<a href=\"mailto:info@montipower.com\">info@montipower.com<\/a>[\/vc_column_text][vc_gmaps link=&#8221;#E-8_JTNDaWZyYW1lJTIwc3JjJTNEJTIyaHR0cHMlM0ElMkYlMkZ3d3cuZ29vZ2xlLmNvbSUyRm1hcHMlMkZlbWJlZCUzRnBiJTNEJTIxMW0xOCUyMTFtMTIlMjExbTMlMjExZDMxMDkuNDkxMTAzMDMwNzQ0NCUyMTJkLTc3LjUwNTM1NDU4NDExNDg0JTIxM2QzOC43OTgyOTkxNjAzODM1MSUyMTJtMyUyMTFmMCUyMTJmMCUyMTNmMCUyMTNtMiUyMTFpMTAyNCUyMTJpNzY4JTIxNGYxMy4xJTIxM20zJTIxMW0yJTIxMXMweDg5YjY1Y2MzNjA3NTFlNWYlMjUzQTB4NDI5ZmJlMmU1NGMzYTA3YiUyMTJzSGlzdG9yaWMlMjUyMERpc3RyaWN0JTI1MkMlMjUyMDc4NzclMjUyMENvcHBlcm1pbmUlMjUyMERyJTI1MkMlMjUyME1hbmFzc2FzJTI1MkMlMjUyMFZBJTI1MjAyMDEwOSUyNTJDJTI1MjBWZXJlbmlnZGUlMjUyMFN0YXRlbiUyMTVlMCUyMTNtMiUyMTFzbmwlMjEyc25sJTIxNHYxNTk2NDQ2NTAwODUyJTIxNW0yJTIxMXNubCUyMTJzbmwlMjIlMjB3aWR0aCUzRCUyMjYwMCUyMiUyMGhlaWdodCUzRCUyMjQ1MCUyMiUyMGZyYW1lYm9yZGVyJTNEJTIyMCUyMiUyMHN0eWxlJTNEJTIyYm9yZGVyJTNBMCUzQiUyMiUyMGFsbG93ZnVsbHNjcmVlbiUzRCUyMiUyMiUyMGFyaWEtaGlkZGVuJTNEJTIyZmFsc2UlMjIlMjB0YWJpbmRleCUzRCUyMjAlMjIlM0UlM0MlMkZpZnJhbWUlM0U=&#8221; size=&#8221;&#8221;][\/vc_column][\/vc_row][vc_row][vc_column width=&#8221;1\/2&#8243;][vc_column_text]<\/p>\n<p class=\"p1\"><strong>MontiPower B.V.<br \/>\n<\/strong>Tjariet 3<br \/>\n9909 BZ,\u00a0<span class=\"il\">Spijk<\/span><br \/>\nPa\u00edses Bajos<br \/>\n<a href=\"mailto:info@montipower.com\">info@montipower.com<\/a><\/p>\n<p>[\/vc_column_text][vc_gmaps link=&#8221;#E-8_JTNDaWZyYW1lJTIwc3JjJTNEJTIyaHR0cHMlM0ElMkYlMkZ3d3cuZ29vZ2xlLmNvbSUyRm1hcHMlMkZlbWJlZCUzRnBiJTNEJTIxMW0xOCUyMTFtMTIlMjExbTMlMjExZDIzNzkuMTI0MTI0Mjc1MjM5JTIxMmQ2LjgzNDcxMzkxNjI2NzE1OCUyMTNkNTMuMzk0NzE5NDc5OTg5MjYlMjEybTMlMjExZjAlMjEyZjAlMjEzZjAlMjEzbTIlMjExaTEwMjQlMjEyaTc2OCUyMTRmMTMuMSUyMTNtMyUyMTFtMiUyMTFzMHg0N2M5ZDg3M2U3NWQ4ZmM5JTI1M0EweGIxNDk5ZDc0NjI3OGRmZWMlMjEyc1RqYXJpZXQlMjUyMDMlMjUyQyUyNTIwOTkwOSUyNTIwQlolMjUyMFNwaWprJTIxNWUwJTIxM20yJTIxMXNubCUyMTJzbmwlMjE0djE2MjAzNzc1MzU4MTYlMjE1bTIlMjExc25sJTIxMnNubCUyMiUyMHdpZHRoJTNEJTIyNjAwJTIyJTIwaGVpZ2h0JTNEJTIyNDUwJTIyJTIwc3R5bGUlM0QlMjJib3JkZXIlM0EwJTNCJTIyJTIwYWxsb3dmdWxsc2NyZWVuJTNEJTIyJTIyJTIwbG9hZGluZyUzRCUyMmxhenklMjIlM0UlM0MlMkZpZnJhbWUlM0U=&#8221; size=&#8221;&#8221;][\/vc_column][vc_column width=&#8221;1\/2&#8243;][vc_column_text]<strong>MontiPower (NZ) Limited<br \/>\n<\/strong>12b Saunders Place<br \/>\nAvondale Auckland NZ 1026<br \/>\nNueva Zelanda<br \/>\n<a href=\"mailto:sales@montipower.co.nz\" target=\"_blank\" rel=\"noopener\">sales@montipower.co.nz<\/a>[\/vc_column_text][vc_gmaps link=&#8221;#E-8_JTNDaWZyYW1lJTIwc3JjJTNEJTIyaHR0cHMlM0ElMkYlMkZ3d3cuZ29vZ2xlLmNvbSUyRm1hcHMlMkZlbWJlZCUzRnBiJTNEJTIxMW0xNCUyMTFtOCUyMTFtMyUyMTFkMTI3NjYuMDYxODgzMTkxNjMzJTIxMmQxNzQuNjY4Mjg1MDAwMDAwMDMlMjEzZC0zNi44NzgwMTUlMjEzbTIlMjExaTEwMjQlMjEyaTc2OCUyMTRmMTMuMSUyMTNtMyUyMTFtMiUyMTFzMHg2ZDBkNDExZmZkZDRmZDc3JTI1M0EweDNmMDhjNDdmMzk1MzhhZGUlMjEyczEyQiUyNTIwU2F1bmRlcnMlMjUyMFBsYWNlJTI1MkMlMjUyMEF2b25kYWxlJTI1MkMlMjUyMEF1Y2tsYW5kJTI1MjAxMDI2JTI1MkMlMjUyME5pZXV3LVplZWxhbmQlMjE1ZTAlMjEzbTIlMjExc25sJTIxMnNubCUyMTR2MTYxOTAwNDAwNDI0NiUyMTVtMiUyMTFzbmwlMjEyc25sJTIyJTIwd2lkdGglM0QlMjI2MDAlMjIlMjBoZWlnaHQlM0QlMjI0NTAlMjIlMjBzdHlsZSUzRCUyMmJvcmRlciUzQTAlM0IlMjIlMjBhbGxvd2Z1bGxzY3JlZW4lM0QlMjIlMjIlMjBsb2FkaW5nJTNEJTIybGF6eSUyMiUzRSUzQyUyRmlmcmFtZSUzRQ==&#8221; size=&#8221;&#8221;][\/vc_column][\/vc_row][vc_row][vc_column width=&#8221;1\/2&#8243;][vc_column_text]<\/p>\n<p class=\"p1\"><strong>MontiPower Central Europe<br \/>\n<\/strong>Chalupkova 4623\/33<br \/>\n900 25 Chorvatsky Grob<span class=\"il\"><br \/>\n<\/span>Eslovaquia<br \/>\n<a href=\"mailto:martin.durcik@montipower.com\">martin.durcik@montipower.com<\/a><\/p>\n<p>[\/vc_column_text][vc_gmaps link=&#8221;#E-8_JTNDaWZyYW1lJTIwc3JjJTNEaHR0cHMlM0ElMkYlMkZ3d3cuZ29vZ2xlLmNvbSUyRm1hcHMlMkZlbWJlZCUzRnBiJTNEJTIxMW0xOCUyMTFtMTIlMjExbTMlMjExZDI2NjIuMjY0MzQzNjI1MDIzJTIxMmQxNy4xMjc3MjkwMTU5Njc2MDMlMjEzZDQ4LjE0MzcwODc1ODcxMjMyJTIxMm0zJTIxMWYwJTIxMmYwJTIxM2YwJTIxM20yJTIxMWkxMDI0JTIxMmk3NjglMjE0ZjEzLjElMjEzbTMlMjExbTIlMjExczB4NDc2Yzg5Mzk2NmVmMmEzMSUyNTNBMHg2ZTdjYWNiOGIwZDJhODJmJTIxMnNDaGFsdXBrb3ZhJTI1MkMlMjUyMEJyYXRpc2xhdmElMjUyQyUyNTIwU2xvd2FrZWklMjE1ZTAlMjEzbTIlMjExc2RlJTIxMnNkZSUyMTR2MTY1ODc0OTA2MDU2MyUyMTVtMiUyMTFzZGUlMjEyc2RlJTIwd2lkdGglM0QlMjI2MDAlMjIlMjBoZWlnaHQlM0QlMjI0NTAlMjIlMjBzdHlsZSUzRCUyMmJvcmRlciUzQTAlM0IlMjIlMjBhbGxvd2Z1bGxzY3JlZW4lM0QlMjIlMjIlMjBsb2FkaW5nJTNEJTIybGF6eSUyMiUyMHJlZmVycmVycG9saWN5JTNEJTIybm8tcmVmZXJyZXItd2hlbi1kb3duZ3JhZGUlMjIlM0UlM0MlMkZpZnJhbWUlM0U=&#8221; size=&#8221;&#8221;][\/vc_column][vc_column width=&#8221;1\/2&#8243;][vc_column_text]<strong>MontiPower Brazil S.A.<br \/>\n<\/strong>Rua Jesus Soares Pereira, 116 Costa do Sol<br \/>\n27.923-370 Maca\u00e9 \u2013 Rio de Janeiro<br \/>\nBrasil<br \/>\n<a href=\"mailto:dirk.pohlmann@montipower.com\" target=\"_blank\" rel=\"noopener\">dirk.pohlmann@montipower.com<\/a>[\/vc_column_text][vc_gmaps link=&#8221;#E-8_JTNDaWZyYW1lJTIwc3JjJTNEaHR0cHMlM0ElMkYlMkZ3d3cuZ29vZ2xlLmNvbSUyRm1hcHMlMkZlbWJlZCUzRnBiJTNEJTIxMW0xOCUyMTFtMTIlMjExbTMlMjExZDM2ODkuMDM4MjY2NzYyNjIxMyUyMTJkLTQxLjc3Nzc0MDY5OTk5OTk5NSUyMTNkLTIyLjM4OTkxNDgwMDAwMDAwMyUyMTJtMyUyMTFmMCUyMTJmMCUyMTNmMCUyMTNtMiUyMTFpMTAyNCUyMTJpNzY4JTIxNGYxMy4xJTIxM20zJTIxMW0yJTIxMXMweDk2MzA4ZDg0MGRjMGNmJTI1M0EweDEzMTAyNTVlZDJlYjBmYTYlMjEyc1IuJTI1MjBKZXN1cyUyNTIwU29hcmVzJTI1MjBQZXJlaXJhJTI1MkMlMjUyMDExNiUyNTIwLSUyNTIwQ29zdGElMjUyMGRvJTI1MjBTb2wlMjUyQyUyNTIwTWFjYSUyNUMzJTI1QTklMjUyMC0lMjUyMFJKJTI1MkMlMjUyMDI3OTIzLTM3MCUyNTJDJTI1MjBCcmFzaWxpZW4lMjE1ZTAlMjEzbTIlMjExc2RlJTIxMnNkZSUyMTR2MTY1ODc0OTMzNzk5NSUyMTVtMiUyMTFzZGUlMjEyc2RlJTIwd2lkdGglM0QlMjI2MDAlMjIlMjBoZWlnaHQlM0QlMjI0NTAlMjIlMjBzdHlsZSUzRCUyMmJvcmRlciUzQTAlM0IlMjIlMjBhbGxvd2Z1bGxzY3JlZW4lM0QlMjIlMjIlMjBsb2FkaW5nJTNEJTIybGF6eSUyMiUyMHJlZmVycmVycG9saWN5JTNEJTIybm8tcmVmZXJyZXItd2hlbi1kb3duZ3JhZGUlMjIlM0UlM0MlMkZpZnJhbWUlM0U=&#8221; size=&#8221;&#8221;][\/vc_column][\/vc_row][vc_row][vc_column width=&#8221;1\/2&#8243;][vc_column_text]<\/p>\n<p class=\"p1\"><strong>MontiPower Middle East FZE<br \/>\n<\/strong>No. 122 Business Centre World, 1er piso<br \/>\nJafza View 18-19, Jebel Ali Central Street <span class=\"il\"><br \/>\n<\/span>Dubai- Emiratos \u00c1rabes Unidos<br \/>\n<a href=\"mailto:mohamed.hashique@montipower.com\">mohamed.hashique@montipower.com<\/a><\/p>\n<p>[\/vc_column_text][vc_gmaps link=&#8221;#E-8_JTNDaWZyYW1lJTIwc3JjJTNEaHR0cHMlM0ElMkYlMkZ3d3cuZ29vZ2xlLmNvbSUyRm1hcHMlMkZlbWJlZCUzRnBiJTNEJTIxMW0xNCUyMTFtOCUyMTFtMyUyMTFkNzIzMi45NDg3MjUyNjc5MjclMjEyZDU1LjA5MTA5OSUyMTNkMjQuOTgzOTkyNCUyMTNtMiUyMTFpMTAyNCUyMTJpNzY4JTIxNGYxMy4xJTIxM20zJTIxMW0yJTIxMXMweDNlNWYxMjgwMDg5MDBjNzklMjUzQTB4NTIwNWE0YWFiNWFmYzNlMSUyMTJzUmVndXMlMjUyMC0lMjUyMER1YmFpJTI1MjBCQ1clMjUyMEphZnphJTI1MjBWaWV3JTI1MjAxOCUyNTIwJTI1MjYlMjUyMDE5JTIxNWUwJTIxM20yJTIxMXNkZSUyMTJzZGUlMjE0djE2NTg3NDc2OTU1NjIlMjE1bTIlMjExc2RlJTIxMnNkZSUyMHdpZHRoJTNEJTIyNjAwJTIyJTIwaGVpZ2h0JTNEJTIyNDUwJTIyJTIwc3R5bGUlM0QlMjJib3JkZXIlM0EwJTNCJTIyJTIwYWxsb3dmdWxsc2NyZWVuJTNEJTIyJTIyJTIwbG9hZGluZyUzRCUyMmxhenklMjIlMjByZWZlcnJlcnBvbGljeSUzRCUyMm5vLXJlZmVycmVyLXdoZW4tZG93bmdyYWRlJTIyJTNFJTNDJTJGaWZyYW1lJTNF&#8221; size=&#8221;&#8221;][\/vc_column][vc_column width=&#8221;1\/2&#8243;][vc_column_text]<strong>MontiPower Japan<br \/>\n<\/strong>5th FL, 1-22, Sudacho, Kanda<br \/>\nTokyo 101-0041<br \/>\nJap\u00f3n<br \/>\n<a href=\"mailto:takashi.kaetsu@montipower.com\" target=\"_blank\" rel=\"noopener\">takashi.kaetsu@montipower.com<\/a>[\/vc_column_text][vc_gmaps link=&#8221;#E-8_JTNDaWZyYW1lJTIwc3JjJTNEaHR0cHMlM0ElMkYlMkZ3d3cuZ29vZ2xlLmNvbSUyRm1hcHMlMkZlbWJlZCUzRnBiJTNEJTIxMW0xOCUyMTFtMTIlMjExbTMlMjExZDMyNDAuMjgyMDkwOTkzMzQxJTIxMmQxMzkuNzY2MzkxMDkwNDAxMyUyMTNkMzUuNjk0Njc1MjU4NTUyNjQlMjEybTMlMjExZjAlMjEyZjAlMjEzZjAlMjEzbTIlMjExaTEwMjQlMjEyaTc2OCUyMTRmMTMuMSUyMTNtMyUyMTFtMiUyMTFzMHg2MDE4OGMwMjU5NTQzOTg5JTI1M0EweDk0ZDc5YWFkNThmOGQ1NTMlMjEyczEtY2glMjVDNSUyNThEbWUtMjItM0YlMjUyMEthbmRhJTI1MjBTdWRhY2glMjVDNSUyNThEJTI1MkMlMjUyMENoaXlvZGElMjUyMENpdHklMjUyQyUyNTIwVG9reW8lMjUyMDEwMS0wMDQxJTI1MkMlMjUyMEphcGFuJTIxNWUwJTIxM20yJTIxMXNkZSUyMTJzZGUlMjE0djE2OTgyMjg2NDA3MjQlMjE1bTIlMjExc2RlJTIxMnNkZSUyMHdpZHRoJTNEJTIyNjAwJTIyJTIwaGVpZ2h0JTNEJTIyNDUwJTIyJTIwc3R5bGUlM0QlMjJib3JkZXIlM0EwJTNCJTIyJTIwYWxsb3dmdWxsc2NyZWVuJTNEJTIyJTIyJTIwbG9hZGluZyUzRCUyMmxhenklMjIlMjByZWZlcnJlcnBvbGljeSUzRCUyMm5vLXJlZmVycmVyLXdoZW4tZG93bmdyYWRlJTIyJTNFJTNDJTJGaWZyYW1lJTNF&#8221; size=&#8221;&#8221;][\/vc_column][\/vc_row][\/vc_section]<\/p>\n<\/div>","protected":false},"excerpt":{"rendered":"<p>[vc_section full_width=&#8221;stretch_row&#8221; content_placement=&#8221;bottom&#8221; css=&#8221;.vc_custom_1592561562556{padding-top: 30px !important;padding-bottom: 0px !important;background-color: #ff1212 !important;background-position: center &#8230; <\/p>\n","protected":false},"author":3,"featured_media":0,"parent":10725,"menu_order":0,"comment_status":"closed","ping_status":"closed","template":"","meta":{"_acf_changed":false,"footnotes":""},"acf":[],"_links":{"self":[{"href":"https:\/\/montipower-ontwikkel.com\/es\/wp-json\/wp\/v2\/pages\/10654"}],"collection":[{"href":"https:\/\/montipower-ontwikkel.com\/es\/wp-json\/wp\/v2\/pages"}],"about":[{"href":"https:\/\/montipower-ontwikkel.com\/es\/wp-json\/wp\/v2\/types\/page"}],"author":[{"embeddable":true,"href":"https:\/\/montipower-ontwikkel.com\/es\/wp-json\/wp\/v2\/users\/3"}],"replies":[{"embeddable":true,"href":"https:\/\/montipower-ontwikkel.com\/es\/wp-json\/wp\/v2\/comments?post=10654"}],"version-history":[{"count":29,"href":"https:\/\/montipower-ontwikkel.com\/es\/wp-json\/wp\/v2\/pages\/10654\/revisions"}],"predecessor-version":[{"id":51253,"href":"https:\/\/montipower-ontwikkel.com\/es\/wp-json\/wp\/v2\/pages\/10654\/revisions\/51253"}],"up":[{"embeddable":true,"href":"https:\/\/montipower-ontwikkel.com\/es\/wp-json\/wp\/v2\/pages\/10725"}],"wp:attachment":[{"href":"https:\/\/montipower-ontwikkel.com\/es\/wp-json\/wp\/v2\/media?parent=10654"}],"curies":[{"name":"wp","href":"https:\/\/api.w.org\/{rel}","templated":true}]}}