{"id":10643,"date":"2020-06-04T10:13:44","date_gmt":"2020-06-04T08:13:44","guid":{"rendered":"https:\/\/monti.la-compagnie.digital\/mercados\/weld-cleaning\/"},"modified":"2021-04-24T20:21:23","modified_gmt":"2021-04-24T18:21:23","slug":"soldadura","status":"publish","type":"page","link":"https:\/\/montipower-ontwikkel.com\/es\/mercados\/soldadura\/","title":{"rendered":"Soldadura"},"content":{"rendered":"<div class=\"wpb-content-wrapper\"><p>[vc_section full_width=&#8221;stretch_row&#8221; content_placement=&#8221;bottom&#8221; css=&#8221;.vc_custom_1592821416854{padding-top: 30px !important;padding-bottom: 0px !important;background: #ff1212 url(https:\/\/montipower.com\/wp-content\/uploads\/2020\/06\/FieldJoint_higres-scaled.jpg?id=5479) !important;background-position: center !important;background-repeat: no-repeat !important;background-size: cover !important;}&#8221; el_class=&#8221;topbig&#8221;][vc_row css=&#8221;.vc_custom_1569318223776{padding-right: 100px !important;padding-left: 100px !important;}&#8221;][vc_column width=&#8221;1\/2&#8243;][vc_column_text]<\/p>\n<h1>Soldadura<\/h1>\n<p>[\/vc_column_text][\/vc_column][vc_column width=&#8221;1\/2&#8243;][\/vc_column][\/vc_row][vc_row full_width=&#8221;stretch_row_content_no_spaces&#8221; content_placement=&#8221;bottom&#8221; css=&#8221;.vc_custom_1572526136907{padding-top: 0px !important;padding-bottom: 100px !important;background-position: 0 0 !important;background-repeat: no-repeat !important;}&#8221; el_class=&#8221;hometopfotorij&#8221;][vc_column][\/vc_column][\/vc_row][vc_row full_width=&#8221;stretch_row&#8221; css=&#8221;.vc_custom_1572525974229{background-color: #f1f1f1 !important;}&#8221;][vc_column][vc_column_text el_class=&#8221;montbreadcrumbs&#8221; css=&#8221;.vc_custom_1569318576735{padding-right: 100px !important;padding-left: 100px !important;}&#8221;]<nav aria-label=\"breadcrumbs\" class=\"rank-math-breadcrumb\"><p><span class=\"last\">Home<\/span><\/p><\/nav>[\/vc_column_text][\/vc_column][\/vc_row][\/vc_section][vc_section full_width=&#8221;stretch_row&#8221; el_class=&#8221;textcomp&#8221;][vc_row][vc_column][vc_column_text]<\/p>\n<p class=\"p1\">Los procesos de soldadura MIG, MAG, TIG y los manuales crean muy diferentes tipos de desechos y los usuarios tienen que confiar en la eficacia de la herramienta de limpieza. Los silicatos y los desechos de color azul no son f\u00e1ciles de descubrir en las capas de ra\u00edz y de relleno. Los ingenieros de soldadura deben poder confiar en la eficacia de la herramienta de limpieza elegida. Las herramientas MontiPower<sup>\u00ae<\/sup> y las bandas de acero o inoxidables dejan intacto el material de base soldado. Sin embargo, los restos de soldadura se eliminan completamente en cada una de las capas. Elija el m\u00e9todo de MontiPower para preparar la soldadura para el recubrimiento. La facilidad, seguridad y rapidez de la limpieza de la soldadura MontiPower<sup>\u00ae<\/sup> garantiza un excelente perfil de superficie para una \u00f3ptima uni\u00f3n del revestimiento y asegurar una protecci\u00f3n de la soldadura a largo plazo.<\/p>\n<p>[\/vc_column_text][\/vc_column][\/vc_row][\/vc_section]<\/p>\n<\/div>","protected":false},"excerpt":{"rendered":"<p>[vc_section full_width=&#8221;stretch_row&#8221; content_placement=&#8221;bottom&#8221; css=&#8221;.vc_custom_1592821416854{padding-top: 30px !important;padding-bottom: 0px !important;background: #ff1212 url(https:\/\/montipower.com\/wp-content\/uploads\/2020\/06\/FieldJoint_higres-scaled.jpg?id=5479) !important;background-position: &#8230; <\/p>\n","protected":false},"author":3,"featured_media":9422,"parent":10361,"menu_order":0,"comment_status":"closed","ping_status":"closed","template":"","meta":{"_acf_changed":false,"footnotes":""},"acf":[],"_links":{"self":[{"href":"https:\/\/montipower-ontwikkel.com\/es\/wp-json\/wp\/v2\/pages\/10643"}],"collection":[{"href":"https:\/\/montipower-ontwikkel.com\/es\/wp-json\/wp\/v2\/pages"}],"about":[{"href":"https:\/\/montipower-ontwikkel.com\/es\/wp-json\/wp\/v2\/types\/page"}],"author":[{"embeddable":true,"href":"https:\/\/montipower-ontwikkel.com\/es\/wp-json\/wp\/v2\/users\/3"}],"replies":[{"embeddable":true,"href":"https:\/\/montipower-ontwikkel.com\/es\/wp-json\/wp\/v2\/comments?post=10643"}],"version-history":[{"count":1,"href":"https:\/\/montipower-ontwikkel.com\/es\/wp-json\/wp\/v2\/pages\/10643\/revisions"}],"predecessor-version":[{"id":10644,"href":"https:\/\/montipower-ontwikkel.com\/es\/wp-json\/wp\/v2\/pages\/10643\/revisions\/10644"}],"up":[{"embeddable":true,"href":"https:\/\/montipower-ontwikkel.com\/es\/wp-json\/wp\/v2\/pages\/10361"}],"wp:featuredmedia":[{"embeddable":true,"href":"https:\/\/montipower-ontwikkel.com\/es\/wp-json\/wp\/v2\/media\/9422"}],"wp:attachment":[{"href":"https:\/\/montipower-ontwikkel.com\/es\/wp-json\/wp\/v2\/media?parent=10643"}],"curies":[{"name":"wp","href":"https:\/\/api.w.org\/{rel}","templated":true}]}}