{"id":10640,"date":"2020-06-04T10:14:32","date_gmt":"2020-06-04T08:14:32","guid":{"rendered":"https:\/\/monti.la-compagnie.digital\/mercados\/stainless\/"},"modified":"2021-04-24T20:21:23","modified_gmt":"2021-04-24T18:21:23","slug":"acero-inoxidable","status":"publish","type":"page","link":"https:\/\/montipower-ontwikkel.com\/es\/mercados\/acero-inoxidable\/","title":{"rendered":"Acero Inoxidable"},"content":{"rendered":"<div class=\"wpb-content-wrapper\"><p>[vc_section full_width=&#8221;stretch_row&#8221; content_placement=&#8221;bottom&#8221; css=&#8221;.vc_custom_1592558560445{padding-top: 30px !important;padding-bottom: 0px !important;background: #ff1212 url(https:\/\/montipower.com\/wp-content\/uploads\/2020\/06\/Stainless-Steel.jpg?id=5472) !important;background-position: center !important;background-repeat: no-repeat !important;background-size: cover !important;}&#8221; el_class=&#8221;topbig&#8221;][vc_row css=&#8221;.vc_custom_1569318223776{padding-right: 100px !important;padding-left: 100px !important;}&#8221;][vc_column width=&#8221;1\/2&#8243;][vc_column_text]<\/p>\n<h1 class=\"p1\">Acero Inoxidable<\/h1>\n<p>[\/vc_column_text][\/vc_column][vc_column width=&#8221;1\/2&#8243;][\/vc_column][\/vc_row][vc_row full_width=&#8221;stretch_row_content_no_spaces&#8221; content_placement=&#8221;bottom&#8221; css=&#8221;.vc_custom_1572526136907{padding-top: 0px !important;padding-bottom: 100px !important;background-position: 0 0 !important;background-repeat: no-repeat !important;}&#8221; el_class=&#8221;hometopfotorij&#8221;][vc_column][\/vc_column][\/vc_row][vc_row full_width=&#8221;stretch_row&#8221; css=&#8221;.vc_custom_1572525974229{background-color: #f1f1f1 !important;}&#8221;][vc_column][vc_column_text el_class=&#8221;montbreadcrumbs&#8221; css=&#8221;.vc_custom_1569318576735{padding-right: 100px !important;padding-left: 100px !important;}&#8221;]<nav aria-label=\"breadcrumbs\" class=\"rank-math-breadcrumb\"><p><span class=\"last\">Home<\/span><\/p><\/nav>[\/vc_column_text][\/vc_column][\/vc_row][\/vc_section][vc_section full_width=&#8221;stretch_row&#8221; el_class=&#8221;textcomp&#8221;][vc_row][vc_column][vc_column_text]<\/p>\n<h2 class=\"p1\">RESISTENCIA A LA CORROSI\u00d3N<\/h2>\n<p class=\"p1\">El acero inoxidable se utiliza por su resistencia a la corrosi\u00f3n en una amplia variedad de entornos, normalmente sin recubrimientos adicionales. Sin embargo, en ciertas circunstancias, los componentes o estructuras de acero inoxidable pueden requerir un acabado (pintura).<\/p>\n<p class=\"p1\">Los sistemas de revestimiento de los aceros inoxidables deben ser cuidadosamente seleccionados para proporcionar durabilidad suficiente para cumplir con los requisitos del entorno de servicio y sus condiciones de funcionamiento asociadas. La combinaci\u00f3n de la preparaci\u00f3n de la superficie y la formulaci\u00f3n del sistema de pintura son factores clave para cumplir estos objetivos. En determinados entornos, una rotura localizada del recubrimiento puede dar lugar a la corrosi\u00f3n. \u00c9sta puede ser m\u00e1s grave que la experimentada en las superficies sin recubrimiento y puede dar lugar a altas tasas de da\u00f1o localizado.<\/p>\n<p>[\/vc_column_text][vc_column_text]<\/p>\n<h3 class=\"p1\">UNA SUPERFICIE M\u00c1S LISA<\/h3>\n<p class=\"p1\">En general, el acero inoxidable tiene una superficie m\u00e1s lisa que el acero al carbono. Esto se aplica particularmente a los productos laminados en fr\u00edo delgados (chapa y bobina) y puede afectar negativamente a la adhesi\u00f3n entre la superficie del metal y el sistema de recubrimiento. Es esencial que las superficies de acero inoxidable se perfilen antes del recubrimiento. Por lo general, esto se puede lograr con MontiPower<sup>\u00ae<\/sup> en lugar del granallado y abrasivo suelto, una ligera abrasi\u00f3n manual o un grabado qu\u00edmico. En comparaci\u00f3n con el granallado abrasivo suelto, puede estar seguro de que no es necesario utilizar medios sueltos sin hierro como la al\u00famina o el carburo de silicio para evitar la contaminaci\u00f3n, los cuales pueden dar lugar a manchas de \u00f3xido en la superficie antes del recubrimiento. Con el cinto de acero inoxidable Bristle Blaster<sup>\u00ae<\/sup> en sus presentaci\u00f3n neum\u00e1tica, inal\u00e1mbrica o el\u00e9ctrica, las superficies pueden prepararse f\u00e1cilmente para dar una rugosidad superficial Ra de un m\u00ednimo de 50 micrones y una limpieza m\u00ednima de grado 2 de acuerdo con la norma BS 7079:Parte 1A. MBX<sup>\u00ae<\/sup> ofrece una rugosidad m\u00e1s fina de Ra de aproximadamente 10-30 micrones.<\/p>\n<p>[\/vc_column_text][\/vc_column][\/vc_row][\/vc_section]<\/p>\n<\/div>","protected":false},"excerpt":{"rendered":"<p>[vc_section full_width=&#8221;stretch_row&#8221; content_placement=&#8221;bottom&#8221; css=&#8221;.vc_custom_1592558560445{padding-top: 30px !important;padding-bottom: 0px !important;background: #ff1212 url(https:\/\/montipower.com\/wp-content\/uploads\/2020\/06\/Stainless-Steel.jpg?id=5472) !important;background-position: &#8230; <\/p>\n","protected":false},"author":3,"featured_media":0,"parent":10361,"menu_order":0,"comment_status":"closed","ping_status":"closed","template":"","meta":{"_acf_changed":false,"footnotes":""},"acf":[],"_links":{"self":[{"href":"https:\/\/montipower-ontwikkel.com\/es\/wp-json\/wp\/v2\/pages\/10640"}],"collection":[{"href":"https:\/\/montipower-ontwikkel.com\/es\/wp-json\/wp\/v2\/pages"}],"about":[{"href":"https:\/\/montipower-ontwikkel.com\/es\/wp-json\/wp\/v2\/types\/page"}],"author":[{"embeddable":true,"href":"https:\/\/montipower-ontwikkel.com\/es\/wp-json\/wp\/v2\/users\/3"}],"replies":[{"embeddable":true,"href":"https:\/\/montipower-ontwikkel.com\/es\/wp-json\/wp\/v2\/comments?post=10640"}],"version-history":[{"count":3,"href":"https:\/\/montipower-ontwikkel.com\/es\/wp-json\/wp\/v2\/pages\/10640\/revisions"}],"predecessor-version":[{"id":11898,"href":"https:\/\/montipower-ontwikkel.com\/es\/wp-json\/wp\/v2\/pages\/10640\/revisions\/11898"}],"up":[{"embeddable":true,"href":"https:\/\/montipower-ontwikkel.com\/es\/wp-json\/wp\/v2\/pages\/10361"}],"wp:attachment":[{"href":"https:\/\/montipower-ontwikkel.com\/es\/wp-json\/wp\/v2\/media?parent=10640"}],"curies":[{"name":"wp","href":"https:\/\/api.w.org\/{rel}","templated":true}]}}