{"id":10635,"date":"2020-06-04T10:12:13","date_gmt":"2020-06-04T08:12:13","guid":{"rendered":"https:\/\/monti.la-compagnie.digital\/mercados\/oem\/"},"modified":"2021-11-16T16:49:42","modified_gmt":"2021-11-16T15:49:42","slug":"oem","status":"publish","type":"page","link":"https:\/\/montipower-ontwikkel.com\/es\/mercados\/oem\/","title":{"rendered":"OEM"},"content":{"rendered":"<div class=\"wpb-content-wrapper\"><p>[vc_section full_width=&#8221;stretch_row&#8221; content_placement=&#8221;bottom&#8221; css=&#8221;.vc_custom_1591361314235{padding-top: 30px !important;padding-bottom: 0px !important;background: #ff1212 url(https:\/\/montipower.com\/wp-content\/uploads\/2019\/12\/Airplane_1024x768.jpg?id=4389) !important;background-position: center !important;background-repeat: no-repeat !important;background-size: cover !important;}&#8221; el_class=&#8221;topbig&#8221;][vc_row css=&#8221;.vc_custom_1569318223776{padding-right: 100px !important;padding-left: 100px !important;}&#8221;][vc_column width=&#8221;1\/2&#8243;][vc_column_text]<\/p>\n<h1>OEM<\/h1>\n<p>[\/vc_column_text][\/vc_column][vc_column width=&#8221;1\/2&#8243;][\/vc_column][\/vc_row][vc_row full_width=&#8221;stretch_row_content_no_spaces&#8221; content_placement=&#8221;bottom&#8221; css=&#8221;.vc_custom_1572526136907{padding-top: 0px !important;padding-bottom: 100px !important;background-position: 0 0 !important;background-repeat: no-repeat !important;}&#8221; el_class=&#8221;hometopfotorij&#8221;][vc_column][\/vc_column][\/vc_row][vc_row full_width=&#8221;stretch_row&#8221; css=&#8221;.vc_custom_1572525974229{background-color: #f1f1f1 !important;}&#8221;][vc_column][vc_column_text el_class=&#8221;montbreadcrumbs&#8221; css=&#8221;.vc_custom_1569318576735{padding-right: 100px !important;padding-left: 100px !important;}&#8221;]<nav aria-label=\"breadcrumbs\" class=\"rank-math-breadcrumb\"><p><span class=\"last\">Home<\/span><\/p><\/nav>[\/vc_column_text][\/vc_column][\/vc_row][\/vc_section][vc_section full_width=&#8221;stretch_row&#8221; el_class=&#8221;textcomp&#8221;][vc_row][vc_column][vc_column_text]<\/p>\n<p class=\"p1\">Producimos sistemas de preparaci\u00f3n de superficies de alta calidad dise\u00f1ados para aumentar el rendimiento de productos OEM (fabricantes de equipos originales). MontiPower<sup>\u00ae<\/sup> tiene una amplia l\u00ednea de herramientas, bandas y accesorios que ofrecen alternativas rentables para la preparaci\u00f3n de superficies sin abrasivos sueltos del recubrimiento de productos, tanques y equipamientos OEM. Nuestra amplia selecci\u00f3n de herramientas y bandas el\u00e9ctricas, inal\u00e1mbricas y neum\u00e1ticas est\u00e1 dise\u00f1ada para ayudar a minimizar el costo de la mano de obra, el tiempo y la eliminaci\u00f3n de residuos. Nuestras herramientas y bandas reducen los costos de mano de obra, mejoran la seguridad, aumentan la producci\u00f3n y tienen un impacto positivo en sus resultados. Nuestra capacidad de ofrecer una limpieza constante, uniforme y regular y un perfil de anclaje contribuye a la resistencia a la corrosi\u00f3n. Por otro lado, el valor est\u00e9tico nos diferencia de la competencia.<\/p>\n<p class=\"p1\">Llevamos muchos a\u00f1os suministrando sistemas rentables de preparaci\u00f3n de superficie a los fabricantes de la industria pesada y conocemos la importancia de la velocidad y el rendimiento.<\/p>\n<p class=\"p1\">Las herramientas de preparaci\u00f3n de superficies MontiPower\u00ae son f\u00e1ciles de operar y ofrecen grandes beneficios gracias a un rendimiento m\u00e1s r\u00e1pido, menos reparaciones, repintados o reclamos por desperfectos.<\/p>\n<p class=\"p1\">Nuestra \u00faltima tecnolog\u00eda de remoci\u00f3n de calcoman\u00edas permite la remoci\u00f3n extremadamente r\u00e1pida del vinilo de camiones, aviones, autobuses, tractores, vidrio y otros objetos.<\/p>\n<p>[\/vc_column_text][\/vc_column][\/vc_row][\/vc_section]<\/p>\n<\/div>","protected":false},"excerpt":{"rendered":"<p>[vc_section full_width=&#8221;stretch_row&#8221; content_placement=&#8221;bottom&#8221; css=&#8221;.vc_custom_1591361314235{padding-top: 30px !important;padding-bottom: 0px !important;background: #ff1212 url(https:\/\/montipower.com\/wp-content\/uploads\/2019\/12\/Airplane_1024x768.jpg?id=4389) !important;background-position: &#8230; <\/p>\n","protected":false},"author":3,"featured_media":0,"parent":10361,"menu_order":0,"comment_status":"closed","ping_status":"closed","template":"","meta":{"_acf_changed":false,"footnotes":""},"acf":[],"_links":{"self":[{"href":"https:\/\/montipower-ontwikkel.com\/es\/wp-json\/wp\/v2\/pages\/10635"}],"collection":[{"href":"https:\/\/montipower-ontwikkel.com\/es\/wp-json\/wp\/v2\/pages"}],"about":[{"href":"https:\/\/montipower-ontwikkel.com\/es\/wp-json\/wp\/v2\/types\/page"}],"author":[{"embeddable":true,"href":"https:\/\/montipower-ontwikkel.com\/es\/wp-json\/wp\/v2\/users\/3"}],"replies":[{"embeddable":true,"href":"https:\/\/montipower-ontwikkel.com\/es\/wp-json\/wp\/v2\/comments?post=10635"}],"version-history":[{"count":2,"href":"https:\/\/montipower-ontwikkel.com\/es\/wp-json\/wp\/v2\/pages\/10635\/revisions"}],"predecessor-version":[{"id":11886,"href":"https:\/\/montipower-ontwikkel.com\/es\/wp-json\/wp\/v2\/pages\/10635\/revisions\/11886"}],"up":[{"embeddable":true,"href":"https:\/\/montipower-ontwikkel.com\/es\/wp-json\/wp\/v2\/pages\/10361"}],"wp:attachment":[{"href":"https:\/\/montipower-ontwikkel.com\/es\/wp-json\/wp\/v2\/media?parent=10635"}],"curies":[{"name":"wp","href":"https:\/\/api.w.org\/{rel}","templated":true}]}}