{"id":10631,"date":"2019-09-25T13:56:36","date_gmt":"2019-09-25T11:56:36","guid":{"rendered":"https:\/\/monti.la-compagnie.digital\/mercados\/infra-solutions\/"},"modified":"2021-04-24T20:20:27","modified_gmt":"2021-04-24T18:20:27","slug":"puentes-ferrocarriles-puertos-carreteras","status":"publish","type":"page","link":"https:\/\/montipower-ontwikkel.com\/es\/mercados\/puentes-ferrocarriles-puertos-carreteras\/","title":{"rendered":"Puentes, Ferrocarriles, Puertos &#038; Carreteras"},"content":{"rendered":"<div class=\"wpb-content-wrapper\"><p>[vc_section full_width=&#8221;stretch_row&#8221; content_placement=&#8221;bottom&#8221; css=&#8221;.vc_custom_1574970437896{padding-top: 30px !important;padding-bottom: 0px !important;background-image: url(https:\/\/montipower.com\/wp-content\/uploads\/2019\/10\/Our-Story3-1.jpg?id=3365) !important;background-position: center !important;background-repeat: no-repeat !important;background-size: cover !important;}&#8221; el_class=&#8221;topbig&#8221;][vc_row css=&#8221;.vc_custom_1569318223776{padding-right: 100px !important;padding-left: 100px !important;}&#8221;][vc_column width=&#8221;1\/2&#8243;][vc_column_text]<\/p>\n<h1 class=\"p1\">Puentes, Ferrocarriles, Puertos &amp; Carreteras<\/h1>\n<p>[\/vc_column_text][\/vc_column][vc_column width=&#8221;1\/2&#8243;][\/vc_column][\/vc_row][vc_row full_width=&#8221;stretch_row_content_no_spaces&#8221; content_placement=&#8221;bottom&#8221; css=&#8221;.vc_custom_1572537047859{padding-top: 0px !important;padding-bottom: 100px !important;background-position: 0 0 !important;background-repeat: no-repeat !important;}&#8221; el_class=&#8221;hometopfotorij&#8221;][vc_column][\/vc_column][\/vc_row][vc_row full_width=&#8221;stretch_row&#8221; css=&#8221;.vc_custom_1572537058095{background-color: #f1f1f1 !important;}&#8221;][vc_column][vc_column_text el_class=&#8221;montbreadcrumbs&#8221; css=&#8221;.vc_custom_1569318576735{padding-right: 100px !important;padding-left: 100px !important;}&#8221;]<nav aria-label=\"breadcrumbs\" class=\"rank-math-breadcrumb\"><p><span class=\"last\">Home<\/span><\/p><\/nav>[\/vc_column_text][\/vc_column][\/vc_row][\/vc_section][vc_section full_width=&#8221;stretch_row&#8221; el_class=&#8221;textcomp&#8221;][vc_row][vc_column][vc_column_text]<\/p>\n<h3 class=\"p1\">LA PRINCIPAL CAUSA DE LA FALLAS EN LA INFRAESTRUCTURA DEL ACERO<\/h3>\n<p>[\/vc_column_text][vc_column_text]<\/p>\n<p class=\"p1\">Hasta la d\u00e9cada de 1980 las pinturas utilizadas en la mayor\u00eda de las infraestructuras de acero conten\u00edan plomo rojo y en algunas ocasiones asbesto. La inspecci\u00f3n peri\u00f3dica y el mantenimiento de estas infraestructuras p\u00fablicas es una tarea costosa debido a los problemas ambientales asociados, as\u00ed como tambi\u00e9n por la salud y seguridad de los empleados.<\/p>\n<p>[\/vc_column_text][vc_column_text]<\/p>\n<h5 class=\"p1\">TRABAJO INTENSIVO Y PELIGROSO<\/h5>\n<p class=\"p1\">El mantenimiento de la infraestructura p\u00fablica de acero consiste en la eliminaci\u00f3n del \u00f3xido\/pintura y el revestimiento. Un m\u00e9todo eficaz y eficiente para deshacerse de la pintura a gran escala es el granallado\u00a0 y aqu\u00ed radica un problema cr\u00edtico. Este proceso es extremadamente intenso en mano de obra y peligroso, as\u00ed como tambi\u00e9n es el m\u00e1s costoso durante el mantenimiento de un puente de acero. Los trabajadores no s\u00f3lo pasan largos per\u00edodos de tiempo manejando fuerzas de 100N y superiores, sino que tambi\u00e9n toman precauciones para evitar la exposici\u00f3n al polvo que contiene sustancias qu\u00edmicas peligrosas.<\/p>\n<h5 class=\"p1\">CONTROL DE POLVO A BATER\u00cdA<\/h5>\n<p class=\"p1\">Adem\u00e1s, de lo anteriormente\u00a0 mencionado, los m\u00e9todos de limpieza con granalla tambi\u00e9n crean problemas ambientales. Por ejemplo, el granallado convierte la capa t\u00f3xica en un fino polvo que se dispersa en el aire que los trabajadores pueden inhalar y contamina el medio ambiente. Con toda la magnitud de la toxicidad y los da\u00f1os a la salud a largo plazo causados por el revestimiento de plomo\/asbesto o cromato 6, las operaciones de mantenimiento p\u00fablico deben estar completamente cerradas para evitar la contaminaci\u00f3n del medio ambiente y para evitar los posibles riesgos para la salud del p\u00fablico en general. De esta forma, la elecci\u00f3n de las soluciones de MontiPower<sup>\u00ae<\/sup>, incluyendo el control de polvo a bater\u00eda, ayudar\u00e1 a conseguir un impacto positivo en la salud, la seguridad y la econom\u00eda.<\/p>\n<p>[\/vc_column_text][\/vc_column][\/vc_row][vc_row][vc_column][vc_single_image image=&#8221;5446&#8243; img_size=&#8221;1024&#215;800&#8243; alignment=&#8221;center&#8221;][\/vc_column][\/vc_row][\/vc_section][vc_section full_width=&#8221;stretch_row&#8221; el_class=&#8221;solutionscomp&#8221; css=&#8221;.vc_custom_1572537115228{padding-bottom: 100px !important;}&#8221;][vc_row css=&#8221;.vc_custom_1569314205235{padding-right: 50px !important;padding-left: 50px !important;}&#8221;][vc_column][vc_column_text]<\/p>\n<h2 class=\"p1\" style=\"text-align: center;\">DESCUBRA NUESTROS PRODUCTOS<\/h2>\n<p>[\/vc_column_text][vc_row_inner][vc_column_inner width=&#8221;1\/3&#8243;][vc_btn title=&#8221;Bristle Blaster<sup>\u00ae<\/sup>&#8221; style=&#8221;classic&#8221; shape=&#8221;square&#8221; size=&#8221;lg&#8221; align=&#8221;center&#8221; button_block=&#8221;true&#8221; link=&#8221;url:https%3A%2F%2Fmontipower.com%2Fes%2Fproductos%2Fherramientas-electricas%2Fbristle-blaster-double%2F|title:Bristle%20Blaster&#8221; el_class=&#8221;solutions-button&#8221;][\/vc_column_inner][vc_column_inner width=&#8221;1\/3&#8243;][vc_btn title=&#8221;Bristle Blaster<sup>\u00ae<\/sup> Cordless&#8221; style=&#8221;classic&#8221; shape=&#8221;square&#8221; size=&#8221;lg&#8221; align=&#8221;center&#8221; button_block=&#8221;true&#8221; link=&#8221;url:https%3A%2F%2Fmontipower.com%2Fes%2Fproductos%2Fherramientas-electricas%2Fbristle-blaster-cordless%2F|title:Cordless&#8221; el_class=&#8221;solutions-button&#8221;][\/vc_column_inner][vc_column_inner width=&#8221;1\/3&#8243;][vc_btn title=&#8221;Quattro (Q4)&#8221; style=&#8221;classic&#8221; shape=&#8221;square&#8221; size=&#8221;lg&#8221; align=&#8221;center&#8221; button_block=&#8221;true&#8221; link=&#8221;url:https%3A%2F%2Fmontipower.com%2Fes%2Fproductos%2Fmaquinas%2Fquattro-4%2F|title:Quattro&#8221; el_class=&#8221;solutions-button&#8221;][\/vc_column_inner][\/vc_row_inner][\/vc_column][\/vc_row][\/vc_section]<\/p>\n<\/div>","protected":false},"excerpt":{"rendered":"<p>[vc_section full_width=&#8221;stretch_row&#8221; content_placement=&#8221;bottom&#8221; css=&#8221;.vc_custom_1574970437896{padding-top: 30px !important;padding-bottom: 0px !important;background-image: url(https:\/\/montipower.com\/wp-content\/uploads\/2019\/10\/Our-Story3-1.jpg?id=3365) !important;background-position: center &#8230; <\/p>\n","protected":false},"author":3,"featured_media":8339,"parent":10361,"menu_order":0,"comment_status":"closed","ping_status":"closed","template":"","meta":{"_acf_changed":false,"footnotes":""},"acf":[],"_links":{"self":[{"href":"https:\/\/montipower-ontwikkel.com\/es\/wp-json\/wp\/v2\/pages\/10631"}],"collection":[{"href":"https:\/\/montipower-ontwikkel.com\/es\/wp-json\/wp\/v2\/pages"}],"about":[{"href":"https:\/\/montipower-ontwikkel.com\/es\/wp-json\/wp\/v2\/types\/page"}],"author":[{"embeddable":true,"href":"https:\/\/montipower-ontwikkel.com\/es\/wp-json\/wp\/v2\/users\/3"}],"replies":[{"embeddable":true,"href":"https:\/\/montipower-ontwikkel.com\/es\/wp-json\/wp\/v2\/comments?post=10631"}],"version-history":[{"count":4,"href":"https:\/\/montipower-ontwikkel.com\/es\/wp-json\/wp\/v2\/pages\/10631\/revisions"}],"predecessor-version":[{"id":11885,"href":"https:\/\/montipower-ontwikkel.com\/es\/wp-json\/wp\/v2\/pages\/10631\/revisions\/11885"}],"up":[{"embeddable":true,"href":"https:\/\/montipower-ontwikkel.com\/es\/wp-json\/wp\/v2\/pages\/10361"}],"wp:featuredmedia":[{"embeddable":true,"href":"https:\/\/montipower-ontwikkel.com\/es\/wp-json\/wp\/v2\/media\/8339"}],"wp:attachment":[{"href":"https:\/\/montipower-ontwikkel.com\/es\/wp-json\/wp\/v2\/media?parent=10631"}],"curies":[{"name":"wp","href":"https:\/\/api.w.org\/{rel}","templated":true}]}}