{"id":10595,"date":"2020-06-02T10:57:47","date_gmt":"2020-06-02T08:57:47","guid":{"rendered":"https:\/\/monti.la-compagnie.digital\/productos\/powertools\/"},"modified":"2024-02-12T20:32:31","modified_gmt":"2024-02-12T19:32:31","slug":"herramientas-electricas","status":"publish","type":"page","link":"https:\/\/montipower-ontwikkel.com\/es\/productos\/herramientas-electricas\/","title":{"rendered":"Herramientas el\u00e9ctricas"},"content":{"rendered":"<div class=\"wpb-content-wrapper\"><p>[vc_section full_width=&#8221;stretch_row&#8221; content_placement=&#8221;bottom&#8221; css=&#8221;.vc_custom_1569320141112{padding-top: 30px !important;padding-bottom: 0px !important;background-color: #ff1212 !important;background-position: center !important;background-repeat: no-repeat !important;background-size: cover !important;}&#8221; el_class=&#8221;topbig&#8221;][vc_row css=&#8221;.vc_custom_1569318223776{padding-right: 100px !important;padding-left: 100px !important;}&#8221;][vc_column width=&#8221;1\/2&#8243;][vc_column_text]<\/p>\n<h1 class=\"p1\">Herramientas el\u00e9ctricas<\/h1>\n<p>[\/vc_column_text][\/vc_column][vc_column width=&#8221;1\/2&#8243;][\/vc_column][\/vc_row][vc_row full_width=&#8221;stretch_row_content_no_spaces&#8221; content_placement=&#8221;bottom&#8221; css=&#8221;.vc_custom_1572526136907{padding-top: 0px !important;padding-bottom: 100px !important;background-position: 0 0 !important;background-repeat: no-repeat !important;}&#8221; el_class=&#8221;hometopfotorij&#8221;][vc_column][\/vc_column][\/vc_row][vc_row full_width=&#8221;stretch_row&#8221; css=&#8221;.vc_custom_1572525974229{background-color: #f1f1f1 !important;}&#8221;][vc_column][vc_column_text el_class=&#8221;montbreadcrumbs&#8221; css=&#8221;.vc_custom_1569318576735{padding-right: 100px !important;padding-left: 100px !important;}&#8221;]<nav aria-label=\"breadcrumbs\" class=\"rank-math-breadcrumb\"><p><span class=\"last\">Home<\/span><\/p><\/nav>[\/vc_column_text][\/vc_column][\/vc_row][\/vc_section][vc_section full_width=&#8221;stretch_row&#8221; el_class=&#8221;textcomp&#8221;][vc_row][vc_column][vc_column_text]<\/p>\n<div class=\"wpb_text_column wpb_content_element \">\n<div class=\"wpb_wrapper\">\n<h2 class=\"p1\">PIONERO Y VANGUARDISTA<\/h2>\n<p class=\"p1\">Las \u00fanicas herramientas el\u00e9ctricas de mano del mundo que pueden &#8220;granallar&#8221;. La tecnolog\u00eda patentada elimina la corrosi\u00f3n y los revestimientos de forma r\u00e1pida y completa. Al mismo tiempo, el Bristle Blaster<sup>\u00ae<\/sup> y el MBX<sup>\u00ae<\/sup> crean grados de preparaci\u00f3n de la superficie comparables con Sa2\u00bd (SSPC-SP 10\/NACE N\u00ba 2) a Sa3 (SSPC-SP 5\/NACE N\u00ba 1) y niveles de rugosidad de hasta 120 \u00b5m Rz,<\/p>\n<\/div>\n<\/div>\n<div class=\"wpb_text_column wpb_content_element \">\n<div class=\"wpb_wrapper\">\n<h5 class=\"p1\">NUEVAS INNOVACIONES<\/h5>\n<p class=\"p1\">El Bristle Blaster<sup>\u00ae<\/sup> patentado es el primer sistema de banda de cepillos de mano en el mundo que produce una calidad de rugosidad de la superficie y un resultado comparable al que se logra con el &#8216;granallado&#8217;. El proceso de Bristle Blaster es una nueva innovaci\u00f3n que elimina la corrosi\u00f3n y genera un perfil de anclaje mediante el uso de una herramienta de cerdas rotativas especialmente dise\u00f1ada. Esta herramienta consiste en puntas de cerdas de alambre que se deslizan hacia adelante y se ajustan din\u00e1micamente a una herramienta el\u00e9ctrica de mano que funciona a aproximadamente 2.500 rpm.<\/p>\n<h5 class=\"p1\">MECHANICAL PRINCIPLES<\/h5>\n<p class=\"p1\">Las puntas de las cerdas est\u00e1n dise\u00f1adas para golpear la superficie corro\u00edda con una energ\u00eda cin\u00e9tica equivalente a la de los procesos est\u00e1ndar que utilizan medios de granallado. Inmediatamente despu\u00e9s de que las puntas de las cerdas golpean la superficie de acero corro\u00eddo, se retraen (es decir, &#8220;rebotan&#8221;) de la superficie, lo que da lugar tanto a la eliminaci\u00f3n de la corrosi\u00f3n como a una microindentaci\u00f3n que expone la superficie limpia. En consecuencia, las superficies tratadas con herramientas de Bristle Blaster tienen una textura y una limpieza visual que imitan las obtenidas con los procesos tradicionales de granallado.<\/p>\n<\/div>\n<\/div>\n<p>[\/vc_column_text][\/vc_column][\/vc_row][vc_row][vc_column][vc_column_text]<\/p>\n<p class=\"p1\">Las diferentes herramientas el\u00e9ctricas de MontiPower<sup>\u00ae<\/sup> son un avance fenomenal en lo que se refiere a &#8220;granallado sin grano&#8221;. Las caracter\u00edsticas patentadas del Bristle Blaster<sup>\u00ae<\/sup> y el MBX<sup>\u00ae<\/sup> formaron la base de las nuevas gamas de productos de preparaci\u00f3n de superficies.<\/p>\n<p>[\/vc_column_text][\/vc_column][\/vc_row][vc_row][vc_column][vc_column_text el_class=&#8221;intro&#8221;]<\/p>\n<h3>Bristle Blaster<sup>\u00ae<\/sup> Range<\/h3>\n<p>[\/vc_column_text][\/vc_column][\/vc_row][\/vc_section][vc_section css=&#8221;.vc_custom_1569500364650{padding-top: 40px !important;}&#8221;][vc_row gap=&#8221;35&#8243; content_placement=&#8221;middle&#8221; css=&#8221;.vc_custom_1569500430462{margin-right: 100px !important;margin-left: 100px !important;padding-bottom: 80px !important;background-color: #ffffff !important;}&#8221;][vc_column width=&#8221;1\/2&#8243; css=&#8221;.vc_custom_1569498569540{padding-top: 0px !important;}&#8221;][vc_single_image image=&#8221;43640&#8243; img_size=&#8221;730&#215;596&#8243; el_class=&#8221;uitgelichtfoto&#8221;][\/vc_column][vc_column width=&#8221;1\/2&#8243;][vc_column_text]<\/p>\n<h3>Bristle<br \/>\nBlaster<sup>\u00ae<\/sup><br \/>\nELECTRIC<\/h3>\n<p class=\"p1\">El Bristle Blaster<sup>\u00ae<\/sup> es una herramienta de cerdas rotativas especialmente dise\u00f1ada que elimina la corrosi\u00f3n y genera un perfil de anclaje.<\/p>\n<p>[\/vc_column_text][vc_btn title=&#8221;Bristle Blaster\u00ae ELECTRIC&#8221; style=&#8221;classic&#8221; shape=&#8221;square&#8221; align=&#8221;left&#8221; link=&#8221;url:https%3A%2F%2Fmontipower.com%2Fes%2Fmp_product%2Fbristle-blaster-electric%2F|title:Electric&#8221; el_class=&#8221;uitgelichtebutton&#8221;][\/vc_column][\/vc_row][\/vc_section][vc_section el_class=&#8221;featurright&#8221;][vc_row gap=&#8221;35&#8243; content_placement=&#8221;middle&#8221; css=&#8221;.vc_custom_1572357743837{background-color: #ffffff !important;}&#8221;][vc_column width=&#8221;1\/2&#8243;][vc_column_text]<\/p>\n<h3>Bristle<br \/>\nBlaster<sup>\u00ae<\/sup> Electric<br \/>\nDouble<\/h3>\n<p class=\"p1\">\u00a1Dobla poder! El Bristle Blaster<sup>\u00ae<\/sup> es una herramienta de cerdas rotativas que elimina la corrosi\u00f3n y genera un perfil de anclaje<\/p>\n<p>[\/vc_column_text][vc_btn title=&#8221;Bristle Blaster\u00ae Double&#8221; style=&#8221;classic&#8221; shape=&#8221;square&#8221; align=&#8221;left&#8221; link=&#8221;url:https%3A%2F%2Fmontipower.com%2Fes%2Fmp_product%2Fbristle-blaster-double%2F|title:double&#8221; el_class=&#8221;uitgelichtebutton&#8221;][\/vc_column][vc_column width=&#8221;1\/2&#8243;][vc_single_image image=&#8221;44043&#8243; img_size=&#8221;730&#215;596&#8243; el_class=&#8221;uitgelichtfotoright&#8221;][\/vc_column][\/vc_row][\/vc_section][vc_section css=&#8221;.vc_custom_1569500364650{padding-top: 40px !important;}&#8221;][vc_row gap=&#8221;35&#8243; content_placement=&#8221;middle&#8221; css=&#8221;.vc_custom_1569500430462{margin-right: 100px !important;margin-left: 100px !important;padding-bottom: 80px !important;background-color: #ffffff !important;}&#8221;][vc_column width=&#8221;1\/2&#8243; css=&#8221;.vc_custom_1569498569540{padding-top: 0px !important;}&#8221;][vc_single_image image=&#8221;43705&#8243; img_size=&#8221;730&#215;596&#8243; el_class=&#8221;uitgelichtfoto&#8221;][\/vc_column][vc_column width=&#8221;1\/2&#8243;][vc_column_text]<\/p>\n<h3>Bristle<br \/>\nBlaster<sup>\u00ae<\/sup><br \/>\nCordless<\/h3>\n<p class=\"p1\">La nueva tecnolog\u00eda inal\u00e1mbrica para el Bristle Blaster<sup>\u00ae<\/sup> incluyendo el interruptor de seguridad. Incluye el mango anti-vibratorio y un nuevo y robusto frente.<\/p>\n<p>[\/vc_column_text][vc_btn title=&#8221;Bristle Blaster\u00ae Cordless&#8221; style=&#8221;classic&#8221; shape=&#8221;square&#8221; align=&#8221;left&#8221; link=&#8221;url:https%3A%2F%2Fmontipower.com%2Fes%2Fmp_product%2Fbristle-blaster-cordless%2F|title:cordless&#8221; el_class=&#8221;uitgelichtebutton&#8221;][\/vc_column][\/vc_row][\/vc_section][vc_section el_class=&#8221;featurright&#8221;][vc_row gap=&#8221;35&#8243; content_placement=&#8221;middle&#8221; css=&#8221;.vc_custom_1572357743837{background-color: #ffffff !important;}&#8221;][vc_column width=&#8221;1\/2&#8243; css=&#8221;.vc_custom_1569498569540{padding-top: 0px !important;}&#8221;][vc_column_text]<\/p>\n<h3>Bristle<br \/>\nBlaster<sup>\u00ae<\/sup><br \/>\nPneumatic<\/h3>\n<p class=\"p1\">El Bristle Blaster<sup>\u00ae<\/sup> es una herramienta de cerdas rotativas especialmente dise\u00f1ada que elimina la corrosi\u00f3n y genera un perfil de anclaje.<\/p>\n<p>[\/vc_column_text][vc_btn title=&#8221;Bristle Blaster\u00ae Pneumatic&#8221; style=&#8221;classic&#8221; shape=&#8221;square&#8221; align=&#8221;left&#8221; link=&#8221;url:https%3A%2F%2Fmontipower.com%2Fes%2Fmp_product%2Fbristle-blaster-pneumatic%2F|title:pneumatic&#8221; el_class=&#8221;uitgelichtebutton&#8221;][\/vc_column][vc_column width=&#8221;1\/2&#8243;][vc_single_image image=&#8221;3220&#8243; img_size=&#8221;730&#215;596&#8243; el_class=&#8221;uitgelichtfotoright&#8221;][\/vc_column][\/vc_row][\/vc_section][vc_section css=&#8221;.vc_custom_1569500364650{padding-top: 40px !important;}&#8221;][vc_row gap=&#8221;35&#8243; content_placement=&#8221;middle&#8221; css=&#8221;.vc_custom_1569500430462{margin-right: 100px !important;margin-left: 100px !important;padding-bottom: 80px !important;background-color: #ffffff !important;}&#8221;][vc_column width=&#8221;1\/2&#8243; css=&#8221;.vc_custom_1569498569540{padding-top: 0px !important;}&#8221;][vc_single_image image=&#8221;5801&#8243; img_size=&#8221;730&#215;596&#8243; el_class=&#8221;uitgelichtfoto&#8221;][\/vc_column][vc_column width=&#8221;1\/2&#8243;][vc_column_text]<\/p>\n<h3>Bristle<br \/>\nBlaster<sup>\u00ae<\/sup><br \/>\nAxial<\/h3>\n<p class=\"p1\">Las caracter\u00edsticas patentadas del Bristle Blaster<sup>\u00ae<\/sup> forman la base de las nuevas innovaciones que ahora se utilizan para ingresar en nuevos mercados.<\/p>\n<p>[\/vc_column_text][vc_btn title=&#8221;Bristle Blaster\u00ae Axial&#8221; style=&#8221;classic&#8221; shape=&#8221;square&#8221; align=&#8221;left&#8221; link=&#8221;url:https%3A%2F%2Fmontipower.com%2Fes%2Fmp_product%2Fbristle-blaster-axial%2F|title:Axial&#8221; el_class=&#8221;uitgelichtebutton&#8221;][\/vc_column][\/vc_row][\/vc_section][vc_section full_width=&#8221;stretch_row&#8221; el_class=&#8221;textcomp&#8221;][vc_row][vc_column][vc_column_text el_class=&#8221;intro&#8221;]<\/p>\n<h3 class=\"p1\">GAMA MBX<sup>\u00ae<\/sup><\/h3>\n<p>[\/vc_column_text][\/vc_column][\/vc_row][\/vc_section][vc_section css=&#8221;.vc_custom_1569500364650{padding-top: 40px !important;}&#8221;][vc_row gap=&#8221;35&#8243; content_placement=&#8221;middle&#8221; css=&#8221;.vc_custom_1569500430462{margin-right: 100px !important;margin-left: 100px !important;padding-bottom: 80px !important;background-color: #ffffff !important;}&#8221;][vc_column width=&#8221;1\/2&#8243; css=&#8221;.vc_custom_1569498569540{padding-top: 0px !important;}&#8221;][vc_single_image image=&#8221;45006&#8243; img_size=&#8221;730&#215;596&#8243; el_class=&#8221;uitgelichtfoto&#8221;][\/vc_column][vc_column width=&#8221;1\/2&#8243;][vc_column_text]<\/p>\n<h3>MBX<sup>\u00ae<\/sup><br \/>\nElectric<\/h3>\n<p class=\"p1\">El MBX<sup>\u00ae<\/sup> quita el \u00f3xido, la pintura, el sellado inferior y los selladores de los paneles de los autos con facilidad.<\/p>\n<p>[\/vc_column_text][vc_btn title=&#8221;MBX\u00ae Electric&#8221; style=&#8221;classic&#8221; shape=&#8221;square&#8221; align=&#8221;left&#8221; link=&#8221;url:https%3A%2F%2Fmontipower.com%2Fes%2Fmp_product%2Fmbx-electric%2F|title:MBX&#8221; el_class=&#8221;uitgelichtebutton&#8221;][\/vc_column][\/vc_row][\/vc_section][vc_section el_class=&#8221;featurright&#8221;][vc_row gap=&#8221;35&#8243; content_placement=&#8221;middle&#8221; css=&#8221;.vc_custom_1572357743837{background-color: #ffffff !important;}&#8221;][vc_column width=&#8221;1\/2&#8243;][vc_column_text]<\/p>\n<h3>MBX<sup>\u00ae<\/sup><br \/>\nAXIAL<\/h3>\n<p class=\"p1\">El MBX<sup>\u00ae<\/sup> Axial est\u00e1 especialmente dise\u00f1ado para eliminar la corrosi\u00f3n en zonas de dif\u00edcil acceso, como los rebordes de las puertas, las juntas del techo y las carcasas de las ruedas.<\/p>\n<p>[\/vc_column_text][vc_btn title=&#8221;MBX\u00ae Axial&#8221; style=&#8221;classic&#8221; shape=&#8221;square&#8221; align=&#8221;left&#8221; link=&#8221;url:https%3A%2F%2Fmontipower.com%2Fes%2Fmp_product%2Fmbx-axial%2F|title:MBX&#8221; el_class=&#8221;uitgelichtebutton&#8221;][\/vc_column][vc_column width=&#8221;1\/2&#8243; css=&#8221;.vc_custom_1569498569540{padding-top: 0px !important;}&#8221;][vc_single_image image=&#8221;5802&#8243; img_size=&#8221;730&#215;596&#8243; el_class=&#8221;uitgelichtfotoright&#8221;][\/vc_column][\/vc_row][\/vc_section][vc_section css=&#8221;.vc_custom_1569500364650{padding-top: 40px !important;}&#8221;][vc_row gap=&#8221;35&#8243; content_placement=&#8221;middle&#8221; css=&#8221;.vc_custom_1569500430462{margin-right: 100px !important;margin-left: 100px !important;padding-bottom: 80px !important;background-color: #ffffff !important;}&#8221;][vc_column width=&#8221;1\/2&#8243; css=&#8221;.vc_custom_1569498569540{padding-top: 0px !important;}&#8221;][vc_single_image image=&#8221;3101&#8243; img_size=&#8221;730&#215;596&#8243; el_class=&#8221;uitgelichtfoto&#8221;][\/vc_column][vc_column width=&#8221;1\/2&#8243;][vc_column_text]<\/p>\n<h3>MBX<sup>\u00ae<\/sup><br \/>\nPneumatic<\/h3>\n<p class=\"p1\">El MBX<sup>\u00ae<\/sup> quita el \u00f3xido, la pintura, el sellado inferior y los selladores de los paneles de los autos con facilidad.<\/p>\n<ul>\n<li class=\"p1\">Dise\u00f1o delgado y extremadamente ligero (1,1 kg)<\/li>\n<\/ul>\n<p>[\/vc_column_text][vc_btn title=&#8221;MBX\u00ae Pneumatic&#8221; style=&#8221;classic&#8221; shape=&#8221;square&#8221; align=&#8221;left&#8221; link=&#8221;url:https%3A%2F%2Fmontipower.com%2Fes%2Fmp_product%2Fmbx-pneumatic-standard-duty%2F|title:MBX&#8221; el_class=&#8221;uitgelichtebutton&#8221;][\/vc_column][\/vc_row][\/vc_section][vc_section el_class=&#8221;featurright&#8221;][vc_row gap=&#8221;35&#8243; content_placement=&#8221;middle&#8221; css=&#8221;.vc_custom_1572357743837{background-color: #ffffff !important;}&#8221;][vc_column width=&#8221;1\/2&#8243;][vc_column_text]<\/p>\n<h3>MBX<sup>\u00ae<\/sup><br \/>\nPneumatic<br \/>\nHeavy Duty<\/h3>\n<p class=\"p1\">El MBX<sup>\u00ae<\/sup> remueve el \u00f3xido, la pintura, el sellado inferior y los selladores de los paneles de los coches con facilidad.<\/p>\n<ul>\n<li class=\"p1\">Dise\u00f1o delgado y extremadamente ligero (1,1 kg)<\/li>\n<\/ul>\n<p>[\/vc_column_text][vc_btn title=&#8221;MBX\u00ae pneumatic HD&#8221; style=&#8221;classic&#8221; shape=&#8221;square&#8221; align=&#8221;left&#8221; link=&#8221;url:https%3A%2F%2Fmontipower.com%2Fes%2Fmp_product%2Fmbx-pneumatic-heavy-duty%2F|title:MBX&#8221; el_class=&#8221;uitgelichtebutton&#8221;][\/vc_column][vc_column width=&#8221;1\/2&#8243; css=&#8221;.vc_custom_1569498569540{padding-top: 0px !important;}&#8221;][vc_single_image image=&#8221;3198&#8243; img_size=&#8221;730&#215;596&#8243; el_class=&#8221;uitgelichtfotoright&#8221;][\/vc_column][\/vc_row][\/vc_section][vc_section css=&#8221;.vc_custom_1569500364650{padding-top: 40px !important;}&#8221;][vc_row gap=&#8221;35&#8243; content_placement=&#8221;middle&#8221; css=&#8221;.vc_custom_1569500430462{margin-right: 100px !important;margin-left: 100px !important;padding-bottom: 80px !important;background-color: #ffffff !important;}&#8221;][vc_column width=&#8221;1\/2&#8243; css=&#8221;.vc_custom_1569498569540{padding-top: 0px !important;}&#8221;][vc_single_image image=&#8221;44120&#8243; img_size=&#8221;730&#215;596&#8243; el_class=&#8221;uitgelichtfoto&#8221;][\/vc_column][vc_column width=&#8221;1\/2&#8243;][vc_column_text]<\/p>\n<h3>MBX<sup>\u00ae<\/sup><br \/>\nVinyl Zapper<sup>\u00ae<\/sup><br \/>\nElectric<\/h3>\n<p class=\"p1\">Esta banda elimina el vinilo, los residuos adhesivos, las l\u00e1minas reflectantes, las pegatinas, las calcoman\u00edas y la cinta adhesiva de doble cara.<\/p>\n<p>[\/vc_column_text][vc_btn title=&#8221;MBX\u00ae Vinyl Zapper\u00ae Electric&#8221; style=&#8221;classic&#8221; shape=&#8221;square&#8221; align=&#8221;left&#8221; link=&#8221;url:https%3A%2F%2Fmontipower.com%2Fes%2Fmp_product%2Fvinyl-zapper-electric%2F|title:MBX%20Vinyl%20Zapper&#8221; el_class=&#8221;uitgelichtebutton&#8221;][\/vc_column][\/vc_row][\/vc_section][vc_section el_class=&#8221;featurright&#8221;][vc_row gap=&#8221;35&#8243; content_placement=&#8221;middle&#8221; css=&#8221;.vc_custom_1572357743837{background-color: #ffffff !important;}&#8221;][vc_column width=&#8221;1\/2&#8243;][vc_column_text]<\/p>\n<h3>MBX<sup>\u00ae<\/sup><br \/>\nVinyl Zapper<sup>\u00ae<\/sup><br \/>\nPneumatic<\/h3>\n<p class=\"p1\">Esta banda elimina el vinilo, los residuos adhesivos, las l\u00e1minas reflectantes, las pegatinas, las calcoman\u00edas y la cinta adhesiva de doble cara.<\/p>\n<p>[\/vc_column_text][vc_btn title=&#8221;MBX\u00ae Vinyl Zapper\u00ae Pneumatic&#8221; style=&#8221;classic&#8221; shape=&#8221;square&#8221; align=&#8221;left&#8221; link=&#8221;url:https%3A%2F%2Fmontipower.com%2Fes%2Fmp_product%2Fvinyl-zapper-pneumatic%2F|title:MBX%20vinyl%20zapper&#8221; el_class=&#8221;uitgelichtebutton&#8221;][\/vc_column][vc_column width=&#8221;1\/2&#8243; css=&#8221;.vc_custom_1569498569540{padding-top: 0px !important;}&#8221;][vc_single_image image=&#8221;3212&#8243; img_size=&#8221;730&#215;596&#8243; el_class=&#8221;uitgelichtfotoright&#8221;][\/vc_column][\/vc_row][\/vc_section][vc_section css=&#8221;.vc_custom_1569500364650{padding-top: 40px !important;}&#8221;][vc_row gap=&#8221;35&#8243; content_placement=&#8221;middle&#8221; css=&#8221;.vc_custom_1569500430462{margin-right: 100px !important;margin-left: 100px !important;padding-bottom: 80px !important;background-color: #ffffff !important;}&#8221;][vc_column width=&#8221;1\/2&#8243; css=&#8221;.vc_custom_1569498569540{padding-top: 0px !important;}&#8221;][vc_single_image image=&#8221;5671&#8243; img_size=&#8221;730&#215;596&#8243; el_class=&#8221;uitgelichtfoto&#8221;][\/vc_column][vc_column width=&#8221;1\/2&#8243;][vc_column_text]<\/p>\n<h3>MBX<sup>\u00ae<\/sup><br \/>\nVinyl Zapper<sup>\u00ae<\/sup><br \/>\nUltimate<\/h3>\n<p class=\"p1\">Esta banda elimina el vinilo, los residuos adhesivos, las l\u00e1minas reflectantes, las pegatinas, las calcoman\u00edas y la cinta adhesiva de doble cara.<\/p>\n<p>[\/vc_column_text][vc_btn title=&#8221;MBX\u00ae Vinyl Zapper\u00ae Ultimate&#8221; style=&#8221;classic&#8221; shape=&#8221;square&#8221; align=&#8221;left&#8221; link=&#8221;url:https%3A%2F%2Fmontipower.com%2Fes%2Fmp_product%2Fmbx-decalpower%2F|title:ultimate&#8221; el_class=&#8221;uitgelichtebutton&#8221;][\/vc_column][\/vc_row][\/vc_section]<\/p>\n<\/div>","protected":false},"excerpt":{"rendered":"<p>[vc_section full_width=&#8221;stretch_row&#8221; content_placement=&#8221;bottom&#8221; css=&#8221;.vc_custom_1569320141112{padding-top: 30px !important;padding-bottom: 0px !important;background-color: #ff1212 !important;background-position: center &#8230; <\/p>\n","protected":false},"author":3,"featured_media":0,"parent":10419,"menu_order":0,"comment_status":"closed","ping_status":"closed","template":"","meta":{"_acf_changed":false,"footnotes":""},"acf":[],"_links":{"self":[{"href":"https:\/\/montipower-ontwikkel.com\/es\/wp-json\/wp\/v2\/pages\/10595"}],"collection":[{"href":"https:\/\/montipower-ontwikkel.com\/es\/wp-json\/wp\/v2\/pages"}],"about":[{"href":"https:\/\/montipower-ontwikkel.com\/es\/wp-json\/wp\/v2\/types\/page"}],"author":[{"embeddable":true,"href":"https:\/\/montipower-ontwikkel.com\/es\/wp-json\/wp\/v2\/users\/3"}],"replies":[{"embeddable":true,"href":"https:\/\/montipower-ontwikkel.com\/es\/wp-json\/wp\/v2\/comments?post=10595"}],"version-history":[{"count":8,"href":"https:\/\/montipower-ontwikkel.com\/es\/wp-json\/wp\/v2\/pages\/10595\/revisions"}],"predecessor-version":[{"id":49644,"href":"https:\/\/montipower-ontwikkel.com\/es\/wp-json\/wp\/v2\/pages\/10595\/revisions\/49644"}],"up":[{"embeddable":true,"href":"https:\/\/montipower-ontwikkel.com\/es\/wp-json\/wp\/v2\/pages\/10419"}],"wp:attachment":[{"href":"https:\/\/montipower-ontwikkel.com\/es\/wp-json\/wp\/v2\/media?parent=10595"}],"curies":[{"name":"wp","href":"https:\/\/api.w.org\/{rel}","templated":true}]}}