{"id":10373,"date":"2019-09-25T13:45:02","date_gmt":"2019-09-25T11:45:02","guid":{"rendered":"https:\/\/monti.la-compagnie.digital\/mercados\/marine-solutions\/"},"modified":"2021-10-27T13:31:52","modified_gmt":"2021-10-27T11:31:52","slug":"marina","status":"publish","type":"page","link":"https:\/\/montipower-ontwikkel.com\/es\/mercados\/marina\/","title":{"rendered":"Marina"},"content":{"rendered":"<div class=\"wpb-content-wrapper\"><p>[vc_section full_width=&#8221;stretch_row&#8221; content_placement=&#8221;bottom&#8221; css=&#8221;.vc_custom_1574970584855{padding-top: 30px !important;padding-bottom: 0px !important;background-image: url(https:\/\/montipower.com\/wp-content\/uploads\/2019\/10\/Marine_Submarine_RGB_72dpi-1.jpg?id=3476) !important;background-position: center !important;background-repeat: no-repeat !important;background-size: cover !important;}&#8221; el_class=&#8221;topbig&#8221;][vc_row css=&#8221;.vc_custom_1569318223776{padding-right: 100px !important;padding-left: 100px !important;}&#8221;][vc_column width=&#8221;1\/2&#8243;][vc_column_text]<\/p>\n<h1>Marina<\/h1>\n<p>[\/vc_column_text][\/vc_column][vc_column width=&#8221;1\/2&#8243;][\/vc_column][\/vc_row][vc_row full_width=&#8221;stretch_row_content_no_spaces&#8221; content_placement=&#8221;bottom&#8221; css=&#8221;.vc_custom_1572537177712{padding-top: 0px !important;padding-bottom: 100px !important;background-position: 0 0 !important;background-repeat: no-repeat !important;}&#8221; el_class=&#8221;hometopfotorij&#8221;][vc_column][\/vc_column][\/vc_row][vc_row full_width=&#8221;stretch_row&#8221; css=&#8221;.vc_custom_1572537189812{background-color: #f1f1f1 !important;}&#8221;][vc_column][vc_column_text el_class=&#8221;montbreadcrumbs&#8221; css=&#8221;.vc_custom_1569318576735{padding-right: 100px !important;padding-left: 100px !important;}&#8221;]<nav aria-label=\"breadcrumbs\" class=\"rank-math-breadcrumb\"><p><span class=\"last\">Home<\/span><\/p><\/nav>[\/vc_column_text][\/vc_column][\/vc_row][\/vc_section][vc_section full_width=&#8221;stretch_row&#8221; el_class=&#8221;textcomp&#8221;][vc_row css=&#8221;.vc_custom_1569324067303{padding-right: 200px !important;padding-left: 200px !important;}&#8221;][vc_column][vc_column_text]<\/p>\n<h2 class=\"p1\">BEFEFICIOS DE MONTIPOWER<sup>\u00ae<\/sup> MARINA<\/h2>\n<p>[\/vc_column_text][vc_column_text]<span style=\"font-weight: 400;\">La corrosi\u00f3n es un problema multimillonario en los buques marinos. Una superficie bien preparada est\u00e1 libre de materiales solubles que podr\u00edan causar que los revestimientos de la superficie fallen prematuramente y reduzcan la vida \u00fatil de la nave. Los recubrimientos protectores de una embarcaci\u00f3n marina protegen el material del agua, \u00f3xido, \u00e1cidos, temperaturas extremas y de otros elementos que podr\u00edan causar corrosi\u00f3n y degradaci\u00f3n del metal.<\/span>[\/vc_column_text][vc_column_text]<span style=\"font-weight: 400;\">Cuando se protege la superficie de una embarcaci\u00f3n durante las etapas de limpieza y preparaci\u00f3n con las soluciones de MontiPower<\/span><span style=\"font-weight: 400;\"><sup>\u00ae<\/sup><\/span><span style=\"font-weight: 400;\">, se puede garantizar mejor el \u00e9xito del proceso de uni\u00f3n del recubrimiento protector. El recubrimiento prologar\u00e1 su vida \u00fatil y reducir\u00e1 los costos de mantenimiento del buque. Cuando las condiciones son demasiado h\u00famedas, secas, fr\u00edas o c\u00e1lidas, la superficie de una nave es vulnerable a la oxidaci\u00f3n y la re-contaminaci\u00f3n.<\/span><\/p>\n<h5 class=\"p1\">BRISTLE BLASTING COMPARADO CON EL GRANALLADO ABRASIVO<\/h5>\n<p><span style=\"font-weight: 400;\">En comparaci\u00f3n con la limpieza con abrasivos, Bristle Blasting<\/span><span style=\"font-weight: 400;\"><sup>\u00ae<\/sup><\/span><span style=\"font-weight: 400;\"> no es produce riegos para la mano de obra. Durante el granallado abrasivo normal los trabajadores no s\u00f3lo pasan largos per\u00edodos de tiempo manejando fuerzas de 100N o m\u00e1s, sino que tambi\u00e9n necesitan tomar precauciones para evitar la exposici\u00f3n al polvo que contiene productos qu\u00edmicos peligrosos. Adem\u00e1s, los m\u00e9todos de limpieza con granallado tambi\u00e9n crean problemas ambientales. Por ejemplo, la limpieza con granalla convierte el recubrimiento t\u00f3xico en un polvo fino que se condensan el aire que los trabajadores pueden inhalar y que contaminar\u00e1 el medio ambiente.<\/span><\/p>\n<h5><span style=\"font-weight: 400;\">SOLUCI\u00d3N PARA EL CONTROL DEL POLVO POR BATERIA<\/span><\/h5>\n<p><span style=\"font-weight: 400;\">Con toda la extensi\u00f3n de polvo t\u00f3xico y los da\u00f1os a la salud a largo plazo causados por recubrimientos que contiene plomo\/asbesto o cromato 6, las operaciones de mantenimiento p\u00fablico deben estar completamente cerradas para evitar la contaminaci\u00f3n del medio ambiente y evitar los posibles riesgos para la salud del p\u00fablico en general. As\u00ed pues, la elecci\u00f3n de las soluciones de MontiPower<sup>\u00ae<\/sup>, incluyendo el control del polvo mediante bater\u00edas, ayudar\u00e1 a conseguir un impacto significativo en la salud, la seguridad y la econom\u00eda. Incluso cuando se construye una nueva embarcaci\u00f3n, la preparaci\u00f3n de la superficie es esencial para el rendimiento de la embarcaci\u00f3n y el bienestar de su tripulaci\u00f3n en relaci\u00f3n con el recubrimiento.<\/span>[\/vc_column_text][\/vc_column][\/vc_row][\/vc_section][vc_section full_width=&#8221;stretch_row&#8221; css=&#8221;.vc_custom_1572537294237{margin-top: 0px !important;margin-bottom: 0px !important;padding-top: 0px !important;padding-bottom: 0px !important;}&#8221;][vc_row css=&#8221;.vc_custom_1572537300156{margin-top: 0px !important;margin-bottom: 0px !important;padding-top: 0px !important;padding-bottom: 0px !important;}&#8221;][vc_column][vc_single_image image=&#8221;3353&#8243; img_size=&#8221;full&#8221; alignment=&#8221;center&#8221; css=&#8221;.vc_custom_1575302409450{margin-bottom: 0px !important;padding-bottom: 0px !important;}&#8221;][\/vc_column][\/vc_row][\/vc_section][vc_section el_class=&#8221;textcomp&#8221;][vc_row][vc_column width=&#8221;1\/2&#8243;][vc_column_text]<img decoding=\"async\" class=\"alignleft size-full wp-image-1940\" src=\"https:\/\/montipower.com\/wp-content\/uploads\/2019\/10\/plusje.png\" alt=\"\" width=\"50\" height=\"50\" \/><\/p>\n<p><span style=\"font-weight: 400;\">Cepillos de alambre rotatorio: Los cepillos de alambre eliminan el \u00f3xido en polvo, pero no las escamas de \u00f3xido de una superficie.<\/span>[\/vc_column_text][vc_column_text]<img decoding=\"async\" class=\"alignleft size-full wp-image-1940\" src=\"https:\/\/montipower.com\/wp-content\/uploads\/2019\/10\/plusje.png\" alt=\"\" width=\"50\" height=\"50\" \/><\/p>\n<p><span style=\"font-weight: 400;\">Disco de energ\u00eda rotatoria: Los discos de carburo de silicio limpian las superficies irregulares y rugosas.<\/span>[\/vc_column_text][vc_column_text]<img decoding=\"async\" class=\"alignleft size-full wp-image-1940\" src=\"https:\/\/montipower.com\/wp-content\/uploads\/2019\/10\/plusje.png\" alt=\"\" width=\"50\" height=\"50\" \/><\/p>\n<p><span style=\"font-weight: 400;\">Limpieza con chorro abrasivo: El aire comprimido elimina el \u00f3xido y otros contaminantes para crear una superficie rugosa.<\/span>[\/vc_column_text][\/vc_column][vc_column width=&#8221;1\/2&#8243;][vc_column_text]<img decoding=\"async\" class=\"alignleft size-full wp-image-1940\" src=\"https:\/\/montipower.com\/wp-content\/uploads\/2019\/10\/plusje.png\" alt=\"\" width=\"50\" height=\"50\" \/><\/p>\n<p><span style=\"font-weight: 400;\">Eliminaci\u00f3n de escamas en autom\u00e1tico: Las cuchillas o herramientas que realizan \u201ctoques o golpes\u201d eliminan las acumulaciones de \u00f3xido y escamas gruesas.<\/span>[\/vc_column_text][vc_column_text]<img decoding=\"async\" class=\"alignleft size-full wp-image-1940\" src=\"https:\/\/montipower.com\/wp-content\/uploads\/2019\/10\/plusje.png\" alt=\"\" width=\"50\" height=\"50\" \/><\/p>\n<p><span style=\"font-weight: 400;\">Limpieza con disolvente: Los detergentes y productos qu\u00edmicos eliminan el aceite, la grasa y la suciedad antes de usar las t\u00e9cnicas de blasting.<\/span>[\/vc_column_text][vc_column_text]<img decoding=\"async\" class=\"alignleft size-full wp-image-1940\" src=\"https:\/\/montipower.com\/wp-content\/uploads\/2019\/10\/plusje.png\" alt=\"\" width=\"50\" height=\"50\" \/><\/p>\n<p><span style=\"font-weight: 400;\">Hidrolavado: El agua a alta presi\u00f3n elimina el aceite, la pintura y el \u00f3xido sin problemas con los abrasivos y ni granalla.<\/span>[\/vc_column_text][\/vc_column][\/vc_row][vc_row][vc_column][vc_column_text]<span style=\"font-weight: 400;\">Los momentos oportunos para preparar y recubrir las superficies de una embarcaci\u00f3n son durante:<\/span><\/p>\n<ul>\n<li><span style=\"font-weight: 400;\">Proceso de construcci\u00f3n<\/span><\/li>\n<li><span style=\"font-weight: 400;\">Reparaciones<\/span><\/li>\n<li><span style=\"font-weight: 400;\">Mantenimiento programado<\/span><\/li>\n<li><span style=\"font-weight: 400;\">Restauraciones<\/span><\/li>\n<li><span style=\"font-weight: 400;\">Per\u00edodos en dique seco<\/span><\/li>\n<\/ul>\n<p>[\/vc_column_text][\/vc_column][\/vc_row][vc_row css=&#8221;.vc_custom_1569314205235{padding-right: 50px !important;padding-left: 50px !important;}&#8221;][vc_column][vc_column_text]<\/p>\n<h2 class=\"p1\" style=\"text-align: center;\">DESCUBRA NUESTROS PRODUCTOS<\/h2>\n<p>[\/vc_column_text][vc_row_inner][vc_column_inner width=&#8221;1\/3&#8243;][vc_btn title=&#8221;Bristle Blaster<sup>\u00ae<\/sup>&#8221; style=&#8221;classic&#8221; shape=&#8221;square&#8221; size=&#8221;lg&#8221; align=&#8221;center&#8221; button_block=&#8221;true&#8221; link=&#8221;url:https%3A%2F%2Fmontipower.com%2Fes%2Fproductos%2Fherramientas-electricas%2Fbristle-blaster-electric%2F|title:Bristle%20Blaster%3Csup%3E%C2%AE%3C%2Fsup%3E&#8221; el_class=&#8221;solutions-button&#8221;][\/vc_column_inner][vc_column_inner width=&#8221;1\/3&#8243;][vc_btn title=&#8221;Cleantech prepper<sup>\u00ae<\/sup>&#8221; style=&#8221;classic&#8221; shape=&#8221;square&#8221; size=&#8221;lg&#8221; align=&#8221;center&#8221; button_block=&#8221;true&#8221; link=&#8221;url:https%3A%2F%2Fmontipower.com%2Fes%2Fproductos%2Fmaquinas%2Fquattro-4%2F|title:prepper&#8221; el_class=&#8221;solutions-button&#8221;][\/vc_column_inner][vc_column_inner width=&#8221;1\/3&#8243;][vc_btn title=&#8221;Subsea&#8221; style=&#8221;classic&#8221; shape=&#8221;square&#8221; size=&#8221;lg&#8221; align=&#8221;center&#8221; button_block=&#8221;true&#8221; link=&#8221;url:https%3A%2F%2Fmontipower.com%2Fes%2Fproductos%2Fmaquinas%2Fsubsea%2F|title:Subsea&#8221; el_class=&#8221;solutions-button&#8221;][\/vc_column_inner][\/vc_row_inner][\/vc_column][\/vc_row][\/vc_section][vc_section el_class=&#8221;clientslide&#8221;][vc_row][vc_column][vc_column_text css=&#8221;.vc_custom_1570726086126{margin-bottom: 10px !important;margin-left: 30px !important;}&#8221;][\/vc_column_text][vc_carousel_father theme=&#8221;content-over-slider&#8221; dot=&#8221;false&#8221; slide_visible=&#8221;4&#8243; tabs=&#8221;3&#8243; mbl_height=&#8221;200px&#8221;][vc_carousel_son image_id=&#8221;2574&#8243; img_width=&#8221;85%&#8221; img_height=&#8221;auto&#8221;][\/vc_carousel_son][vc_carousel_son image_id=&#8221;2575&#8243; img_width=&#8221;85%&#8221; img_height=&#8221;auto&#8221;][\/vc_carousel_son][vc_carousel_son image_id=&#8221;2576&#8243; contain_url=&#8221;https:\/\/bp.com&#8221; img_width=&#8221;85%&#8221; img_height=&#8221;auto&#8221;][\/vc_carousel_son][vc_carousel_son image_id=&#8221;2577&#8243; contain_url=&#8221;https:\/\/bp.com&#8221; img_width=&#8221;85%&#8221; img_height=&#8221;auto&#8221;][\/vc_carousel_son][vc_carousel_son image_id=&#8221;2579&#8243; contain_url=&#8221;https:\/\/bp.com&#8221; img_width=&#8221;85%&#8221; img_height=&#8221;auto&#8221;][\/vc_carousel_son][vc_carousel_son image_id=&#8221;2447&#8243; contain_url=&#8221;https:\/\/bp.com&#8221; img_width=&#8221;85%&#8221; img_height=&#8221;auto&#8221;][\/vc_carousel_son][vc_carousel_son image_id=&#8221;2583&#8243; contain_url=&#8221;https:\/\/bp.com&#8221; img_width=&#8221;85%&#8221; img_height=&#8221;auto&#8221;][\/vc_carousel_son][vc_carousel_son image_id=&#8221;2584&#8243; contain_url=&#8221;https:\/\/bp.com&#8221; img_width=&#8221;85%&#8221; img_height=&#8221;auto&#8221;][\/vc_carousel_son][vc_carousel_son image_id=&#8221;2585&#8243; contain_url=&#8221;https:\/\/bp.com&#8221; img_width=&#8221;85%&#8221; img_height=&#8221;auto&#8221;][\/vc_carousel_son][vc_carousel_son image_id=&#8221;2587&#8243; contain_url=&#8221;https:\/\/bp.com&#8221; img_width=&#8221;85%&#8221; img_height=&#8221;auto&#8221;][\/vc_carousel_son][vc_carousel_son image_id=&#8221;2589&#8243; contain_url=&#8221;https:\/\/bp.com&#8221; img_width=&#8221;85%&#8221; img_height=&#8221;auto&#8221;][\/vc_carousel_son][vc_carousel_son image_id=&#8221;2591&#8243; contain_url=&#8221;https:\/\/bp.com&#8221; img_width=&#8221;85%&#8221; img_height=&#8221;auto&#8221;][\/vc_carousel_son][vc_carousel_son image_id=&#8221;2592&#8243; contain_url=&#8221;https:\/\/bp.com&#8221; img_width=&#8221;85%&#8221; img_height=&#8221;auto&#8221;][\/vc_carousel_son][vc_carousel_son image_id=&#8221;2593&#8243; contain_url=&#8221;https:\/\/bp.com&#8221; img_width=&#8221;85%&#8221; img_height=&#8221;auto&#8221;][\/vc_carousel_son][vc_carousel_son image_id=&#8221;2595&#8243; contain_url=&#8221;https:\/\/bp.com&#8221; img_width=&#8221;85%&#8221; img_height=&#8221;auto&#8221;][\/vc_carousel_son][vc_carousel_son image_id=&#8221;2596&#8243; contain_url=&#8221;https:\/\/bp.com&#8221; img_width=&#8221;85%&#8221; img_height=&#8221;auto&#8221;][\/vc_carousel_son][vc_carousel_son image_id=&#8221;2598&#8243; contain_url=&#8221;https:\/\/bp.com&#8221; img_width=&#8221;85%&#8221; img_height=&#8221;auto&#8221;][\/vc_carousel_son][vc_carousel_son image_id=&#8221;2599&#8243; contain_url=&#8221;https:\/\/bp.com&#8221; img_width=&#8221;85%&#8221; img_height=&#8221;auto&#8221;][\/vc_carousel_son][\/vc_carousel_father][\/vc_column][\/vc_row][\/vc_section]<\/p>\n<\/div>","protected":false},"excerpt":{"rendered":"<p>[vc_section full_width=&#8221;stretch_row&#8221; content_placement=&#8221;bottom&#8221; css=&#8221;.vc_custom_1574970584855{padding-top: 30px !important;padding-bottom: 0px !important;background-image: url(https:\/\/montipower.com\/wp-content\/uploads\/2019\/10\/Marine_Submarine_RGB_72dpi-1.jpg?id=3476) !important;background-position: center &#8230; <\/p>\n","protected":false},"author":3,"featured_media":8431,"parent":10361,"menu_order":0,"comment_status":"closed","ping_status":"closed","template":"","meta":{"_acf_changed":false,"footnotes":""},"acf":[],"_links":{"self":[{"href":"https:\/\/montipower-ontwikkel.com\/es\/wp-json\/wp\/v2\/pages\/10373"}],"collection":[{"href":"https:\/\/montipower-ontwikkel.com\/es\/wp-json\/wp\/v2\/pages"}],"about":[{"href":"https:\/\/montipower-ontwikkel.com\/es\/wp-json\/wp\/v2\/types\/page"}],"author":[{"embeddable":true,"href":"https:\/\/montipower-ontwikkel.com\/es\/wp-json\/wp\/v2\/users\/3"}],"replies":[{"embeddable":true,"href":"https:\/\/montipower-ontwikkel.com\/es\/wp-json\/wp\/v2\/comments?post=10373"}],"version-history":[{"count":6,"href":"https:\/\/montipower-ontwikkel.com\/es\/wp-json\/wp\/v2\/pages\/10373\/revisions"}],"predecessor-version":[{"id":11816,"href":"https:\/\/montipower-ontwikkel.com\/es\/wp-json\/wp\/v2\/pages\/10373\/revisions\/11816"}],"up":[{"embeddable":true,"href":"https:\/\/montipower-ontwikkel.com\/es\/wp-json\/wp\/v2\/pages\/10361"}],"wp:featuredmedia":[{"embeddable":true,"href":"https:\/\/montipower-ontwikkel.com\/es\/wp-json\/wp\/v2\/media\/8431"}],"wp:attachment":[{"href":"https:\/\/montipower-ontwikkel.com\/es\/wp-json\/wp\/v2\/media?parent=10373"}],"curies":[{"name":"wp","href":"https:\/\/api.w.org\/{rel}","templated":true}]}}