{"id":10370,"date":"2019-09-25T13:47:26","date_gmt":"2019-09-25T11:47:26","guid":{"rendered":"https:\/\/monti.la-compagnie.digital\/mercados\/automotive-solutions\/"},"modified":"2021-04-24T20:20:09","modified_gmt":"2021-04-24T18:20:09","slug":"movilidad","status":"publish","type":"page","link":"https:\/\/montipower-ontwikkel.com\/es\/mercados\/movilidad\/","title":{"rendered":"Movilidad"},"content":{"rendered":"<div class=\"wpb-content-wrapper\"><p>[vc_section full_width=&#8221;stretch_row&#8221; content_placement=&#8221;bottom&#8221; css=&#8221;.vc_custom_1574970616145{padding-top: 30px !important;padding-bottom: 0px !important;background-image: url(https:\/\/montipower.com\/wp-content\/uploads\/2019\/11\/MontiPower_Audi_RGB_WIDE_72dpi_1923x610px-1.jpg?id=3911) !important;background-position: center !important;background-repeat: no-repeat !important;background-size: cover !important;}&#8221; el_class=&#8221;topbig&#8221;][vc_row css=&#8221;.vc_custom_1569318223776{padding-right: 100px !important;padding-left: 100px !important;}&#8221;][vc_column width=&#8221;1\/2&#8243;][vc_column_text]<\/p>\n<h1 class=\"p1\">MOVILIDAD<br \/>\nSOLUCIONES<\/h1>\n<p>[\/vc_column_text][\/vc_column][vc_column width=&#8221;1\/2&#8243;][\/vc_column][\/vc_row][vc_row full_width=&#8221;stretch_row_content_no_spaces&#8221; content_placement=&#8221;bottom&#8221; css=&#8221;.vc_custom_1572537417433{padding-top: 0px !important;padding-bottom: 100px !important;background-position: 0 0 !important;background-repeat: no-repeat !important;}&#8221; el_class=&#8221;hometopfotorij&#8221;][vc_column][\/vc_column][\/vc_row][vc_row full_width=&#8221;stretch_row&#8221; css=&#8221;.vc_custom_1572537426158{background-color: #f1f1f1 !important;}&#8221;][vc_column][vc_column_text el_class=&#8221;montbreadcrumbs&#8221; css=&#8221;.vc_custom_1569318576735{padding-right: 100px !important;padding-left: 100px !important;}&#8221;]<nav aria-label=\"breadcrumbs\" class=\"rank-math-breadcrumb\"><p><span class=\"last\">Home<\/span><\/p><\/nav>[\/vc_column_text][\/vc_column][\/vc_row][\/vc_section][vc_section full_width=&#8221;stretch_row&#8221; el_class=&#8221;textcomp&#8221;][vc_row][vc_column][vc_column_text el_class=&#8221;intro&#8221;]<\/p>\n<h2 class=\"p1\">ELIMINACION, LIMPIEZA, PERFILAMIENTO<\/h2>\n<p>[\/vc_column_text][vc_column_text]<span style=\"font-weight: 400;\">Autos, trenes, aviones, tranv\u00edas, tractores o remolques. MontiPower<sup>\u00ae<\/sup> tiene una amplia l\u00ednea de m\u00e1quinas neum\u00e1ticas, el\u00e9ctricas e inal\u00e1mbricas que proporcionan alternativas rentables para preparar las superficies para la adhesi\u00f3n, la protecci\u00f3n y el acabado en el taller, la planta o el exterior. Nuestras soluciones directas a metal reducen costos de mano de obra, mejoran la seguridad, aumentan la producci\u00f3n y tienen un impacto positivo en sus resultados. Somos proveedores de la industria automotriz desde 1987 y conocemos la importancia de la velocidad y el rendimiento. Nuestras soluciones de preparaci\u00f3n de superficie son adaptables a cualquier forma y ofrecen beneficios como ahorro en log\u00edstica, mejor rendimiento del adhesivo y menos reparaciones del mismo, repintado o retrabajos.<\/span>[\/vc_column_text][vc_column_text]<\/p>\n<h3 class=\"p1\">DESCARGAS<\/h3>\n<p><a href=\"https:\/\/montipower.com\/wp-content\/uploads\/2019\/11\/MON191006-Brochure_mobility_210x297mm_GERMANY_Mail.pdf\" target=\"_blank\" rel=\"noopener noreferrer\">Cat\u00e1logo de soluciones para movilidad<\/a><\/p>\n<p><a href=\"https:\/\/montipower.com\/wp-content\/uploads\/2019\/11\/MON191006-Brochure_mobility_210x297mm_GERMANY_Mail.pdf\" target=\"_blank\" rel=\"noopener noreferrer\">Cintos para movilidades<\/a><\/p>\n<p><a href=\"https:\/\/montipower.com\/wp-content\/uploads\/2019\/11\/MON191106-MBX_Mobility_Leaflet_210x297mm_DEF.pdf\" target=\"_blank\" rel=\"noopener noreferrer\">Cat\u00e1logo de cintos<\/a>[\/vc_column_text][\/vc_column][\/vc_row][\/vc_section][vc_row][vc_column][vc_single_image image=&#8221;4391&#8243; img_size=&#8221;1024&#215;800&#8243; alignment=&#8221;center&#8221;][\/vc_column][\/vc_row][vc_row css=&#8221;.vc_custom_1572537522230{padding-right: 50px !important;padding-left: 50px !important;}&#8221; el_class=&#8221;solutionscomp&#8221;][vc_column][vc_column_text]<\/p>\n<h2 class=\"p1\" style=\"text-align: center;\">DESCUBRA NUESTROS PRODUCTOS<\/h2>\n<p>[\/vc_column_text][vc_row_inner][vc_column_inner width=&#8221;1\/2&#8243;][vc_btn title=&#8221;Vinyl Zapper<sup>\u00ae<\/sup>&#8221; style=&#8221;classic&#8221; shape=&#8221;square&#8221; size=&#8221;lg&#8221; align=&#8221;center&#8221; button_block=&#8221;true&#8221; link=&#8221;url:https%3A%2F%2Fmontipower.com%2Fes%2Fproductos%2Fmaquinas%2Fvinyl-zapper-electric%2F|title:Vinyl%20Zapper%3Csup%3E%C2%AE%3C%2Fsup%3E&#8221; el_class=&#8221;solutions-button&#8221;][\/vc_column_inner][\/vc_row_inner][vc_row_inner][vc_column_inner width=&#8221;1\/2&#8243;][vc_btn title=&#8221;MBX<sup>\u00ae<\/sup>&#8221; style=&#8221;classic&#8221; shape=&#8221;square&#8221; size=&#8221;lg&#8221; align=&#8221;center&#8221; button_block=&#8221;true&#8221; link=&#8221;url:https%3A%2F%2Fmontipower.com%2Fes%2Fproductos%2Fherramientas-electricas%2Fmbx-electric%2F|title:MBX%3Csup%3E%C2%AE%3C%2Fsup%3E&#8221; el_class=&#8221;solutions-button&#8221;][\/vc_column_inner][vc_column_inner width=&#8221;1\/2&#8243;][vc_btn title=&#8221;Bristle Blaster<sup>\u00ae<\/sup>&#8221; style=&#8221;classic&#8221; shape=&#8221;square&#8221; size=&#8221;lg&#8221; align=&#8221;center&#8221; button_block=&#8221;true&#8221; link=&#8221;url:https%3A%2F%2Fmontipower.com%2Fes%2Fproductos%2Fherramientas-electricas%2Fbristle-blaster-pneumatic%2F|title:Bristle%20Blaster%3Csup%3E%C2%AE%3C%2Fsup%3E&#8221; el_class=&#8221;solutions-button&#8221;][\/vc_column_inner][\/vc_row_inner][\/vc_column][\/vc_row][vc_row][vc_column][vc_single_image image=&#8221;4389&#8243; img_size=&#8221;1024&#215;800&#8243; alignment=&#8221;center&#8221;][\/vc_column][\/vc_row]<\/p>\n<\/div>","protected":false},"excerpt":{"rendered":"<p>[vc_section full_width=&#8221;stretch_row&#8221; content_placement=&#8221;bottom&#8221; css=&#8221;.vc_custom_1574970616145{padding-top: 30px !important;padding-bottom: 0px !important;background-image: url(https:\/\/montipower.com\/wp-content\/uploads\/2019\/11\/MontiPower_Audi_RGB_WIDE_72dpi_1923x610px-1.jpg?id=3911) !important;background-position: center &#8230; <\/p>\n","protected":false},"author":3,"featured_media":8725,"parent":10361,"menu_order":0,"comment_status":"closed","ping_status":"closed","template":"","meta":{"_acf_changed":false,"footnotes":""},"acf":[],"_links":{"self":[{"href":"https:\/\/montipower-ontwikkel.com\/es\/wp-json\/wp\/v2\/pages\/10370"}],"collection":[{"href":"https:\/\/montipower-ontwikkel.com\/es\/wp-json\/wp\/v2\/pages"}],"about":[{"href":"https:\/\/montipower-ontwikkel.com\/es\/wp-json\/wp\/v2\/types\/page"}],"author":[{"embeddable":true,"href":"https:\/\/montipower-ontwikkel.com\/es\/wp-json\/wp\/v2\/users\/3"}],"replies":[{"embeddable":true,"href":"https:\/\/montipower-ontwikkel.com\/es\/wp-json\/wp\/v2\/comments?post=10370"}],"version-history":[{"count":5,"href":"https:\/\/montipower-ontwikkel.com\/es\/wp-json\/wp\/v2\/pages\/10370\/revisions"}],"predecessor-version":[{"id":10371,"href":"https:\/\/montipower-ontwikkel.com\/es\/wp-json\/wp\/v2\/pages\/10370\/revisions\/10371"}],"up":[{"embeddable":true,"href":"https:\/\/montipower-ontwikkel.com\/es\/wp-json\/wp\/v2\/pages\/10361"}],"wp:featuredmedia":[{"embeddable":true,"href":"https:\/\/montipower-ontwikkel.com\/es\/wp-json\/wp\/v2\/media\/8725"}],"wp:attachment":[{"href":"https:\/\/montipower-ontwikkel.com\/es\/wp-json\/wp\/v2\/media?parent=10370"}],"curies":[{"name":"wp","href":"https:\/\/api.w.org\/{rel}","templated":true}]}}