{"id":10367,"date":"2019-08-06T16:04:49","date_gmt":"2019-08-06T14:04:49","guid":{"rendered":"https:\/\/monti.la-compagnie.digital\/mercados\/offshore-onshore-oil-gas\/"},"modified":"2021-04-24T20:20:09","modified_gmt":"2021-04-24T18:20:09","slug":"industrial","status":"publish","type":"page","link":"https:\/\/montipower-ontwikkel.com\/es\/mercados\/industrial\/","title":{"rendered":"Industria"},"content":{"rendered":"<div class=\"wpb-content-wrapper\"><p>[vc_section full_width=&#8221;stretch_row&#8221; content_placement=&#8221;bottom&#8221; css=&#8221;.vc_custom_1590582725387{padding-top: 30px !important;padding-bottom: 0px !important;background-image: url(https:\/\/montipower.com\/wp-content\/uploads\/2019\/11\/shutterstock_627530729_1923x610pc.jpg?id=4036) !important;background-position: center !important;background-repeat: no-repeat !important;background-size: cover !important;}&#8221; el_class=&#8221;topbig&#8221;][vc_row css=&#8221;.vc_custom_1569318223776{padding-right: 100px !important;padding-left: 100px !important;}&#8221;][vc_column width=&#8221;1\/2&#8243;][vc_column_text]<\/p>\n<h1 class=\"p1\"><span style=\"font-weight: 400;\">Industria<\/span><\/h1>\n<p>[\/vc_column_text][\/vc_column][vc_column width=&#8221;1\/2&#8243;][\/vc_column][\/vc_row][vc_row full_width=&#8221;stretch_row_content_no_spaces&#8221; content_placement=&#8221;bottom&#8221; css=&#8221;.vc_custom_1572536775993{padding-top: 0px !important;padding-bottom: 100px !important;background-position: 0 0 !important;background-repeat: no-repeat !important;}&#8221; el_class=&#8221;hometopfotorij&#8221;][vc_column][\/vc_column][\/vc_row][vc_row full_width=&#8221;stretch_row&#8221; css=&#8221;.vc_custom_1572536783441{background-color: #f1f1f1 !important;}&#8221;][vc_column][vc_column_text el_class=&#8221;montbreadcrumbs&#8221; css=&#8221;.vc_custom_1569318576735{padding-right: 100px !important;padding-left: 100px !important;}&#8221;]<nav aria-label=\"breadcrumbs\" class=\"rank-math-breadcrumb\"><p><span class=\"last\">Home<\/span><\/p><\/nav>[\/vc_column_text][\/vc_column][\/vc_row][\/vc_section][vc_section full_width=&#8221;stretch_row&#8221; el_class=&#8221;textcomp&#8221;][vc_row][vc_column][vc_column_text]<\/p>\n<h2 class=\"p1\">BLASTING CERTIFICADO POR ATEX<\/h2>\n<p>[\/vc_column_text][vc_column_text]<span style=\"font-weight: 400;\">La preparaci\u00f3n de superficie en acero para la aplicaci\u00f3n de recubrimientos protectores en bienes para la industria petrolera y de gas (upstream, midstream, downstream), miner\u00eda, qu\u00edmica, construcci\u00f3n comercial, pulpa y papel es parte de lo que somos.<\/span><\/p>\n<p><span style=\"font-weight: 400;\">Para las plantas en funcionamiento, ofrecemos soluciones de Bristle Blaster<sup>\u00ae<\/sup> neum\u00e1ticas certificadas por Atex. Para nuevas construcciones y\/o mantenimiento ofrecemos soluciones de preparaci\u00f3n de superficies altamente eficaces para eliminar la cascarilla de laminaci\u00f3n, la oxidaci\u00f3n r\u00e1pida, los revestimientos antiguos y el \u00f3xido m\u00e1s pesado para el recubrimiento o revestimiento. Tenemos la m\u00e1s amplia gama de soluciones de cerdas giratorias para preparar sus estructuras de acero para el recubrimiento, el suelo y la protecci\u00f3n contra el fuego. Nuestras soluciones cumplen con los requisitos de limpieza y rugosidad para diferentes tipos de revestimientos.<\/span>[\/vc_column_text][vc_btn title=&#8221;Declaration of conformity ATEX&#8221; style=&#8221;classic&#8221; shape=&#8221;square&#8221; align=&#8221;left&#8221; link=&#8221;url:https%3A%2F%2Fmontipower.com%2Fwp-content%2Fuploads%2F2020%2F07%2FDECLARATION-OF-CONFORMITY-Gexcon.pdf|title:decleration%20of%20conformity|target:%20_blank|&#8221; el_class=&#8221;hometopfotobutton&#8221;][\/vc_column][\/vc_row][\/vc_section][vc_section full_width=&#8221;stretch_row&#8221; el_class=&#8221;solutionscomp&#8221;][vc_row css=&#8221;.vc_custom_1569314205235{padding-right: 50px !important;padding-left: 50px !important;}&#8221;][vc_column][vc_single_image image=&#8221;846&#8243; img_size=&#8221;1024&#215;800&#8243; alignment=&#8221;center&#8221; css=&#8221;.vc_custom_1590582472554{padding-bottom: 50px !important;}&#8221;][vc_column_text]<\/p>\n<h2 style=\"text-align: center;\"><span style=\"font-weight: 400;\">\u00a1DESCUBRA NUESTROS PRODUCTOS!<\/span><\/h2>\n<p>[\/vc_column_text][vc_row_inner][vc_column_inner width=&#8221;1\/3&#8243;][vc_btn title=&#8221;Bristle Blaster<sup>\u00ae<\/sup>&#8221; style=&#8221;classic&#8221; shape=&#8221;square&#8221; size=&#8221;lg&#8221; align=&#8221;center&#8221; button_block=&#8221;true&#8221; link=&#8221;url:https%3A%2F%2Fmontipower.com%2Fes%2Fproductos%2Fherramientas-electricas%2Fbristle-blaster-electric%2F|title:Bristle%20Blaster&#8221; el_class=&#8221;solutions-button&#8221;][\/vc_column_inner][vc_column_inner width=&#8221;1\/3&#8243;][vc_btn title=&#8221;Bristle Blaster<sup>\u00ae<\/sup> Cordless&#8221; style=&#8221;classic&#8221; shape=&#8221;square&#8221; size=&#8221;lg&#8221; align=&#8221;center&#8221; button_block=&#8221;true&#8221; link=&#8221;url:https%3A%2F%2Fmontipower.com%2Fes%2Fproductos%2Fherramientas-electricas%2Fbristle-blaster-cordless%2F|title:Cordless&#8221; el_class=&#8221;solutions-button&#8221;][\/vc_column_inner][vc_column_inner width=&#8221;1\/3&#8243;][vc_btn title=&#8221;Cleantech prepper<sup>\u00ae<\/sup>&#8221; style=&#8221;classic&#8221; shape=&#8221;square&#8221; size=&#8221;lg&#8221; align=&#8221;center&#8221; button_block=&#8221;true&#8221; link=&#8221;url:https%3A%2F%2Fmontipower.com%2Fes%2Fproductos%2Fmaquinas%2Fquattro-4%2F|title:Prepper&#8221; el_class=&#8221;solutions-button&#8221;][\/vc_column_inner][\/vc_row_inner][\/vc_column][\/vc_row][\/vc_section][vc_row][vc_column][vc_single_image image=&#8221;4366&#8243; img_size=&#8221;full&#8221; alignment=&#8221;center&#8221;][\/vc_column][\/vc_row][vc_row][vc_column]<div class=\"templatera_shortcode\"><style type=\"text\/css\" data-type=\"vc_shortcodes-custom-css\">.vc_custom_1570726086126{margin-bottom: 10px !important;margin-left: 30px !important;}<\/style><section class=\"vc_section clientslide\"><div class=\"vc_row wpb_row vc_row-fluid\"><div class=\"wpb_column vc_column_container vc_col-sm-12\"><div class=\"vc_column-inner\"><div class=\"wpb_wrapper\">\n\t<div class=\"wpb_text_column wpb_content_element  vc_custom_1570726086126\" >\n\t\t<div class=\"wpb_wrapper\">\n\t\t\t\n\t\t<\/div>\n\t<\/div>\n\t\t<section class=\"tdt-slider slider  content-over-slider\" id=\"tdt-slider-242\" data-mobiles=\"1\" data-tabs=\"3\" data-scrolltab=\"1\" data-scrollmbl=\"1\" data-slick='{\"arrows\": true, \"autoplaySpeed\": 2500, \"speed\": 500, \"dots\": false, \"autoplay\": true, \"infinite\": true, \"adaptiveHeight\": true, \"pauseOnHover\": true, \"slidesToShow\": 4, \"slidesToScroll\": 1, \"fade\": false}'>\n\t\t    <div class=\"carousel-caption\" style=\"background: none;\">\n\t\t  <div>\n\t\t  \t\t\t\t\t\t\t  \t<img decoding=\"async\" src=\"https:\/\/montipower-ontwikkel.com\/wp-content\/uploads\/2019\/09\/Partnerlogo_ExxonMobil.png\" alt=\"\" class=\"ultimate-slide-img\" style=\"max-width: 100%; width: 85%; height: auto; border-radius: 0; margin-bottom: 15px;\">\n\t\t\t\t\t\t\t\t  \t<span class=\"content-section\" style=\"text-align: center; display: block;\">\n\t\t  \t\t\t\t\t  \t\t\t\t  \t\n\t\t\t  \t<br>\n\n\t\t\t  \t\t\t  \t<\/span>\n\t\t  <\/div>\n\t\t<\/div>\n\t\t\t\t<div class=\"carousel-caption\" style=\"background: none;\">\n\t\t  <div>\n\t\t  \t\t\t\t\t\t\t  \t<img decoding=\"async\" src=\"https:\/\/montipower-ontwikkel.com\/wp-content\/uploads\/2019\/09\/Partnerlogo_Shell.png\" alt=\"\" class=\"ultimate-slide-img\" style=\"max-width: 100%; width: 85%; height: auto; border-radius: 0; margin-bottom: 15px;\">\n\t\t\t\t\t\t\t\t  \t<span class=\"content-section\" style=\"text-align: center; display: block;\">\n\t\t  \t\t\t\t\t  \t\t\t\t  \t\n\t\t\t  \t<br>\n\n\t\t\t  \t\t\t  \t<\/span>\n\t\t  <\/div>\n\t\t<\/div>\n\t\t\t\t<div class=\"carousel-caption\" style=\"background: none;\">\n\t\t  <div>\n\t\t  \t\t\t\t\t\t\t  \t<img decoding=\"async\" src=\"https:\/\/montipower-ontwikkel.com\/wp-content\/uploads\/2019\/09\/Partnerlogo_BP.png\" alt=\"\" class=\"ultimate-slide-img\" style=\"max-width: 100%; width: 85%; height: auto; border-radius: 0; margin-bottom: 15px;\">\n\t\t\t\t\t\t\t\t  \t<span class=\"content-section\" style=\"text-align: center; display: block;\">\n\t\t  \t\t\t\t\t  \t\t\t\t  \t\n\t\t\t  \t<br>\n\n\t\t\t  \t\t\t  \t<\/span>\n\t\t  <\/div>\n\t\t<\/div>\n\t\t\t\t<div class=\"carousel-caption\" style=\"background: none;\">\n\t\t  <div>\n\t\t  \t\t\t\t\t\t\t  \t<img decoding=\"async\" src=\"https:\/\/montipower-ontwikkel.com\/wp-content\/uploads\/2019\/09\/Partnerlogo__Alstom.png\" alt=\"\" class=\"ultimate-slide-img\" style=\"max-width: 100%; width: 85%; height: auto; border-radius: 0; margin-bottom: 15px;\">\n\t\t\t\t\t\t\t\t  \t<span class=\"content-section\" style=\"text-align: center; display: block;\">\n\t\t  \t\t\t\t\t  \t\t\t\t  \t\n\t\t\t  \t<br>\n\n\t\t\t  \t\t\t  \t<\/span>\n\t\t  <\/div>\n\t\t<\/div>\n\t\t\t\t<div class=\"carousel-caption\" style=\"background: none;\">\n\t\t  <div>\n\t\t  \t\t\t\t\t\t\t  \t<img decoding=\"async\" src=\"https:\/\/montipower-ontwikkel.com\/wp-content\/uploads\/2019\/09\/Partnerlogo_Basf.png\" alt=\"\" class=\"ultimate-slide-img\" style=\"max-width: 100%; width: 85%; height: auto; border-radius: 0; margin-bottom: 15px;\">\n\t\t\t\t\t\t\t\t  \t<span class=\"content-section\" style=\"text-align: center; display: block;\">\n\t\t  \t\t\t\t\t  \t\t\t\t  \t\n\t\t\t  \t<br>\n\n\t\t\t  \t\t\t  \t<\/span>\n\t\t  <\/div>\n\t\t<\/div>\n\t\t\t\t<div class=\"carousel-caption\" style=\"background: none;\">\n\t\t  <div>\n\t\t  \t\t\t\t\t\t\t  \t<img decoding=\"async\" src=\"https:\/\/montipower-ontwikkel.com\/wp-content\/uploads\/2019\/09\/PARTNERLOGO-Bayer.png\" alt=\"\" class=\"ultimate-slide-img\" style=\"max-width: 100%; width: 85%; height: auto; border-radius: 0; margin-bottom: 15px;\">\n\t\t\t\t\t\t\t\t  \t<span class=\"content-section\" style=\"text-align: center; display: block;\">\n\t\t  \t\t\t\t\t  \t\t\t\t  \t\n\t\t\t  \t<br>\n\n\t\t\t  \t\t\t  \t<\/span>\n\t\t  <\/div>\n\t\t<\/div>\n\t\t\t\t<div class=\"carousel-caption\" style=\"background: none;\">\n\t\t  <div>\n\t\t  \t\t\t\t\t\t\t  \t<img decoding=\"async\" src=\"https:\/\/montipower-ontwikkel.com\/wp-content\/uploads\/2019\/09\/Partnerlogo_ConocoPhillips.png\" alt=\"\" class=\"ultimate-slide-img\" style=\"max-width: 100%; width: 85%; height: auto; border-radius: 0; margin-bottom: 15px;\">\n\t\t\t\t\t\t\t\t  \t<span class=\"content-section\" style=\"text-align: center; display: block;\">\n\t\t  \t\t\t\t\t  \t\t\t\t  \t\n\t\t\t  \t<br>\n\n\t\t\t  \t\t\t  \t<\/span>\n\t\t  <\/div>\n\t\t<\/div>\n\t\t\t\t<div class=\"carousel-caption\" style=\"background: none;\">\n\t\t  <div>\n\t\t  \t\t\t\t\t\t\t  \t<img decoding=\"async\" src=\"https:\/\/montipower-ontwikkel.com\/wp-content\/uploads\/2019\/09\/Partnerlogo_DOW.png\" alt=\"\" class=\"ultimate-slide-img\" style=\"max-width: 100%; width: 85%; height: auto; border-radius: 0; margin-bottom: 15px;\">\n\t\t\t\t\t\t\t\t  \t<span class=\"content-section\" style=\"text-align: center; display: block;\">\n\t\t  \t\t\t\t\t  \t\t\t\t  \t\n\t\t\t  \t<br>\n\n\t\t\t  \t\t\t  \t<\/span>\n\t\t  <\/div>\n\t\t<\/div>\n\t\t\t\t<div class=\"carousel-caption\" style=\"background: none;\">\n\t\t  <div>\n\t\t  \t\t\t\t\t\t\t  \t<img decoding=\"async\" src=\"https:\/\/montipower-ontwikkel.com\/wp-content\/uploads\/2019\/09\/Partnerlogo_E.on_.png\" alt=\"\" class=\"ultimate-slide-img\" style=\"max-width: 100%; width: 85%; height: auto; border-radius: 0; margin-bottom: 15px;\">\n\t\t\t\t\t\t\t\t  \t<span class=\"content-section\" style=\"text-align: center; display: block;\">\n\t\t  \t\t\t\t\t  \t\t\t\t  \t\n\t\t\t  \t<br>\n\n\t\t\t  \t\t\t  \t<\/span>\n\t\t  <\/div>\n\t\t<\/div>\n\t\t\t\t<div class=\"carousel-caption\" style=\"background: none;\">\n\t\t  <div>\n\t\t  \t\t\t\t\t\t\t  \t<img decoding=\"async\" src=\"https:\/\/montipower-ontwikkel.com\/wp-content\/uploads\/2019\/09\/Partnerlogo_Enbridge.png\" alt=\"\" class=\"ultimate-slide-img\" style=\"max-width: 100%; width: 85%; height: auto; border-radius: 0; margin-bottom: 15px;\">\n\t\t\t\t\t\t\t\t  \t<span class=\"content-section\" style=\"text-align: center; display: block;\">\n\t\t  \t\t\t\t\t  \t\t\t\t  \t\n\t\t\t  \t<br>\n\n\t\t\t  \t\t\t  \t<\/span>\n\t\t  <\/div>\n\t\t<\/div>\n\t\t\t\t<div class=\"carousel-caption\" style=\"background: none;\">\n\t\t  <div>\n\t\t  \t\t\t\t\t\t\t  \t<img decoding=\"async\" src=\"https:\/\/montipower-ontwikkel.com\/wp-content\/uploads\/2019\/09\/Partnerlogo_EnBW.png\" alt=\"\" class=\"ultimate-slide-img\" style=\"max-width: 100%; width: 85%; height: auto; border-radius: 0; margin-bottom: 15px;\">\n\t\t\t\t\t\t\t\t  \t<span class=\"content-section\" style=\"text-align: center; display: block;\">\n\t\t  \t\t\t\t\t  \t\t\t\t  \t\n\t\t\t  \t<br>\n\n\t\t\t  \t\t\t  \t<\/span>\n\t\t  <\/div>\n\t\t<\/div>\n\t\t\t\t<div class=\"carousel-caption\" style=\"background: none;\">\n\t\t  <div>\n\t\t  \t\t\t\t\t\t\t  \t<img decoding=\"async\" src=\"https:\/\/montipower-ontwikkel.com\/wp-content\/uploads\/2019\/09\/Partnerlogo_Gazprom.png\" alt=\"\" class=\"ultimate-slide-img\" style=\"max-width: 100%; width: 85%; height: auto; border-radius: 0; margin-bottom: 15px;\">\n\t\t\t\t\t\t\t\t  \t<span class=\"content-section\" style=\"text-align: center; display: block;\">\n\t\t  \t\t\t\t\t  \t\t\t\t  \t\n\t\t\t  \t<br>\n\n\t\t\t  \t\t\t  \t<\/span>\n\t\t  <\/div>\n\t\t<\/div>\n\t\t\t\t<div class=\"carousel-caption\" style=\"background: none;\">\n\t\t  <div>\n\t\t  \t\t\t\t\t\t\t  \t<img decoding=\"async\" src=\"https:\/\/montipower-ontwikkel.com\/wp-content\/uploads\/2019\/09\/Partnerlogo_Liebherr.png\" alt=\"\" class=\"ultimate-slide-img\" style=\"max-width: 100%; width: 85%; height: auto; border-radius: 0; margin-bottom: 15px;\">\n\t\t\t\t\t\t\t\t  \t<span class=\"content-section\" style=\"text-align: center; display: block;\">\n\t\t  \t\t\t\t\t  \t\t\t\t  \t\n\t\t\t  \t<br>\n\n\t\t\t  \t\t\t  \t<\/span>\n\t\t  <\/div>\n\t\t<\/div>\n\t\t\t\t<div class=\"carousel-caption\" style=\"background: none;\">\n\t\t  <div>\n\t\t  \t\t\t\t\t\t\t  \t<img decoding=\"async\" src=\"https:\/\/montipower-ontwikkel.com\/wp-content\/uploads\/2019\/09\/Partnerlogo_MAN.png\" alt=\"\" class=\"ultimate-slide-img\" style=\"max-width: 100%; width: 85%; height: auto; border-radius: 0; margin-bottom: 15px;\">\n\t\t\t\t\t\t\t\t  \t<span class=\"content-section\" style=\"text-align: center; display: block;\">\n\t\t  \t\t\t\t\t  \t\t\t\t  \t\n\t\t\t  \t<br>\n\n\t\t\t  \t\t\t  \t<\/span>\n\t\t  <\/div>\n\t\t<\/div>\n\t\t\t\t<div class=\"carousel-caption\" style=\"background: none;\">\n\t\t  <div>\n\t\t  \t\t\t\t\t\t\t  \t<img decoding=\"async\" src=\"https:\/\/montipower-ontwikkel.com\/wp-content\/uploads\/2019\/09\/Partnerlogo_PEMEX.png\" alt=\"\" class=\"ultimate-slide-img\" style=\"max-width: 100%; width: 85%; height: auto; border-radius: 0; margin-bottom: 15px;\">\n\t\t\t\t\t\t\t\t  \t<span class=\"content-section\" style=\"text-align: center; display: block;\">\n\t\t  \t\t\t\t\t  \t\t\t\t  \t\n\t\t\t  \t<br>\n\n\t\t\t  \t\t\t  \t<\/span>\n\t\t  <\/div>\n\t\t<\/div>\n\t\t\t\t<div class=\"carousel-caption\" style=\"background: none;\">\n\t\t  <div>\n\t\t  \t\t\t\t\t\t\t  \t<img decoding=\"async\" src=\"https:\/\/montipower-ontwikkel.com\/wp-content\/uploads\/2019\/09\/Partnerlogo_PetroChina.png\" alt=\"\" class=\"ultimate-slide-img\" style=\"max-width: 100%; width: 85%; height: auto; border-radius: 0; margin-bottom: 15px;\">\n\t\t\t\t\t\t\t\t  \t<span class=\"content-section\" style=\"text-align: center; display: block;\">\n\t\t  \t\t\t\t\t  \t\t\t\t  \t\n\t\t\t  \t<br>\n\n\t\t\t  \t\t\t  \t<\/span>\n\t\t  <\/div>\n\t\t<\/div>\n\t\t\t\t<div class=\"carousel-caption\" style=\"background: none;\">\n\t\t  <div>\n\t\t  \t\t\t\t\t\t\t  \t<img decoding=\"async\" src=\"https:\/\/montipower-ontwikkel.com\/wp-content\/uploads\/2019\/09\/Partnerlogo_Qatargas.png\" alt=\"\" class=\"ultimate-slide-img\" style=\"max-width: 100%; width: 85%; height: auto; border-radius: 0; margin-bottom: 15px;\">\n\t\t\t\t\t\t\t\t  \t<span class=\"content-section\" style=\"text-align: center; display: block;\">\n\t\t  \t\t\t\t\t  \t\t\t\t  \t\n\t\t\t  \t<br>\n\n\t\t\t  \t\t\t  \t<\/span>\n\t\t  <\/div>\n\t\t<\/div>\n\t\t\t\t<div class=\"carousel-caption\" style=\"background: none;\">\n\t\t  <div>\n\t\t  \t\t\t\t\t\t\t  \t<img decoding=\"async\" src=\"https:\/\/montipower-ontwikkel.com\/wp-content\/uploads\/2019\/09\/Partnerlogo_Rijkswaterstaat_oost-nederland.png\" alt=\"\" class=\"ultimate-slide-img\" style=\"max-width: 100%; width: 85%; height: auto; border-radius: 0; margin-bottom: 15px;\">\n\t\t\t\t\t\t\t\t  \t<span class=\"content-section\" style=\"text-align: center; display: block;\">\n\t\t  \t\t\t\t\t  \t\t\t\t  \t\n\t\t\t  \t<br>\n\n\t\t\t  \t\t\t  \t<\/span>\n\t\t  <\/div>\n\t\t<\/div>\n\t\t\t\t<div class=\"carousel-caption\" style=\"background: none;\">\n\t\t  <div>\n\t\t  \t\t\t\t\t\t\t  \t<img decoding=\"async\" src=\"https:\/\/montipower-ontwikkel.com\/wp-content\/uploads\/2019\/09\/Akzonobel_300x200px_Grey_72dpi.png\" alt=\"\" class=\"ultimate-slide-img\" style=\"max-width: 100%; width: 85%; height: auto; border-radius: 0; margin-bottom: 15px;\">\n\t\t\t\t\t\t\t\t  \t<span class=\"content-section\" style=\"text-align: center; display: block;\">\n\t\t  \t\t\t\t\t  \t\t\t\t  \t\n\t\t\t  \t<br>\n\n\t\t\t  \t\t\t  \t<\/span>\n\t\t  <\/div>\n\t\t<\/div>\n\t\t\t\t<div class=\"carousel-caption\" style=\"background: none;\">\n\t\t  <div>\n\t\t  \t\t\t\t\t\t\t  \t<img decoding=\"async\" src=\"https:\/\/montipower-ontwikkel.com\/wp-content\/uploads\/2019\/09\/Belzona_300x200px_Grey-06_72dpi.png\" alt=\"\" class=\"ultimate-slide-img\" style=\"max-width: 100%; width: 85%; height: auto; border-radius: 0; margin-bottom: 15px;\">\n\t\t\t\t\t\t\t\t  \t<span class=\"content-section\" style=\"text-align: center; display: block;\">\n\t\t  \t\t\t\t\t  \t\t\t\t  \t\n\t\t\t  \t<br>\n\n\t\t\t  \t\t\t  \t<\/span>\n\t\t  <\/div>\n\t\t<\/div>\n\t\t\t\t<div class=\"carousel-caption\" style=\"background: none;\">\n\t\t  <div>\n\t\t  \t\t\t\t\t\t\t  \t<img decoding=\"async\" src=\"https:\/\/montipower-ontwikkel.com\/wp-content\/uploads\/2019\/09\/Carboline_300x200px_Grey-07_72dpi.png\" alt=\"\" class=\"ultimate-slide-img\" style=\"max-width: 100%; width: 85%; height: auto; border-radius: 0; margin-bottom: 15px;\">\n\t\t\t\t\t\t\t\t  \t<span class=\"content-section\" style=\"text-align: center; display: block;\">\n\t\t  \t\t\t\t\t  \t\t\t\t  \t\n\t\t\t  \t<br>\n\n\t\t\t  \t\t\t  \t<\/span>\n\t\t  <\/div>\n\t\t<\/div>\n\t\t\t\t<div class=\"carousel-caption\" style=\"background: none;\">\n\t\t  <div>\n\t\t  \t\t\t\t\t\t\t  \t<img decoding=\"async\" src=\"https:\/\/montipower-ontwikkel.com\/wp-content\/uploads\/2019\/09\/Chesterton_300x200px_Grey-10_72dpi.png\" alt=\"\" class=\"ultimate-slide-img\" style=\"max-width: 100%; width: 85%; height: auto; border-radius: 0; margin-bottom: 15px;\">\n\t\t\t\t\t\t\t\t  \t<span class=\"content-section\" style=\"text-align: center; display: block;\">\n\t\t  \t\t\t\t\t  \t\t\t\t  \t\n\t\t\t  \t<br>\n\n\t\t\t  \t\t\t  \t<\/span>\n\t\t  <\/div>\n\t\t<\/div>\n\t\t\t\t<div class=\"carousel-caption\" style=\"background: none;\">\n\t\t  <div>\n\t\t  \t\t\t\t\t\t\t  \t<img decoding=\"async\" src=\"https:\/\/montipower-ontwikkel.com\/wp-content\/uploads\/2019\/09\/Covalence_300x200px_Grey-11_72dpi.png\" alt=\"\" class=\"ultimate-slide-img\" style=\"max-width: 100%; width: 85%; height: auto; border-radius: 0; margin-bottom: 15px;\">\n\t\t\t\t\t\t\t\t  \t<span class=\"content-section\" style=\"text-align: center; display: block;\">\n\t\t  \t\t\t\t\t  \t\t\t\t  \t\n\t\t\t  \t<br>\n\n\t\t\t  \t\t\t  \t<\/span>\n\t\t  <\/div>\n\t\t<\/div>\n\t\t\t\t<div class=\"carousel-caption\" style=\"background: none;\">\n\t\t  <div>\n\t\t  \t\t\t\t\t\t\t  \t<img decoding=\"async\" src=\"https:\/\/montipower-ontwikkel.com\/wp-content\/uploads\/2019\/09\/Denso_300x200px_Grey-16_72dpi.png\" alt=\"\" class=\"ultimate-slide-img\" style=\"max-width: 100%; width: 85%; height: auto; border-radius: 0; margin-bottom: 15px;\">\n\t\t\t\t\t\t\t\t  \t<span class=\"content-section\" style=\"text-align: center; display: block;\">\n\t\t  \t\t\t\t\t  \t\t\t\t  \t\n\t\t\t  \t<br>\n\n\t\t\t  \t\t\t  \t<\/span>\n\t\t  <\/div>\n\t\t<\/div>\n\t\t\t\t<div class=\"carousel-caption\" style=\"background: none;\">\n\t\t  <div>\n\t\t  \t\t\t\t\t\t\t  \t<img decoding=\"async\" src=\"https:\/\/montipower-ontwikkel.com\/wp-content\/uploads\/2019\/09\/Deutsche-bahn_300x200px_Grey-12_72dpi.png\" alt=\"\" class=\"ultimate-slide-img\" style=\"max-width: 100%; width: 85%; height: auto; border-radius: 0; margin-bottom: 15px;\">\n\t\t\t\t\t\t\t\t  \t<span class=\"content-section\" style=\"text-align: center; display: block;\">\n\t\t  \t\t\t\t\t  \t\t\t\t  \t\n\t\t\t  \t<br>\n\n\t\t\t  \t\t\t  \t<\/span>\n\t\t  <\/div>\n\t\t<\/div>\n\t\t\t\t<div class=\"carousel-caption\" style=\"background: none;\">\n\t\t  <div>\n\t\t  \t\t\t\t\t\t\t  \t<img decoding=\"async\" src=\"https:\/\/montipower-ontwikkel.com\/wp-content\/uploads\/2019\/09\/Equinor_300x200px_Grey-17_72dpi.png\" alt=\"\" class=\"ultimate-slide-img\" style=\"max-width: 100%; width: 85%; height: auto; border-radius: 0; margin-bottom: 15px;\">\n\t\t\t\t\t\t\t\t  \t<span class=\"content-section\" style=\"text-align: center; display: block;\">\n\t\t  \t\t\t\t\t  \t\t\t\t  \t\n\t\t\t  \t<br>\n\n\t\t\t  \t\t\t  \t<\/span>\n\t\t  <\/div>\n\t\t<\/div>\n\t\t\t\t<div class=\"carousel-caption\" style=\"background: none;\">\n\t\t  <div>\n\t\t  \t\t\t\t\t\t\t  \t<img decoding=\"async\" src=\"https:\/\/montipower-ontwikkel.com\/wp-content\/uploads\/2019\/09\/Ford_300x200px_Grey-01_72dpi.png\" alt=\"\" class=\"ultimate-slide-img\" style=\"max-width: 100%; width: 85%; height: auto; border-radius: 0; margin-bottom: 15px;\">\n\t\t\t\t\t\t\t\t  \t<span class=\"content-section\" style=\"text-align: center; display: block;\">\n\t\t  \t\t\t\t\t  \t\t\t\t  \t\n\t\t\t  \t<br>\n\n\t\t\t  \t\t\t  \t<\/span>\n\t\t  <\/div>\n\t\t<\/div>\n\t\t\t\t<div class=\"carousel-caption\" style=\"background: none;\">\n\t\t  <div>\n\t\t  \t\t\t\t\t\t\t  \t<img decoding=\"async\" src=\"https:\/\/montipower-ontwikkel.com\/wp-content\/uploads\/2019\/09\/Gasunie_300x200px_Grey-18_72dpi.png\" alt=\"\" class=\"ultimate-slide-img\" style=\"max-width: 100%; width: 85%; height: auto; border-radius: 0; margin-bottom: 15px;\">\n\t\t\t\t\t\t\t\t  \t<span class=\"content-section\" style=\"text-align: center; display: block;\">\n\t\t  \t\t\t\t\t  \t\t\t\t  \t\n\t\t\t  \t<br>\n\n\t\t\t  \t\t\t  \t<\/span>\n\t\t  <\/div>\n\t\t<\/div>\n\t\t<\/section>\n\n\t\t<style>\n\t\t\t\t\t\t\t\t\t\t#tdt-slider-242 .slick-next:before, #tdt-slider-242 .slick-prev:before {\n\t\t\t\t\tcolor: #000 !important;\n\t\t\t\t\tbackground:  !important;\n\t\t\t\t\tfont-size: 30px !important;\n\t\t\t\t}\n\t\t\t\t#tdt-slider-242 .slick-prev {\n\t\t\t\t\tleft: 40px !important;\n\t\t\t\t}\n\t\t\t\t#tdt-slider-242 .slick-next {\n\t\t\t\t\tright: 40px !important;\n\t\t\t\t}\n\t\t\t\t\t\t#tdt-slider-242 .slick-slide {\n\t\t\t\tpadding: 0 0px 15px 0px !important;\n\t\t\t}\n\t\t\t#tdt-slider-242 .content-section *{\n\t\t\t\t;\n\t\t\t}\n\t\t\t\t\t\t\t#tdt-slider-242.content-over-slider .slick-slide .content-section {\n\t\t\t\t\ttop: 15%;\n\t\t\t\t}\n\t\t\t\t@media only screen and (max-width: 480px) {\n\t\t\t\t\t#tdt-slider-242.content-over-slider .slick-slide .content-section {\n\t\t\t\t\t\ttop: 35px !important;\n\t\t\t\t\t}\n\t\t\t\t\t#tdt-slider-242.content-over-slider .ultimate-slide-img {\n\t\t\t\t\t\theight: 200px !important;\n\t\t\t\t\t}\n\t\t\t\t}\n\t\t\t\t\t<\/style>\n\t\t<\/div><\/div><\/div><\/div><\/section><\/div>[\/vc_column][\/vc_row][vc_section full_width=&#8221;stretch_row&#8221; content_placement=&#8221;top&#8221; el_class=&#8221;hometekstvlak&#8221; css=&#8221;.vc_custom_1569246298651{padding-bottom: 50px !important;background-color: #f4f4f4 !important;}&#8221;][\/vc_section]<\/p>\n<\/div>","protected":false},"excerpt":{"rendered":"Industria Home BLASTING CERTIFICADO POR ATEX La preparaci\u00f3n de superficie en acero para la aplicaci\u00f3n de recubrimientos protectores en bienes","protected":false},"author":2,"featured_media":0,"parent":10361,"menu_order":0,"comment_status":"closed","ping_status":"closed","template":"","meta":{"_acf_changed":false,"footnotes":""},"acf":[],"_links":{"self":[{"href":"https:\/\/montipower-ontwikkel.com\/es\/wp-json\/wp\/v2\/pages\/10367"}],"collection":[{"href":"https:\/\/montipower-ontwikkel.com\/es\/wp-json\/wp\/v2\/pages"}],"about":[{"href":"https:\/\/montipower-ontwikkel.com\/es\/wp-json\/wp\/v2\/types\/page"}],"author":[{"embeddable":true,"href":"https:\/\/montipower-ontwikkel.com\/es\/wp-json\/wp\/v2\/users\/2"}],"replies":[{"embeddable":true,"href":"https:\/\/montipower-ontwikkel.com\/es\/wp-json\/wp\/v2\/comments?post=10367"}],"version-history":[{"count":6,"href":"https:\/\/montipower-ontwikkel.com\/es\/wp-json\/wp\/v2\/pages\/10367\/revisions"}],"predecessor-version":[{"id":11815,"href":"https:\/\/montipower-ontwikkel.com\/es\/wp-json\/wp\/v2\/pages\/10367\/revisions\/11815"}],"up":[{"embeddable":true,"href":"https:\/\/montipower-ontwikkel.com\/es\/wp-json\/wp\/v2\/pages\/10361"}],"wp:attachment":[{"href":"https:\/\/montipower-ontwikkel.com\/es\/wp-json\/wp\/v2\/media?parent=10367"}],"curies":[{"name":"wp","href":"https:\/\/api.w.org\/{rel}","templated":true}]}}