{"id":10361,"date":"2019-08-02T16:16:00","date_gmt":"2019-08-02T14:16:00","guid":{"rendered":"https:\/\/monti.la-compagnie.digital\/markets\/"},"modified":"2021-11-16T16:50:19","modified_gmt":"2021-11-16T15:50:19","slug":"mercados","status":"publish","type":"page","link":"https:\/\/montipower-ontwikkel.com\/es\/mercados\/","title":{"rendered":"Mercados"},"content":{"rendered":"<div class=\"wpb-content-wrapper\"><p>[vc_section full_width=&#8221;stretch_row&#8221; content_placement=&#8221;bottom&#8221; css=&#8221;.vc_custom_1569320141112{padding-top: 30px !important;padding-bottom: 0px !important;background-color: #ff1212 !important;background-position: center !important;background-repeat: no-repeat !important;background-size: cover !important;}&#8221; el_class=&#8221;topbig&#8221;][vc_row css=&#8221;.vc_custom_1569318223776{padding-right: 100px !important;padding-left: 100px !important;}&#8221;][vc_column width=&#8221;1\/2&#8243;][vc_column_text]<\/p>\n<h1 class=\"p1\">MERCADOS<\/h1>\n<p>[\/vc_column_text][\/vc_column][vc_column width=&#8221;1\/2&#8243;][\/vc_column][\/vc_row][vc_row full_width=&#8221;stretch_row_content_no_spaces&#8221; content_placement=&#8221;bottom&#8221; css=&#8221;.vc_custom_1572526136907{padding-top: 0px !important;padding-bottom: 100px !important;background-position: 0 0 !important;background-repeat: no-repeat !important;}&#8221; el_class=&#8221;hometopfotorij&#8221;][vc_column][\/vc_column][\/vc_row][vc_row full_width=&#8221;stretch_row&#8221; css=&#8221;.vc_custom_1572525974229{background-color: #f1f1f1 !important;}&#8221;][vc_column][vc_column_text el_class=&#8221;montbreadcrumbs&#8221; css=&#8221;.vc_custom_1569318576735{padding-right: 100px !important;padding-left: 100px !important;}&#8221;]<nav aria-label=\"breadcrumbs\" class=\"rank-math-breadcrumb\"><p><span class=\"last\">Home<\/span><\/p><\/nav>[\/vc_column_text][\/vc_column][\/vc_row][\/vc_section][vc_section full_width=&#8221;stretch_row&#8221; el_class=&#8221;textcomp&#8221;][vc_row][vc_column][vc_column_text]<\/p>\n<div class=\"wpb_text_column wpb_content_element vc_custom_1575285945758\">\n<div class=\"wpb_wrapper\">\n<h2 class=\"p1\">MERCADOS, INDUSTRIAS Y SECTORES<\/h2>\n<\/div>\n<\/div>\n<div class=\"wpb_text_column wpb_content_element vc_custom_1589296556042\">\n<div class=\"wpb_wrapper\">\n<p><span style=\"font-weight: 400;\">Hemos demostrado nuestro gran valor en muchos sectores desde 1987.En industrias tales como la automotriz hasta la industria marina. El pre-tratamiento de superficie patentado tiene un efecto positivo probado en la protecci\u00f3n a largo plazo.\u00a0 Lea m\u00e1s sobre nuestros mercados.<\/span><\/p>\n<p><span style=\"font-weight: 400;\">En industrias mar\u00edtimas de movilidad a infraestructura, tenemos soluciones para todo tipo de sectores. Formar parte de MontiPower<sup>\u00ae<\/sup> le permite resolver retos complejos todos los d\u00edas. Explore nuestros productos para saber m\u00e1s.<\/span><\/p>\n<\/div>\n<\/div>\n<p>[\/vc_column_text][\/vc_column][\/vc_row][vc_row css=&#8221;.vc_custom_1572353854868{padding-right: 50px !important;padding-left: 50px !important;}&#8221;][vc_column][vc_row_inner][vc_column_inner width=&#8221;1\/3&#8243;][vc_btn title=&#8221;ENERG\u00cdA E\u00d3LICA\/ RENOVABLE&#8221; style=&#8221;classic&#8221; shape=&#8221;square&#8221; size=&#8221;lg&#8221; align=&#8221;center&#8221; button_block=&#8221;true&#8221; link=&#8221;url:https%3A%2F%2Fmontipower.com%2Fes%2Fmercados%2Fenergia-eolica-renovable%2F|title:Wind&#8221; el_class=&#8221;solutions-button&#8221;][\/vc_column_inner][vc_column_inner width=&#8221;1\/3&#8243;][vc_btn title=&#8221;INDUSTRIA&#8221; style=&#8221;classic&#8221; shape=&#8221;square&#8221; size=&#8221;lg&#8221; align=&#8221;center&#8221; button_block=&#8221;true&#8221; link=&#8221;url:https%3A%2F%2Fmontipower.com%2Fes%2Fmercados%2Findustrial%2F|title:offshore%20%26%20onshore&#8221; el_class=&#8221;solutions-button&#8221;][\/vc_column_inner][vc_column_inner width=&#8221;1\/3&#8243;][vc_btn title=&#8221;MOVILIDAD SOLUCIONES&#8221; style=&#8221;classic&#8221; shape=&#8221;square&#8221; size=&#8221;lg&#8221; align=&#8221;center&#8221; button_block=&#8221;true&#8221; link=&#8221;url:https%3A%2F%2Fmontipower.com%2Fes%2Fmercados%2Fmovilidad%2F|title:Automotive%20Solutions&#8221; el_class=&#8221;solutions-button&#8221;][\/vc_column_inner][\/vc_row_inner][vc_row_inner][vc_column_inner width=&#8221;1\/3&#8243;][vc_btn title=&#8221;MARINA&#8221; style=&#8221;classic&#8221; shape=&#8221;square&#8221; size=&#8221;lg&#8221; align=&#8221;center&#8221; button_block=&#8221;true&#8221; link=&#8221;url:https%3A%2F%2Fmontipower.com%2Fes%2Fmercados%2Fmarina%2F|title:Marine&#8221; el_class=&#8221;solutions-button&#8221;][\/vc_column_inner][vc_column_inner width=&#8221;1\/3&#8243;][vc_btn title=&#8221;PUENTES, FERROCARRILES, PUERTOS&#8221; style=&#8221;classic&#8221; shape=&#8221;square&#8221; size=&#8221;lg&#8221; align=&#8221;center&#8221; button_block=&#8221;true&#8221; link=&#8221;url:https%3A%2F%2Fmontipower.com%2Fes%2Fmercados%2Fpuentes-ferrocarriles-puertos-carreteras%2F|title:Infra&#8221; el_class=&#8221;solutions-button&#8221;][\/vc_column_inner][vc_column_inner width=&#8221;1\/3&#8243;][vc_btn title=&#8221;OEM&#8221; style=&#8221;classic&#8221; shape=&#8221;square&#8221; size=&#8221;lg&#8221; align=&#8221;center&#8221; button_block=&#8221;true&#8221; link=&#8221;url:https%3A%2F%2Fmontipower.com%2Fes%2Fmercados%2Foem%2F|title:OEM&#8221; el_class=&#8221;solutions-button&#8221;][\/vc_column_inner][\/vc_row_inner][vc_row_inner][vc_column_inner width=&#8221;1\/3&#8243;][vc_btn title=&#8221;CALCOMAN\u00cdAS&#8221; style=&#8221;classic&#8221; shape=&#8221;square&#8221; size=&#8221;lg&#8221; align=&#8221;center&#8221; button_block=&#8221;true&#8221; link=&#8221;url:https%3A%2F%2Fmontipower.com%2Fes%2Fmercados%2Fcalcomanias%2F|title:Signage&#8221; el_class=&#8221;solutions-button&#8221;][\/vc_column_inner][vc_column_inner width=&#8221;1\/3&#8243;][vc_btn title=&#8221;ACERO INOXIDABLE&#8221; style=&#8221;classic&#8221; shape=&#8221;square&#8221; size=&#8221;lg&#8221; align=&#8221;center&#8221; button_block=&#8221;true&#8221; link=&#8221;url:https%3A%2F%2Fmontipower.com%2Fes%2Fmercados%2Facero-inoxidable%2F|title:Stainless&#8221; el_class=&#8221;solutions-button&#8221;][\/vc_column_inner][vc_column_inner width=&#8221;1\/3&#8243;][vc_btn title=&#8221;SOLDADURA&#8221; style=&#8221;classic&#8221; shape=&#8221;square&#8221; size=&#8221;lg&#8221; align=&#8221;center&#8221; button_block=&#8221;true&#8221; link=&#8221;url:https%3A%2F%2Fmontipower.com%2Fes%2Fmercados%2Fsoldadura%2F|title:Welding&#8221; el_class=&#8221;solutions-button&#8221;][\/vc_column_inner][\/vc_row_inner][vc_row_inner][vc_column_inner width=&#8221;1\/3&#8243;][\/vc_column_inner][vc_column_inner width=&#8221;1\/3&#8243;][\/vc_column_inner][vc_column_inner width=&#8221;1\/3&#8243;][\/vc_column_inner][\/vc_row_inner][\/vc_column][\/vc_row][\/vc_section][vc_section css=&#8221;.vc_custom_1569500364650{padding-top: 40px !important;}&#8221;][vc_row gap=&#8221;35&#8243; content_placement=&#8221;middle&#8221; css=&#8221;.vc_custom_1569500430462{margin-right: 100px !important;margin-left: 100px !important;padding-bottom: 80px !important;background-color: #ffffff !important;}&#8221;][vc_column width=&#8221;1\/2&#8243; css=&#8221;.vc_custom_1569498569540{padding-top: 0px !important;}&#8221;][vc_single_image image=&#8221;3478&#8243; img_size=&#8221;730&#215;596&#8243; el_class=&#8221;uitgelichtfoto&#8221;][\/vc_column][vc_column width=&#8221;1\/2&#8243;][vc_column_text]<\/p>\n<h3><span style=\"font-weight: 400;\">ENERG\u00cdA E\u00d3LICA \/<br \/>\n<\/span><span style=\"font-weight: 400;\">ENERG\u00cdA RENOVABLE<\/span><\/h3>\n<p><span style=\"font-weight: 400;\">Entregamos soluciones de acceso a cuerdas inal\u00e1mbricas adaptadas a sus necesidades.<\/span>[\/vc_column_text][vc_btn title=&#8221;leer m\u00e1s aqu\u00ed&#8221; style=&#8221;classic&#8221; shape=&#8221;square&#8221; align=&#8221;left&#8221; link=&#8221;url:https%3A%2F%2Fmontipower.com%2Fes%2Fmercados%2Fenergia-eolica-renovable%2F|title:renewable&#8221; el_class=&#8221;uitgelichtebutton&#8221;][\/vc_column][\/vc_row][\/vc_section][vc_section el_class=&#8221;featurright&#8221;][vc_row gap=&#8221;35&#8243; content_placement=&#8221;middle&#8221; css=&#8221;.vc_custom_1572357743837{background-color: #ffffff !important;}&#8221;][vc_column width=&#8221;1\/2&#8243;][vc_column_text]<\/p>\n<h3 class=\"p1\">INDUSTRIA<\/h3>\n<p><span style=\"font-weight: 400;\">La preparaci\u00f3n de superficie en acero para la aplicaci\u00f3n de recubrimientos protectores en bienes para la industria petrolera y de gas (upstream, midstream, downstream), miner\u00eda, qu\u00edmica, construcci\u00f3n comercial, pulpa y papel es parte de lo que somos.<\/span>[\/vc_column_text][vc_btn title=&#8221;leer m\u00e1s aqu\u00ed&#8221; style=&#8221;classic&#8221; shape=&#8221;square&#8221; align=&#8221;left&#8221; link=&#8221;url:https%3A%2F%2Fmontipower.com%2Fes%2Fmercados%2Findustrial%2F|title:offshore%20%26%20onshore&#8221; el_class=&#8221;uitgelichtebutton&#8221;][\/vc_column][vc_column width=&#8221;1\/2&#8243; css=&#8221;.vc_custom_1569498569540{padding-top: 0px !important;}&#8221;][vc_single_image image=&#8221;4036&#8243; img_size=&#8221;730&#215;596&#8243; el_class=&#8221;uitgelichtfotoright&#8221;][\/vc_column][\/vc_row][\/vc_section][vc_section css=&#8221;.vc_custom_1569500364650{padding-top: 40px !important;}&#8221;][vc_row gap=&#8221;35&#8243; content_placement=&#8221;middle&#8221; css=&#8221;.vc_custom_1569500430462{margin-right: 100px !important;margin-left: 100px !important;padding-bottom: 80px !important;background-color: #ffffff !important;}&#8221;][vc_column width=&#8221;1\/2&#8243; css=&#8221;.vc_custom_1569498569540{padding-top: 0px !important;}&#8221;][vc_single_image image=&#8221;3911&#8243; img_size=&#8221;730&#215;596&#8243; el_class=&#8221;uitgelichtfoto&#8221;][\/vc_column][vc_column width=&#8221;1\/2&#8243;][vc_column_text]<\/p>\n<h3 class=\"p1\">MOVILIDAD<\/h3>\n<p class=\"p1\"><span style=\"font-weight: 400;\">Autos, trenes, aviones, tranv\u00edas, tractores o remolques. MontiPower<sup>\u00ae<\/sup> tiene una amplia l\u00ednea de m\u00e1quinas neum\u00e1ticas, el\u00e9ctricas e inal\u00e1mbricas que proporcionan alternativas rentables para preparar las superficies para la adhesi\u00f3n, la protecci\u00f3n y acabado en el taller, planta o exterior.<\/span><\/p>\n<p>[\/vc_column_text][vc_btn title=&#8221;leer m\u00e1s aqu\u00ed&#8221; style=&#8221;classic&#8221; shape=&#8221;square&#8221; align=&#8221;left&#8221; link=&#8221;url:https%3A%2F%2Fmontipower.com%2Fes%2Fmercados%2Fmovilidad%2F|title:automotive&#8221; el_class=&#8221;uitgelichtebutton&#8221;][\/vc_column][\/vc_row][\/vc_section][vc_section el_class=&#8221;featurright&#8221;][vc_row gap=&#8221;35&#8243; content_placement=&#8221;middle&#8221; css=&#8221;.vc_custom_1572357743837{background-color: #ffffff !important;}&#8221;][vc_column width=&#8221;1\/2&#8243;][vc_column_text]<\/p>\n<h3 class=\"p1\">MARINA<\/h3>\n<p><span style=\"font-weight: 400;\">La corrosi\u00f3n es un problema multimillonario en los buques marinos. Una superficie bien preparada est\u00e1 libre de materiales solubles que podr\u00edan causar que los recubrimientos de la superficie fallen prematuramente y reduzcan la vida \u00fatil de la nave.<\/span>[\/vc_column_text][vc_btn title=&#8221;leer m\u00e1s aqu\u00ed&#8221; style=&#8221;classic&#8221; shape=&#8221;square&#8221; align=&#8221;left&#8221; link=&#8221;url:https%3A%2F%2Fmontipower.com%2Fes%2Fmercados%2Fmarina%2F|title:marine&#8221; el_class=&#8221;uitgelichtebutton&#8221;][\/vc_column][vc_column width=&#8221;1\/2&#8243; css=&#8221;.vc_custom_1569498569540{padding-top: 0px !important;}&#8221;][vc_single_image image=&#8221;3476&#8243; img_size=&#8221;730&#215;596&#8243; el_class=&#8221;uitgelichtfotoright&#8221;][\/vc_column][\/vc_row][\/vc_section][vc_section css=&#8221;.vc_custom_1569500364650{padding-top: 40px !important;}&#8221;][vc_row gap=&#8221;35&#8243; content_placement=&#8221;middle&#8221; css=&#8221;.vc_custom_1569500430462{margin-right: 100px !important;margin-left: 100px !important;padding-bottom: 80px !important;background-color: #ffffff !important;}&#8221;][vc_column width=&#8221;1\/2&#8243; css=&#8221;.vc_custom_1569498569540{padding-top: 0px !important;}&#8221;][vc_single_image image=&#8221;3365&#8243; img_size=&#8221;730&#215;596&#8243; el_class=&#8221;uitgelichtfoto&#8221;][\/vc_column][vc_column width=&#8221;1\/2&#8243;][vc_column_text]<\/p>\n<h3><span style=\"font-weight: 400;\">PUENTES, FERROCARRILES,<br \/>\n<\/span><span style=\"font-weight: 400;\">PUERTOS Y CARRETERAS<\/span><\/h3>\n<p><span style=\"font-weight: 400;\">El mantenimiento de la Infraestructura p\u00fablica de acero consiste en la eliminaci\u00f3n del \u00f3xido, con lo cual se tiene una \u00f3ptima aplicaci\u00f3n de pintura y del recubrimiento.<\/span>[\/vc_column_text][vc_btn title=&#8221;leer m\u00e1s aqu\u00ed&#8221; style=&#8221;classic&#8221; shape=&#8221;square&#8221; align=&#8221;left&#8221; link=&#8221;url:https%3A%2F%2Fmontipower.com%2Fes%2Fmercados%2Fpuentes-ferrocarriles-puertos-carreteras%2F|title:infra&#8221; el_class=&#8221;uitgelichtebutton&#8221;][\/vc_column][\/vc_row][\/vc_section][vc_section el_class=&#8221;featurright&#8221;][vc_row gap=&#8221;35&#8243; content_placement=&#8221;middle&#8221; css=&#8221;.vc_custom_1572357743837{background-color: #ffffff !important;}&#8221;][vc_column width=&#8221;1\/2&#8243;][vc_column_text]<\/p>\n<h3>OEM<\/h3>\n<p class=\"p1\"><span style=\"font-weight: 400;\">MontiPower<sup>\u00ae<\/sup> tiene una amplia l\u00ednea de herramientas, bandas y accesorios para la preparaci\u00f3n de superficies con lo que se proporcionan alternativas rentables para la preparaci\u00f3n sin abrasivos sueltos para la aplicaci\u00f3n de recubrimientos de productos, tanques y equipos de OEM.<\/span><\/p>\n<p>[\/vc_column_text][vc_btn title=&#8221;leer m\u00e1s aqu\u00ed&#8221; style=&#8221;classic&#8221; shape=&#8221;square&#8221; align=&#8221;left&#8221; link=&#8221;url:https%3A%2F%2Fmontipower.com%2Fes%2Fmercados%2Foem%2F|title:OEM&#8221; el_class=&#8221;uitgelichtebutton&#8221;][\/vc_column][vc_column width=&#8221;1\/2&#8243; css=&#8221;.vc_custom_1569498569540{padding-top: 0px !important;}&#8221;][vc_single_image image=&#8221;4391&#8243; img_size=&#8221;730&#215;596&#8243; el_class=&#8221;uitgelichtfotoright&#8221;][\/vc_column][\/vc_row][\/vc_section][vc_section css=&#8221;.vc_custom_1569500364650{padding-top: 40px !important;}&#8221;][vc_row gap=&#8221;35&#8243; content_placement=&#8221;middle&#8221; css=&#8221;.vc_custom_1569500430462{margin-right: 100px !important;margin-left: 100px !important;padding-bottom: 80px !important;background-color: #ffffff !important;}&#8221;][vc_column width=&#8221;1\/2&#8243; css=&#8221;.vc_custom_1569498569540{padding-top: 0px !important;}&#8221;][vc_single_image image=&#8221;5469&#8243; img_size=&#8221;730&#215;596&#8243; el_class=&#8221;uitgelichtfoto&#8221;][\/vc_column][vc_column width=&#8221;1\/2&#8243;][vc_column_text]<\/p>\n<h3 class=\"p1\">CALCOMAN\u00cdA<\/h3>\n<p class=\"p1\"><span style=\"font-weight: 400;\">Las calcoman\u00edas requieren cambios regularmente. Se deben reemplazar por nuevas marcas, nuevos estilos, nuevos esl\u00f3ganes, etc. Para removerlas f\u00e1cilmente le ofrecemos <\/span>MontiPower<sup>\u00ae<\/sup> Vinyl Zapper<sup>\u00ae<\/sup><\/p>\n<p>[\/vc_column_text][vc_btn title=&#8221;leer m\u00e1s aqu\u00ed&#8221; style=&#8221;classic&#8221; shape=&#8221;square&#8221; align=&#8221;left&#8221; link=&#8221;url:https%3A%2F%2Fmontipower.com%2Fes%2Fmercados%2Fcalcomanias%2F|title:signage&#8221; el_class=&#8221;uitgelichtebutton&#8221;][\/vc_column][\/vc_row][\/vc_section][vc_section el_class=&#8221;featurright&#8221;][vc_row gap=&#8221;35&#8243; content_placement=&#8221;middle&#8221; css=&#8221;.vc_custom_1572357743837{background-color: #ffffff !important;}&#8221;][vc_column width=&#8221;1\/2&#8243;][vc_column_text]<\/p>\n<h3 class=\"p1\">ACERO INOXIDABLE<\/h3>\n<p><span style=\"font-weight: 400;\">El desgaste de las superficies de acero inoxidable antes del recubrimiento es esencial y normalmente se puede lograr con MontiPower<sup>\u00ae<\/sup> en lugar del granallado abrasivo, una ligera abrasi\u00f3n manual o una limpieza qu\u00edmica.<\/span>[\/vc_column_text][vc_btn title=&#8221;leer m\u00e1s aqu\u00ed&#8221; style=&#8221;classic&#8221; shape=&#8221;square&#8221; align=&#8221;left&#8221; link=&#8221;url:https%3A%2F%2Fmontipower.com%2Fes%2Fmercados%2Facero-inoxidable%2F|title:stainless&#8221; el_class=&#8221;uitgelichtebutton&#8221;][\/vc_column][vc_column width=&#8221;1\/2&#8243; css=&#8221;.vc_custom_1569498569540{padding-top: 0px !important;}&#8221;][vc_single_image image=&#8221;5799&#8243; img_size=&#8221;full&#8221; el_class=&#8221;uitgelichtfotoright&#8221;][\/vc_column][\/vc_row][\/vc_section][vc_section css=&#8221;.vc_custom_1569500364650{padding-top: 40px !important;}&#8221;][vc_row gap=&#8221;35&#8243; content_placement=&#8221;middle&#8221; css=&#8221;.vc_custom_1569500430462{margin-right: 100px !important;margin-left: 100px !important;padding-bottom: 80px !important;background-color: #ffffff !important;}&#8221;][vc_column width=&#8221;1\/2&#8243; css=&#8221;.vc_custom_1569498569540{padding-top: 0px !important;}&#8221;][vc_single_image image=&#8221;5798&#8243; img_size=&#8221;730&#215;596&#8243; el_class=&#8221;uitgelichtfoto&#8221;][\/vc_column][vc_column width=&#8221;1\/2&#8243;][vc_column_text]<\/p>\n<h3 class=\"p1\">SOLDADURA<\/h3>\n<p><span style=\"font-weight: 400;\">Los ingenieros de soldadura deben poder confiar en la eficacia de la herramienta de limpieza elegida. Las herramientas MontiPower<sup>\u00ae<\/sup> y los cintos para acero y acero inoxidable, dejan intacto el material de base de la soldadura. Sin embargo, los residuos de la soldadura ser\u00e1n eliminados completamente en cada una de las capas.<\/span>[\/vc_column_text][vc_btn title=&#8221;leer m\u00e1s aqu\u00ed&#8221; style=&#8221;classic&#8221; shape=&#8221;square&#8221; align=&#8221;left&#8221; link=&#8221;url:https%3A%2F%2Fmontipower.com%2Fes%2Fmercados%2Fsoldadura%2F|title:welding&#8221; el_class=&#8221;uitgelichtebutton&#8221;][\/vc_column][\/vc_row][\/vc_section][vc_section el_class=&#8221;featurright&#8221;][\/vc_section]<\/p>\n<\/div>","protected":false},"excerpt":{"rendered":"<p>[vc_section full_width=&#8221;stretch_row&#8221; content_placement=&#8221;bottom&#8221; css=&#8221;.vc_custom_1569320141112{padding-top: 30px !important;padding-bottom: 0px !important;background-color: #ff1212 !important;background-position: center &#8230; <\/p>\n","protected":false},"author":11,"featured_media":0,"parent":0,"menu_order":0,"comment_status":"closed","ping_status":"closed","template":"","meta":{"_acf_changed":false,"footnotes":""},"acf":[],"_links":{"self":[{"href":"https:\/\/montipower-ontwikkel.com\/es\/wp-json\/wp\/v2\/pages\/10361"}],"collection":[{"href":"https:\/\/montipower-ontwikkel.com\/es\/wp-json\/wp\/v2\/pages"}],"about":[{"href":"https:\/\/montipower-ontwikkel.com\/es\/wp-json\/wp\/v2\/types\/page"}],"author":[{"embeddable":true,"href":"https:\/\/montipower-ontwikkel.com\/es\/wp-json\/wp\/v2\/users\/11"}],"replies":[{"embeddable":true,"href":"https:\/\/montipower-ontwikkel.com\/es\/wp-json\/wp\/v2\/comments?post=10361"}],"version-history":[{"count":8,"href":"https:\/\/montipower-ontwikkel.com\/es\/wp-json\/wp\/v2\/pages\/10361\/revisions"}],"predecessor-version":[{"id":11899,"href":"https:\/\/montipower-ontwikkel.com\/es\/wp-json\/wp\/v2\/pages\/10361\/revisions\/11899"}],"wp:attachment":[{"href":"https:\/\/montipower-ontwikkel.com\/es\/wp-json\/wp\/v2\/media?parent=10361"}],"curies":[{"name":"wp","href":"https:\/\/api.w.org\/{rel}","templated":true}]}}