{"id":9884,"date":"2019-10-25T14:20:12","date_gmt":"2019-10-25T12:20:12","guid":{"rendered":"https:\/\/monti.la-compagnie.digital\/mtest\/"},"modified":"2021-10-27T13:30:00","modified_gmt":"2021-10-27T11:30:00","slug":"mtest","status":"publish","type":"page","link":"https:\/\/montipower-ontwikkel.com\/de\/service-support\/mtest\/","title":{"rendered":"MTEST"},"content":{"rendered":"<div class=\"wpb-content-wrapper\"><p>[vc_section full_width=&#8221;stretch_row&#8221; content_placement=&#8221;bottom&#8221; css=&#8221;.vc_custom_1569320141112{padding-top: 30px !important;padding-bottom: 0px !important;background-color: #ff1212 !important;background-position: center !important;background-repeat: no-repeat !important;background-size: cover !important;}&#8221; el_class=&#8221;topbig&#8221;][vc_row css=&#8221;.vc_custom_1569318223776{padding-right: 100px !important;padding-left: 100px !important;}&#8221;][vc_column width=&#8221;1\/2&#8243;][vc_column_text]<\/p>\n<h1>MTEST<\/h1>\n<p>[\/vc_column_text][\/vc_column][vc_column width=&#8221;1\/2&#8243;][\/vc_column][\/vc_row][vc_row full_width=&#8221;stretch_row_content_no_spaces&#8221; content_placement=&#8221;bottom&#8221; css=&#8221;.vc_custom_1572534865193{padding-top: 0px !important;padding-bottom: 100px !important;background-position: 0 0 !important;background-repeat: no-repeat !important;}&#8221; el_class=&#8221;hometopfotorij&#8221;][vc_column][\/vc_column][\/vc_row][vc_row full_width=&#8221;stretch_row&#8221; css=&#8221;.vc_custom_1572534861126{background-color: #f1f1f1 !important;}&#8221;][vc_column][vc_column_text el_class=&#8221;montbreadcrumbs&#8221; css=&#8221;.vc_custom_1569318576735{padding-right: 100px !important;padding-left: 100px !important;}&#8221;]<nav aria-label=\"breadcrumbs\" class=\"rank-math-breadcrumb\"><p><span class=\"last\">Home<\/span><\/p><\/nav>[\/vc_column_text][\/vc_column][\/vc_row][\/vc_section][vc_section full_width=&#8221;stretch_row&#8221; el_class=&#8221;textcomp&#8221;][vc_row][vc_column][vc_single_image image=&#8221;4985&#8243; img_size=&#8221;full&#8221;][vc_column_text el_class=&#8221;intro&#8221;]<\/p>\n<h3>MTEST<\/h3>\n<p>[\/vc_column_text][vc_column_text]MontiPower<sup>\u00ae<\/sup> Test Equipment and Speciality Tools (MTEST) ist ein bedeutender Teil der unternehmerischen Vision von MontiPower<sup>\u00ae<\/sup> mit dem Ziel der Verbesserung von Beschichtungen.[\/vc_column_text][vc_single_image image=&#8221;4986&#8243; img_size=&#8221;75&#215;75&#8243; alignment=&#8221;center&#8221;][vc_single_image image=&#8221;4991&#8243; img_size=&#8221;full&#8221; alignment=&#8221;center&#8221;][\/vc_column][\/vc_row][vc_row][vc_column][vc_column_text]<\/p>\n<h5>Tests liefern Daten<\/h5>\n<p>Daten sind Wissen. Wissen ist essenziell. MTEST bietet Mess- und Pr\u00fcfger\u00e4te f\u00fcr die Inspektion von Beschichtungen und Schwei\u00dfverbindungen, sowie Ausr\u00fcstung f\u00fcr zerst\u00f6rungsfreie Pr\u00fcfverfahren an. Neben anderen Industrien beliefern wir die Bereiche Petrochemie, Seefahrt und Offshore. Dort sind Qualit\u00e4tskontrollen verpflichtend und haben einen besonderes hohen Stellenwert. Durch unsere umfangreiche Erfahrung beim Einsatz von Mess- und Pr\u00fcfger\u00e4ten f\u00fcr Beschichtungssysteme, k\u00f6nnen wir Ihnen einen fachkundigen technischen Support und praxiserprobte Produktempfehlungen anbieten.<\/p>\n<p>Glauben Sie den Daten. Vertrauen Sie unseren Werkzeugen. It\u2019s Peaktime.[\/vc_column_text][vc_single_image image=&#8221;4992&#8243; img_size=&#8221;full&#8221; alignment=&#8221;center&#8221; onclick=&#8221;custom_link&#8221; img_link_target=&#8221;_blank&#8221; link=&#8221;http:\/\/www.m-testco.com\/positector-6000-system\/posisoft-soluble-salt-test-p-2369.html&#8221;][\/vc_column][\/vc_row][vc_row][vc_column][vc_single_image image=&#8221;4986&#8243; img_size=&#8221;75&#215;75&#8243; alignment=&#8221;center&#8221;][vc_column_text]Mit MTEST erweitert MontiPower<sup>\u00ae<\/sup> seine Expertise, sowie das Produkt- und Serviceangebot in den Bereichen Beschichtungen und Qualit\u00e4tskontrolle. Dabei unterst\u00fctzten wir Beschichtungsinspekteure und -unternehmen in der Arbeitsvorbereitung und mit Mess- und Pr\u00fcfger\u00e4ten f\u00fcr Beschichtungen.<\/p>\n<p>Der Firmensitz von MTEST befindet sich in Houston, dem Herzen der Offshore-Industrie in den USA. MTEST ist aktives Mitglied der Houston Coating Society.<\/p>\n<p>Weitere Informationen:[\/vc_column_text][\/vc_column][\/vc_row][vc_row][vc_column width=&#8221;1\/3&#8243;][vc_btn title=&#8221;MTEST&#8221; style=&#8221;classic&#8221; shape=&#8221;square&#8221; align=&#8221;left&#8221; link=&#8221;url:https%3A%2F%2Fm-testco.com|title:MTEST|target:%20_blank|&#8221; el_class=&#8221;hometopfotobutton&#8221;][\/vc_column][vc_column width=&#8221;1\/3&#8243;][vc_btn title=&#8221;Catalogue&#8221; style=&#8221;classic&#8221; shape=&#8221;square&#8221; align=&#8221;left&#8221; link=&#8221;url:https%3A%2F%2Fheyzine.com%2Fflip-book%2F45daae8c02.html|title:MTEST|target:_blank&#8221; el_class=&#8221;hometopfotobutton&#8221;][\/vc_column][vc_column width=&#8221;1\/3&#8243;][\/vc_column][\/vc_row][\/vc_section][vc_section full_width=&#8221;stretch_row&#8221; content_placement=&#8221;top&#8221; el_class=&#8221;hometekstvlak&#8221; css=&#8221;.vc_custom_1569246298651{padding-bottom: 50px !important;background-color: #f4f4f4 !important;}&#8221;][vc_row][vc_column][vc_single_image image=&#8221;3044&#8243; img_size=&#8221;500&#215;500&#8243; alignment=&#8221;center&#8221;][\/vc_column][\/vc_row][\/vc_section]<\/p>\n<\/div>","protected":false},"excerpt":{"rendered":"<p>[vc_section full_width=&#8221;stretch_row&#8221; content_placement=&#8221;bottom&#8221; css=&#8221;.vc_custom_1569320141112{padding-top: 30px !important;padding-bottom: 0px !important;background-color: #ff1212 !important;background-position: center &#8230; <\/p>\n","protected":false},"author":3,"featured_media":0,"parent":9905,"menu_order":0,"comment_status":"closed","ping_status":"closed","template":"","meta":{"_acf_changed":false,"footnotes":""},"acf":[],"_links":{"self":[{"href":"https:\/\/montipower-ontwikkel.com\/de\/wp-json\/wp\/v2\/pages\/9884"}],"collection":[{"href":"https:\/\/montipower-ontwikkel.com\/de\/wp-json\/wp\/v2\/pages"}],"about":[{"href":"https:\/\/montipower-ontwikkel.com\/de\/wp-json\/wp\/v2\/types\/page"}],"author":[{"embeddable":true,"href":"https:\/\/montipower-ontwikkel.com\/de\/wp-json\/wp\/v2\/users\/3"}],"replies":[{"embeddable":true,"href":"https:\/\/montipower-ontwikkel.com\/de\/wp-json\/wp\/v2\/comments?post=9884"}],"version-history":[{"count":7,"href":"https:\/\/montipower-ontwikkel.com\/de\/wp-json\/wp\/v2\/pages\/9884\/revisions"}],"predecessor-version":[{"id":18601,"href":"https:\/\/montipower-ontwikkel.com\/de\/wp-json\/wp\/v2\/pages\/9884\/revisions\/18601"}],"up":[{"embeddable":true,"href":"https:\/\/montipower-ontwikkel.com\/de\/wp-json\/wp\/v2\/pages\/9905"}],"wp:attachment":[{"href":"https:\/\/montipower-ontwikkel.com\/de\/wp-json\/wp\/v2\/media?parent=9884"}],"curies":[{"name":"wp","href":"https:\/\/api.w.org\/{rel}","templated":true}]}}