{"id":9872,"date":"2019-10-01T10:17:17","date_gmt":"2019-10-01T08:17:17","guid":{"rendered":"https:\/\/monti.la-compagnie.digital\/10-powers\/"},"modified":"2023-08-28T16:48:08","modified_gmt":"2023-08-28T14:48:08","slug":"mission-vision-10-kraefte","status":"publish","type":"page","link":"https:\/\/montipower-ontwikkel.com\/de\/info\/mission-vision-10-kraefte\/","title":{"rendered":"Mission, Vision &#038; 10 Kr\u00e4fte"},"content":{"rendered":"<div class=\"wpb-content-wrapper\"><p>[vc_section full_width=&#8221;stretch_row&#8221; content_placement=&#8221;bottom&#8221; css=&#8221;.vc_custom_1693234126269{padding-top: 30px !important;padding-bottom: 0px !important;background-image: url(https:\/\/montipower.com\/wp-content\/uploads\/2023\/08\/MontiPower_Mountain_Red_CMYK_300dpi-scaled.jpg?id=47149) !important;background-position: center !important;background-repeat: no-repeat !important;background-size: cover !important;}&#8221; el_class=&#8221;topbig&#8221;][vc_row css=&#8221;.vc_custom_1569318223776{padding-right: 100px !important;padding-left: 100px !important;}&#8221;][vc_column width=&#8221;1\/2&#8243;][vc_column_text]<\/p>\n<h1>Mission, Vision &amp; 10 Kr\u00e4fte<\/h1>\n<p>[\/vc_column_text][\/vc_column][vc_column width=&#8221;1\/2&#8243;][\/vc_column][\/vc_row][vc_row full_width=&#8221;stretch_row_content_no_spaces&#8221; content_placement=&#8221;bottom&#8221; css=&#8221;.vc_custom_1572528415665{padding-top: 0px !important;padding-bottom: 100px !important;background-position: 0 0 !important;background-repeat: no-repeat !important;}&#8221; el_class=&#8221;hometopfotorij&#8221;][vc_column][\/vc_column][\/vc_row][vc_row full_width=&#8221;stretch_row&#8221; css=&#8221;.vc_custom_1572528431342{background-color: #f1f1f1 !important;}&#8221;][vc_column][vc_column_text el_class=&#8221;montbreadcrumbs&#8221; css=&#8221;.vc_custom_1569318576735{padding-right: 100px !important;padding-left: 100px !important;}&#8221;]<nav aria-label=\"breadcrumbs\" class=\"rank-math-breadcrumb\"><p><span class=\"last\">Home<\/span><\/p><\/nav>[\/vc_column_text][\/vc_column][\/vc_row][\/vc_section][vc_section el_class=&#8221;featurleft&#8221;][vc_row][vc_column][vc_column_text]<span style=\"font-weight: 400;\">Die ganze Welt von MontiPower<sup>\u00ae<\/sup> dreht sich um die Kraft der Innovation f\u00fcr eine sichere und saubere Oberfl\u00e4chenvorbereitung. Unsere sauberen Oberfl\u00e4chenvorbereitungstechnologien zum Entfernen, Reinigen und Aufrauen von Tr\u00e4germaterialien sind wahrhaft einzigartig. Sie bieten immer einen echten Mehrwert ohne irgendwelche losen Strahlmittel. Wir m\u00f6chten jedem Kunden die sauberste L\u00f6sung anbieten und wir arbeiten mit Herz und Seele an der Erreichung dieses Ziels.<\/span>[\/vc_column_text][\/vc_column][\/vc_row][vc_row gap=&#8221;35&#8243; content_placement=&#8221;middle&#8221; css=&#8221;.vc_custom_1572528503757{background-color: #ffffff !important;}&#8221;][vc_column width=&#8221;1\/2&#8243; css=&#8221;.vc_custom_1569498569540{padding-top: 0px !important;}&#8221;][vc_single_image image=&#8221;47129&#8243; img_size=&#8221;full&#8221; el_class=&#8221;uitgelichtfoto&#8221;][\/vc_column][vc_column width=&#8221;1\/2&#8243;][vc_column_text]<\/p>\n<h3>Mission<\/h3>\n<p>[\/vc_column_text][vc_column_text]<span style=\"font-weight: 400;\">Wir haben es zu unserer Mission gemacht, allen unseren Anwendern die sauberste, sicherste und einfachste L\u00f6sung zur Oberfl\u00e4chenvorbereitung bereitzustellen und so die bestm\u00f6gliche Verbindung des Schutzmaterials sicherzustellen. Wir verfolgen diese Mission in dem Glauben, dass es f\u00fcr einen langfristigen Schutz keine Meinungsverschiedenheiten oder Verwirrung \u00fcber die richtige Oberfl\u00e4chenvorbereitung in Bezug auf die Beschichtungsqualit\u00e4t geben sollte.<\/span>[\/vc_column_text][\/vc_column][\/vc_row][\/vc_section][vc_section el_class=&#8221;featurright&#8221;][vc_row gap=&#8221;35&#8243; content_placement=&#8221;middle&#8221; css=&#8221;.vc_custom_1572528527220{background-color: #ffffff !important;}&#8221;][vc_column width=&#8221;1\/2&#8243;][vc_column_text]<\/p>\n<h3>Vision<\/h3>\n<p>[\/vc_column_text][vc_column_text]<span style=\"font-weight: 400;\">Unsere Vision ist, zuverl\u00e4ssige L\u00f6sungen f\u00fcr das Reinigen, Entfernen und Ankerprofilieren von verschiedenen Tr\u00e4germaterialien zu kreieren. Dies verbessert die Leistung des gesamten, langfristigen Schutzes des Assets. Zur gleichen Zeit m\u00f6chten wir unsere Position als Marktf\u00fchrer aufrecht erhalten und die Anwender mit einzigartigen, innovativen, schnellen, sicheren sowie umwelt- und benutzerfreundlichen L\u00f6sungen beeindrucken, welche die Anforderungen unserer Kunden \u00fcbertreffen.<\/span>[\/vc_column_text][\/vc_column][vc_column width=&#8221;1\/2&#8243; css=&#8221;.vc_custom_1569498569540{padding-top: 0px !important;}&#8221;][vc_single_image image=&#8221;47123&#8243; img_size=&#8221;full&#8221; el_class=&#8221;uitgelichtfotoright&#8221;][\/vc_column][\/vc_row][\/vc_section][vc_section el_class=&#8221;featurleft&#8221;][vc_row][vc_column][vc_column_text]<\/p>\n<h3>Unsere 10 Kr\u00e4fte<\/h3>\n<p>[\/vc_column_text][vc_column_text]Wir glauben an die Kraft der Innovation, die von allen Teilnehmern in der Industrie getragen wird: Egal ob Sie Inspektor, Auftragnehmer, Anwender, Ingenieur, Verfasser von Spezifikationen, Eigent\u00fcmer von Anlageg\u00fctern, Berater, Lieferant, Hersteller oder Forscher im Bereich Beschichtungen sind \u2013 wir ben\u00f6tigen Ihren Input. Ihr Wissen und Ihre Erfahrung sind uns sehr willkommen.<\/p>\n<p>Wir m\u00f6chten zu einer nachhaltigen Welt von schnellen, sicheren und nachpr\u00fcfbaren L\u00f6sungen zur Oberfl\u00e4chenvorbereitung beitragen. Dabei dreht sich alles um unsere 10 St\u00e4rken.[\/vc_column_text][\/vc_column][\/vc_row][vc_row gap=&#8221;35&#8243; content_placement=&#8221;middle&#8221; css=&#8221;.vc_custom_1572528503757{background-color: #ffffff !important;}&#8221;][vc_column width=&#8221;1\/2&#8243; css=&#8221;.vc_custom_1569498569540{padding-top: 0px !important;}&#8221;][vc_single_image image=&#8221;3028&#8243; img_size=&#8221;full&#8221; el_class=&#8221;uitgelichtfoto&#8221;][\/vc_column][vc_column width=&#8221;1\/2&#8243;][vc_column_text]<\/p>\n<h3>1. Verbesserung von Oberfl\u00e4chenschutz<\/h3>\n<p>Wir glauben an die qualitative Beziehung zwischen Oberfl\u00e4chenvorbereitung, Beschichtung und effektivem Oberfl\u00e4chenschutzes. Das beweisen wir jeden Tag.<br \/>\nVorbereitung &#8220;from scratch\u201c ist unser Motto.[\/vc_column_text][\/vc_column][\/vc_row][\/vc_section][vc_section el_class=&#8221;featurright&#8221;][vc_row gap=&#8221;35&#8243; content_placement=&#8221;middle&#8221; css=&#8221;.vc_custom_1572528527220{background-color: #ffffff !important;}&#8221;][vc_column width=&#8221;1\/2&#8243;][vc_column_text]<\/p>\n<h3>2. Vertrauensw\u00fcrdigkeit<\/h3>\n<p>Wir bereiten Oberfl\u00e4chen vor, um die bestm\u00f6gliche Haftung einer Beschichtung sicherzustellen. Partielle oder vollst\u00e4ndige Entfernung von Rost, Staub, alter Beschichtung, Kunststoff, Walzzunder und das Erzeugen eines konsistenten, gleichf\u00f6rmigen und einzigartigen Rauigkeitsprofils mit einer Reinheit von Sa 2\u00bd oder besser, ist unser Ziel.[\/vc_column_text][\/vc_column][vc_column width=&#8221;1\/2&#8243; css=&#8221;.vc_custom_1569498569540{padding-top: 0px !important;}&#8221;][vc_single_image image=&#8221;3458&#8243; img_size=&#8221;full&#8221; el_class=&#8221;uitgelichtfotoright&#8221;][\/vc_column][\/vc_row][\/vc_section][vc_section el_class=&#8221;featurleft&#8221;][vc_row gap=&#8221;35&#8243; content_placement=&#8221;middle&#8221; css=&#8221;.vc_custom_1572528544760{background-color: #ffffff !important;}&#8221;][vc_column width=&#8221;1\/2&#8243; css=&#8221;.vc_custom_1569498569540{padding-top: 0px !important;}&#8221;][vc_single_image image=&#8221;2704&#8243; img_size=&#8221;full&#8221; el_class=&#8221;uitgelichtfoto&#8221;][\/vc_column][vc_column width=&#8221;1\/2&#8243;][vc_column_text]<\/p>\n<h3>3. Den Menschen achten<\/h3>\n<p>Der Mensch steht bei uns im Mittelpunkt. Daher achten wir auf bestm\u00f6gliche Ergonomie und Nutzerfreundlichkeit unserer Werkzeuge. So wird Oberfl\u00e4chenvorbereitung sicher, einfach und unproblematisch.[\/vc_column_text][vc_btn title=&#8221;Weiterlesen&#8221; style=&#8221;classic&#8221; shape=&#8221;square&#8221; align=&#8221;left&#8221; link=&#8221;url:https%3A%2F%2Fmontipower.com%2Fde%2Finfo%2Fgesundheitsschutz-arbeitssicherheit%2F|title:people&#8221; el_class=&#8221;uitgelichtebutton&#8221;][\/vc_column][\/vc_row][\/vc_section][vc_section content_placement=&#8221;middle&#8221; css=&#8221;.vc_custom_1572528793061{background-position: center !important;background-repeat: no-repeat !important;background-size: cover !important;}&#8221; el_class=&#8221;featurright&#8221;][vc_row gap=&#8221;35&#8243; content_placement=&#8221;middle&#8221; css=&#8221;.vc_custom_1572528604965{background-color: #ffffff !important;}&#8221;][vc_column width=&#8221;1\/2&#8243;][vc_column_text]<\/p>\n<h3><span style=\"color: #000000;\">4. Die Natur achten<\/span><\/h3>\n<p>Wir achten darauf, dass unsere Technologien keinen negativen Einfluss auf die Umgebung haben. Unsere Produkte sind nutzer- und umweltfreundlich, sicher und funktionieren ohne Gefahrstoffe, zu entsorgenden Abfallprodukten oder schwerer Ausr\u00fcstung.[\/vc_column_text][vc_btn title=&#8221;Weiterlesen&#8221; style=&#8221;classic&#8221; shape=&#8221;square&#8221; align=&#8221;left&#8221; link=&#8221;url:https%3A%2F%2Fmontipower.com%2Fde%2Finfo%2Fumweltschutz%2F|title:environment&#8221; el_class=&#8221;uitgelichtebutton&#8221;][\/vc_column][vc_column width=&#8221;1\/2&#8243; css=&#8221;.vc_custom_1569498569540{padding-top: 0px !important;}&#8221;][vc_single_image image=&#8221;3468&#8243; img_size=&#8221;full&#8221; el_class=&#8221;uitgelichtfotoright&#8221;][\/vc_column][\/vc_row][\/vc_section][vc_section el_class=&#8221;featurleft&#8221;][vc_row gap=&#8221;35&#8243; content_placement=&#8221;middle&#8221; css=&#8221;.vc_custom_1572528626694{background-color: #ffffff !important;}&#8221;][vc_column width=&#8221;1\/2&#8243; css=&#8221;.vc_custom_1569498569540{padding-top: 0px !important;}&#8221;][vc_single_image image=&#8221;4652&#8243; img_size=&#8221;full&#8221; el_class=&#8221;uitgelichtfoto&#8221;][\/vc_column][vc_column width=&#8221;1\/2&#8243;][vc_column_text]<\/p>\n<h3>5. Innovation<\/h3>\n<p>Mit unseren teil- und vollautomatisierten L\u00f6sungen sind wir nicht nur schneller, sondern auch digitaler geworden. Sensoren erfassen w\u00e4hrend des Arbeitsprozesses Daten \u00fcber die Oberfl\u00e4che und optimieren Drehzahl, Anpressdruck und Arbeitswinkel f\u00fcr ein optimales Ergebnis.[\/vc_column_text][vc_btn title=&#8221;Weiterlesen&#8221; style=&#8221;classic&#8221; shape=&#8221;square&#8221; align=&#8221;left&#8221; link=&#8221;url:https%3A%2F%2Fmontipower.com%2Fde%2Fprodukte%2Fpowermachines%2Fquattro-4%2F|title:innovations&#8221; el_class=&#8221;uitgelichtebutton&#8221;][\/vc_column][\/vc_row][\/vc_section][vc_section el_class=&#8221;featurright&#8221;][vc_row gap=&#8221;35&#8243; content_placement=&#8221;middle&#8221; css=&#8221;.vc_custom_1575537810266{background-color: #ffffff !important;}&#8221;][vc_column width=&#8221;1\/2&#8243;][vc_column_text]<\/p>\n<h3>6. Weltweiter support<\/h3>\n<p>Wir verf\u00fcgen \u00fcber ein globales Netzwerk eigener, professioneller, geschulter und kompetenter Oberfl\u00e4chenexperten, die Sie jederzeit und \u00fcberall unterst\u00fctzen k\u00f6nnen.[\/vc_column_text][vc_btn title=&#8221;Weiterlesen&#8221; style=&#8221;classic&#8221; shape=&#8221;square&#8221; align=&#8221;left&#8221; link=&#8221;url:https%3A%2F%2Fmontipower.com%2Fde%2Fservice-support%2Fhaendler%2F|title:distributors|target:_blank&#8221; el_class=&#8221;uitgelichtebutton&#8221;][\/vc_column][vc_column width=&#8221;1\/2&#8243; css=&#8221;.vc_custom_1569498569540{padding-top: 0px !important;}&#8221;][vc_single_image image=&#8221;2700&#8243; img_size=&#8221;full&#8221; el_class=&#8221;uitgelichtfotoright&#8221;][\/vc_column][\/vc_row][\/vc_section][vc_section el_class=&#8221;featurleft&#8221;][vc_row gap=&#8221;35&#8243; content_placement=&#8221;middle&#8221; css=&#8221;.vc_custom_1572528660756{background-color: #ffffff !important;}&#8221;][vc_column width=&#8221;1\/2&#8243; css=&#8221;.vc_custom_1569498569540{padding-top: 0px !important;}&#8221;][vc_single_image image=&#8221;2702&#8243; img_size=&#8221;730&#215;596&#8243; el_class=&#8221;uitgelichtfoto&#8221;][\/vc_column][vc_column width=&#8221;1\/2&#8243;][vc_column_text]<\/p>\n<h3>7. Effizienz<\/h3>\n<p>Wir erm\u00f6glichen einem Anwender eine Oberfl\u00e4che einfach, schnell, sicher und mit einer Reinheit vergleichbar mit Sa 2\u00bd vorzubereiten. Eine Person, eine Maschine, ein Band, ein Quadratmeter, in einer Stunde \u2013 oder schneller.[\/vc_column_text][\/vc_column][\/vc_row][\/vc_section][vc_section el_class=&#8221;featurright&#8221;][vc_row gap=&#8221;35&#8243; content_placement=&#8221;middle&#8221; css=&#8221;.vc_custom_1572528695972{background-color: #ffffff !important;}&#8221;][vc_column width=&#8221;1\/2&#8243;][vc_column_text]<\/p>\n<h3>8. Keine unn\u00f6tigen Kosten<\/h3>\n<p>Wir helfen Ihnen Ihre Betriebskosten zu reduzieren: Sie erhalten eine optimale, auf Ihre Anforderungen angepasste Oberfl\u00e4chenvorbereitung in zuverl\u00e4ssiger Qualit\u00e4t, Geschwindigkeit und ohne \u00fcberfl\u00fcssige Kosten.[\/vc_column_text][vc_btn title=&#8221;Weiterlesen&#8221; style=&#8221;classic&#8221; shape=&#8221;square&#8221; align=&#8221;left&#8221; link=&#8221;url:https%3A%2F%2Fmontipower.com%2Fde%2Fservice-support%2Fmtest%2F|title:MTEST&#8221; el_class=&#8221;uitgelichtebutton&#8221;][\/vc_column][vc_column width=&#8221;1\/2&#8243; css=&#8221;.vc_custom_1569498569540{padding-top: 0px !important;}&#8221;][vc_single_image image=&#8221;4499&#8243; img_size=&#8221;full&#8221; el_class=&#8221;uitgelichtfotoright&#8221;][\/vc_column][\/vc_row][\/vc_section][vc_section el_class=&#8221;featurleft&#8221;][vc_row gap=&#8221;35&#8243; content_placement=&#8221;middle&#8221; css=&#8221;.vc_custom_1572528689461{background-color: #ffffff !important;}&#8221;][vc_column width=&#8221;1\/2&#8243; css=&#8221;.vc_custom_1569498569540{padding-top: 0px !important;}&#8221;][vc_single_image image=&#8221;3470&#8243; img_size=&#8221;full&#8221; el_class=&#8221;uitgelichtfoto&#8221;][\/vc_column][vc_column width=&#8221;1\/2&#8243;][vc_column_text]<\/p>\n<h3>9. Sicheres arbeiten<\/h3>\n<p>Wir erm\u00f6glichen den Anwendern unserer Technologien ein H\u00f6chstma\u00df an Arbeitssicherheit und Gesundheitsschutz. Unsere Werkzeuge werden auf eine benutzerfreundliche Ergonomie und auf die Reduktion von L\u00e4rmemissionen, Vibration und Staub ausgelegt. Nat\u00fcrlich in Konformit\u00e4t mit den geltenden Sicherheitsvorschriften.[\/vc_column_text][vc_btn title=&#8221;Weiterlesen&#8221; style=&#8221;classic&#8221; shape=&#8221;square&#8221; align=&#8221;left&#8221; link=&#8221;url:https%3A%2F%2Fmontipower.com%2Fde%2Finfo%2Fgesundheitsschutz-arbeitssicherheit%2F|title:people&#8221; el_class=&#8221;uitgelichtebutton&#8221;][\/vc_column][\/vc_row][\/vc_section][vc_section el_class=&#8221;featurright&#8221;][vc_row gap=&#8221;35&#8243; content_placement=&#8221;middle&#8221; css=&#8221;.vc_custom_1572528755718{background-color: #ffffff !important;}&#8221;][vc_column width=&#8221;1\/2&#8243;][vc_column_text]<\/p>\n<h3>10. Kompletter service<\/h3>\n<p>Wir bieten Ihnen Full Service in Sachen Oberfl\u00e4chenvorbereitung, bis hin zum Personal. Durch fachm\u00e4nnische Beratung, verl\u00e4ssliche Verf\u00fcgbarkeit und effizienten Reparaturservice sorgen wir daf\u00fcr, dass Sie bei jedem Kauf das Maximum an Leistung erhalten.[\/vc_column_text][vc_btn title=&#8221;Kontakt&#8221; style=&#8221;classic&#8221; shape=&#8221;square&#8221; align=&#8221;left&#8221; link=&#8221;url:https%3A%2F%2Fmontipower.com%2Fde%2Fservice-support%2Fkontakt%2F|title:Contact&#8221; el_class=&#8221;uitgelichtebutton&#8221;][\/vc_column][vc_column width=&#8221;1\/2&#8243; css=&#8221;.vc_custom_1569498569540{padding-top: 0px !important;}&#8221;][vc_single_image image=&#8221;2715&#8243; img_size=&#8221;full&#8221; el_class=&#8221;uitgelichtfotoright&#8221;][\/vc_column][\/vc_row][\/vc_section]<\/p>\n<\/div>","protected":false},"excerpt":{"rendered":"<p>[vc_section full_width=&#8221;stretch_row&#8221; content_placement=&#8221;bottom&#8221; css=&#8221;.vc_custom_1693234126269{padding-top: 30px !important;padding-bottom: 0px !important;background-image: url(https:\/\/montipower.com\/wp-content\/uploads\/2023\/08\/MontiPower_Mountain_Red_CMYK_300dpi-scaled.jpg?id=47149) !important;background-position: center &#8230; <\/p>\n","protected":false},"author":3,"featured_media":0,"parent":9886,"menu_order":0,"comment_status":"closed","ping_status":"closed","template":"","meta":{"_acf_changed":false,"footnotes":""},"acf":[],"_links":{"self":[{"href":"https:\/\/montipower-ontwikkel.com\/de\/wp-json\/wp\/v2\/pages\/9872"}],"collection":[{"href":"https:\/\/montipower-ontwikkel.com\/de\/wp-json\/wp\/v2\/pages"}],"about":[{"href":"https:\/\/montipower-ontwikkel.com\/de\/wp-json\/wp\/v2\/types\/page"}],"author":[{"embeddable":true,"href":"https:\/\/montipower-ontwikkel.com\/de\/wp-json\/wp\/v2\/users\/3"}],"replies":[{"embeddable":true,"href":"https:\/\/montipower-ontwikkel.com\/de\/wp-json\/wp\/v2\/comments?post=9872"}],"version-history":[{"count":8,"href":"https:\/\/montipower-ontwikkel.com\/de\/wp-json\/wp\/v2\/pages\/9872\/revisions"}],"predecessor-version":[{"id":47176,"href":"https:\/\/montipower-ontwikkel.com\/de\/wp-json\/wp\/v2\/pages\/9872\/revisions\/47176"}],"up":[{"embeddable":true,"href":"https:\/\/montipower-ontwikkel.com\/de\/wp-json\/wp\/v2\/pages\/9886"}],"wp:attachment":[{"href":"https:\/\/montipower-ontwikkel.com\/de\/wp-json\/wp\/v2\/media?parent=9872"}],"curies":[{"name":"wp","href":"https:\/\/api.w.org\/{rel}","templated":true}]}}