{"id":9861,"date":"2020-06-04T10:14:32","date_gmt":"2020-06-04T08:14:32","guid":{"rendered":"https:\/\/monti.la-compagnie.digital\/maerkte\/stainless\/"},"modified":"2021-04-24T20:21:12","modified_gmt":"2021-04-24T18:21:12","slug":"edelstahl","status":"publish","type":"page","link":"https:\/\/montipower-ontwikkel.com\/de\/maerkte\/edelstahl\/","title":{"rendered":"Edelstahl"},"content":{"rendered":"<div class=\"wpb-content-wrapper\"><p>[vc_section full_width=&#8221;stretch_row&#8221; content_placement=&#8221;bottom&#8221; css=&#8221;.vc_custom_1592558560445{padding-top: 30px !important;padding-bottom: 0px !important;background: #ff1212 url(https:\/\/montipower.com\/wp-content\/uploads\/2020\/06\/Stainless-Steel.jpg?id=5472) !important;background-position: center !important;background-repeat: no-repeat !important;background-size: cover !important;}&#8221; el_class=&#8221;topbig&#8221;][vc_row css=&#8221;.vc_custom_1569318223776{padding-right: 100px !important;padding-left: 100px !important;}&#8221;][vc_column width=&#8221;1\/2&#8243;][vc_column_text]<\/p>\n<h1>Edelstahl<\/h1>\n<p>[\/vc_column_text][\/vc_column][vc_column width=&#8221;1\/2&#8243;][\/vc_column][\/vc_row][vc_row full_width=&#8221;stretch_row_content_no_spaces&#8221; content_placement=&#8221;bottom&#8221; css=&#8221;.vc_custom_1572526136907{padding-top: 0px !important;padding-bottom: 100px !important;background-position: 0 0 !important;background-repeat: no-repeat !important;}&#8221; el_class=&#8221;hometopfotorij&#8221;][vc_column][\/vc_column][\/vc_row][vc_row full_width=&#8221;stretch_row&#8221; css=&#8221;.vc_custom_1572525974229{background-color: #f1f1f1 !important;}&#8221;][vc_column][vc_column_text el_class=&#8221;montbreadcrumbs&#8221; css=&#8221;.vc_custom_1569318576735{padding-right: 100px !important;padding-left: 100px !important;}&#8221;]<nav aria-label=\"breadcrumbs\" class=\"rank-math-breadcrumb\"><p><span class=\"last\">Home<\/span><\/p><\/nav>[\/vc_column_text][\/vc_column][\/vc_row][\/vc_section][vc_section full_width=&#8221;stretch_row&#8221; el_class=&#8221;textcomp&#8221;][vc_row][vc_column][vc_column_text]<\/p>\n<h2>Korrosionfestigkeit<\/h2>\n<p>Rostfreie St\u00e4hle werden wegen ihrer Korrosionsbest\u00e4ndigkeit in unterschiedlichsten Umgebungen eingesetzt. \u00dcblicherweise ohne zus\u00e4tzliche Beschichtungen. Unter bestimmten Umst\u00e4nden ben\u00f6tigen jedoch auch Edelstahlkomponenten oder -bauwerke einen zus\u00e4tzlichen Schutz in Form einer Beschichtung.<\/p>\n<p>Beschichtungssysteme f\u00fcr Edelst\u00e4hle m\u00fcssen sorgf\u00e4ltig ausgew\u00e4hlt werden, um den Anforderungen des Einsatzumfeldes und den damit verbundenen Betriebsbedingungen zu entsprechen. Die Kombination aus Oberfl\u00e4chenvorbereitung und Zusammensetzung des Farbsystems sind<br \/>\nSchl\u00fcsselfaktoren beim Erreichen dieser Ziele. In bestimmten Umgebungen kann das lokal begrenzte Versagen der Beschichtung zur Korrosion f\u00fchren. Diese kann schlimmer als bei nicht beschichteten Oberfl\u00e4chen ausfallen und schnell zu gravierenden lokalen Sch\u00e4den f\u00fchren.[\/vc_column_text][vc_column_text]<\/p>\n<h3>Glattere Oberfl\u00e4che<\/h3>\n<p>Im Allgemeinen haben rostfreie St\u00e4hle eine glattere Oberfl\u00e4che als Karbonstahl. Dies trifft insbesondere auf d\u00fcnne, kaltgewalzte Produkte (Blech und Spule) zu und kann die Adh\u00e4sion zwischen der Metalloberfl\u00e4che und dem Beschichtungssystem nachteilig beeinflussen. Das Aufrauen von Edelstahloberfl\u00e4chen vor der Beschichtung ist daher essenziell. Setzten Sie statt Strahlen, Schleifen oder \u00c4tzen auf unsere fortschrittlichen L\u00f6sungen \u2013 f\u00fcr ein perfektes, gleichm\u00e4\u00dfiges Ergebnis. Unsere pneumatischen, elektrischen oder akkubetriebenen Bristle Blaster<sup>\u00ae<\/sup> in Kombination mit Edelstahl-B\u00e4ndern erreichen Oberfl\u00e4chenrauigkeiten R<sub>a<\/sub> von mindestens 50 Mikron und eine Reinheit der Stufe 2 nach BS 7079:Teil 1A. Die MBX<sup>\u00ae<\/sup> Technologie bietet feinere Oberfl\u00e4chen mit Rauigkeiten von R<sub>a<\/sub> 10-30 Mikron.[\/vc_column_text][\/vc_column][\/vc_row][\/vc_section]<\/p>\n<\/div>","protected":false},"excerpt":{"rendered":"<p>[vc_section full_width=&#8221;stretch_row&#8221; content_placement=&#8221;bottom&#8221; css=&#8221;.vc_custom_1592558560445{padding-top: 30px !important;padding-bottom: 0px !important;background: #ff1212 url(https:\/\/montipower.com\/wp-content\/uploads\/2020\/06\/Stainless-Steel.jpg?id=5472) !important;background-position: &#8230; <\/p>\n","protected":false},"author":3,"featured_media":0,"parent":9828,"menu_order":0,"comment_status":"closed","ping_status":"closed","template":"","meta":{"_acf_changed":false,"footnotes":""},"acf":[],"_links":{"self":[{"href":"https:\/\/montipower-ontwikkel.com\/de\/wp-json\/wp\/v2\/pages\/9861"}],"collection":[{"href":"https:\/\/montipower-ontwikkel.com\/de\/wp-json\/wp\/v2\/pages"}],"about":[{"href":"https:\/\/montipower-ontwikkel.com\/de\/wp-json\/wp\/v2\/types\/page"}],"author":[{"embeddable":true,"href":"https:\/\/montipower-ontwikkel.com\/de\/wp-json\/wp\/v2\/users\/3"}],"replies":[{"embeddable":true,"href":"https:\/\/montipower-ontwikkel.com\/de\/wp-json\/wp\/v2\/comments?post=9861"}],"version-history":[{"count":4,"href":"https:\/\/montipower-ontwikkel.com\/de\/wp-json\/wp\/v2\/pages\/9861\/revisions"}],"predecessor-version":[{"id":10331,"href":"https:\/\/montipower-ontwikkel.com\/de\/wp-json\/wp\/v2\/pages\/9861\/revisions\/10331"}],"up":[{"embeddable":true,"href":"https:\/\/montipower-ontwikkel.com\/de\/wp-json\/wp\/v2\/pages\/9828"}],"wp:attachment":[{"href":"https:\/\/montipower-ontwikkel.com\/de\/wp-json\/wp\/v2\/media?parent=9861"}],"curies":[{"name":"wp","href":"https:\/\/api.w.org\/{rel}","templated":true}]}}