{"id":9857,"date":"2020-06-08T16:38:21","date_gmt":"2020-06-08T14:38:21","guid":{"rendered":"https:\/\/monti.la-compagnie.digital\/maerkte\/signage\/"},"modified":"2021-04-24T20:21:35","modified_gmt":"2021-04-24T18:21:35","slug":"beschilderung","status":"publish","type":"page","link":"https:\/\/montipower-ontwikkel.com\/de\/maerkte\/beschilderung\/","title":{"rendered":"Beschilderung"},"content":{"rendered":"<div class=\"wpb-content-wrapper\"><p>[vc_section full_width=&#8221;stretch_row&#8221; content_placement=&#8221;bottom&#8221; css=&#8221;.vc_custom_1592558508100{padding-top: 30px !important;padding-bottom: 0px !important;background: #ff1212 url(https:\/\/montipower.com\/wp-content\/uploads\/2020\/06\/Signage-scaled.jpg?id=5469) !important;background-position: center !important;background-repeat: no-repeat !important;background-size: cover !important;}&#8221; el_class=&#8221;topbig&#8221;][vc_row css=&#8221;.vc_custom_1569318223776{padding-right: 100px !important;padding-left: 100px !important;}&#8221;][vc_column width=&#8221;1\/2&#8243;][vc_column_text]<\/p>\n<h1>Beschilderung<\/h1>\n<p>[\/vc_column_text][\/vc_column][vc_column width=&#8221;1\/2&#8243;][\/vc_column][\/vc_row][vc_row full_width=&#8221;stretch_row_content_no_spaces&#8221; content_placement=&#8221;bottom&#8221; css=&#8221;.vc_custom_1572526136907{padding-top: 0px !important;padding-bottom: 100px !important;background-position: 0 0 !important;background-repeat: no-repeat !important;}&#8221; el_class=&#8221;hometopfotorij&#8221;][vc_column][\/vc_column][\/vc_row][vc_row full_width=&#8221;stretch_row&#8221; css=&#8221;.vc_custom_1572525974229{background-color: #f1f1f1 !important;}&#8221;][vc_column][vc_column_text el_class=&#8221;montbreadcrumbs&#8221; css=&#8221;.vc_custom_1569318576735{padding-right: 100px !important;padding-left: 100px !important;}&#8221;]<nav aria-label=\"breadcrumbs\" class=\"rank-math-breadcrumb\"><p><span class=\"last\">Home<\/span><\/p><\/nav>[\/vc_column_text][\/vc_column][\/vc_row][\/vc_section][vc_section full_width=&#8221;stretch_row&#8221; el_class=&#8221;textcomp&#8221;][vc_row][vc_column][vc_column_text]<\/p>\n<h2>Einfache entfernung von beschriftungen;<br \/>\nMontiPower<sup>\u00ae<\/sup> Vinyl Zapper<sup>\u00ae<\/sup><\/h2>\n<p>Bereits im 18. Jahrhundert begannen Kaufleute und Gesch\u00e4ftsinhaber ihre Produkte mit handgemalten Schildern zu bewerben. Einige waren echte Kunstwerke. Heute werden Beschriftungen und Folien in allen vorstellbaren Formen, Farben und Gr\u00f6\u00dfen von modernsten, teils digitalen Druckmaschinen erstellt: F\u00fcr Kfz und Lkw bis hin zu Z\u00fcgen, Flugzeugen und Kreuzfahrtschiffen.<\/p>\n<h4>Beschriftungen ersetzen<\/h4>\n<p>Beschriftungen m\u00fcssen in unserer schnelllebigen Zeit regelm\u00e4\u00dfig angepasst werden. Neue Logos, Schriftz\u00fcge und Designs ersetzen Vorangegangene. Einfaches und schnelles Entfernen erm\u00f6glicht der MontiPower<sup>\u00ae<\/sup> Vinyl Zapper<sup>\u00ae<\/sup>. Bis zu dessen Verf\u00fcgbarkeit war dies eine zeitraubende und unangenehme T\u00e4tigkeit mit konventionellen Hilfsmitteln wie Schabern oder Hei\u00dfluftf\u00f6nen.<\/p>\n<h4>MontiPower Vinyl Zapper<sup>\u00ae<\/sup>: einfach, schnell und sorgf\u00e4ltig.<\/h4>\n<p>Das patentierte Vinyl Zapper<sup>\u00ae<\/sup> Band entfernt Vinyl, Kleber\u00fcckst\u00e4nde, reflektierende Folien, Aufkleber und doppelseitiges Klebeband auf die einfachste und sicherste Weise. Er\u00a0schont darunter liegende Lackierungen und Materialien und ist daher das ideale Werkzeug f\u00fcr die sichere und sorgf\u00e4ltige Entfernung aller Vinyl-R\u00fcckst\u00e4nde.<\/p>\n<h5>Leichtes &amp; schnelles entfernen von:<\/h5>\n<ul>\n<li>Vinyl<\/li>\n<li>Klebstoff<\/li>\n<li>Aufklebern<\/li>\n<\/ul>\n<p>Entfernt auch die Kunststoffbeschichtung auf der Innenwand eines Flugzeugs.<br \/>\nEntfernt Klebefolien und Beschriftungen von Autolackierungen[\/vc_column_text][\/vc_column][\/vc_row][\/vc_section][vc_row css=&#8221;.vc_custom_1572353854868{padding-right: 50px !important;padding-left: 50px !important;}&#8221;][vc_column][vc_column_text]<\/p>\n<h2 style=\"text-align: center;\">Entdecken Sie Unsere Produkte<\/h2>\n<p>[\/vc_column_text][vc_row_inner][vc_column_inner width=&#8221;1\/3&#8243;][vc_btn title=&#8221;MBX\u00ae Vinyl Zapper<sup>\u00ae<\/sup> Pneumatic&#8221; style=&#8221;classic&#8221; shape=&#8221;square&#8221; size=&#8221;lg&#8221; align=&#8221;center&#8221; button_block=&#8221;true&#8221; link=&#8221;url:https%3A%2F%2Fmontipower.com%2Fde%2Fprodukte%2Fpowermachines%2Fvinyl-zapper-pneumatic%2F|title:vinyl%20zapper&#8221; el_class=&#8221;solutions-button&#8221;][\/vc_column_inner][vc_column_inner width=&#8221;1\/3&#8243;][vc_btn title=&#8221;MBX\u00ae Vinyl Zapper<sup>\u00ae<\/sup> Electric&#8221; style=&#8221;classic&#8221; shape=&#8221;square&#8221; size=&#8221;lg&#8221; align=&#8221;center&#8221; button_block=&#8221;true&#8221; link=&#8221;url:https%3A%2F%2Fmontipower.com%2Fde%2Fprodukte%2Fpowermachines%2Fvinyl-zapper-electric%2F|title:electric&#8221; el_class=&#8221;solutions-button&#8221;][\/vc_column_inner][vc_column_inner width=&#8221;1\/3&#8243;][vc_btn title=&#8221;MBX<sup>\u00ae<\/sup> Vinyl Zapper\u00ae Ultimate&#8221; style=&#8221;classic&#8221; shape=&#8221;square&#8221; size=&#8221;lg&#8221; align=&#8221;center&#8221; button_block=&#8221;true&#8221; link=&#8221;url:https%3A%2F%2Fmontipower.com%2Fde%2Fprodukte%2Fpowermachines%2Fmbx-decalpower%2F|title:ultimate&#8221; el_class=&#8221;solutions-button&#8221;][\/vc_column_inner][\/vc_row_inner][\/vc_column][\/vc_row]<\/p>\n<\/div>","protected":false},"excerpt":{"rendered":"<p>[vc_section full_width=&#8221;stretch_row&#8221; content_placement=&#8221;bottom&#8221; css=&#8221;.vc_custom_1592558508100{padding-top: 30px !important;padding-bottom: 0px !important;background: #ff1212 url(https:\/\/montipower.com\/wp-content\/uploads\/2020\/06\/Signage-scaled.jpg?id=5469) !important;background-position: &#8230; <\/p>\n","protected":false},"author":3,"featured_media":9397,"parent":9828,"menu_order":0,"comment_status":"closed","ping_status":"closed","template":"","meta":{"_acf_changed":false,"footnotes":""},"acf":[],"_links":{"self":[{"href":"https:\/\/montipower-ontwikkel.com\/de\/wp-json\/wp\/v2\/pages\/9857"}],"collection":[{"href":"https:\/\/montipower-ontwikkel.com\/de\/wp-json\/wp\/v2\/pages"}],"about":[{"href":"https:\/\/montipower-ontwikkel.com\/de\/wp-json\/wp\/v2\/types\/page"}],"author":[{"embeddable":true,"href":"https:\/\/montipower-ontwikkel.com\/de\/wp-json\/wp\/v2\/users\/3"}],"replies":[{"embeddable":true,"href":"https:\/\/montipower-ontwikkel.com\/de\/wp-json\/wp\/v2\/comments?post=9857"}],"version-history":[{"count":6,"href":"https:\/\/montipower-ontwikkel.com\/de\/wp-json\/wp\/v2\/pages\/9857\/revisions"}],"predecessor-version":[{"id":11383,"href":"https:\/\/montipower-ontwikkel.com\/de\/wp-json\/wp\/v2\/pages\/9857\/revisions\/11383"}],"up":[{"embeddable":true,"href":"https:\/\/montipower-ontwikkel.com\/de\/wp-json\/wp\/v2\/pages\/9828"}],"wp:featuredmedia":[{"embeddable":true,"href":"https:\/\/montipower-ontwikkel.com\/de\/wp-json\/wp\/v2\/media\/9397"}],"wp:attachment":[{"href":"https:\/\/montipower-ontwikkel.com\/de\/wp-json\/wp\/v2\/media?parent=9857"}],"curies":[{"name":"wp","href":"https:\/\/api.w.org\/{rel}","templated":true}]}}