{"id":9854,"date":"2020-06-04T10:12:13","date_gmt":"2020-06-04T08:12:13","guid":{"rendered":"https:\/\/monti.la-compagnie.digital\/maerkte\/oem\/"},"modified":"2021-11-16T16:48:47","modified_gmt":"2021-11-16T15:48:47","slug":"oem","status":"publish","type":"page","link":"https:\/\/montipower-ontwikkel.com\/de\/maerkte\/oem\/","title":{"rendered":"OEM"},"content":{"rendered":"<div class=\"wpb-content-wrapper\"><p>[vc_section full_width=&#8221;stretch_row&#8221; content_placement=&#8221;bottom&#8221; css=&#8221;.vc_custom_1591361314235{padding-top: 30px !important;padding-bottom: 0px !important;background: #ff1212 url(https:\/\/montipower.com\/wp-content\/uploads\/2019\/12\/Airplane_1024x768.jpg?id=4389) !important;background-position: center !important;background-repeat: no-repeat !important;background-size: cover !important;}&#8221; el_class=&#8221;topbig&#8221;][vc_row css=&#8221;.vc_custom_1569318223776{padding-right: 100px !important;padding-left: 100px !important;}&#8221;][vc_column width=&#8221;1\/2&#8243;][vc_column_text]<\/p>\n<h1>OEM<\/h1>\n<p>[\/vc_column_text][\/vc_column][vc_column width=&#8221;1\/2&#8243;][\/vc_column][\/vc_row][vc_row full_width=&#8221;stretch_row_content_no_spaces&#8221; content_placement=&#8221;bottom&#8221; css=&#8221;.vc_custom_1572526136907{padding-top: 0px !important;padding-bottom: 100px !important;background-position: 0 0 !important;background-repeat: no-repeat !important;}&#8221; el_class=&#8221;hometopfotorij&#8221;][vc_column][\/vc_column][\/vc_row][vc_row full_width=&#8221;stretch_row&#8221; css=&#8221;.vc_custom_1572525974229{background-color: #f1f1f1 !important;}&#8221;][vc_column][vc_column_text el_class=&#8221;montbreadcrumbs&#8221; css=&#8221;.vc_custom_1569318576735{padding-right: 100px !important;padding-left: 100px !important;}&#8221;]<nav aria-label=\"breadcrumbs\" class=\"rank-math-breadcrumb\"><p><span class=\"last\">Home<\/span><\/p><\/nav>[\/vc_column_text][\/vc_column][\/vc_row][\/vc_section][vc_section full_width=&#8221;stretch_row&#8221; el_class=&#8221;textcomp&#8221;][vc_row][vc_column][vc_column_text]Wir produzieren hochqualitative Systeme zur Oberfl\u00e4chenvorbereitung, welche auf die Steigerung der Produktivit\u00e4t in OEM Werkst\u00e4tten ausgelegt sind.<\/p>\n<p>MontiPower<sup>\u00ae<\/sup> hat ein umfangreiches Portfolio an Werkzeugen, B\u00e4ndern und Zubeh\u00f6r, welches die kosteneffektive Oberfl\u00e4chenvorbereitung f\u00fcr die Beschichtung von OEM Produkten, Tanks und sonstiger Ausr\u00fcstung ohne Strahlmittel erm\u00f6glicht. Unsere innovativen L\u00f6sungen reduzieren die Arbeitskosten, steigern die Produktivit\u00e4t und bieten ein H\u00f6chstma\u00df an Arbeitssicherheit und Gesundheitsschutz. So wird Ihr Betriebsergebnis auf positive Weise beeinflusst. Mit der F\u00e4higkeit, eine konstante, gleichf\u00f6rmige und regelm\u00e4\u00dfige Reinheit und Rauigkeit zu erzeugen, unterscheiden wir uns vom Wettbewerb.<\/p>\n<p>Seit vielen Jahren statten wir Hersteller in der Schwerindustrie mit kosteneffektiven Systemen zur Oberfl\u00e4chenvorbereitung aus und kennen die Bedeutung von Geschwindigkeit und Leistung in industriellen Fertigungsprozessen.<\/p>\n<p>Die MontiPower<sup>\u00ae<\/sup> Systeme erm\u00f6glichen eine h\u00f6here Produktivit\u00e4t bei einfachstem Handling. So tragen wir zu Kostenreduzierungen durch minimale R\u00fcstzeiten, Einsparungen in der Logistik, bessere Adh\u00e4sionsleistung und dadurch weniger Reparaturen, Neuanstriche oder R\u00fcckrufe bei.<\/p>\n<p>Unsere neuste Vinyl Zapper<sup>\u00ae<\/sup> Technologie erm\u00f6glicht das extrem schnelle Entfernen von Folien von Z\u00fcgen, Flugzeugen, LKWs, Bussen, Traktoren und anderen Fahrzeugen und Objekten.[\/vc_column_text][\/vc_column][\/vc_row][\/vc_section]<\/p>\n<\/div>","protected":false},"excerpt":{"rendered":"<p>[vc_section full_width=&#8221;stretch_row&#8221; content_placement=&#8221;bottom&#8221; css=&#8221;.vc_custom_1591361314235{padding-top: 30px !important;padding-bottom: 0px !important;background: #ff1212 url(https:\/\/montipower.com\/wp-content\/uploads\/2019\/12\/Airplane_1024x768.jpg?id=4389) !important;background-position: &#8230; <\/p>\n","protected":false},"author":3,"featured_media":0,"parent":9828,"menu_order":0,"comment_status":"closed","ping_status":"closed","template":"","meta":{"_acf_changed":false,"footnotes":""},"acf":[],"_links":{"self":[{"href":"https:\/\/montipower-ontwikkel.com\/de\/wp-json\/wp\/v2\/pages\/9854"}],"collection":[{"href":"https:\/\/montipower-ontwikkel.com\/de\/wp-json\/wp\/v2\/pages"}],"about":[{"href":"https:\/\/montipower-ontwikkel.com\/de\/wp-json\/wp\/v2\/types\/page"}],"author":[{"embeddable":true,"href":"https:\/\/montipower-ontwikkel.com\/de\/wp-json\/wp\/v2\/users\/3"}],"replies":[{"embeddable":true,"href":"https:\/\/montipower-ontwikkel.com\/de\/wp-json\/wp\/v2\/comments?post=9854"}],"version-history":[{"count":4,"href":"https:\/\/montipower-ontwikkel.com\/de\/wp-json\/wp\/v2\/pages\/9854\/revisions"}],"predecessor-version":[{"id":10326,"href":"https:\/\/montipower-ontwikkel.com\/de\/wp-json\/wp\/v2\/pages\/9854\/revisions\/10326"}],"up":[{"embeddable":true,"href":"https:\/\/montipower-ontwikkel.com\/de\/wp-json\/wp\/v2\/pages\/9828"}],"wp:attachment":[{"href":"https:\/\/montipower-ontwikkel.com\/de\/wp-json\/wp\/v2\/media?parent=9854"}],"curies":[{"name":"wp","href":"https:\/\/api.w.org\/{rel}","templated":true}]}}