{"id":9851,"date":"2019-09-25T13:56:36","date_gmt":"2019-09-25T11:56:36","guid":{"rendered":"https:\/\/monti.la-compagnie.digital\/maerkte\/infra-solutions\/"},"modified":"2021-06-11T11:17:39","modified_gmt":"2021-06-11T09:17:39","slug":"infra-loesungen","status":"publish","type":"page","link":"https:\/\/montipower-ontwikkel.com\/de\/maerkte\/infra-loesungen\/","title":{"rendered":"Br\u00fccken, schiene, hafen &#038; autobahnen"},"content":{"rendered":"<div class=\"wpb-content-wrapper\"><p>[vc_section full_width=&#8221;stretch_row&#8221; content_placement=&#8221;bottom&#8221; css=&#8221;.vc_custom_1574970437896{padding-top: 30px !important;padding-bottom: 0px !important;background-image: url(https:\/\/montipower.com\/wp-content\/uploads\/2019\/10\/Our-Story3-1.jpg?id=3365) !important;background-position: center !important;background-repeat: no-repeat !important;background-size: cover !important;}&#8221; el_class=&#8221;topbig&#8221;][vc_row css=&#8221;.vc_custom_1569318223776{padding-right: 100px !important;padding-left: 100px !important;}&#8221;][vc_column width=&#8221;1\/2&#8243;][vc_column_text]<\/p>\n<h1>Br\u00fccken, Schiene, Hafen &amp; Autobahnen<\/h1>\n<p>[\/vc_column_text][\/vc_column][vc_column width=&#8221;1\/2&#8243;][\/vc_column][\/vc_row][vc_row full_width=&#8221;stretch_row_content_no_spaces&#8221; content_placement=&#8221;bottom&#8221; css=&#8221;.vc_custom_1572537047859{padding-top: 0px !important;padding-bottom: 100px !important;background-position: 0 0 !important;background-repeat: no-repeat !important;}&#8221; el_class=&#8221;hometopfotorij&#8221;][vc_column][\/vc_column][\/vc_row][vc_row full_width=&#8221;stretch_row&#8221; css=&#8221;.vc_custom_1572537058095{background-color: #f1f1f1 !important;}&#8221;][vc_column][vc_column_text el_class=&#8221;montbreadcrumbs&#8221; css=&#8221;.vc_custom_1569318576735{padding-right: 100px !important;padding-left: 100px !important;}&#8221;]<nav aria-label=\"breadcrumbs\" class=\"rank-math-breadcrumb\"><p><span class=\"last\">Home<\/span><\/p><\/nav>[\/vc_column_text][\/vc_column][\/vc_row][\/vc_section][vc_section full_width=&#8221;stretch_row&#8221; el_class=&#8221;textcomp&#8221;][vc_row][vc_column][vc_column_text]<\/p>\n<h3>Ursache nummer eins f\u00fcr das versagen von stahlinfrasturktur<\/h3>\n<p>[\/vc_column_text][vc_column_text]Bis in die 1980er Jahre enthielten die auf den meisten Stahlkonstruktionen verarbeiteten Farben und Beschichtungen Bleimennige und in manchen F\u00e4llen sogar Asbest. Daher sind die regelm\u00e4\u00dfige Inspektion und Wartung der \u00f6ffentlichen Infrastruktur aufgrund der damit verbundenen Risiken f\u00fcr Mensch und Umwelt ein aufw\u00e4ndiges und teures Unterfangen.[\/vc_column_text][vc_column_text]<\/p>\n<h5>Arbeitsintensiv und gef\u00e4hrlich<\/h5>\n<p>Die Instandhaltung von Stahl im Bereich \u00f6ffentlicher Infrastruktur besteht aus der Entfernung von Korrosion und Beschichtungen, sowie der Neubeschichtung. Eine effektive und effiziente Methode zur Oberfl\u00e4chenvorbereitung ist das Sandstrahlen \u2013 mit all seinen problematischen Nebeneffekten. Sandstrahlen ist gef\u00e4hrlich, extrem arbeitsintensiv und die teuerste Arbeit bei der Wartung von Stahlbr\u00fccken. Die Arbeiter m\u00fcssen dabei \u00fcber lange Zeitr\u00e4ume Kr\u00e4fte von \u00fcber 100 N kontrollieren und sich und andere gleichzeitig vor kontaminierten St\u00e4uben sch\u00fctzen.<\/p>\n<h5>Akkubetriebene staubabsaugung<\/h5>\n<p>Wie bereits angesprochen, bringen abrasive Strahlverfahren Risiken f\u00fcr Mensch und Umwelt mit sich: blei-, asbest- oder chrom-(VI)-haltigen Beschichtungen werden dabei als feine St\u00e4ube emittiert und kontaminieren die Arbeitsumfeld. Eine Gefahr f\u00fcr Mensch und Umwelt. Daher m\u00fcssen Wartungs- und Instandhaltungsarbeiten im \u00f6ffentlichen Raum stets vollst\u00e4ndig eingeschlossen werden.<\/p>\n<p>Mit dem Bristle Blasting Verfahren in Verbindung mit einer akkubetriebener Staubabsaugung wird somit eine ma\u00dfgebliche Verbesserung in den Bereichen Gesundheits-, Arbeits- und Umweltschutz Ihres Projektes erzielt.[\/vc_column_text][\/vc_column][\/vc_row][vc_row][vc_column][vc_single_image image=&#8221;5446&#8243; img_size=&#8221;1024&#215;800&#8243; alignment=&#8221;center&#8221;][\/vc_column][\/vc_row][\/vc_section][vc_section full_width=&#8221;stretch_row&#8221; el_class=&#8221;solutionscomp&#8221; css=&#8221;.vc_custom_1572537115228{padding-bottom: 100px !important;}&#8221;][vc_row css=&#8221;.vc_custom_1569314205235{padding-right: 50px !important;padding-left: 50px !important;}&#8221;][vc_column][vc_column_text]<\/p>\n<h2 style=\"text-align: center;\">Entdecken Sie Unsere Produkte<\/h2>\n<p>[\/vc_column_text][vc_row_inner][vc_column_inner width=&#8221;1\/3&#8243;][vc_btn title=&#8221;Bristle Blaster<sup>\u00ae<\/sup>&#8221; style=&#8221;classic&#8221; shape=&#8221;square&#8221; size=&#8221;lg&#8221; align=&#8221;center&#8221; button_block=&#8221;true&#8221; link=&#8221;url:https%3A%2F%2Fmontipower.com%2Fde%2Fprodukte%2Fpowertools%2Fbristle-blaster-double%2F|title:Bristle%20Blaster&#8221; el_class=&#8221;solutions-button&#8221;][\/vc_column_inner][vc_column_inner width=&#8221;1\/3&#8243;][vc_btn title=&#8221;Bristle Blaster<sup>\u00ae<\/sup> Cordless&#8221; style=&#8221;classic&#8221; shape=&#8221;square&#8221; size=&#8221;lg&#8221; align=&#8221;center&#8221; button_block=&#8221;true&#8221; link=&#8221;url:https%3A%2F%2Fmontipower.com%2Fde%2Fprodukte%2Fpowertools%2Fbristle-blaster-cordless%2F|title:Cordless&#8221; el_class=&#8221;solutions-button&#8221;][\/vc_column_inner][vc_column_inner width=&#8221;1\/3&#8243;][vc_btn title=&#8221;Quattro (Q4)&#8221; style=&#8221;classic&#8221; shape=&#8221;square&#8221; size=&#8221;lg&#8221; align=&#8221;center&#8221; button_block=&#8221;true&#8221; link=&#8221;url:https%3A%2F%2Fmontipower.com%2Fde%2Fprodukte%2Fpowermachines%2Fquattro-4%2F|title:Quattro&#8221; el_class=&#8221;solutions-button&#8221;][\/vc_column_inner][\/vc_row_inner][\/vc_column][\/vc_row][\/vc_section]<\/p>\n<\/div>","protected":false},"excerpt":{"rendered":"<p>[vc_section full_width=&#8221;stretch_row&#8221; content_placement=&#8221;bottom&#8221; css=&#8221;.vc_custom_1574970437896{padding-top: 30px !important;padding-bottom: 0px !important;background-image: url(https:\/\/montipower.com\/wp-content\/uploads\/2019\/10\/Our-Story3-1.jpg?id=3365) !important;background-position: center &#8230; <\/p>\n","protected":false},"author":3,"featured_media":8338,"parent":9828,"menu_order":0,"comment_status":"closed","ping_status":"closed","template":"","meta":{"_acf_changed":false,"footnotes":""},"acf":[],"_links":{"self":[{"href":"https:\/\/montipower-ontwikkel.com\/de\/wp-json\/wp\/v2\/pages\/9851"}],"collection":[{"href":"https:\/\/montipower-ontwikkel.com\/de\/wp-json\/wp\/v2\/pages"}],"about":[{"href":"https:\/\/montipower-ontwikkel.com\/de\/wp-json\/wp\/v2\/types\/page"}],"author":[{"embeddable":true,"href":"https:\/\/montipower-ontwikkel.com\/de\/wp-json\/wp\/v2\/users\/3"}],"replies":[{"embeddable":true,"href":"https:\/\/montipower-ontwikkel.com\/de\/wp-json\/wp\/v2\/comments?post=9851"}],"version-history":[{"count":6,"href":"https:\/\/montipower-ontwikkel.com\/de\/wp-json\/wp\/v2\/pages\/9851\/revisions"}],"predecessor-version":[{"id":17726,"href":"https:\/\/montipower-ontwikkel.com\/de\/wp-json\/wp\/v2\/pages\/9851\/revisions\/17726"}],"up":[{"embeddable":true,"href":"https:\/\/montipower-ontwikkel.com\/de\/wp-json\/wp\/v2\/pages\/9828"}],"wp:featuredmedia":[{"embeddable":true,"href":"https:\/\/montipower-ontwikkel.com\/de\/wp-json\/wp\/v2\/media\/8338"}],"wp:attachment":[{"href":"https:\/\/montipower-ontwikkel.com\/de\/wp-json\/wp\/v2\/media?parent=9851"}],"curies":[{"name":"wp","href":"https:\/\/api.w.org\/{rel}","templated":true}]}}