{"id":9843,"date":"2019-09-25T13:45:02","date_gmt":"2019-09-25T11:45:02","guid":{"rendered":"https:\/\/monti.la-compagnie.digital\/maerkte\/marine-solutions\/"},"modified":"2021-10-27T15:07:28","modified_gmt":"2021-10-27T13:07:28","slug":"marine-loesungen","status":"publish","type":"page","link":"https:\/\/montipower-ontwikkel.com\/de\/maerkte\/marine-loesungen\/","title":{"rendered":"Marine"},"content":{"rendered":"<div class=\"wpb-content-wrapper\"><p>[vc_section full_width=&#8221;stretch_row&#8221; content_placement=&#8221;bottom&#8221; css=&#8221;.vc_custom_1574970584855{padding-top: 30px !important;padding-bottom: 0px !important;background-image: url(https:\/\/montipower.com\/wp-content\/uploads\/2019\/10\/Marine_Submarine_RGB_72dpi-1.jpg?id=3476) !important;background-position: center !important;background-repeat: no-repeat !important;background-size: cover !important;}&#8221; el_class=&#8221;topbig&#8221;][vc_row css=&#8221;.vc_custom_1569318223776{padding-right: 100px !important;padding-left: 100px !important;}&#8221;][vc_column width=&#8221;1\/2&#8243;][vc_column_text]<\/p>\n<h1>Marine<\/h1>\n<p>[\/vc_column_text][\/vc_column][vc_column width=&#8221;1\/2&#8243;][\/vc_column][\/vc_row][vc_row full_width=&#8221;stretch_row_content_no_spaces&#8221; content_placement=&#8221;bottom&#8221; css=&#8221;.vc_custom_1572537177712{padding-top: 0px !important;padding-bottom: 100px !important;background-position: 0 0 !important;background-repeat: no-repeat !important;}&#8221; el_class=&#8221;hometopfotorij&#8221;][vc_column][\/vc_column][\/vc_row][vc_row full_width=&#8221;stretch_row&#8221; css=&#8221;.vc_custom_1572537189812{background-color: #f1f1f1 !important;}&#8221;][vc_column][vc_column_text el_class=&#8221;montbreadcrumbs&#8221; css=&#8221;.vc_custom_1569318576735{padding-right: 100px !important;padding-left: 100px !important;}&#8221;]<nav aria-label=\"breadcrumbs\" class=\"rank-math-breadcrumb\"><p><span class=\"last\">Home<\/span><\/p><\/nav>[\/vc_column_text][\/vc_column][\/vc_row][\/vc_section][vc_section full_width=&#8221;stretch_row&#8221; el_class=&#8221;textcomp&#8221;][vc_row css=&#8221;.vc_custom_1569324067303{padding-right: 200px !important;padding-left: 200px !important;}&#8221;][vc_column][vc_column_text]<\/p>\n<h2><span style=\"font-weight: 400;\">Vorteile von MontiPower<sup>\u00ae<\/sup> Marine<\/span><\/h2>\n<p>[\/vc_column_text][vc_column_text]Korrosion an Wasserfahrzeugen ist ein Problem im Multi-Milliarden-Dollar-Bereich. Eine gut vorbereitete Oberfl\u00e4che ist frei von l\u00f6slichen Stoffen, die ein vorzeitiges Versagen des Beschichtungssystems verursachen und die Lebensdauer eines Schiffes verringern k\u00f6nnen. Die Beschichtungssysteme eines Wasserfahrzeuges sch\u00fctzen das Tr\u00e4germaterial vor Wasser, Rost, S\u00e4uren, extremen Temperaturen und anderen Elementen, die Korrosion und Zersetzung verursachen k\u00f6nnen.[\/vc_column_text][vc_column_text]Setzen Sie auf unsere patentierten Technologien zur Oberfl\u00e4chenvorbereitung, um eine perfekte Haftung des Beschichtungssystem auf der Tr\u00e4germaterial sicherzustellen. Die Haltbarkeit der Beschichtung wird so verl\u00e4ngert und die Wartungskosten des Schiffes reduziert.<\/p>\n<h5>Bristle Blasting im vergleich zu abrasivem strahlen (lose strahlmittel)<\/h5>\n<p>Verglichen mit dem abrasiven Strahlen ist das Bristle Blasting nicht sonderlich arbeitsintensiv oder risikobehaftet. Sandstrahlen hingegen ist arbeitsintensiv und teuer. Dar\u00fcber hinaus bringen abrasive Strahlverfahren auch Risiken f\u00fcr Mensch und Umwelt mit sich: Beim Strahlen werden die teilweise toxischen Bestandteile einer Beschichtung als feine St\u00e4ube mittiert und gef\u00e4hrden so den Anwender und kontaminieren die Umgebung.<\/p>\n<h5>Akkubetriebene staubabsaugung<\/h5>\n<p>Aufgrund der hohen Giftigkeit sowie den daraus resultierenden langfristigen Gesundheitssch\u00e4den die von blei-, asbest- oder chrom-(VI)-haltigen Beschichtungen ausgehen, m\u00fcssen \u00f6ffentliche Wartungsarbeiten komplett eingeschlossen werden. Das Bristle Blasting Verfahren in Verbindung mit unserer akkubetriebener Staubabsaugung wird daher eine signifikante Auswirkung auf die Bereiche Gesundheits-, Arbeits- und Umweltschutz Ihres Projektes haben.[\/vc_column_text][\/vc_column][\/vc_row][\/vc_section][vc_section full_width=&#8221;stretch_row&#8221; css=&#8221;.vc_custom_1572537294237{margin-top: 0px !important;margin-bottom: 0px !important;padding-top: 0px !important;padding-bottom: 0px !important;}&#8221;][vc_row css=&#8221;.vc_custom_1572537300156{margin-top: 0px !important;margin-bottom: 0px !important;padding-top: 0px !important;padding-bottom: 0px !important;}&#8221;][vc_column][vc_single_image image=&#8221;3353&#8243; img_size=&#8221;full&#8221; alignment=&#8221;center&#8221; css=&#8221;.vc_custom_1575302409450{margin-bottom: 0px !important;padding-bottom: 0px !important;}&#8221;][\/vc_column][\/vc_row][\/vc_section][vc_section el_class=&#8221;textcomp&#8221;][vc_row][vc_column][vc_column_text]<img decoding=\"async\" class=\"alignleft size-full wp-image-1940\" src=\"https:\/\/montipower.com\/wp-content\/uploads\/2019\/10\/plusje.png\" alt=\"\" width=\"50\" height=\"50\" \/><\/p>\n<p>Koventionelle Drahtb\u00fcrsten: rotierende Drahtb\u00fcrsten k\u00f6nnen Flugrost oder losen, pulvrigen Rost entfernen. Jedoch keine dicken Rostkrusten, Schlacken und aufgebauten Rost.[\/vc_column_text][vc_column_text]<img decoding=\"async\" class=\"alignleft size-full wp-image-1940\" src=\"https:\/\/montipower.com\/wp-content\/uploads\/2019\/10\/plusje.png\" alt=\"\" width=\"50\" height=\"50\" \/><\/p>\n<p>Rotationsschleifen: Siliziumkarbidscheiben reinigen unregelm\u00e4\u00dfige und narbige Oberfl\u00e4chen[\/vc_column_text][vc_column_text]<img decoding=\"async\" class=\"alignleft size-full wp-image-1940\" src=\"https:\/\/montipower.com\/wp-content\/uploads\/2019\/10\/plusje.png\" alt=\"\" width=\"50\" height=\"50\" \/><\/p>\n<p>Abrasives Strahlen: Durch Luftdruck beschleunigtes Strahlmittel entfernt beim Auftreffen auf eine Oberfl\u00e4che Rost und andere Verunreinigungen und erzeugt ein raues Oberfl\u00e4chenprofil[\/vc_column_text][vc_column_text]<img decoding=\"async\" class=\"alignleft size-full wp-image-1940\" src=\"https:\/\/montipower.com\/wp-content\/uploads\/2019\/10\/plusje.png\" alt=\"\" width=\"50\" height=\"50\" \/><\/p>\n<p>Nadelentroster: Mei\u00dfel- oder hammerartige Werkzeuge entfernen dicke Rostkrusten, Schlacken und aufgebauten Rost.[\/vc_column_text][vc_column_text]<img decoding=\"async\" class=\"alignleft size-full wp-image-1940\" src=\"https:\/\/montipower.com\/wp-content\/uploads\/2019\/10\/plusje.png\" alt=\"\" width=\"50\" height=\"50\" \/><\/p>\n<p>Reinigung mit L\u00f6semitteln: Tenside und Chemikalien entfernen \u00d6l, Schmierstoffe und Schmutz vor dem Einsatz von Strahlverfahren[\/vc_column_text][vc_column_text]<img decoding=\"async\" class=\"alignleft size-full wp-image-1940\" src=\"https:\/\/montipower.com\/wp-content\/uploads\/2019\/10\/plusje.png\" alt=\"\" width=\"50\" height=\"50\" \/><\/p>\n<p>Wasserstrahlen: \u00d6l, Farbe und Rost werden durch einen Hochdruckwasserstrahl entfernt. Eine Oberfl\u00e4chenprofil wird jedoch nicht erzeugt.[\/vc_column_text][\/vc_column][\/vc_row][vc_row][vc_column][vc_column_text]Ideale Zeiten zur Oberfl\u00e4chenvorbereitung und Beschichtung eines Wasserfahrzeuges sind:<\/p>\n<ul>\n<li>Schiffsneubau<\/li>\n<li>Reparaturen<\/li>\n<li>Geplante Wartungsarbeiten<\/li>\n<li>Restaurierung<\/li>\n<li>Liegezeit im Trockendock<\/li>\n<\/ul>\n<p>[\/vc_column_text][\/vc_column][\/vc_row][vc_row css=&#8221;.vc_custom_1569314205235{padding-right: 50px !important;padding-left: 50px !important;}&#8221;][vc_column][vc_column_text]<\/p>\n<h2 style=\"text-align: center;\">Entdecken sie unsere produkte<\/h2>\n<p>[\/vc_column_text][vc_row_inner][vc_column_inner width=&#8221;1\/3&#8243;][vc_btn title=&#8221;Bristle Blaster<sup>\u00ae<\/sup>&#8221; style=&#8221;classic&#8221; shape=&#8221;square&#8221; size=&#8221;lg&#8221; align=&#8221;center&#8221; button_block=&#8221;true&#8221; link=&#8221;url:https%3A%2F%2Fmontipower.com%2Fde%2Fprodukte%2Fpowertools%2Fbristle-blaster-double%2F|title:Bristle%20Blaster%3Csup%3E%C2%AE%3C%2Fsup%3E&#8221; el_class=&#8221;solutions-button&#8221;][\/vc_column_inner][vc_column_inner width=&#8221;1\/3&#8243;][vc_btn title=&#8221;Cleantech prepper<sup>\u00ae<\/sup>&#8221; style=&#8221;classic&#8221; shape=&#8221;square&#8221; size=&#8221;lg&#8221; align=&#8221;center&#8221; button_block=&#8221;true&#8221; link=&#8221;url:https%3A%2F%2Fmontipower.com%2Fde%2Fservice-support%2Fcleantech-komplettservices%2F|title:prepper&#8221; el_class=&#8221;solutions-button&#8221;][\/vc_column_inner][vc_column_inner width=&#8221;1\/3&#8243;][vc_btn title=&#8221;Subsea&#8221; style=&#8221;classic&#8221; shape=&#8221;square&#8221; size=&#8221;lg&#8221; align=&#8221;center&#8221; button_block=&#8221;true&#8221; link=&#8221;url:https%3A%2F%2Fmontipower.com%2Fde%2Fprodukte%2Fpowermachines%2Fsubsea%2F|title:Subsea&#8221; el_class=&#8221;solutions-button&#8221;][\/vc_column_inner][\/vc_row_inner][\/vc_column][\/vc_row][\/vc_section][vc_section el_class=&#8221;clientslide&#8221;][vc_row][vc_column][vc_column_text css=&#8221;.vc_custom_1570726086126{margin-bottom: 10px !important;margin-left: 30px !important;}&#8221;][\/vc_column_text][vc_carousel_father theme=&#8221;content-over-slider&#8221; dot=&#8221;false&#8221; slide_visible=&#8221;4&#8243; tabs=&#8221;3&#8243; mbl_height=&#8221;200px&#8221;][vc_carousel_son image_id=&#8221;2574&#8243; img_width=&#8221;85%&#8221; img_height=&#8221;auto&#8221;][\/vc_carousel_son][vc_carousel_son image_id=&#8221;2575&#8243; img_width=&#8221;85%&#8221; img_height=&#8221;auto&#8221;][\/vc_carousel_son][vc_carousel_son image_id=&#8221;2576&#8243; contain_url=&#8221;https:\/\/bp.com&#8221; img_width=&#8221;85%&#8221; img_height=&#8221;auto&#8221;][\/vc_carousel_son][vc_carousel_son image_id=&#8221;2577&#8243; contain_url=&#8221;https:\/\/bp.com&#8221; img_width=&#8221;85%&#8221; img_height=&#8221;auto&#8221;][\/vc_carousel_son][vc_carousel_son image_id=&#8221;2579&#8243; contain_url=&#8221;https:\/\/bp.com&#8221; img_width=&#8221;85%&#8221; img_height=&#8221;auto&#8221;][\/vc_carousel_son][vc_carousel_son image_id=&#8221;2447&#8243; contain_url=&#8221;https:\/\/bp.com&#8221; img_width=&#8221;85%&#8221; img_height=&#8221;auto&#8221;][\/vc_carousel_son][vc_carousel_son image_id=&#8221;2583&#8243; contain_url=&#8221;https:\/\/bp.com&#8221; img_width=&#8221;85%&#8221; img_height=&#8221;auto&#8221;][\/vc_carousel_son][vc_carousel_son image_id=&#8221;2584&#8243; contain_url=&#8221;https:\/\/bp.com&#8221; img_width=&#8221;85%&#8221; img_height=&#8221;auto&#8221;][\/vc_carousel_son][vc_carousel_son image_id=&#8221;2585&#8243; contain_url=&#8221;https:\/\/bp.com&#8221; img_width=&#8221;85%&#8221; img_height=&#8221;auto&#8221;][\/vc_carousel_son][vc_carousel_son image_id=&#8221;2587&#8243; contain_url=&#8221;https:\/\/bp.com&#8221; img_width=&#8221;85%&#8221; img_height=&#8221;auto&#8221;][\/vc_carousel_son][vc_carousel_son image_id=&#8221;2589&#8243; contain_url=&#8221;https:\/\/bp.com&#8221; img_width=&#8221;85%&#8221; img_height=&#8221;auto&#8221;][\/vc_carousel_son][vc_carousel_son image_id=&#8221;2591&#8243; contain_url=&#8221;https:\/\/bp.com&#8221; img_width=&#8221;85%&#8221; img_height=&#8221;auto&#8221;][\/vc_carousel_son][vc_carousel_son image_id=&#8221;2592&#8243; contain_url=&#8221;https:\/\/bp.com&#8221; img_width=&#8221;85%&#8221; img_height=&#8221;auto&#8221;][\/vc_carousel_son][vc_carousel_son image_id=&#8221;2593&#8243; contain_url=&#8221;https:\/\/bp.com&#8221; img_width=&#8221;85%&#8221; img_height=&#8221;auto&#8221;][\/vc_carousel_son][vc_carousel_son image_id=&#8221;2595&#8243; contain_url=&#8221;https:\/\/bp.com&#8221; img_width=&#8221;85%&#8221; img_height=&#8221;auto&#8221;][\/vc_carousel_son][vc_carousel_son image_id=&#8221;2596&#8243; contain_url=&#8221;https:\/\/bp.com&#8221; img_width=&#8221;85%&#8221; img_height=&#8221;auto&#8221;][\/vc_carousel_son][vc_carousel_son image_id=&#8221;2598&#8243; contain_url=&#8221;https:\/\/bp.com&#8221; img_width=&#8221;85%&#8221; img_height=&#8221;auto&#8221;][\/vc_carousel_son][vc_carousel_son image_id=&#8221;2599&#8243; contain_url=&#8221;https:\/\/bp.com&#8221; img_width=&#8221;85%&#8221; img_height=&#8221;auto&#8221;][\/vc_carousel_son][\/vc_carousel_father][\/vc_column][\/vc_row][\/vc_section]<\/p>\n<\/div>","protected":false},"excerpt":{"rendered":"<p>[vc_section full_width=&#8221;stretch_row&#8221; content_placement=&#8221;bottom&#8221; css=&#8221;.vc_custom_1574970584855{padding-top: 30px !important;padding-bottom: 0px !important;background-image: url(https:\/\/montipower.com\/wp-content\/uploads\/2019\/10\/Marine_Submarine_RGB_72dpi-1.jpg?id=3476) !important;background-position: center &#8230; <\/p>\n","protected":false},"author":3,"featured_media":8430,"parent":9828,"menu_order":0,"comment_status":"closed","ping_status":"closed","template":"","meta":{"_acf_changed":false,"footnotes":""},"acf":[],"_links":{"self":[{"href":"https:\/\/montipower-ontwikkel.com\/de\/wp-json\/wp\/v2\/pages\/9843"}],"collection":[{"href":"https:\/\/montipower-ontwikkel.com\/de\/wp-json\/wp\/v2\/pages"}],"about":[{"href":"https:\/\/montipower-ontwikkel.com\/de\/wp-json\/wp\/v2\/types\/page"}],"author":[{"embeddable":true,"href":"https:\/\/montipower-ontwikkel.com\/de\/wp-json\/wp\/v2\/users\/3"}],"replies":[{"embeddable":true,"href":"https:\/\/montipower-ontwikkel.com\/de\/wp-json\/wp\/v2\/comments?post=9843"}],"version-history":[{"count":7,"href":"https:\/\/montipower-ontwikkel.com\/de\/wp-json\/wp\/v2\/pages\/9843\/revisions"}],"predecessor-version":[{"id":17727,"href":"https:\/\/montipower-ontwikkel.com\/de\/wp-json\/wp\/v2\/pages\/9843\/revisions\/17727"}],"up":[{"embeddable":true,"href":"https:\/\/montipower-ontwikkel.com\/de\/wp-json\/wp\/v2\/pages\/9828"}],"wp:featuredmedia":[{"embeddable":true,"href":"https:\/\/montipower-ontwikkel.com\/de\/wp-json\/wp\/v2\/media\/8430"}],"wp:attachment":[{"href":"https:\/\/montipower-ontwikkel.com\/de\/wp-json\/wp\/v2\/media?parent=9843"}],"curies":[{"name":"wp","href":"https:\/\/api.w.org\/{rel}","templated":true}]}}