{"id":9840,"date":"2019-09-25T13:47:26","date_gmt":"2019-09-25T11:47:26","guid":{"rendered":"https:\/\/monti.la-compagnie.digital\/maerkte\/mobility-solutions\/"},"modified":"2021-06-11T11:14:10","modified_gmt":"2021-06-11T09:14:10","slug":"automobilloesungen","status":"publish","type":"page","link":"https:\/\/montipower-ontwikkel.com\/de\/maerkte\/automobilloesungen\/","title":{"rendered":"Automobill\u00f6sungen"},"content":{"rendered":"<div class=\"wpb-content-wrapper\"><p>[vc_section full_width=&#8221;stretch_row&#8221; content_placement=&#8221;bottom&#8221; css=&#8221;.vc_custom_1574970616145{padding-top: 30px !important;padding-bottom: 0px !important;background-image: url(https:\/\/montipower.com\/wp-content\/uploads\/2019\/11\/MontiPower_Audi_RGB_WIDE_72dpi_1923x610px-1.jpg?id=3911) !important;background-position: center !important;background-repeat: no-repeat !important;background-size: cover !important;}&#8221; el_class=&#8221;topbig&#8221;][vc_row css=&#8221;.vc_custom_1569318223776{padding-right: 100px !important;padding-left: 100px !important;}&#8221;][vc_column width=&#8221;1\/2&#8243;][vc_column_text]<\/p>\n<h1>Automobil-<br \/>\nl\u00f6sungen<\/h1>\n<p>[\/vc_column_text][\/vc_column][vc_column width=&#8221;1\/2&#8243;][\/vc_column][\/vc_row][vc_row full_width=&#8221;stretch_row_content_no_spaces&#8221; content_placement=&#8221;bottom&#8221; css=&#8221;.vc_custom_1572537417433{padding-top: 0px !important;padding-bottom: 100px !important;background-position: 0 0 !important;background-repeat: no-repeat !important;}&#8221; el_class=&#8221;hometopfotorij&#8221;][vc_column][\/vc_column][\/vc_row][vc_row full_width=&#8221;stretch_row&#8221; css=&#8221;.vc_custom_1572537426158{background-color: #f1f1f1 !important;}&#8221;][vc_column][vc_column_text el_class=&#8221;montbreadcrumbs&#8221; css=&#8221;.vc_custom_1569318576735{padding-right: 100px !important;padding-left: 100px !important;}&#8221;]<nav aria-label=\"breadcrumbs\" class=\"rank-math-breadcrumb\"><p><span class=\"last\">Home<\/span><\/p><\/nav>[\/vc_column_text][\/vc_column][\/vc_row][\/vc_section][vc_section full_width=&#8221;stretch_row&#8221; el_class=&#8221;textcomp&#8221;][vc_row][vc_column][vc_column_text el_class=&#8221;intro&#8221;]<\/p>\n<h2>Entfernen, Reinigen, Profilieren<\/h2>\n<p>[\/vc_column_text][vc_column_text]Ob Autos, Z\u00fcge, Flugzeuge, Stra\u00dfenbahnen, Traktoren oder Anh\u00e4nger. MontiPower<sup>\u00ae<\/sup> hat ein umfangreiches Sortiment von pneumatischen, elektrischen und akkubetriebenen Maschinen zur kosteneffektiven Oberfl\u00e4chenbearbeitung Ihrer Fahrzeuge.\u00a0 Entschichten, Reinigen und Aufrauen, egal ob in der Werkstatt beim Kunden oder im Feld.<\/p>\n<p>Seit 1987 beliefern wir die Automobilindustrie und wissen wie wichtig Geschwindigkeit und Performance sind. Unsere innovativen L\u00f6sungen reduzieren die Arbeitskosten, steigern die Produktivit\u00e4t und verbessern die Arbeitssicherheit sowie den Gesundheitsschutz. So wird Ihr Betriebsergebnis auf positive Weise beeinflusst: durch minimale R\u00fcstzeiten, Einsparungen in der Logistik, bessere Adh\u00e4sionsleistung und weniger Reparaturen, Neuanstriche oder R\u00fcckrufe.[\/vc_column_text][vc_column_text]<\/p>\n<h3>Downloads<\/h3>\n<p><a href=\"https:\/\/montipower.com\/wp-content\/uploads\/2019\/11\/MON191006-Brochure_mobility_210x297mm_GERMANY_Mail.pdf\" target=\"_blank\" rel=\"noopener noreferrer\">Brosch\u00fcre Mobilit\u00e4tsl\u00f6sungen<\/a><\/p>\n<p><a href=\"https:\/\/montipower.com\/wp-content\/uploads\/2019\/11\/MON191006-Brochure_mobility_210x297mm_GERMANY_Mail.pdf\" target=\"_blank\" rel=\"noopener noreferrer\">Mobilit\u00e4t B\u00e4nder<\/a><\/p>\n<p><a href=\"https:\/\/montipower.com\/wp-content\/uploads\/2019\/11\/MON191106-MBX_Mobility_Leaflet_210x297mm_DEF.pdf\" target=\"_blank\" rel=\"noopener noreferrer\">Merkblatt B\u00e4nder<\/a>[\/vc_column_text][\/vc_column][\/vc_row][\/vc_section][vc_row][vc_column][vc_single_image image=&#8221;4391&#8243; img_size=&#8221;1024&#215;800&#8243; alignment=&#8221;center&#8221;][\/vc_column][\/vc_row][vc_row css=&#8221;.vc_custom_1572537522230{padding-right: 50px !important;padding-left: 50px !important;}&#8221; el_class=&#8221;solutionscomp&#8221;][vc_column][vc_column_text]<\/p>\n<h2 style=\"text-align: center;\">Entdecken Sie Unsere Produkte<\/h2>\n<p>[\/vc_column_text][vc_row_inner][vc_column_inner width=&#8221;1\/2&#8243;][vc_btn title=&#8221;Die Blaster<sup>\u00ae<\/sup>&#8221; style=&#8221;classic&#8221; shape=&#8221;square&#8221; size=&#8221;lg&#8221; align=&#8221;center&#8221; button_block=&#8221;true&#8221; link=&#8221;url:https%3A%2F%2Fmontipower.com%2Fde%2Fprodukte%2Fpowertools%2Fbristle-blaster-double%2F|title:Die%20Blaster%3Csup%3E%C2%AE%3C%2Fsup%3E&#8221; el_class=&#8221;solutions-button&#8221;][\/vc_column_inner][vc_column_inner width=&#8221;1\/2&#8243;][vc_btn title=&#8221;Vinyl Zapper<sup>\u00ae<\/sup>&#8221; style=&#8221;classic&#8221; shape=&#8221;square&#8221; size=&#8221;lg&#8221; align=&#8221;center&#8221; button_block=&#8221;true&#8221; link=&#8221;url:https%3A%2F%2Fmontipower.com%2Fde%2Fprodukte%2Fpowermachines%2Fvinyl-zapper-pneumatic%2F|title:Vinyl%20Zapper%3Csup%3E%C2%AE%3C%2Fsup%3E&#8221; el_class=&#8221;solutions-button&#8221;][\/vc_column_inner][\/vc_row_inner][vc_row_inner][vc_column_inner width=&#8221;1\/2&#8243;][vc_btn title=&#8221;MBX<sup>\u00ae<\/sup>&#8221; style=&#8221;classic&#8221; shape=&#8221;square&#8221; size=&#8221;lg&#8221; align=&#8221;center&#8221; button_block=&#8221;true&#8221; link=&#8221;url:https%3A%2F%2Fmontipower.com%2Fde%2Fprodukte%2Fpowertools%2Fmbx-pneumatic-standard-duty%2F|title:MBX%3Csup%3E%C2%AE%3C%2Fsup%3E&#8221; el_class=&#8221;solutions-button&#8221;][\/vc_column_inner][vc_column_inner width=&#8221;1\/2&#8243;][vc_btn title=&#8221;Bristle Blaster<sup>\u00ae<\/sup>&#8221; style=&#8221;classic&#8221; shape=&#8221;square&#8221; size=&#8221;lg&#8221; align=&#8221;center&#8221; button_block=&#8221;true&#8221; link=&#8221;url:https%3A%2F%2Fmontipower.com%2Fde%2Fprodukte%2Fpowertools%2Fbristle-blaster-pneumatic%2F|title:Bristle%20Blaster%3Csup%3E%C2%AE%3C%2Fsup%3E&#8221; el_class=&#8221;solutions-button&#8221;][\/vc_column_inner][\/vc_row_inner][\/vc_column][\/vc_row][vc_row][vc_column][vc_single_image image=&#8221;4389&#8243; img_size=&#8221;1024&#215;800&#8243; alignment=&#8221;center&#8221;][\/vc_column][\/vc_row]<\/p>\n<\/div>","protected":false},"excerpt":{"rendered":"<p>[vc_section full_width=&#8221;stretch_row&#8221; content_placement=&#8221;bottom&#8221; css=&#8221;.vc_custom_1574970616145{padding-top: 30px !important;padding-bottom: 0px !important;background-image: url(https:\/\/montipower.com\/wp-content\/uploads\/2019\/11\/MontiPower_Audi_RGB_WIDE_72dpi_1923x610px-1.jpg?id=3911) !important;background-position: center &#8230; <\/p>\n","protected":false},"author":3,"featured_media":8724,"parent":9828,"menu_order":0,"comment_status":"closed","ping_status":"closed","template":"","meta":{"_acf_changed":false,"footnotes":""},"acf":[],"_links":{"self":[{"href":"https:\/\/montipower-ontwikkel.com\/de\/wp-json\/wp\/v2\/pages\/9840"}],"collection":[{"href":"https:\/\/montipower-ontwikkel.com\/de\/wp-json\/wp\/v2\/pages"}],"about":[{"href":"https:\/\/montipower-ontwikkel.com\/de\/wp-json\/wp\/v2\/types\/page"}],"author":[{"embeddable":true,"href":"https:\/\/montipower-ontwikkel.com\/de\/wp-json\/wp\/v2\/users\/3"}],"replies":[{"embeddable":true,"href":"https:\/\/montipower-ontwikkel.com\/de\/wp-json\/wp\/v2\/comments?post=9840"}],"version-history":[{"count":8,"href":"https:\/\/montipower-ontwikkel.com\/de\/wp-json\/wp\/v2\/pages\/9840\/revisions"}],"predecessor-version":[{"id":17725,"href":"https:\/\/montipower-ontwikkel.com\/de\/wp-json\/wp\/v2\/pages\/9840\/revisions\/17725"}],"up":[{"embeddable":true,"href":"https:\/\/montipower-ontwikkel.com\/de\/wp-json\/wp\/v2\/pages\/9828"}],"wp:featuredmedia":[{"embeddable":true,"href":"https:\/\/montipower-ontwikkel.com\/de\/wp-json\/wp\/v2\/media\/8724"}],"wp:attachment":[{"href":"https:\/\/montipower-ontwikkel.com\/de\/wp-json\/wp\/v2\/media?parent=9840"}],"curies":[{"name":"wp","href":"https:\/\/api.w.org\/{rel}","templated":true}]}}