{"id":9836,"date":"2019-08-06T16:04:49","date_gmt":"2019-08-06T14:04:49","guid":{"rendered":"https:\/\/monti.la-compagnie.digital\/maerkte\/industrial-solutions\/"},"modified":"2021-06-11T11:22:10","modified_gmt":"2021-06-11T09:22:10","slug":"offshore-onshore-oel-gas","status":"publish","type":"page","link":"https:\/\/montipower-ontwikkel.com\/de\/maerkte\/offshore-onshore-oel-gas\/","title":{"rendered":"Offshore &#038; onshore, \u00f6l &#038; gas"},"content":{"rendered":"<div class=\"wpb-content-wrapper\"><p>[vc_section full_width=&#8221;stretch_row&#8221; content_placement=&#8221;bottom&#8221; css=&#8221;.vc_custom_1590582725387{padding-top: 30px !important;padding-bottom: 0px !important;background-image: url(https:\/\/montipower.com\/wp-content\/uploads\/2019\/11\/shutterstock_627530729_1923x610pc.jpg?id=4036) !important;background-position: center !important;background-repeat: no-repeat !important;background-size: cover !important;}&#8221; el_class=&#8221;topbig&#8221;][vc_row css=&#8221;.vc_custom_1569318223776{padding-right: 100px !important;padding-left: 100px !important;}&#8221;][vc_column width=&#8221;1\/2&#8243;][vc_column_text]<\/p>\n<h1>Offshore &amp; onshore,<br \/>\n\u00f6l &amp; gas<\/h1>\n<p>[\/vc_column_text][\/vc_column][vc_column width=&#8221;1\/2&#8243;][\/vc_column][\/vc_row][vc_row full_width=&#8221;stretch_row_content_no_spaces&#8221; content_placement=&#8221;bottom&#8221; css=&#8221;.vc_custom_1572536775993{padding-top: 0px !important;padding-bottom: 100px !important;background-position: 0 0 !important;background-repeat: no-repeat !important;}&#8221; el_class=&#8221;hometopfotorij&#8221;][vc_column][\/vc_column][\/vc_row][vc_row full_width=&#8221;stretch_row&#8221; css=&#8221;.vc_custom_1572536783441{background-color: #f1f1f1 !important;}&#8221;][vc_column][vc_column_text el_class=&#8221;montbreadcrumbs&#8221; css=&#8221;.vc_custom_1569318576735{padding-right: 100px !important;padding-left: 100px !important;}&#8221;]<nav aria-label=\"breadcrumbs\" class=\"rank-math-breadcrumb\"><p><span class=\"last\">Home<\/span><\/p><\/nav>[\/vc_column_text][\/vc_column][\/vc_row][\/vc_section][vc_section full_width=&#8221;stretch_row&#8221; el_class=&#8221;textcomp&#8221;][vc_row][vc_column][vc_column_text]<\/p>\n<h2><span style=\"font-weight: 400;\">ATEX Zertifiziertes Strahlen\u00a0<\/span><\/h2>\n<p>[\/vc_column_text][vc_column_text]Die Oberfl\u00e4chenvorbereitung von Stahl zur Beschichtung von Anlageg\u00fctern in der Schwer\u00f6l- und Gasindustrie (Upstream, Midstream, Downstream), im Bergbau, in der Zellstoff- und Papierindustrie sowie in der chemischen und leichten gewerblichen Bauindustrie ist ein Teil unseres Kerngesch\u00e4fts.<\/p>\n<p>F\u00fcr in Betrieb befindliche Anlagen bieten wie die Atex-zertifizierten, pneumatischen Bristle Blaster<sup>\u00ae<\/sup> an. Bei Neubauten, Wartungs- und Instandhaltungsarbeiten kommen weitere hocheffiziente Technologien zum Einsatz, um Walzhaut, Flugrost, alte Beschichtungen und Korrosion vor den Beschichtungsarbeiten zu entfernen. MontiPower<sup>\u00ae<\/sup> hat die gr\u00f6\u00dfte Auswahl an L\u00f6sungen mit rotierenden B\u00fcrsten zur Oberfla2chenvorbereitung von Stahlkonstruktionen f\u00fcr Beschichtung, Bodenbel\u00e4ge und Flammschutzmittel. Unsere Technologien erf\u00fcllen dabei die Anforderungen verschiedenster Arten von Beschichtungen bez\u00fcglich Reinheit und Rauigkeit.[\/vc_column_text][vc_btn title=&#8221;Konformit\u00e4tserkl\u00e4rung ATEX&#8221; style=&#8221;classic&#8221; shape=&#8221;square&#8221; align=&#8221;left&#8221; link=&#8221;url:https%3A%2F%2Fmontipower.com%2Fwp-content%2Fuploads%2F2020%2F07%2FDECLARATION-OF-CONFORMITY-Gexcon.pdf|title:Konformit%C3%A4tserkl%C3%A4rung|target:_blank&#8221; el_class=&#8221;hometopfotobutton&#8221;][\/vc_column][\/vc_row][\/vc_section][vc_section full_width=&#8221;stretch_row&#8221; el_class=&#8221;solutionscomp&#8221;][vc_row css=&#8221;.vc_custom_1569314205235{padding-right: 50px !important;padding-left: 50px !important;}&#8221;][vc_column][vc_single_image image=&#8221;846&#8243; img_size=&#8221;1024&#215;800&#8243; alignment=&#8221;center&#8221; css=&#8221;.vc_custom_1590582472554{padding-bottom: 50px !important;}&#8221;][vc_column_text]<\/p>\n<h2 style=\"text-align: center;\">Entdecken sie unsere produkte<\/h2>\n<p>[\/vc_column_text][vc_row_inner][vc_column_inner width=&#8221;1\/3&#8243;][vc_btn title=&#8221;Bristle Blaster<sup>\u00ae<\/sup>&#8221; style=&#8221;classic&#8221; shape=&#8221;square&#8221; size=&#8221;lg&#8221; align=&#8221;center&#8221; button_block=&#8221;true&#8221; link=&#8221;url:https%3A%2F%2Fmontipower.com%2Fde%2Fprodukte%2Fpowertools%2Fbristle-blaster-electric%2F|title:Bristle%20Blaster&#8221; el_class=&#8221;solutions-button&#8221;][\/vc_column_inner][vc_column_inner width=&#8221;1\/3&#8243;][vc_btn title=&#8221;Bristle Blaster<sup>\u00ae<\/sup> Cordless&#8221; style=&#8221;classic&#8221; shape=&#8221;square&#8221; size=&#8221;lg&#8221; align=&#8221;center&#8221; button_block=&#8221;true&#8221; link=&#8221;url:https%3A%2F%2Fmontipower.com%2Fde%2Fprodukte%2Fpowertools%2Fbristle-blaster-cordless%2F|title:Cordless&#8221; el_class=&#8221;solutions-button&#8221;][\/vc_column_inner][vc_column_inner width=&#8221;1\/3&#8243;][vc_btn title=&#8221;Cleantech prepper<sup>\u00ae<\/sup>&#8221; style=&#8221;classic&#8221; shape=&#8221;square&#8221; size=&#8221;lg&#8221; align=&#8221;center&#8221; button_block=&#8221;true&#8221; link=&#8221;url:https%3A%2F%2Fmontipower.com%2Fde%2Fservice-support%2Fcleantech-komplettservices%2F|title:Prepper&#8221; el_class=&#8221;solutions-button&#8221;][\/vc_column_inner][\/vc_row_inner][\/vc_column][\/vc_row][\/vc_section][vc_row][vc_column][vc_single_image image=&#8221;4366&#8243; img_size=&#8221;full&#8221; alignment=&#8221;center&#8221;][\/vc_column][\/vc_row][vc_row][vc_column]<div class=\"templatera_shortcode\"><style type=\"text\/css\" data-type=\"vc_shortcodes-custom-css\">.vc_custom_1570726086126{margin-bottom: 10px !important;margin-left: 30px !important;}<\/style><section class=\"vc_section clientslide\"><div class=\"vc_row wpb_row vc_row-fluid\"><div class=\"wpb_column vc_column_container vc_col-sm-12\"><div class=\"vc_column-inner\"><div class=\"wpb_wrapper\">\n\t<div class=\"wpb_text_column wpb_content_element  vc_custom_1570726086126\" >\n\t\t<div class=\"wpb_wrapper\">\n\t\t\t\n\t\t<\/div>\n\t<\/div>\n\t\t<section class=\"tdt-slider slider  content-over-slider\" id=\"tdt-slider-72\" data-mobiles=\"1\" data-tabs=\"3\" data-scrolltab=\"1\" data-scrollmbl=\"1\" data-slick='{\"arrows\": true, \"autoplaySpeed\": 2500, \"speed\": 500, \"dots\": false, \"autoplay\": true, \"infinite\": true, \"adaptiveHeight\": true, \"pauseOnHover\": true, \"slidesToShow\": 4, \"slidesToScroll\": 1, \"fade\": false}'>\n\t\t    <div class=\"carousel-caption\" style=\"background: none;\">\n\t\t  <div>\n\t\t  \t\t\t\t\t\t\t  \t<img decoding=\"async\" src=\"https:\/\/montipower-ontwikkel.com\/wp-content\/uploads\/2019\/09\/Partnerlogo_ExxonMobil.png\" alt=\"\" class=\"ultimate-slide-img\" style=\"max-width: 100%; width: 85%; height: auto; border-radius: 0; margin-bottom: 15px;\">\n\t\t\t\t\t\t\t\t  \t<span class=\"content-section\" style=\"text-align: center; display: block;\">\n\t\t  \t\t\t\t\t  \t\t\t\t  \t\n\t\t\t  \t<br>\n\n\t\t\t  \t\t\t  \t<\/span>\n\t\t  <\/div>\n\t\t<\/div>\n\t\t\t\t<div class=\"carousel-caption\" style=\"background: none;\">\n\t\t  <div>\n\t\t  \t\t\t\t\t\t\t  \t<img decoding=\"async\" src=\"https:\/\/montipower-ontwikkel.com\/wp-content\/uploads\/2019\/09\/Partnerlogo_Shell.png\" alt=\"\" class=\"ultimate-slide-img\" style=\"max-width: 100%; width: 85%; height: auto; border-radius: 0; margin-bottom: 15px;\">\n\t\t\t\t\t\t\t\t  \t<span class=\"content-section\" style=\"text-align: center; display: block;\">\n\t\t  \t\t\t\t\t  \t\t\t\t  \t\n\t\t\t  \t<br>\n\n\t\t\t  \t\t\t  \t<\/span>\n\t\t  <\/div>\n\t\t<\/div>\n\t\t\t\t<div class=\"carousel-caption\" style=\"background: none;\">\n\t\t  <div>\n\t\t  \t\t\t\t\t\t\t  \t<img decoding=\"async\" src=\"https:\/\/montipower-ontwikkel.com\/wp-content\/uploads\/2019\/09\/Partnerlogo_BP.png\" alt=\"\" class=\"ultimate-slide-img\" style=\"max-width: 100%; width: 85%; height: auto; border-radius: 0; margin-bottom: 15px;\">\n\t\t\t\t\t\t\t\t  \t<span class=\"content-section\" style=\"text-align: center; display: block;\">\n\t\t  \t\t\t\t\t  \t\t\t\t  \t\n\t\t\t  \t<br>\n\n\t\t\t  \t\t\t  \t<\/span>\n\t\t  <\/div>\n\t\t<\/div>\n\t\t\t\t<div class=\"carousel-caption\" style=\"background: none;\">\n\t\t  <div>\n\t\t  \t\t\t\t\t\t\t  \t<img decoding=\"async\" src=\"https:\/\/montipower-ontwikkel.com\/wp-content\/uploads\/2019\/09\/Partnerlogo__Alstom.png\" alt=\"\" class=\"ultimate-slide-img\" style=\"max-width: 100%; width: 85%; height: auto; border-radius: 0; margin-bottom: 15px;\">\n\t\t\t\t\t\t\t\t  \t<span class=\"content-section\" style=\"text-align: center; display: block;\">\n\t\t  \t\t\t\t\t  \t\t\t\t  \t\n\t\t\t  \t<br>\n\n\t\t\t  \t\t\t  \t<\/span>\n\t\t  <\/div>\n\t\t<\/div>\n\t\t\t\t<div class=\"carousel-caption\" style=\"background: none;\">\n\t\t  <div>\n\t\t  \t\t\t\t\t\t\t  \t<img decoding=\"async\" src=\"https:\/\/montipower-ontwikkel.com\/wp-content\/uploads\/2019\/09\/Partnerlogo_Basf.png\" alt=\"\" class=\"ultimate-slide-img\" style=\"max-width: 100%; width: 85%; height: auto; border-radius: 0; margin-bottom: 15px;\">\n\t\t\t\t\t\t\t\t  \t<span class=\"content-section\" style=\"text-align: center; display: block;\">\n\t\t  \t\t\t\t\t  \t\t\t\t  \t\n\t\t\t  \t<br>\n\n\t\t\t  \t\t\t  \t<\/span>\n\t\t  <\/div>\n\t\t<\/div>\n\t\t\t\t<div class=\"carousel-caption\" style=\"background: none;\">\n\t\t  <div>\n\t\t  \t\t\t\t\t\t\t  \t<img decoding=\"async\" src=\"https:\/\/montipower-ontwikkel.com\/wp-content\/uploads\/2019\/09\/PARTNERLOGO-Bayer.png\" alt=\"\" class=\"ultimate-slide-img\" style=\"max-width: 100%; width: 85%; height: auto; border-radius: 0; margin-bottom: 15px;\">\n\t\t\t\t\t\t\t\t  \t<span class=\"content-section\" style=\"text-align: center; display: block;\">\n\t\t  \t\t\t\t\t  \t\t\t\t  \t\n\t\t\t  \t<br>\n\n\t\t\t  \t\t\t  \t<\/span>\n\t\t  <\/div>\n\t\t<\/div>\n\t\t\t\t<div class=\"carousel-caption\" style=\"background: none;\">\n\t\t  <div>\n\t\t  \t\t\t\t\t\t\t  \t<img decoding=\"async\" src=\"https:\/\/montipower-ontwikkel.com\/wp-content\/uploads\/2019\/09\/Partnerlogo_ConocoPhillips.png\" alt=\"\" class=\"ultimate-slide-img\" style=\"max-width: 100%; width: 85%; height: auto; border-radius: 0; margin-bottom: 15px;\">\n\t\t\t\t\t\t\t\t  \t<span class=\"content-section\" style=\"text-align: center; display: block;\">\n\t\t  \t\t\t\t\t  \t\t\t\t  \t\n\t\t\t  \t<br>\n\n\t\t\t  \t\t\t  \t<\/span>\n\t\t  <\/div>\n\t\t<\/div>\n\t\t\t\t<div class=\"carousel-caption\" style=\"background: none;\">\n\t\t  <div>\n\t\t  \t\t\t\t\t\t\t  \t<img decoding=\"async\" src=\"https:\/\/montipower-ontwikkel.com\/wp-content\/uploads\/2019\/09\/Partnerlogo_DOW.png\" alt=\"\" class=\"ultimate-slide-img\" style=\"max-width: 100%; width: 85%; height: auto; border-radius: 0; margin-bottom: 15px;\">\n\t\t\t\t\t\t\t\t  \t<span class=\"content-section\" style=\"text-align: center; display: block;\">\n\t\t  \t\t\t\t\t  \t\t\t\t  \t\n\t\t\t  \t<br>\n\n\t\t\t  \t\t\t  \t<\/span>\n\t\t  <\/div>\n\t\t<\/div>\n\t\t\t\t<div class=\"carousel-caption\" style=\"background: none;\">\n\t\t  <div>\n\t\t  \t\t\t\t\t\t\t  \t<img decoding=\"async\" src=\"https:\/\/montipower-ontwikkel.com\/wp-content\/uploads\/2019\/09\/Partnerlogo_E.on_.png\" alt=\"\" class=\"ultimate-slide-img\" style=\"max-width: 100%; width: 85%; height: auto; border-radius: 0; margin-bottom: 15px;\">\n\t\t\t\t\t\t\t\t  \t<span class=\"content-section\" style=\"text-align: center; display: block;\">\n\t\t  \t\t\t\t\t  \t\t\t\t  \t\n\t\t\t  \t<br>\n\n\t\t\t  \t\t\t  \t<\/span>\n\t\t  <\/div>\n\t\t<\/div>\n\t\t\t\t<div class=\"carousel-caption\" style=\"background: none;\">\n\t\t  <div>\n\t\t  \t\t\t\t\t\t\t  \t<img decoding=\"async\" src=\"https:\/\/montipower-ontwikkel.com\/wp-content\/uploads\/2019\/09\/Partnerlogo_Enbridge.png\" alt=\"\" class=\"ultimate-slide-img\" style=\"max-width: 100%; width: 85%; height: auto; border-radius: 0; margin-bottom: 15px;\">\n\t\t\t\t\t\t\t\t  \t<span class=\"content-section\" style=\"text-align: center; display: block;\">\n\t\t  \t\t\t\t\t  \t\t\t\t  \t\n\t\t\t  \t<br>\n\n\t\t\t  \t\t\t  \t<\/span>\n\t\t  <\/div>\n\t\t<\/div>\n\t\t\t\t<div class=\"carousel-caption\" style=\"background: none;\">\n\t\t  <div>\n\t\t  \t\t\t\t\t\t\t  \t<img decoding=\"async\" src=\"https:\/\/montipower-ontwikkel.com\/wp-content\/uploads\/2019\/09\/Partnerlogo_EnBW.png\" alt=\"\" class=\"ultimate-slide-img\" style=\"max-width: 100%; width: 85%; height: auto; border-radius: 0; margin-bottom: 15px;\">\n\t\t\t\t\t\t\t\t  \t<span class=\"content-section\" style=\"text-align: center; display: block;\">\n\t\t  \t\t\t\t\t  \t\t\t\t  \t\n\t\t\t  \t<br>\n\n\t\t\t  \t\t\t  \t<\/span>\n\t\t  <\/div>\n\t\t<\/div>\n\t\t\t\t<div class=\"carousel-caption\" style=\"background: none;\">\n\t\t  <div>\n\t\t  \t\t\t\t\t\t\t  \t<img decoding=\"async\" src=\"https:\/\/montipower-ontwikkel.com\/wp-content\/uploads\/2019\/09\/Partnerlogo_Gazprom.png\" alt=\"\" class=\"ultimate-slide-img\" style=\"max-width: 100%; width: 85%; height: auto; border-radius: 0; margin-bottom: 15px;\">\n\t\t\t\t\t\t\t\t  \t<span class=\"content-section\" style=\"text-align: center; display: block;\">\n\t\t  \t\t\t\t\t  \t\t\t\t  \t\n\t\t\t  \t<br>\n\n\t\t\t  \t\t\t  \t<\/span>\n\t\t  <\/div>\n\t\t<\/div>\n\t\t\t\t<div class=\"carousel-caption\" style=\"background: none;\">\n\t\t  <div>\n\t\t  \t\t\t\t\t\t\t  \t<img decoding=\"async\" src=\"https:\/\/montipower-ontwikkel.com\/wp-content\/uploads\/2019\/09\/Partnerlogo_Liebherr.png\" alt=\"\" class=\"ultimate-slide-img\" style=\"max-width: 100%; width: 85%; height: auto; border-radius: 0; margin-bottom: 15px;\">\n\t\t\t\t\t\t\t\t  \t<span class=\"content-section\" style=\"text-align: center; display: block;\">\n\t\t  \t\t\t\t\t  \t\t\t\t  \t\n\t\t\t  \t<br>\n\n\t\t\t  \t\t\t  \t<\/span>\n\t\t  <\/div>\n\t\t<\/div>\n\t\t\t\t<div class=\"carousel-caption\" style=\"background: none;\">\n\t\t  <div>\n\t\t  \t\t\t\t\t\t\t  \t<img decoding=\"async\" src=\"https:\/\/montipower-ontwikkel.com\/wp-content\/uploads\/2019\/09\/Partnerlogo_MAN.png\" alt=\"\" class=\"ultimate-slide-img\" style=\"max-width: 100%; width: 85%; height: auto; border-radius: 0; margin-bottom: 15px;\">\n\t\t\t\t\t\t\t\t  \t<span class=\"content-section\" style=\"text-align: center; display: block;\">\n\t\t  \t\t\t\t\t  \t\t\t\t  \t\n\t\t\t  \t<br>\n\n\t\t\t  \t\t\t  \t<\/span>\n\t\t  <\/div>\n\t\t<\/div>\n\t\t\t\t<div class=\"carousel-caption\" style=\"background: none;\">\n\t\t  <div>\n\t\t  \t\t\t\t\t\t\t  \t<img decoding=\"async\" src=\"https:\/\/montipower-ontwikkel.com\/wp-content\/uploads\/2019\/09\/Partnerlogo_PEMEX.png\" alt=\"\" class=\"ultimate-slide-img\" style=\"max-width: 100%; width: 85%; height: auto; border-radius: 0; margin-bottom: 15px;\">\n\t\t\t\t\t\t\t\t  \t<span class=\"content-section\" style=\"text-align: center; display: block;\">\n\t\t  \t\t\t\t\t  \t\t\t\t  \t\n\t\t\t  \t<br>\n\n\t\t\t  \t\t\t  \t<\/span>\n\t\t  <\/div>\n\t\t<\/div>\n\t\t\t\t<div class=\"carousel-caption\" style=\"background: none;\">\n\t\t  <div>\n\t\t  \t\t\t\t\t\t\t  \t<img decoding=\"async\" src=\"https:\/\/montipower-ontwikkel.com\/wp-content\/uploads\/2019\/09\/Partnerlogo_PetroChina.png\" alt=\"\" class=\"ultimate-slide-img\" style=\"max-width: 100%; width: 85%; height: auto; border-radius: 0; margin-bottom: 15px;\">\n\t\t\t\t\t\t\t\t  \t<span class=\"content-section\" style=\"text-align: center; display: block;\">\n\t\t  \t\t\t\t\t  \t\t\t\t  \t\n\t\t\t  \t<br>\n\n\t\t\t  \t\t\t  \t<\/span>\n\t\t  <\/div>\n\t\t<\/div>\n\t\t\t\t<div class=\"carousel-caption\" style=\"background: none;\">\n\t\t  <div>\n\t\t  \t\t\t\t\t\t\t  \t<img decoding=\"async\" src=\"https:\/\/montipower-ontwikkel.com\/wp-content\/uploads\/2019\/09\/Partnerlogo_Qatargas.png\" alt=\"\" class=\"ultimate-slide-img\" style=\"max-width: 100%; width: 85%; height: auto; border-radius: 0; margin-bottom: 15px;\">\n\t\t\t\t\t\t\t\t  \t<span class=\"content-section\" style=\"text-align: center; display: block;\">\n\t\t  \t\t\t\t\t  \t\t\t\t  \t\n\t\t\t  \t<br>\n\n\t\t\t  \t\t\t  \t<\/span>\n\t\t  <\/div>\n\t\t<\/div>\n\t\t\t\t<div class=\"carousel-caption\" style=\"background: none;\">\n\t\t  <div>\n\t\t  \t\t\t\t\t\t\t  \t<img decoding=\"async\" src=\"https:\/\/montipower-ontwikkel.com\/wp-content\/uploads\/2019\/09\/Partnerlogo_Rijkswaterstaat_oost-nederland.png\" alt=\"\" class=\"ultimate-slide-img\" style=\"max-width: 100%; width: 85%; height: auto; border-radius: 0; margin-bottom: 15px;\">\n\t\t\t\t\t\t\t\t  \t<span class=\"content-section\" style=\"text-align: center; display: block;\">\n\t\t  \t\t\t\t\t  \t\t\t\t  \t\n\t\t\t  \t<br>\n\n\t\t\t  \t\t\t  \t<\/span>\n\t\t  <\/div>\n\t\t<\/div>\n\t\t\t\t<div class=\"carousel-caption\" style=\"background: none;\">\n\t\t  <div>\n\t\t  \t\t\t\t\t\t\t  \t<img decoding=\"async\" src=\"https:\/\/montipower-ontwikkel.com\/wp-content\/uploads\/2019\/09\/Akzonobel_300x200px_Grey_72dpi.png\" alt=\"\" class=\"ultimate-slide-img\" style=\"max-width: 100%; width: 85%; height: auto; border-radius: 0; margin-bottom: 15px;\">\n\t\t\t\t\t\t\t\t  \t<span class=\"content-section\" style=\"text-align: center; display: block;\">\n\t\t  \t\t\t\t\t  \t\t\t\t  \t\n\t\t\t  \t<br>\n\n\t\t\t  \t\t\t  \t<\/span>\n\t\t  <\/div>\n\t\t<\/div>\n\t\t\t\t<div class=\"carousel-caption\" style=\"background: none;\">\n\t\t  <div>\n\t\t  \t\t\t\t\t\t\t  \t<img decoding=\"async\" src=\"https:\/\/montipower-ontwikkel.com\/wp-content\/uploads\/2019\/09\/Belzona_300x200px_Grey-06_72dpi.png\" alt=\"\" class=\"ultimate-slide-img\" style=\"max-width: 100%; width: 85%; height: auto; border-radius: 0; margin-bottom: 15px;\">\n\t\t\t\t\t\t\t\t  \t<span class=\"content-section\" style=\"text-align: center; display: block;\">\n\t\t  \t\t\t\t\t  \t\t\t\t  \t\n\t\t\t  \t<br>\n\n\t\t\t  \t\t\t  \t<\/span>\n\t\t  <\/div>\n\t\t<\/div>\n\t\t\t\t<div class=\"carousel-caption\" style=\"background: none;\">\n\t\t  <div>\n\t\t  \t\t\t\t\t\t\t  \t<img decoding=\"async\" src=\"https:\/\/montipower-ontwikkel.com\/wp-content\/uploads\/2019\/09\/Carboline_300x200px_Grey-07_72dpi.png\" alt=\"\" class=\"ultimate-slide-img\" style=\"max-width: 100%; width: 85%; height: auto; border-radius: 0; margin-bottom: 15px;\">\n\t\t\t\t\t\t\t\t  \t<span class=\"content-section\" style=\"text-align: center; display: block;\">\n\t\t  \t\t\t\t\t  \t\t\t\t  \t\n\t\t\t  \t<br>\n\n\t\t\t  \t\t\t  \t<\/span>\n\t\t  <\/div>\n\t\t<\/div>\n\t\t\t\t<div class=\"carousel-caption\" style=\"background: none;\">\n\t\t  <div>\n\t\t  \t\t\t\t\t\t\t  \t<img decoding=\"async\" src=\"https:\/\/montipower-ontwikkel.com\/wp-content\/uploads\/2019\/09\/Chesterton_300x200px_Grey-10_72dpi.png\" alt=\"\" class=\"ultimate-slide-img\" style=\"max-width: 100%; width: 85%; height: auto; border-radius: 0; margin-bottom: 15px;\">\n\t\t\t\t\t\t\t\t  \t<span class=\"content-section\" style=\"text-align: center; display: block;\">\n\t\t  \t\t\t\t\t  \t\t\t\t  \t\n\t\t\t  \t<br>\n\n\t\t\t  \t\t\t  \t<\/span>\n\t\t  <\/div>\n\t\t<\/div>\n\t\t\t\t<div class=\"carousel-caption\" style=\"background: none;\">\n\t\t  <div>\n\t\t  \t\t\t\t\t\t\t  \t<img decoding=\"async\" src=\"https:\/\/montipower-ontwikkel.com\/wp-content\/uploads\/2019\/09\/Covalence_300x200px_Grey-11_72dpi.png\" alt=\"\" class=\"ultimate-slide-img\" style=\"max-width: 100%; width: 85%; height: auto; border-radius: 0; margin-bottom: 15px;\">\n\t\t\t\t\t\t\t\t  \t<span class=\"content-section\" style=\"text-align: center; display: block;\">\n\t\t  \t\t\t\t\t  \t\t\t\t  \t\n\t\t\t  \t<br>\n\n\t\t\t  \t\t\t  \t<\/span>\n\t\t  <\/div>\n\t\t<\/div>\n\t\t\t\t<div class=\"carousel-caption\" style=\"background: none;\">\n\t\t  <div>\n\t\t  \t\t\t\t\t\t\t  \t<img decoding=\"async\" src=\"https:\/\/montipower-ontwikkel.com\/wp-content\/uploads\/2019\/09\/Denso_300x200px_Grey-16_72dpi.png\" alt=\"\" class=\"ultimate-slide-img\" style=\"max-width: 100%; width: 85%; height: auto; border-radius: 0; margin-bottom: 15px;\">\n\t\t\t\t\t\t\t\t  \t<span class=\"content-section\" style=\"text-align: center; display: block;\">\n\t\t  \t\t\t\t\t  \t\t\t\t  \t\n\t\t\t  \t<br>\n\n\t\t\t  \t\t\t  \t<\/span>\n\t\t  <\/div>\n\t\t<\/div>\n\t\t\t\t<div class=\"carousel-caption\" style=\"background: none;\">\n\t\t  <div>\n\t\t  \t\t\t\t\t\t\t  \t<img decoding=\"async\" src=\"https:\/\/montipower-ontwikkel.com\/wp-content\/uploads\/2019\/09\/Deutsche-bahn_300x200px_Grey-12_72dpi.png\" alt=\"\" class=\"ultimate-slide-img\" style=\"max-width: 100%; width: 85%; height: auto; border-radius: 0; margin-bottom: 15px;\">\n\t\t\t\t\t\t\t\t  \t<span class=\"content-section\" style=\"text-align: center; display: block;\">\n\t\t  \t\t\t\t\t  \t\t\t\t  \t\n\t\t\t  \t<br>\n\n\t\t\t  \t\t\t  \t<\/span>\n\t\t  <\/div>\n\t\t<\/div>\n\t\t\t\t<div class=\"carousel-caption\" style=\"background: none;\">\n\t\t  <div>\n\t\t  \t\t\t\t\t\t\t  \t<img decoding=\"async\" src=\"https:\/\/montipower-ontwikkel.com\/wp-content\/uploads\/2019\/09\/Equinor_300x200px_Grey-17_72dpi.png\" alt=\"\" class=\"ultimate-slide-img\" style=\"max-width: 100%; width: 85%; height: auto; border-radius: 0; margin-bottom: 15px;\">\n\t\t\t\t\t\t\t\t  \t<span class=\"content-section\" style=\"text-align: center; display: block;\">\n\t\t  \t\t\t\t\t  \t\t\t\t  \t\n\t\t\t  \t<br>\n\n\t\t\t  \t\t\t  \t<\/span>\n\t\t  <\/div>\n\t\t<\/div>\n\t\t\t\t<div class=\"carousel-caption\" style=\"background: none;\">\n\t\t  <div>\n\t\t  \t\t\t\t\t\t\t  \t<img decoding=\"async\" src=\"https:\/\/montipower-ontwikkel.com\/wp-content\/uploads\/2019\/09\/Ford_300x200px_Grey-01_72dpi.png\" alt=\"\" class=\"ultimate-slide-img\" style=\"max-width: 100%; width: 85%; height: auto; border-radius: 0; margin-bottom: 15px;\">\n\t\t\t\t\t\t\t\t  \t<span class=\"content-section\" style=\"text-align: center; display: block;\">\n\t\t  \t\t\t\t\t  \t\t\t\t  \t\n\t\t\t  \t<br>\n\n\t\t\t  \t\t\t  \t<\/span>\n\t\t  <\/div>\n\t\t<\/div>\n\t\t\t\t<div class=\"carousel-caption\" style=\"background: none;\">\n\t\t  <div>\n\t\t  \t\t\t\t\t\t\t  \t<img decoding=\"async\" src=\"https:\/\/montipower-ontwikkel.com\/wp-content\/uploads\/2019\/09\/Gasunie_300x200px_Grey-18_72dpi.png\" alt=\"\" class=\"ultimate-slide-img\" style=\"max-width: 100%; width: 85%; height: auto; border-radius: 0; margin-bottom: 15px;\">\n\t\t\t\t\t\t\t\t  \t<span class=\"content-section\" style=\"text-align: center; display: block;\">\n\t\t  \t\t\t\t\t  \t\t\t\t  \t\n\t\t\t  \t<br>\n\n\t\t\t  \t\t\t  \t<\/span>\n\t\t  <\/div>\n\t\t<\/div>\n\t\t<\/section>\n\n\t\t<style>\n\t\t\t\t\t\t\t\t\t\t#tdt-slider-72 .slick-next:before, #tdt-slider-72 .slick-prev:before {\n\t\t\t\t\tcolor: #000 !important;\n\t\t\t\t\tbackground:  !important;\n\t\t\t\t\tfont-size: 30px !important;\n\t\t\t\t}\n\t\t\t\t#tdt-slider-72 .slick-prev {\n\t\t\t\t\tleft: 40px !important;\n\t\t\t\t}\n\t\t\t\t#tdt-slider-72 .slick-next {\n\t\t\t\t\tright: 40px !important;\n\t\t\t\t}\n\t\t\t\t\t\t#tdt-slider-72 .slick-slide {\n\t\t\t\tpadding: 0 0px 15px 0px !important;\n\t\t\t}\n\t\t\t#tdt-slider-72 .content-section *{\n\t\t\t\t;\n\t\t\t}\n\t\t\t\t\t\t\t#tdt-slider-72.content-over-slider .slick-slide .content-section {\n\t\t\t\t\ttop: 15%;\n\t\t\t\t}\n\t\t\t\t@media only screen and (max-width: 480px) {\n\t\t\t\t\t#tdt-slider-72.content-over-slider .slick-slide .content-section {\n\t\t\t\t\t\ttop: 35px !important;\n\t\t\t\t\t}\n\t\t\t\t\t#tdt-slider-72.content-over-slider .ultimate-slide-img {\n\t\t\t\t\t\theight: 200px !important;\n\t\t\t\t\t}\n\t\t\t\t}\n\t\t\t\t\t<\/style>\n\t\t<\/div><\/div><\/div><\/div><\/section><\/div>[\/vc_column][\/vc_row]<\/p>\n<\/div>","protected":false},"excerpt":{"rendered":"Offshore &amp; onshore, \u00f6l &amp; gas Home ATEX Zertifiziertes Strahlen\u00a0 Die Oberfl\u00e4chenvorbereitung von Stahl zur Beschichtung von Anlageg\u00fctern in der","protected":false},"author":2,"featured_media":0,"parent":9828,"menu_order":0,"comment_status":"closed","ping_status":"closed","template":"","meta":{"_acf_changed":false,"footnotes":""},"acf":[],"_links":{"self":[{"href":"https:\/\/montipower-ontwikkel.com\/de\/wp-json\/wp\/v2\/pages\/9836"}],"collection":[{"href":"https:\/\/montipower-ontwikkel.com\/de\/wp-json\/wp\/v2\/pages"}],"about":[{"href":"https:\/\/montipower-ontwikkel.com\/de\/wp-json\/wp\/v2\/types\/page"}],"author":[{"embeddable":true,"href":"https:\/\/montipower-ontwikkel.com\/de\/wp-json\/wp\/v2\/users\/2"}],"replies":[{"embeddable":true,"href":"https:\/\/montipower-ontwikkel.com\/de\/wp-json\/wp\/v2\/comments?post=9836"}],"version-history":[{"count":7,"href":"https:\/\/montipower-ontwikkel.com\/de\/wp-json\/wp\/v2\/pages\/9836\/revisions"}],"predecessor-version":[{"id":17728,"href":"https:\/\/montipower-ontwikkel.com\/de\/wp-json\/wp\/v2\/pages\/9836\/revisions\/17728"}],"up":[{"embeddable":true,"href":"https:\/\/montipower-ontwikkel.com\/de\/wp-json\/wp\/v2\/pages\/9828"}],"wp:attachment":[{"href":"https:\/\/montipower-ontwikkel.com\/de\/wp-json\/wp\/v2\/media?parent=9836"}],"curies":[{"name":"wp","href":"https:\/\/api.w.org\/{rel}","templated":true}]}}