{"id":9833,"date":"2020-06-04T10:18:04","date_gmt":"2020-06-04T08:18:04","guid":{"rendered":"https:\/\/monti.la-compagnie.digital\/maerkte\/wind-renewable-energy\/"},"modified":"2021-04-24T20:21:12","modified_gmt":"2021-04-24T18:21:12","slug":"wind-erneuerbare-energie","status":"publish","type":"page","link":"https:\/\/montipower-ontwikkel.com\/de\/maerkte\/wind-erneuerbare-energie\/","title":{"rendered":"Windkraft \/ Erneuerbare Energien"},"content":{"rendered":"<div class=\"wpb-content-wrapper\"><p>[vc_section full_width=&#8221;stretch_row&#8221; content_placement=&#8221;bottom&#8221; css=&#8221;.vc_custom_1591258678479{padding-top: 30px !important;padding-bottom: 0px !important;background: #ff1212 url(https:\/\/montipower.com\/wp-content\/uploads\/2019\/10\/Windmill_RGB_72dpi-1.jpg?id=3478) !important;background-position: center !important;background-repeat: no-repeat !important;background-size: cover !important;}&#8221; el_class=&#8221;topbig&#8221;][vc_row css=&#8221;.vc_custom_1569318223776{padding-right: 100px !important;padding-left: 100px !important;}&#8221;][vc_column width=&#8221;1\/2&#8243;][vc_column_text]<\/p>\n<h1>Windkraft \/<br \/>\nErneuerbare Energien<\/h1>\n<p>[\/vc_column_text][\/vc_column][vc_column width=&#8221;1\/2&#8243;][\/vc_column][\/vc_row][vc_row full_width=&#8221;stretch_row_content_no_spaces&#8221; content_placement=&#8221;bottom&#8221; css=&#8221;.vc_custom_1572526136907{padding-top: 0px !important;padding-bottom: 100px !important;background-position: 0 0 !important;background-repeat: no-repeat !important;}&#8221; el_class=&#8221;hometopfotorij&#8221;][vc_column][\/vc_column][\/vc_row][vc_row full_width=&#8221;stretch_row&#8221; css=&#8221;.vc_custom_1572525974229{background-color: #f1f1f1 !important;}&#8221;][vc_column][vc_column_text el_class=&#8221;montbreadcrumbs&#8221; css=&#8221;.vc_custom_1569318576735{padding-right: 100px !important;padding-left: 100px !important;}&#8221;]<nav aria-label=\"breadcrumbs\" class=\"rank-math-breadcrumb\"><p><span class=\"last\">Home<\/span><\/p><\/nav>[\/vc_column_text][\/vc_column][\/vc_row][\/vc_section][vc_section full_width=&#8221;stretch_row&#8221; el_class=&#8221;textcomp&#8221;][vc_row][vc_column][vc_column_text]\u00dcber unsere globale Pr\u00e4senz an wichtigen Windenergiestandorten beliefern wir unsere Kunden mit flexiblen und sicheren Akku-Werkzeugen, die auf die Bed\u00fcrfnisse von H\u00f6henarbeiten zugeschnitten sind. Viele unserer erfolgreichsten L\u00f6sungen wurden in enger Zusammenarbeit mit Rope-Access-Unternehmen entwickelt, die auf Beschichtsarbeiten in gro\u00dfen H\u00f6hen spezialisiert sind. Durch dieses konsolidierte Know-How entstehen Technologien, die die Grenzen Ihrer Leistungsf\u00e4higkeit erweitern. Zum Beispiel mit dem Einsatz des vollautomatisierten MontiPower<sup>\u00ae<\/sup> Prepper<sup>\u00ae<\/sup>, der Ihre Produktivit\u00e4t ma\u00dfgeblich steigern wird.<\/p>\n<p>Bei der Zusammenarbeit mit MontiPower<sup>\u00ae<\/sup> erhalten Sie immer einen Ansprechpartner f\u00fcr eine einfache und verbindliche Kommunikation, sowie schnelle Reaktionzeiten.[\/vc_column_text][\/vc_column][\/vc_row][vc_row][vc_column][vc_single_image image=&#8221;739&#8243;][\/vc_column][\/vc_row][\/vc_section]<\/p>\n<\/div>","protected":false},"excerpt":{"rendered":"<p>[vc_section full_width=&#8221;stretch_row&#8221; content_placement=&#8221;bottom&#8221; css=&#8221;.vc_custom_1591258678479{padding-top: 30px !important;padding-bottom: 0px !important;background: #ff1212 url(https:\/\/montipower.com\/wp-content\/uploads\/2019\/10\/Windmill_RGB_72dpi-1.jpg?id=3478) !important;background-position: &#8230; <\/p>\n","protected":false},"author":3,"featured_media":8887,"parent":9828,"menu_order":0,"comment_status":"closed","ping_status":"closed","template":"","meta":{"_acf_changed":false,"footnotes":""},"acf":[],"_links":{"self":[{"href":"https:\/\/montipower-ontwikkel.com\/de\/wp-json\/wp\/v2\/pages\/9833"}],"collection":[{"href":"https:\/\/montipower-ontwikkel.com\/de\/wp-json\/wp\/v2\/pages"}],"about":[{"href":"https:\/\/montipower-ontwikkel.com\/de\/wp-json\/wp\/v2\/types\/page"}],"author":[{"embeddable":true,"href":"https:\/\/montipower-ontwikkel.com\/de\/wp-json\/wp\/v2\/users\/3"}],"replies":[{"embeddable":true,"href":"https:\/\/montipower-ontwikkel.com\/de\/wp-json\/wp\/v2\/comments?post=9833"}],"version-history":[{"count":4,"href":"https:\/\/montipower-ontwikkel.com\/de\/wp-json\/wp\/v2\/pages\/9833\/revisions"}],"predecessor-version":[{"id":10316,"href":"https:\/\/montipower-ontwikkel.com\/de\/wp-json\/wp\/v2\/pages\/9833\/revisions\/10316"}],"up":[{"embeddable":true,"href":"https:\/\/montipower-ontwikkel.com\/de\/wp-json\/wp\/v2\/pages\/9828"}],"wp:featuredmedia":[{"embeddable":true,"href":"https:\/\/montipower-ontwikkel.com\/de\/wp-json\/wp\/v2\/media\/8887"}],"wp:attachment":[{"href":"https:\/\/montipower-ontwikkel.com\/de\/wp-json\/wp\/v2\/media?parent=9833"}],"curies":[{"name":"wp","href":"https:\/\/api.w.org\/{rel}","templated":true}]}}